{"id":12603,"date":"2025-07-23T23:14:35","date_gmt":"2025-07-23T23:14:35","guid":{"rendered":"https:\/\/fv6qoy3ls0.wpdns.site\/produto\/nisi-anillo-step-up-ti-62-67mm-titanio\/"},"modified":"2026-04-08T12:31:40","modified_gmt":"2026-04-08T11:31:40","slug":"nisi-anillo-step-up-ti-62-67mm-titanio","status":"publish","type":"product","link":"https:\/\/hi-techwonder.com\/es\/producto\/nisi-anillo-step-up-ti-62-67mm-titanio\/","title":{"rendered":"NiSi Anillo Step-Up Ti 62-67mm &#8211; Titanio"},"content":{"rendered":"<h3><strong>NiSi Anel Step-Up Ti 62-67mm &#8211; Tit\u00e2nio<\/strong><\/h3>\n<p>O <strong>NiSi Anel Step-Up Ti 62-67mm &#8211; Tit\u00e2nio<\/strong> permite o uso de filtros roscados de 67mm em lentes com roscas de filtro padr\u00e3o de 62mm. Apresentando uma arma\u00e7\u00e3o de tit\u00e2nio leve com lados recartilhados para facilitar a ader\u00eancia. A estrutura de tit\u00e2nio oferece resist\u00eancia incompar\u00e1vel, \u00e9 resistente \u00e0 corros\u00e3o e n\u00e3o dobra como os an\u00e9is de eleva\u00e7\u00e3o padr\u00e3o. O anel de step-up de tit\u00e2nio evita emperramento e obstru\u00e7\u00e3o, tornando mais f\u00e1cil remov\u00ea-lo em compara\u00e7\u00e3o com os an\u00e9is de configura\u00e7\u00e3o padr\u00e3o.<\/p>\n<p>Este anel Step-Up em um tratamento de feltro antirreflexo na parte interna da arma\u00e7\u00e3o para minimizar os reflexos e apresenta um acabamento preto fosco. O tratamento de feltro anti-reflexo torna-os o companheiro perfeito para longas exposi\u00e7\u00f5es.<\/p>\n<p>Saiba mais sobre o nosso sistema de <a href=\"\/?product_cat=descobre-filtros-circulares\">filtros circulares.<\/a><\/p>\n","protected":false},"excerpt":{"rendered":"<ul>\n<li>Use filtros de 67 mm numa lente com rosca de filtro padr\u00e3o de 62 mm<\/li>\n<li>Arma\u00e7\u00e3o de tit\u00e2nio leve<\/li>\n<li>Lados serrilhados para facilitar a ader\u00eancia<\/li>\n<li>Tratamento antirreflexo no interior da arma\u00e7\u00e3o para minimizar os reflexos<\/li>\n<li>Acabamento preto fosco<\/li>\n<li>Estrutura de tit\u00e2nio muito resistente \u00e0 corros\u00e3o<\/li>\n<\/ul>\n","protected":false},"featured_media":10544,"comment_status":"closed","ping_status":"closed","template":"","meta":{"_acf_changed":false},"product_brand":[2543],"product_cat":[1045],"product_tag":[],"class_list":{"0":"post-12603","1":"product","2":"type-product","3":"status-publish","4":"has-post-thumbnail","6":"product_brand-nisioptics-es","7":"product_cat-anillos-adaptadores","8":"pa_diametro-62mm-es","10":"first","11":"pre-order","12":"taxable","13":"shipping-taxable","14":"purchasable","15":"product-type-simple"},"bundled_by":[],"bundle_stock_status":"pre-order","bundle_stock_quantity":null,"bundle_virtual":false,"bundle_layout":"","bundle_add_to_cart_form_location":"","bundle_editable_in_cart":false,"bundle_sold_individually_context":"","bundle_item_grouping":"","bundle_min_size":"","bundle_max_size":"","bundle_price":[],"bundled_items":[],"bundle_sell_ids":[],"acf":[],"_links":{"self":[{"href":"https:\/\/hi-techwonder.com\/es\/wp-json\/wp\/v2\/product\/12603","targetHints":{"allow":["GET"]}}],"collection":[{"href":"https:\/\/hi-techwonder.com\/es\/wp-json\/wp\/v2\/product"}],"about":[{"href":"https:\/\/hi-techwonder.com\/es\/wp-json\/wp\/v2\/types\/product"}],"replies":[{"embeddable":true,"href":"https:\/\/hi-techwonder.com\/es\/wp-json\/wp\/v2\/comments?post=12603"}],"wp:featuredmedia":[{"embeddable":true,"href":"https:\/\/hi-techwonder.com\/es\/wp-json\/wp\/v2\/media\/10544"}],"wp:attachment":[{"href":"https:\/\/hi-techwonder.com\/es\/wp-json\/wp\/v2\/media?parent=12603"}],"wp:term":[{"taxonomy":"product_brand","embeddable":true,"href":"https:\/\/hi-techwonder.com\/es\/wp-json\/wp\/v2\/product_brand?post=12603"},{"taxonomy":"product_cat","embeddable":true,"href":"https:\/\/hi-techwonder.com\/es\/wp-json\/wp\/v2\/product_cat?post=12603"},{"taxonomy":"product_tag","embeddable":true,"href":"https:\/\/hi-techwonder.com\/es\/wp-json\/wp\/v2\/product_tag?post=12603"}],"curies":[{"name":"wp","href":"https:\/\/api.w.org\/{rel}","templated":true}]}}