{"id":12614,"date":"2025-07-23T23:14:35","date_gmt":"2025-07-23T23:14:35","guid":{"rendered":"https:\/\/fv6qoy3ls0.wpdns.site\/produto\/nisi-kit-soporte-s6-150mm-con-true-color-nc-cpl-para-sigma-14mm-f-1-8-dg-hsm-art\/"},"modified":"2026-04-08T12:31:43","modified_gmt":"2026-04-08T11:31:43","slug":"nisi-kit-soporte-s6-150mm-con-true-color-nc-cpl-para-sigma-14mm-f-1-8-dg-hsm-art","status":"publish","type":"product","link":"https:\/\/hi-techwonder.com\/es\/producto\/nisi-kit-soporte-s6-150mm-con-true-color-nc-cpl-para-sigma-14mm-f-1-8-dg-hsm-art\/","title":{"rendered":"NiSi Kit Soporte S6 150mm con True Color NC CPL para Sigma 14mm f\/1.8 DG HSM Art"},"content":{"rendered":"<h3><strong>Nisi Kit Porta-filtros S6 150mm com True Color NC CPL para Sigma 14mm f\/1.8 DG HSM Art<\/strong><\/h3>\n<p>O <strong>Nisi Kit Porta-filtros S6 150mm com True Color NC CPL para Sigma 14mm f\/1.8 DG HSM Art<\/strong>\u00a0continua o sucesso do nosso popular sistema S5 e traz alguns novos recursos excelentes para uma configura\u00e7\u00e3o de lente ultralarga.<\/p>\n<p>Projetado para fot\u00f3grafos de paisagem que desejam combinar uma lente ultra grande angular com um sistema de filtros que suporta v\u00e1rios filtros. O S6 permite o uso de um True Color NC CPL integrado e dois filtros de 150 mm de largura (2 mm de espessura) com 360 graus de rota\u00e7\u00e3o para o CPL. O kit de suporte de filtro de 150 mm com True Color NC CPL n\u00e3o introduz vinhetas e permite o uso total de lentes ultra grande angulares.<\/p>\n<h6>Uma nova estrutura para tornar as suas fotografias panor\u00e2micas ainda mais fant\u00e1sticas<\/h6>\n<p>O S6 apresenta um novo sistema de travamento para travar o porta-filtro principal na posi\u00e7\u00e3o. A roda integrada pode ser facilmente girada para travar o suporte no lugar com um sistema de travamento natural e f\u00e1cil de usar.<\/p>\n<p>Devido \u00e0 ampla dist\u00e2ncia focal e \u00e0 grande quantidade de luz proveniente da cabe\u00e7a da l\u00e2mpada, podem ocorrer fantasmas e reflexos ao usar um sistema de filtros. Para resolver esse problema, o adaptador principal S6 usa o mesmo tratamento fosco que o para-sol de lente de \u00faltima gera\u00e7\u00e3o.<\/p>\n<p>O True Color CPL reduz o brilho e os reflexos de superf\u00edcies n\u00e3o met\u00e1licas e aumenta a satura\u00e7\u00e3o e a vibra\u00e7\u00e3o no c\u00e9u e na folhagem, ao mesmo tempo em que garante a melhor reprodu\u00e7\u00e3o de cores verdadeiras, eliminando o efeito de aquecimento criado por muitos polarizadores. Nosso True Color CPL remove o tom quente visto com outras marcas de filtros CPL e fornece uma representa\u00e7\u00e3o de cores reais mais pr\u00f3xima da cena.<\/p>\n<p>Um design com engrenagem permite que o CPL integrado seja girado enquanto usa filtros de 150 mm usando duas engrenagens localizadas na parte traseira do suporte, um recurso de design retirado de nossos principais suportes de 100 mm. O suporte permite uma instala\u00e7\u00e3o e remo\u00e7\u00e3o muito r\u00e1pidas sem remover a lente da c\u00e2mara. A parte frontal do suporte com clipes que prendem os filtros de 150 mm pode ser rapidamente removida para permitir foco e f\u00e1cil substitui\u00e7\u00e3o ou remo\u00e7\u00e3o dos filtros.<\/p>\n<h6>O S6 tem um design atualizado com base no feedback de nossos usu\u00e1rios sobre o S5, incluindo:<\/h6>\n<ul>\n<li>O design do porta-filtro frontal foi refinado para facilitar a inser\u00e7\u00e3o e remo\u00e7\u00e3o dos filtros ND.<\/li>\n<li>Um novo sistema de travamento integrado para travar o porta-filtro dianteiro.<\/li>\n<li>Novo tratamento fosco no interior do adaptador para reduzir reflexos, fantasmas e reflexos.<\/li>\n<li>O anel de bloqueio traseiro \u00e9 de prata oxidada para uma apar\u00eancia melhorada.<\/li>\n<li>O S6 apresenta um novo estojo compacto para armazenar e proteger o kit S6.<\/li>\n<li>Inclui uma tampa de lente para proteger o CPL.<\/li>\n<\/ul>\n<p><strong>O kit inclui o suporte S6, montagem do adaptador S6 para Sigma 14mm f\/1.8 DG HSM Art, um NiSi True Color NC CPL, tampa da lente e um estojo para guardar o suporte.<\/strong><\/p>\n<p><iframe loading=\"lazy\" title=\"NiSi S6 Porta Filtros para sistema de 150mm\" width=\"500\" height=\"281\" src=\"https:\/\/www.youtube.com\/embed\/0oeEhRAuBHI?feature=oembed\" frameborder=\"0\" allow=\"accelerometer; autoplay; clipboard-write; encrypted-media; gyroscope; picture-in-picture; web-share\" referrerpolicy=\"strict-origin-when-cross-origin\" allowfullscreen><\/iframe><\/p>\n<p>Saiba mais sobre o nosso sistema de <a href=\"\/?product_cat=descobre-sistema-150mm\">150mm<\/a>.<\/p>\n","protected":false},"excerpt":{"rendered":"<ul>\n<li>Design personalizado para <strong>Sigma 14mm f\/1.8 DG HSM Art<\/strong><\/li>\n<li>Permite o uso de dois filtros com um True Color CPL girat\u00f3rio integrado<\/li>\n<li>O True Color CPL evita o tom amarelo introduzido ao usar CPLs regulares<\/li>\n<li>Rota\u00e7\u00e3o de 360 \u200b\u200bgraus<\/li>\n<li>Sistema de bloqueio integrado para bloquear o porta-filtros dianteiro<\/li>\n<li>Constru\u00e7\u00e3o em liga de alum\u00ednio<\/li>\n<li>Engrenagem para polarizador de orienta\u00e7\u00e3o<\/li>\n<li>Inclui estojo e tampa da lente<\/li>\n<li>Sem vinhetas<\/li>\n<\/ul>\n","protected":false},"featured_media":10553,"comment_status":"closed","ping_status":"closed","template":"","meta":{"_acf_changed":false},"product_brand":[2543],"product_cat":[1056],"product_tag":[],"class_list":{"0":"post-12614","1":"product","2":"type-product","3":"status-publish","4":"has-post-thumbnail","6":"product_brand-nisioptics-es","7":"product_cat-accesorios-150mm","9":"first","10":"instock","11":"taxable","12":"shipping-taxable","13":"purchasable","14":"product-type-simple"},"bundled_by":[],"bundle_stock_status":"instock","bundle_stock_quantity":2,"bundle_virtual":false,"bundle_layout":"","bundle_add_to_cart_form_location":"","bundle_editable_in_cart":false,"bundle_sold_individually_context":"","bundle_item_grouping":"","bundle_min_size":"","bundle_max_size":"","bundle_price":[],"bundled_items":[],"bundle_sell_ids":[],"acf":[],"_links":{"self":[{"href":"https:\/\/hi-techwonder.com\/es\/wp-json\/wp\/v2\/product\/12614","targetHints":{"allow":["GET"]}}],"collection":[{"href":"https:\/\/hi-techwonder.com\/es\/wp-json\/wp\/v2\/product"}],"about":[{"href":"https:\/\/hi-techwonder.com\/es\/wp-json\/wp\/v2\/types\/product"}],"replies":[{"embeddable":true,"href":"https:\/\/hi-techwonder.com\/es\/wp-json\/wp\/v2\/comments?post=12614"}],"wp:featuredmedia":[{"embeddable":true,"href":"https:\/\/hi-techwonder.com\/es\/wp-json\/wp\/v2\/media\/10553"}],"wp:attachment":[{"href":"https:\/\/hi-techwonder.com\/es\/wp-json\/wp\/v2\/media?parent=12614"}],"wp:term":[{"taxonomy":"product_brand","embeddable":true,"href":"https:\/\/hi-techwonder.com\/es\/wp-json\/wp\/v2\/product_brand?post=12614"},{"taxonomy":"product_cat","embeddable":true,"href":"https:\/\/hi-techwonder.com\/es\/wp-json\/wp\/v2\/product_cat?post=12614"},{"taxonomy":"product_tag","embeddable":true,"href":"https:\/\/hi-techwonder.com\/es\/wp-json\/wp\/v2\/product_tag?post=12614"}],"curies":[{"name":"wp","href":"https:\/\/api.w.org\/{rel}","templated":true}]}}