{"id":12653,"date":"2025-07-23T23:17:19","date_gmt":"2025-07-23T23:17:19","guid":{"rendered":"https:\/\/fv6qoy3ls0.wpdns.site\/produto\/nisi-anel-step-up-brass-pro-p-filtros-49mm\/"},"modified":"2026-04-08T12:34:15","modified_gmt":"2026-04-08T11:34:15","slug":"nisi-anel-step-up-brass-pro-p-filtros-49mm","status":"publish","type":"product","link":"https:\/\/hi-techwonder.com\/es\/producto\/nisi-anel-step-up-brass-pro-p-filtros-49mm\/","title":{"rendered":"NiSi Anel Step-Up Brass Pro p\/ Filtros 49mm"},"content":{"rendered":"<h3><strong>NiSi Anel Step-Up Brass Pro p\/ Filtros 49mm<\/strong><\/h3>\n<p>O <strong>NiSi Anel Step-Up Brass Pro p\/ Filtros 49mm <\/strong>permite o uso de filtros com rosca de 49mm em lentes com roscas padr\u00e3o de filtro de di\u00e2metro inferior. O anel de lat\u00e3o evita encravamentos e bloqueios, facilitando a remo\u00e7\u00e3o em compara\u00e7\u00e3o com os an\u00e9is de configura\u00e7\u00e3o de alum\u00ednio padr\u00e3o. Apresentando uma estrutura de lat\u00e3o dur\u00e1vel com lados recartilhados para facilitar a ader\u00eancia.<\/p>\n<p>O NiSi Anel Step-Up Brass Pro p\/ Filtros 49mm tem um tratamento de feltro anti-reflexo especial no interior da arma\u00e7\u00e3o para minimizar os reflexos e apresenta um acabamento preto fosco. O tratamento de feltro anti-reflexo torna-os o companheiro perfeito para longas exposi\u00e7\u00f5es.<\/p>\n<p><em>Para selecionar o tamanho correto, selecione a rosca macho, que \u00e9 o lado que se conecta \u00e0 sua lente (verifique sua lente para este s\u00edmbolo para verificar o tamanho da rosca da lente \u201c\u2300\u201c. Por exemplo, \u2300 40.5mm.)<\/em><\/p>\n<p>Saiba mais sobre o nosso sistema de<a href=\"https:\/\/nisioptics.pt\/categoria\/descobre\/descobre-filtros-circulares\/\" target=\"_blank\" rel=\"noopener\"> filtros circulares.\u00a0<\/a><\/p>\n","protected":false},"excerpt":{"rendered":"<ul>\n<li>Use filtros de 49mm em lentes com rosca de di\u00e2metro inferior<\/li>\n<li>Arma\u00e7\u00e3o de liga de lat\u00e3o dur\u00e1vel<\/li>\n<li>Evita encravamentos e encaderna\u00e7\u00e3o<\/li>\n<li>Lados serrilhados para facilitar a ader\u00eancia<\/li>\n<li>Tratamento anti-reflexo no interior da arma\u00e7\u00e3o para minimizar os reflexos<\/li>\n<li>Acabamento preto fosco<\/li>\n<\/ul>\n","protected":false},"featured_media":10688,"comment_status":"closed","ping_status":"closed","template":"","meta":{"_acf_changed":false},"product_brand":[2543],"product_cat":[1045],"product_tag":[],"class_list":{"0":"post-12653","1":"product","2":"type-product","3":"status-publish","4":"has-post-thumbnail","6":"product_brand-nisioptics-es","7":"product_cat-anillos-adaptadores","8":"pa_diametro-40-5mm-es","9":"pa_diametro-46mm-es","11":"first","12":"onbackorder","13":"taxable","14":"shipping-taxable","15":"purchasable","16":"product-type-variable"},"bundled_by":[],"bundle_stock_status":"onbackorder","bundle_stock_quantity":null,"bundle_virtual":false,"bundle_layout":"","bundle_add_to_cart_form_location":"","bundle_editable_in_cart":false,"bundle_sold_individually_context":"","bundle_item_grouping":"","bundle_min_size":"","bundle_max_size":"","bundle_price":[],"bundled_items":[],"bundle_sell_ids":[],"acf":[],"_links":{"self":[{"href":"https:\/\/hi-techwonder.com\/es\/wp-json\/wp\/v2\/product\/12653","targetHints":{"allow":["GET"]}}],"collection":[{"href":"https:\/\/hi-techwonder.com\/es\/wp-json\/wp\/v2\/product"}],"about":[{"href":"https:\/\/hi-techwonder.com\/es\/wp-json\/wp\/v2\/types\/product"}],"replies":[{"embeddable":true,"href":"https:\/\/hi-techwonder.com\/es\/wp-json\/wp\/v2\/comments?post=12653"}],"wp:featuredmedia":[{"embeddable":true,"href":"https:\/\/hi-techwonder.com\/es\/wp-json\/wp\/v2\/media\/10688"}],"wp:attachment":[{"href":"https:\/\/hi-techwonder.com\/es\/wp-json\/wp\/v2\/media?parent=12653"}],"wp:term":[{"taxonomy":"product_brand","embeddable":true,"href":"https:\/\/hi-techwonder.com\/es\/wp-json\/wp\/v2\/product_brand?post=12653"},{"taxonomy":"product_cat","embeddable":true,"href":"https:\/\/hi-techwonder.com\/es\/wp-json\/wp\/v2\/product_cat?post=12653"},{"taxonomy":"product_tag","embeddable":true,"href":"https:\/\/hi-techwonder.com\/es\/wp-json\/wp\/v2\/product_tag?post=12653"}],"curies":[{"name":"wp","href":"https:\/\/api.w.org\/{rel}","templated":true}]}}