{"id":12657,"date":"2025-07-23T23:17:19","date_gmt":"2025-07-23T23:17:19","guid":{"rendered":"https:\/\/fv6qoy3ls0.wpdns.site\/produto\/nisi-filtro-100x100mm-polarizador-true-color-hd-linear\/"},"modified":"2026-04-08T12:31:59","modified_gmt":"2026-04-08T11:31:59","slug":"nisi-filtro-100x100mm-polarizador-true-color-hd-linear","status":"publish","type":"product","link":"https:\/\/hi-techwonder.com\/es\/producto\/nisi-filtro-100x100mm-polarizador-true-color-hd-linear\/","title":{"rendered":"NiSi Filtro 100x100mm Polarizador True Color HD Linear"},"content":{"rendered":"<h3><strong>NiSi Filtro 100x100mm Polarizador True Color HD Linear<\/strong><\/h3>\n<p>O filtro <strong>NiSi 100x100mm Polarizador True Color HD Linear<\/strong> foi projetado para reduzir o brilho e os reflexos de superf\u00edcies n\u00e3o met\u00e1licas, aumentar a satura\u00e7\u00e3o e a vibra\u00e7\u00e3o no c\u00e9u e na folhagem, garantindo a melhor reprodu\u00e7\u00e3o de cores verdadeiras, eliminando o efeito de aquecimento de cor que muitos polarizadores criam. Este True Color PL remove o tom quente visto com outras marcas de filtros CPL e fornece uma representa\u00e7\u00e3o de cores reais mais pr\u00f3xima da cena.<\/p>\n<p>O polarizador quadrado True Color de 100x100mm da NiSi utiliza a tecnologia de veda\u00e7\u00e3o Cine que escurece a borda do vidro para maior durabilidade. Esta tecnologia reduz a influ\u00eancia das flutua\u00e7\u00f5es de temperatura e evita a condensa\u00e7\u00e3o.<\/p>\n<p>Os filtros polarizadores ajudam a reduzir os reflexos e o brilho ao filtrar a luz que se tornou polarizada devido ao reflexo de uma superf\u00edcie n\u00e3o met\u00e1lica. A luz do sol torna-se naturalmente parcialmente polarizada devido \u00e0 reflex\u00e3o de eletr\u00f5es nas mol\u00e9culas de ar, fazendo com que a luz se espalhe no que parece ser uma n\u00e9voa. Um filtro polarizador organiza e filtra essa luz polarizada direcional perpendicularmente \u00e0 luz refletida, permitindo a absor\u00e7\u00e3o de grande parte dessa luz. Isso resulta em uma not\u00e1vel redu\u00e7\u00e3o de brilho e reflexos de superf\u00edcies n\u00e3o met\u00e1licas e um aumento na satura\u00e7\u00e3o de c\u00e9us, folhagens e permite que a c\u00e2mera capture o que est\u00e1 sob a superf\u00edcie de \u00e1guas rasas.<\/p>\n<p>O Polarizador Quadrado NiSi 100x100mm True Color \u00e9 feito de vidro \u00f3ptico da mais alta qualidade, o filme polarizador \u00e9 o melhor do mercado e oferece uma polariza\u00e7\u00e3o muito alta, pr\u00f3xima a 100%. Este filtro quadrado oferece polariza\u00e7\u00e3o linear e deve ser usado em suportes para filtros de 100mm e 2mm de espessura. Compat\u00edvel com NiSi V5, V5 PRO, V6, V7 e porta-filtros de outras marcas que suportam filtros de 100mm de largura e 2mm de espessura.<\/p>\n<p>&nbsp;<\/p>\n<p>Saiba mais sobre o nosso sistema de <a href=\"https:\/\/nisioptics.pt\/categoria\/descobre\/descubre-sistema-100m\/\" target=\"_blank\" rel=\"noopener\">100mm.<\/a><\/p>\n","protected":false},"excerpt":{"rendered":"<ul>\n<li>Elimina reflexos e ofuscamento<\/li>\n<li>Maior cor e satura\u00e7\u00e3o tonal reduzem a neblina em paisagens<\/li>\n<li>Cor verdadeira sem o tom de aquecimento que \u00e9 visto com muitos outros CPLs<\/li>\n<li>Tecnologia Cine Sealed para selar o filme polarizador<\/li>\n<li>Revestimento Imperme\u00e1vel<\/li>\n<li>Ultra alta defini\u00e7\u00e3o<\/li>\n<\/ul>\n","protected":false},"featured_media":10738,"comment_status":"closed","ping_status":"closed","template":"","meta":{"_acf_changed":false},"product_brand":[2543],"product_cat":[1058],"product_tag":[],"class_list":{"0":"post-12657","1":"product","2":"type-product","3":"status-publish","4":"has-post-thumbnail","6":"product_brand-nisioptics-es","7":"product_cat-filtros-100mm-es","9":"first","10":"instock","11":"taxable","12":"shipping-taxable","13":"purchasable","14":"product-type-simple"},"bundled_by":[],"bundle_stock_status":"instock","bundle_stock_quantity":2,"bundle_virtual":false,"bundle_layout":"","bundle_add_to_cart_form_location":"","bundle_editable_in_cart":false,"bundle_sold_individually_context":"","bundle_item_grouping":"","bundle_min_size":"","bundle_max_size":"","bundle_price":[],"bundled_items":[],"bundle_sell_ids":[],"acf":[],"_links":{"self":[{"href":"https:\/\/hi-techwonder.com\/es\/wp-json\/wp\/v2\/product\/12657","targetHints":{"allow":["GET"]}}],"collection":[{"href":"https:\/\/hi-techwonder.com\/es\/wp-json\/wp\/v2\/product"}],"about":[{"href":"https:\/\/hi-techwonder.com\/es\/wp-json\/wp\/v2\/types\/product"}],"replies":[{"embeddable":true,"href":"https:\/\/hi-techwonder.com\/es\/wp-json\/wp\/v2\/comments?post=12657"}],"wp:featuredmedia":[{"embeddable":true,"href":"https:\/\/hi-techwonder.com\/es\/wp-json\/wp\/v2\/media\/10738"}],"wp:attachment":[{"href":"https:\/\/hi-techwonder.com\/es\/wp-json\/wp\/v2\/media?parent=12657"}],"wp:term":[{"taxonomy":"product_brand","embeddable":true,"href":"https:\/\/hi-techwonder.com\/es\/wp-json\/wp\/v2\/product_brand?post=12657"},{"taxonomy":"product_cat","embeddable":true,"href":"https:\/\/hi-techwonder.com\/es\/wp-json\/wp\/v2\/product_cat?post=12657"},{"taxonomy":"product_tag","embeddable":true,"href":"https:\/\/hi-techwonder.com\/es\/wp-json\/wp\/v2\/product_tag?post=12657"}],"curies":[{"name":"wp","href":"https:\/\/api.w.org\/{rel}","templated":true}]}}