{"id":12675,"date":"2025-07-23T23:17:46","date_gmt":"2025-07-23T23:17:46","guid":{"rendered":"https:\/\/fv6qoy3ls0.wpdns.site\/produto\/nisi-alavanca-para-filtros-nd-variavel\/"},"modified":"2025-10-15T00:05:26","modified_gmt":"2025-10-15T00:05:26","slug":"nisi-alavanca-para-filtros-nd-variavel","status":"publish","type":"product","link":"https:\/\/hi-techwonder.com\/es\/producto\/nisi-alavanca-para-filtros-nd-variavel\/","title":{"rendered":"NiSi Alavanca para Filtros ND Vari\u00e1vel"},"content":{"rendered":"","protected":false},"excerpt":{"rendered":"<ul>\nn \t<\/p>\n<li>Pe\u00e7a de reposi\u00e7\u00e3o (vem inclu\u00edda na compra do filtro ND-Vari\u00e1vel)<\/li>\n<p>n \t<\/p>\n<li>Permite ajustar o seu VND com facilidade<\/li>\n<p>n \t<\/p>\n<li>O VND pode ser utilizado com e sem a alavanca<\/li>\n<p>n \t<\/p>\n<li>Facilmente enrosc\u00e1vel<\/li>\n<p>n \t<\/p>\n<li>Apenas alavanca (Filtro vendido separadamente)<\/li>\n<p>n<\/ul>\n","protected":false},"featured_media":10784,"comment_status":"closed","ping_status":"closed","template":"","meta":{"_acf_changed":false},"product_brand":[2543],"product_cat":[1044],"product_tag":[],"class_list":{"0":"post-12675","1":"product","2":"type-product","3":"status-publish","4":"has-post-thumbnail","6":"product_brand-nisioptics-es","7":"product_cat-accesorios-filtros-circulares","9":"first","10":"pre-order","11":"taxable","12":"shipping-taxable","13":"purchasable","14":"product-type-simple"},"bundled_by":[],"bundle_stock_status":"pre-order","bundle_stock_quantity":null,"bundle_virtual":false,"bundle_layout":"","bundle_add_to_cart_form_location":"","bundle_editable_in_cart":false,"bundle_sold_individually_context":"","bundle_item_grouping":"","bundle_min_size":"","bundle_max_size":"","bundle_price":[],"bundled_items":[],"bundle_sell_ids":[],"acf":[],"_links":{"self":[{"href":"https:\/\/hi-techwonder.com\/es\/wp-json\/wp\/v2\/product\/12675","targetHints":{"allow":["GET"]}}],"collection":[{"href":"https:\/\/hi-techwonder.com\/es\/wp-json\/wp\/v2\/product"}],"about":[{"href":"https:\/\/hi-techwonder.com\/es\/wp-json\/wp\/v2\/types\/product"}],"replies":[{"embeddable":true,"href":"https:\/\/hi-techwonder.com\/es\/wp-json\/wp\/v2\/comments?post=12675"}],"wp:featuredmedia":[{"embeddable":true,"href":"https:\/\/hi-techwonder.com\/es\/wp-json\/wp\/v2\/media\/10784"}],"wp:attachment":[{"href":"https:\/\/hi-techwonder.com\/es\/wp-json\/wp\/v2\/media?parent=12675"}],"wp:term":[{"taxonomy":"product_brand","embeddable":true,"href":"https:\/\/hi-techwonder.com\/es\/wp-json\/wp\/v2\/product_brand?post=12675"},{"taxonomy":"product_cat","embeddable":true,"href":"https:\/\/hi-techwonder.com\/es\/wp-json\/wp\/v2\/product_cat?post=12675"},{"taxonomy":"product_tag","embeddable":true,"href":"https:\/\/hi-techwonder.com\/es\/wp-json\/wp\/v2\/product_tag?post=12675"}],"curies":[{"name":"wp","href":"https:\/\/api.w.org\/{rel}","templated":true}]}}