{"id":12690,"date":"2025-07-23T23:18:41","date_gmt":"2025-07-23T23:18:41","guid":{"rendered":"https:\/\/fv6qoy3ls0.wpdns.site\/produto\/nisi-filtro-circular-de-densidad-neutra-pro-ir-nd80-9-3-paradas-para-s6\/"},"modified":"2026-04-08T12:32:14","modified_gmt":"2026-04-08T11:32:14","slug":"nisi-filtro-circular-de-densidad-neutra-pro-ir-nd80-9-3-paradas-para-s6","status":"publish","type":"product","link":"https:\/\/hi-techwonder.com\/es\/producto\/nisi-filtro-circular-de-densidad-neutra-pro-ir-nd80-9-3-paradas-para-s6\/","title":{"rendered":"NiSi Filtro Circular de Densidad Neutra PRO IR ND8(0.9) &#8211; 3 Paradas para S6"},"content":{"rendered":"<h3><strong>NiSi Filtro Circular Densidade Neutra PRO IR ND8(0.9) &#8211; 3 Stops para S6<\/strong><\/h3>\n<p>O filtro <strong>NiSi Densidade Neutra PRO IR ND8 (3 Stops) para S6<\/strong> foi projetado para uso com um sistema de porta-filtros NiSi S6 150mm. Pode-se acoplar num anel adaptador para S6. Quando em uso, este ND fornece uma redu\u00e7\u00e3o de exposi\u00e7\u00e3o de 3 stops. A sua densidade de 0,9 cria um escurecimento de toda a imagem, permitindo que fotografe com uma abertura maior ou velocidade de obturador mais lenta do que o normalmente necess\u00e1rio. Ao diminuir o tempo de exposi\u00e7\u00e3o ou aumentar a abertura, voc\u00ea pode controlar a profundidade de campo e transmitir o movimento com mais facilidade.<\/p>\n<p>Os filtros ND tamb\u00e9m s\u00e3o \u00fateis quando o contraste entre os realces e as sombras \u00e9 muito alto para obter uma exposi\u00e7\u00e3o de qualidade. O ND8 3 Stop \u00e9 comumente usado para cascatas e captura de fluxo de \u00e1gua em velocidades de obturador de 0,5 segundos a 2 segundos.<\/p>\n<p>Os filtros NiSi ND n\u00e3o afetam a colora\u00e7\u00e3o da imagem, oferecem cores realistas e s\u00e3o feitos de vidro \u00f3ptico de alta qualidade (n\u00e3o resina) com revestimento nano para evitar a perda de qualquer detalhe. Ao usar um filtro de densidade neutra, a c\u00e2mara fica vulner\u00e1vel \u00e0 luz infravermelha, que cria cor vermelha indesejada nas fotos ao fotografar com uma abertura pequena. Os filtros NiSi ND t\u00eam uma camada de revestimento de prote\u00e7\u00e3o infravermelha para eliminar a luz infravermelha atrav\u00e9s da lente para trazer de volta a cor natural e verdadeira.<\/p>\n<p>O nosso revestimento exclusivo NiSi Pro Nano ajuda a reduzir reflexos indesejados e fornece uma camada \u00e0 prova de \u00e1gua e resistente a arranh\u00f5es para auxiliar na limpeza de impress\u00f5es digitais indesejadas, poeira e manchas de \u00e1gua.<\/p>\n<p><em>Observe que, se estiver usando um adaptador individual S5, o porta-filtros S6 deve ser usado em combina\u00e7\u00e3o.<\/em><\/p>\n<p><img loading=\"lazy\" decoding=\"async\" class=\"alignnone wp-image-26667\" src=\"https:\/\/hi-techwonder.com\/wp-content\/themes\/woodmart\/images\/lazy.svg\" data-src=\"https:\/\/nisioptics.pt\/wp-content\/uploads\/2023\/08\/ND8-and-CPL-Michael-Lauer-1024x754.jpg\" alt=\"\" width=\"752\" height=\"553\"><\/p>\n<p>Saiba mais sobre o nosso sistema de <a href=\"\/?product_cat=descobre-sistema-150mm\">150mm<\/a>.<\/p>\n","protected":false},"excerpt":{"rendered":"<ul>\n<li>Compat\u00edvel com sistema de filtros NiSi S6 150mm<\/li>\n<li>Pode acoplar ao anel adaptador de porta-filtros NiSi S6 150mm<\/li>\n<li>Cor fiel \u00e0 realidade, sem matiz de cor<\/li>\n<li>Fornece uma redu\u00e7\u00e3o de luz de 3 stops para reduzir as velocidades do obturador<\/li>\n<li>Sem vinhetas<\/li>\n<li>Alta defini\u00e7\u00e3o<\/li>\n<li>Constru\u00eddo a partir de vidro \u00f3ptico para maior clareza<\/li>\n<li>Nano revestimento, revestimento \u00e0 prova d&#8217;\u00e1gua e baixa reflex\u00e3o<\/li>\n<\/ul>\n","protected":false},"featured_media":10803,"comment_status":"closed","ping_status":"closed","template":"","meta":{"_acf_changed":false},"product_brand":[2543],"product_cat":[1059],"product_tag":[],"class_list":{"0":"post-12690","1":"product","2":"type-product","3":"status-publish","4":"has-post-thumbnail","6":"product_brand-nisioptics-es","7":"product_cat-filtros-150mm-es","8":"pa_densidade-nd8-3-stop-es","10":"first","11":"pre-order","12":"taxable","13":"shipping-taxable","14":"purchasable","15":"product-type-simple"},"bundled_by":[],"bundle_stock_status":"pre-order","bundle_stock_quantity":null,"bundle_virtual":false,"bundle_layout":"","bundle_add_to_cart_form_location":"","bundle_editable_in_cart":false,"bundle_sold_individually_context":"","bundle_item_grouping":"","bundle_min_size":"","bundle_max_size":"","bundle_price":[],"bundled_items":[],"bundle_sell_ids":[],"acf":[],"_links":{"self":[{"href":"https:\/\/hi-techwonder.com\/es\/wp-json\/wp\/v2\/product\/12690","targetHints":{"allow":["GET"]}}],"collection":[{"href":"https:\/\/hi-techwonder.com\/es\/wp-json\/wp\/v2\/product"}],"about":[{"href":"https:\/\/hi-techwonder.com\/es\/wp-json\/wp\/v2\/types\/product"}],"replies":[{"embeddable":true,"href":"https:\/\/hi-techwonder.com\/es\/wp-json\/wp\/v2\/comments?post=12690"}],"wp:featuredmedia":[{"embeddable":true,"href":"https:\/\/hi-techwonder.com\/es\/wp-json\/wp\/v2\/media\/10803"}],"wp:attachment":[{"href":"https:\/\/hi-techwonder.com\/es\/wp-json\/wp\/v2\/media?parent=12690"}],"wp:term":[{"taxonomy":"product_brand","embeddable":true,"href":"https:\/\/hi-techwonder.com\/es\/wp-json\/wp\/v2\/product_brand?post=12690"},{"taxonomy":"product_cat","embeddable":true,"href":"https:\/\/hi-techwonder.com\/es\/wp-json\/wp\/v2\/product_cat?post=12690"},{"taxonomy":"product_tag","embeddable":true,"href":"https:\/\/hi-techwonder.com\/es\/wp-json\/wp\/v2\/product_tag?post=12690"}],"curies":[{"name":"wp","href":"https:\/\/api.w.org\/{rel}","templated":true}]}}