{"id":12691,"date":"2025-07-23T23:18:41","date_gmt":"2025-07-23T23:18:41","guid":{"rendered":"https:\/\/fv6qoy3ls0.wpdns.site\/produto\/nisi-filtro-100x150mm-densidad-neutra-horizonte-nd16-1-2-4-paradas\/"},"modified":"2026-04-08T12:32:15","modified_gmt":"2026-04-08T11:32:15","slug":"nisi-filtro-100x150mm-densidad-neutra-horizonte-nd16-1-2-4-paradas","status":"publish","type":"product","link":"https:\/\/hi-techwonder.com\/es\/producto\/nisi-filtro-100x150mm-densidad-neutra-horizonte-nd16-1-2-4-paradas\/","title":{"rendered":"NiSi Filtro 100x150mm Densidad Neutra Horizonte \u2013 ND16 (1.2) \u2013 4 Paradas"},"content":{"rendered":"<h3><strong>NiSi Filtro 100x150mm Densidade Neutra Horizonte \u2013 ND16 (1.2) \u2013 4 Stop<\/strong><\/h3>\n<p>O filtro <strong>NiSi 100x150mm Densidade Neutra Horizonte \u2013 ND16 (1.2) \u2013 4 Stop<\/strong> pode ser aplicado para escurecer o c\u00e9u, especificamente ao longo da linha de horizonte durante o nascer ou o p\u00f4r do sol, enquanto permite uma exposi\u00e7\u00e3o normal e n\u00e3o afetada nas outras regi\u00f5es da imagem.<\/p>\n<p>Este filtro tem uma banda de densidade de 1,2 na sua regi\u00e3o central que fornece uma redu\u00e7\u00e3o de at\u00e9 4 pontos na luz que entra em uma lente. Tem uma transi\u00e7\u00e3o suave para as extremidades que s\u00e3o completamente claras.<\/p>\n<p>Uma banda estreita de densidade 1.2, com \u00e1reas claras maiores diretamente acima e abaixo dela, permite que o filtro NiSi 100x150mm Densidade Neutra Horizonte \u2013 ND16 (1.2) \u2013 4 Stop corresponda especificamente ao posicionamento do sol quando est\u00e1 no horizonte ou imediatamente acima dele. Nesses casos, o sol aparecer\u00e1 mais pr\u00f3ximo do centro de uma imagem em oposi\u00e7\u00e3o \u00e0 borda superior, e \u00e9 criado um aumento no brilho que \u00e9 muito mais proeminente em ambos os lados do sol do que acima ou abaixo dele. Este padr\u00e3o de brilho corresponde ao padr\u00e3o de densidade do filtro. As linhas de transi\u00e7\u00e3o com bordas suaves neste filtro s\u00e3o \u00fateis para imagens que possuem caracter\u00edsticas ao longo do sol que n\u00e3o podem ser confinadas dentro da banda de densidade.<\/p>\n<p>Este filtro \u00e9 compat\u00edvel com suportes de filtro que podem acomodar filtros retangulares de 2 mm de espessura e 100 mm de largura e \u00e9 constru\u00eddo em vidro \u00f3ptico para maior clareza e fidelidade de cor. Cada superf\u00edcie de vidro inclui uma camada de revestimento nano.<\/p>\n<p>Uma bolsa de couro sint\u00e9tico est\u00e1 inclu\u00edda com este filtro para armazenamento e transporte.<\/p>\n<p>Saiba mais sobre o nosso sistema <a href=\"\/?product_cat=descubre-sistema-100m\">100mm<\/a>.<\/p>\n","protected":false},"excerpt":{"rendered":"<ul>\n<li>Cen\u00e1rios de aplica\u00e7\u00e3o: P\u00f4r do sol, nascer do sol e luz direta forte em uma parte da frame<\/li>\n<li>Cor fiel \u00e0 vida, reflexo ultrabaixo<\/li>\n<li>Fornece redu\u00e7\u00e3o de luz graduada de 4 stops<\/li>\n<li>Sem vinhetas<\/li>\n<li>Alta defini\u00e7\u00e3o<\/li>\n<li>Nano revestimento em ambos os lados, repelente de \u00e1gua e \u00f3leo<\/li>\n<li>Vidro de lente \u00f3ptica ambiental (H-K9L)<\/li>\n<\/ul>\n","protected":false},"featured_media":10806,"comment_status":"closed","ping_status":"closed","template":"","meta":{"_acf_changed":false},"product_brand":[2543],"product_cat":[1058],"product_tag":[],"class_list":{"0":"post-12691","1":"product","2":"type-product","3":"status-publish","4":"has-post-thumbnail","6":"product_brand-nisioptics-es","7":"product_cat-filtros-100mm-es","8":"pa_densidade-nd16-4-stop-es","10":"first","11":"instock","12":"taxable","13":"shipping-taxable","14":"purchasable","15":"product-type-simple"},"bundled_by":[],"bundle_stock_status":"instock","bundle_stock_quantity":2,"bundle_virtual":false,"bundle_layout":"","bundle_add_to_cart_form_location":"","bundle_editable_in_cart":false,"bundle_sold_individually_context":"","bundle_item_grouping":"","bundle_min_size":"","bundle_max_size":"","bundle_price":[],"bundled_items":[],"bundle_sell_ids":[],"acf":[],"_links":{"self":[{"href":"https:\/\/hi-techwonder.com\/es\/wp-json\/wp\/v2\/product\/12691","targetHints":{"allow":["GET"]}}],"collection":[{"href":"https:\/\/hi-techwonder.com\/es\/wp-json\/wp\/v2\/product"}],"about":[{"href":"https:\/\/hi-techwonder.com\/es\/wp-json\/wp\/v2\/types\/product"}],"replies":[{"embeddable":true,"href":"https:\/\/hi-techwonder.com\/es\/wp-json\/wp\/v2\/comments?post=12691"}],"wp:featuredmedia":[{"embeddable":true,"href":"https:\/\/hi-techwonder.com\/es\/wp-json\/wp\/v2\/media\/10806"}],"wp:attachment":[{"href":"https:\/\/hi-techwonder.com\/es\/wp-json\/wp\/v2\/media?parent=12691"}],"wp:term":[{"taxonomy":"product_brand","embeddable":true,"href":"https:\/\/hi-techwonder.com\/es\/wp-json\/wp\/v2\/product_brand?post=12691"},{"taxonomy":"product_cat","embeddable":true,"href":"https:\/\/hi-techwonder.com\/es\/wp-json\/wp\/v2\/product_cat?post=12691"},{"taxonomy":"product_tag","embeddable":true,"href":"https:\/\/hi-techwonder.com\/es\/wp-json\/wp\/v2\/product_tag?post=12691"}],"curies":[{"name":"wp","href":"https:\/\/api.w.org\/{rel}","templated":true}]}}