{"id":12693,"date":"2025-07-23T23:18:41","date_gmt":"2025-07-23T23:18:41","guid":{"rendered":"https:\/\/fv6qoy3ls0.wpdns.site\/produto\/nisi-filtro-100x100mm-difusor-black-mist-1-4\/"},"modified":"2026-04-08T12:32:15","modified_gmt":"2026-04-08T11:32:15","slug":"nisi-filtro-100x100mm-difusor-black-mist-1-4","status":"publish","type":"product","link":"https:\/\/hi-techwonder.com\/es\/producto\/nisi-filtro-100x100mm-difusor-black-mist-1-4\/","title":{"rendered":"NiSi Filtro 100x100mm Difusor Black Mist 1\/4"},"content":{"rendered":"<h3><strong>NiSi Filtro 100x100mm Difusor Black Mist 1\/4<\/strong><\/h3>\n<p><iframe loading=\"lazy\" title=\"NiSi Black Mist filtro circular\" width=\"500\" height=\"281\" src=\"https:\/\/www.youtube.com\/embed\/-xZOqnM4S-U?feature=oembed\" frameborder=\"0\" allow=\"accelerometer; autoplay; clipboard-write; encrypted-media; gyroscope; picture-in-picture; web-share\" referrerpolicy=\"strict-origin-when-cross-origin\" allowfullscreen><\/iframe><\/p>\n<h4>Eleve a sua fotografia com eleg\u00e2ncia subtil<\/h4>\n<p>Descubra o poder transformador do filtro NiSi 100x100mm Black Mist 1\/4, projetado para aprimorar sua fotografia de maneiras que voc\u00ea nunca imaginou ser poss\u00edvel. Esta se\u00e7\u00e3o explora como esse not\u00e1vel filtro reduz os realces e diminui o contraste, dando vida \u00e0s suas imagens com um toque et\u00e9reo.<\/p>\n<h4>Capture a beleza atemporal com est\u00e9tica suavizada<\/h4>\n<p>Libere sua criatividade e abrace o mundo encantador de beleza suave e atemporal. O filtro NiSi Black Mist 1\/4 n\u00e3o apenas reduz realces e contraste, mas tamb\u00e9m suaviza rugas e manchas, transformando seus assuntos em cativantes obras de arte.<\/p>\n<h4>Revele um realismo on\u00edrico por meio de uma ilumina\u00e7\u00e3o suave<\/h4>\n<p>Entre em um reino onde a realidade encontra a est\u00e9tica dos sonhos. O filtro NiSi Black Mist 1\/4 vai al\u00e9m dos filtros de difus\u00e3o convencionais, criando uma qualidade de luz suave e pastel que adiciona um toque de m\u00e1gica \u00e0s suas fotos.<\/p>\n<h4>Qualidade duradoura, criatividade sem fim<\/h4>\n<p>Feito com precis\u00e3o e projetado para longevidade, o filtro NiSi Black Mist 1\/4 possui uma borda escurecida para maior durabilidade. Sua camada extra com manchas pretas adiciona um toque de personalidade, elevando suas imagens a novos patamares.<\/p>\n<h4>Qualidade de imagem incompar\u00e1vel para a sua vis\u00e3o<\/h4>\n<p>Experimente um novo n\u00edvel de qualidade de imagem que diferencia o filtro NiSi Black Mist 1\/4 dos filtros de difus\u00e3o tradicionais. Esta sec\u00e7\u00e3o explica como a engenharia meticulosa do filtro garante que cada foto seja imbu\u00edda de clareza e detalhes excepcionais, permitindo que voc\u00ea d\u00ea vida \u00e0 sua vis\u00e3o criativa como nunca antes.<\/p>\n<h4>Equil\u00edbrio Encantador de Tons<\/h4>\n<p>Transforme as suas cenas em uma sinfonia de tons com o filtro Black Mist. Com seu toque m\u00e1gico, difunde delicadamente as luzes e suaviza as sombras, trazendo harmonia para suas imagens e v\u00eddeos. Diga adeus aos contrastes severos \u2013 o filtro Black Mist equilibra sem esfor\u00e7o a faixa tonal, criando uma sinfonia visual que captura a ess\u00eancia do seu assunto.<\/p>\n<p>Imagine capturar um retrato cinematogr\u00e1fico banhado em luz et\u00e9rea, onde cada mancha e ruga \u00e9 suavizada, revelando a verdadeira beleza de seu assunto. Ou talvez voc\u00ea esteja capturando uma paisagem cinematogr\u00e1fica ao amanhecer, onde a atmosfera enevoada se mistura perfeitamente, criando uma atmosfera de serenidade e admira\u00e7\u00e3o. O filtro Black Mist d\u00e1 a voc\u00ea o poder de criar hist\u00f3rias visuais que evocam emo\u00e7\u00f5es e se conectam com seu p\u00fablico em um n\u00edvel mais profundo.<\/p>\n<h4>Crie cinematografia brilhante<\/h4>\n<p>Entre no mundo do brilho cinematogr\u00e1fico com o NiSi Black Mist. Melhore sua narrativa com um filtro que acende a magia da tela prateada. Infunda seus visuais com um toque de mist\u00e9rio e fasc\u00ednio que lembra os filmes cl\u00e1ssicos. Esteja voc\u00ea gravando uma cena de filme, um videoclipe ou um curta-metragem, o NiSi Black Mist adiciona uma camada de magia cinematogr\u00e1fica a cada quadro.<\/p>\n<p>O NiSi Black Mist \u00e9 mais que um filtro; \u00e9 um portal para um mundo de criatividade e express\u00e3o cinematogr\u00e1fica. Ele ajuda-lhe a transcender o comum e criar visuais que n\u00e3o apenas parecem impressionantes, mas tamb\u00e9m contam hist\u00f3rias convincentes. As suas imagens e v\u00eddeos exalam uma qualidade atemporal que chama a aten\u00e7\u00e3o e desperta a curiosidade.<\/p>\n<h4>Compatibilidade Perfeita<\/h4>\n<p>O filtro NiSi 100x100mm Black Mist 1\/4 foi projetado para ser utilizado perfeitamente no porta-filtros NiSi V7 100mm, bem como qualquer outro suporte que acomode filtros de 100mm de largura com 2mm de espessura. Isso garante que voc\u00ea possa integrar facilmente o filtro em sua configura\u00e7\u00e3o de fotografia existente, expandindo suas possibilidades criativas sem limita\u00e7\u00f5es.<\/p>\n<p>Saiba mais sobre o nosso sistema <a href=\"https:\/\/nisioptics.pt\/categoria\/descobre\/descubre-sistema-100m\/\" target=\"_blank\" rel=\"noopener\">100mm<\/a>.<\/p>\n","protected":false},"excerpt":{"rendered":"<ul>\n<li>Eleve a narrativa visual com NiSi 100x100mm Black Mist<\/li>\n<li>Obtenha brilho cinematogr\u00e1fico em fotografia e v\u00eddeo<\/li>\n<li>Equil\u00edbrio tonal delicado atrav\u00e9s de destaques habilmente difundidos<\/li>\n<li>Infunda um toque de mist\u00e9rio e fasc\u00ednio em seus visuais<\/li>\n<li>Suaviza rugas, manchas e imperfei\u00e7\u00f5es para um visual lisonjeiro<\/li>\n<li>Crie uma qualidade de luz pastel para uma eleg\u00e2ncia atemporal<\/li>\n<li>Aumente a criatividade com uma estrutura de lat\u00e3o dur\u00e1vel de alta qualidade<\/li>\n<li>Capture luz transparente com o charme de uma lente do velho mundo<\/li>\n<li>Compat\u00edvel o porta-filtros NiSi V7 100mm, bem como qualquer outro suporte que acomode filtros de 100mm de largura com 2mm de espessura<\/li>\n<\/ul>\n","protected":false},"featured_media":10815,"comment_status":"closed","ping_status":"closed","template":"","meta":{"_acf_changed":false},"product_brand":[2543],"product_cat":[1058],"product_tag":[],"class_list":{"0":"post-12693","1":"product","2":"type-product","3":"status-publish","4":"has-post-thumbnail","6":"product_brand-nisioptics-es","7":"product_cat-filtros-100mm-es","9":"first","10":"instock","11":"taxable","12":"shipping-taxable","13":"purchasable","14":"product-type-simple"},"bundled_by":[],"bundle_stock_status":"instock","bundle_stock_quantity":1,"bundle_virtual":false,"bundle_layout":"","bundle_add_to_cart_form_location":"","bundle_editable_in_cart":false,"bundle_sold_individually_context":"","bundle_item_grouping":"","bundle_min_size":"","bundle_max_size":"","bundle_price":[],"bundled_items":[],"bundle_sell_ids":[],"acf":[],"_links":{"self":[{"href":"https:\/\/hi-techwonder.com\/es\/wp-json\/wp\/v2\/product\/12693","targetHints":{"allow":["GET"]}}],"collection":[{"href":"https:\/\/hi-techwonder.com\/es\/wp-json\/wp\/v2\/product"}],"about":[{"href":"https:\/\/hi-techwonder.com\/es\/wp-json\/wp\/v2\/types\/product"}],"replies":[{"embeddable":true,"href":"https:\/\/hi-techwonder.com\/es\/wp-json\/wp\/v2\/comments?post=12693"}],"wp:featuredmedia":[{"embeddable":true,"href":"https:\/\/hi-techwonder.com\/es\/wp-json\/wp\/v2\/media\/10815"}],"wp:attachment":[{"href":"https:\/\/hi-techwonder.com\/es\/wp-json\/wp\/v2\/media?parent=12693"}],"wp:term":[{"taxonomy":"product_brand","embeddable":true,"href":"https:\/\/hi-techwonder.com\/es\/wp-json\/wp\/v2\/product_brand?post=12693"},{"taxonomy":"product_cat","embeddable":true,"href":"https:\/\/hi-techwonder.com\/es\/wp-json\/wp\/v2\/product_cat?post=12693"},{"taxonomy":"product_tag","embeddable":true,"href":"https:\/\/hi-techwonder.com\/es\/wp-json\/wp\/v2\/product_tag?post=12693"}],"curies":[{"name":"wp","href":"https:\/\/api.w.org\/{rel}","templated":true}]}}