{"id":12694,"date":"2025-07-23T23:18:41","date_gmt":"2025-07-23T23:18:41","guid":{"rendered":"https:\/\/fv6qoy3ls0.wpdns.site\/produto\/nisi-filtro-circular-densidad-neutra-pro-ir-nd10003-0-10-paradas-para-s6\/"},"modified":"2026-04-08T12:32:16","modified_gmt":"2026-04-08T11:32:16","slug":"nisi-filtro-circular-densidad-neutra-pro-ir-nd10003-0-10-paradas-para-s6","status":"publish","type":"product","link":"https:\/\/hi-techwonder.com\/es\/producto\/nisi-filtro-circular-densidad-neutra-pro-ir-nd10003-0-10-paradas-para-s6\/","title":{"rendered":"NiSi Filtro Circular Densidad Neutra PRO IR ND1000(3.0) \u2013 10 Paradas para S6"},"content":{"rendered":"<h3>NiSi Filtro Circular Densidade Neutra PRO IR ND1000(3.0) \u2013 10 Stops para S6<\/h3>\n<p>O filtro <strong>NiSi Circular Densidade Neutra PRO IR ND1000(3.0) \u2013 10 Stops <\/strong>foi projetado para uso com um sistema de suporte de filtro <strong>NiSi S6<\/strong> 150 mm. Ele pode ser aparafusado num anel adaptador de suporte de filtro NiSi S6 de 150 mm.<\/p>\n<p>Quando em uso, este ND proporciona uma redu\u00e7\u00e3o de exposi\u00e7\u00e3o de 10 stops. A sua densidade de 3,0 cria um escurecimento de toda a imagem, permitindo fotografar com uma abertura maior ou velocidade de obturador mais lenta do que normalmente necess\u00e1ria. Ao diminuir o tempo de exposi\u00e7\u00e3o ou aumentar a abertura, voc\u00ea consegue controlar a profundidade de campo e transmitir o movimento com mais facilidade.<\/p>\n<p>Os filtros ND tamb\u00e9m s\u00e3o \u00fateis quando o contraste entre os realces e as sombras \u00e9 muito alto para obter uma exposi\u00e7\u00e3o de qualidade. O ND1000 10 Stop \u00e9 usado durante o dia, fora da hora dourada, pois a luz ambiente intensa requer muito mais \u201cbloqueio de luz\u201d. Estes podem prolongar as exposi\u00e7\u00f5es por at\u00e9 5 minutos durante a hora dourada com as configura\u00e7\u00f5es apropriadas.<\/p>\n<p>Os filtros NiSi ND n\u00e3o afetam a colora\u00e7\u00e3o da imagem, oferecem uma cor realista e s\u00e3o feitos de vidro \u00f3ptico de alta qualidade (n\u00e3o de resina) com revestimento nano para evitar a perda de qualquer detalhe. Ao usar um filtro de densidade neutra, a c\u00e2mara fica vulner\u00e1vel \u00e0 luz infravermelha, que ir\u00e1 lan\u00e7ar a cor vermelha indesejada nas fotos ao fotografar com uma abertura pequena. Os filtros NiSi ND possuem uma camada de revestimento de prote\u00e7\u00e3o infravermelha para eliminar a luz infravermelha atrav\u00e9s da lente e trazer de volta a cor natural e realista.<\/p>\n<p>O nosso exclusivo revestimento NiSi Pro Nano ajuda a reduzir reflexos indesejados e fornece uma camada \u00e0 prova de \u00e1gua e resistente a arranh\u00f5es para auxiliar na limpeza de impress\u00f5es digitais indesejadas, poeira e manchas de \u00e1gua.<\/p>\n<p><em>Observe que se for usado com um adaptador S5 de gera\u00e7\u00e3o mais antiga, a estrutura de suporte S6 deve ser usada em combina\u00e7\u00e3o.<\/em><\/p>\n<p><img loading=\"lazy\" decoding=\"async\" class=\"alignnone wp-image-26655\" src=\"https:\/\/hi-techwonder.com\/wp-content\/themes\/woodmart\/images\/lazy.svg\" data-src=\"https:\/\/nisioptics.pt\/wp-content\/uploads\/2023\/08\/Filtro-ND-lunghe-esposizioni-ND1000-77mm-1024x683.jpg\" alt=\"\" width=\"752\" height=\"502\"><\/p>\n<p>Saiba mais sobre o nosso sistema de <a href=\"\/?product_cat=descobre-sistema-150mm\">150mm<\/a>.<\/p>\n","protected":false},"excerpt":{"rendered":"<ul>\n<li>Compat\u00edvel com sistema de filtros NiSi S6 150 mm<\/li>\n<li>Pode ser aparafusado num anel adaptador de suporte de filtro NiSi S6 de 150 mm<\/li>\n<li>Cor fiel \u00e0 vida, sem proje\u00e7\u00e3o de cor<\/li>\n<li>Fornece uma redu\u00e7\u00e3o de luz de 10 pontos para reduzir a velocidade do obturador<\/li>\n<li>Sem vinheta<\/li>\n<li>Alta defini\u00e7\u00e3o<\/li>\n<li>Constru\u00eddo em vidro \u00f3ptico para maior clareza<\/li>\n<li>Nano revestimento, revestimento \u00e0 prova de \u00e1gua e baixo reflexo<\/li>\n<\/ul>\n","protected":false},"featured_media":10841,"comment_status":"closed","ping_status":"closed","template":"","meta":{"_acf_changed":false},"product_brand":[2543],"product_cat":[1059],"product_tag":[],"class_list":{"0":"post-12694","1":"product","2":"type-product","3":"status-publish","4":"has-post-thumbnail","6":"product_brand-nisioptics-es","7":"product_cat-filtros-150mm-es","8":"pa_densidade-nd1000-10-stop-es","10":"first","11":"pre-order","12":"taxable","13":"shipping-taxable","14":"purchasable","15":"product-type-simple"},"bundled_by":[],"bundle_stock_status":"pre-order","bundle_stock_quantity":null,"bundle_virtual":false,"bundle_layout":"","bundle_add_to_cart_form_location":"","bundle_editable_in_cart":false,"bundle_sold_individually_context":"","bundle_item_grouping":"","bundle_min_size":"","bundle_max_size":"","bundle_price":[],"bundled_items":[],"bundle_sell_ids":[],"acf":[],"_links":{"self":[{"href":"https:\/\/hi-techwonder.com\/es\/wp-json\/wp\/v2\/product\/12694","targetHints":{"allow":["GET"]}}],"collection":[{"href":"https:\/\/hi-techwonder.com\/es\/wp-json\/wp\/v2\/product"}],"about":[{"href":"https:\/\/hi-techwonder.com\/es\/wp-json\/wp\/v2\/types\/product"}],"replies":[{"embeddable":true,"href":"https:\/\/hi-techwonder.com\/es\/wp-json\/wp\/v2\/comments?post=12694"}],"wp:featuredmedia":[{"embeddable":true,"href":"https:\/\/hi-techwonder.com\/es\/wp-json\/wp\/v2\/media\/10841"}],"wp:attachment":[{"href":"https:\/\/hi-techwonder.com\/es\/wp-json\/wp\/v2\/media?parent=12694"}],"wp:term":[{"taxonomy":"product_brand","embeddable":true,"href":"https:\/\/hi-techwonder.com\/es\/wp-json\/wp\/v2\/product_brand?post=12694"},{"taxonomy":"product_cat","embeddable":true,"href":"https:\/\/hi-techwonder.com\/es\/wp-json\/wp\/v2\/product_cat?post=12694"},{"taxonomy":"product_tag","embeddable":true,"href":"https:\/\/hi-techwonder.com\/es\/wp-json\/wp\/v2\/product_tag?post=12694"}],"curies":[{"name":"wp","href":"https:\/\/api.w.org\/{rel}","templated":true}]}}