{"id":12697,"date":"2025-07-23T23:18:41","date_gmt":"2025-07-23T23:18:41","guid":{"rendered":"https:\/\/fv6qoy3ls0.wpdns.site\/produto\/nisi-kit-filtros-circulares-longa-exposicao\/"},"modified":"2026-04-08T12:34:18","modified_gmt":"2026-04-08T11:34:18","slug":"nisi-kit-filtros-circulares-longa-exposicao","status":"publish","type":"product","link":"https:\/\/hi-techwonder.com\/es\/producto\/nisi-kit-filtros-circulares-longa-exposicao\/","title":{"rendered":"NiSi Kit Filtros Circulares Longa Exposi\u00e7\u00e3o"},"content":{"rendered":"<h3><strong>NiSi Kit Filtros Circulares Longa Exposi\u00e7\u00e3o<\/strong><\/h3>\n<p>O <strong>Kit Filtros Circulares Longa Exposi\u00e7\u00e3o NiSi<\/strong> apresenta quatro filtros ND circulares: o filtro de densidade neutra NiSi Circular Densidade Neutra HUC IR ND8 \u2013 3 stops; o filtro multifuncional NiSi HUC PRO Nano IR ND64 CPL; o filtro de densidade neutra Nisi Circular Densidade Neutra HUC IR ND1000 \u2013 10 stops; e Filtro de Densidade Neutra NiSi Nano IR ND32000 &#8211; 15 Stops. O kit permite que voc\u00ea seja criativo e controle a velocidade do obturador, para criar efeitos de movimento e longas exposi\u00e7\u00f5es. Inclui uma bolsa de filtro circular para f\u00e1cil armazenamento dos filtros do kit.<\/p>\n<p>Os Filtros ND criam um escurecimento de toda a imagem, permitindo fotografar com uma abertura mais ampla ou uma velocidade de obturador mais lenta do que normalmente necess\u00e1ria. Ao diminuir o tempo de exposi\u00e7\u00e3o ou aumentar a abertura, voc\u00ea consegue controlar a profundidade de campo e transmitir movimento \u00e0s suas imagens.<\/p>\n<h4>NiSi Circular Densidade Neutra HUC IR ND8 \u2013 3 stops<\/h4>\n<p>Projetado para reduzir a quantidade de luz que entra na c\u00e2mara em 3 stops. Este filtro \u00e9 feito de vidro \u00f3ptico de alta qualidade com revestimento nano para evitar a perda de qualquer detalhe. Os filtros de densidade neutra n\u00e3o afetam a colora\u00e7\u00e3o da imagem e a densidade de 0,9 proporciona uma redu\u00e7\u00e3o de 3 pontos na entrada de luz na lente. O ND8 \u00e9 amplamente utilizado para capturar o fluxo de \u00e1gua em imagens de paisagens mar\u00edtimas e para criar aberturas mais amplas ao usar flash em ambientes externos.<\/p>\n<h4>NiSi HUC PRO Nano IR ND64 + CPL<\/h4>\n<p>Ao fotografar com longa exposi\u00e7\u00e3o, utilizae ND e um CPL em conjunto \u00e9 obrigat\u00f3rio. Desta forma pode controlar os reflexos e tamb\u00e9m a velocidade do obturador. Mas com filtros de rosca \u00e9 uma dor, mas \u00e9 muito mais f\u00e1cil se voc\u00ea tiver uma CPL integrada: voc\u00ea n\u00e3o precisa mais empilhar CPL em cima dos filtros ND, n\u00e3o adicione mais vidro na frente de sua lente e obtenha o o m\u00e1ximo de um filtro. Com desempenho impressionante em nitidez e proje\u00e7\u00e3o sem cor. O NiSi PRO Nano IR ND64 + CPL possui todos os principais recursos dos filtros NiSi: revestimento IR, nano revestimento, vidro \u00f3ptico SCHOTT, moldura SLIM e um CPL de alto desempenho.<\/p>\n<h4>NiSi Circular Densidade Neutra HUC IR ND1000 \u2013 10 stops<\/h4>\n<p>\u00c9 um filtro de densidade neutra (ND) que reduz uniformemente a quantidade de luz que entra na lente em 10 stops. O filtro ND \u00e9 \u00fatil quando o contraste entre os realces e as sombras \u00e9 muito alto para obter uma exposi\u00e7\u00e3o de qualidade. Este tamb\u00e9m pode permitir maior desfoque de movimento e detalhes de imagem, permitindo uma grande abertura e uma velocidade lenta do obturador. O ND1000 10 Stop \u00e9 comumente usado para longas exposi\u00e7\u00f5es para criar o efeito de movimento de nuvens ou \u00e1gua turva.<\/p>\n<h4>NiSi Circular Densidade Neutra Nano IR ND32000 &#8211; 15 Stop<\/h4>\n<p>Especialmente projetado para fot\u00f3grafos de paisagens. Este filtro \u00e9 feito de vidro \u00f3ptico de alta qualidade com revestimento nano para evitar a perda de qualquer detalhe. Os filtros de densidade neutra n\u00e3o afetam a colora\u00e7\u00e3o da imagem e a densidade de 4,5 proporciona uma redu\u00e7\u00e3o de 15 stops na entrada de luz na lente. O ND32000 (15 Stop) \u00e9 amplamente utilizado para capturar imagens de exposi\u00e7\u00e3o extremamente longa (geralmente de 3 a 6 minutos \u00e0 luz do dia), para criar efeitos como movimento ou suaviza\u00e7\u00e3o de nuvens.<\/p>\n<h4>NiSi Estojo para 4 filtros circulares<\/h4>\n<p>Por fim, o estojo de filtro circular NiSi para 4 filtros foi projetada para qualquer filtro circular de at\u00e9 95mm. Ele pode ser convenientemente montado numa perna de trip\u00e9 para f\u00e1cil acesso e uso, e \u00e9 projetado com um material leve que protege seus filtros. O estojo pode conter at\u00e9 4 filtros e possui slots de filtro que mant\u00eam cada filtro individual seguro e evita que arranhem a bolsa.<\/p>\n<p>&nbsp;<\/p>\n<p><img loading=\"lazy\" decoding=\"async\" class=\"aligncenter wp-image-26645\" src=\"https:\/\/hi-techwonder.com\/wp-content\/themes\/woodmart\/images\/lazy.svg\" data-src=\"https:\/\/nisioptics.pt\/wp-content\/uploads\/2023\/09\/Circular-Long-Exposure-Kit-2.jpg\" alt=\"\" width=\"752\" height=\"752\"><\/p>\n<p>Sabe mais sobre o nosso sistema de\u00a0 filtros circulares <a href=\"https:\/\/nisioptics.pt\/categoria\/descobre\/descobre-filtros-circulares\/\" target=\"_blank\" rel=\"noopener\">aqui.<\/a><\/p>\n","protected":false},"excerpt":{"rendered":"<ul>\n<li>Inclui ND8, ND64+CPL, ND1000 e ND32000 com estojo<\/li>\n<li>Seja criativo com a velocidade do obturador<\/li>\n<li>Mostre movimento em suas imagens<\/li>\n<li>Nano Revestimento em Filtros<\/li>\n<\/ul>\n","protected":false},"featured_media":10860,"comment_status":"closed","ping_status":"closed","template":"","meta":{"_acf_changed":false},"product_brand":[2543],"product_cat":[1048],"product_tag":[],"class_list":{"0":"post-12697","1":"product","2":"type-product","3":"status-publish","4":"has-post-thumbnail","6":"product_brand-nisioptics-es","7":"product_cat-kits-filtros-es-2","8":"pa_densidade-nd8-3-stop-es","9":"pa_diametro-67mm-es","10":"pa_diametro-72mm-es","11":"pa_diametro-77mm-es","12":"pa_diametro-82mm-es","14":"first","15":"onbackorder","16":"taxable","17":"shipping-taxable","18":"purchasable","19":"product-type-variable"},"bundled_by":[],"bundle_stock_status":"onbackorder","bundle_stock_quantity":null,"bundle_virtual":false,"bundle_layout":"","bundle_add_to_cart_form_location":"","bundle_editable_in_cart":false,"bundle_sold_individually_context":"","bundle_item_grouping":"","bundle_min_size":"","bundle_max_size":"","bundle_price":[],"bundled_items":[],"bundle_sell_ids":[],"acf":[],"_links":{"self":[{"href":"https:\/\/hi-techwonder.com\/es\/wp-json\/wp\/v2\/product\/12697","targetHints":{"allow":["GET"]}}],"collection":[{"href":"https:\/\/hi-techwonder.com\/es\/wp-json\/wp\/v2\/product"}],"about":[{"href":"https:\/\/hi-techwonder.com\/es\/wp-json\/wp\/v2\/types\/product"}],"replies":[{"embeddable":true,"href":"https:\/\/hi-techwonder.com\/es\/wp-json\/wp\/v2\/comments?post=12697"}],"wp:featuredmedia":[{"embeddable":true,"href":"https:\/\/hi-techwonder.com\/es\/wp-json\/wp\/v2\/media\/10860"}],"wp:attachment":[{"href":"https:\/\/hi-techwonder.com\/es\/wp-json\/wp\/v2\/media?parent=12697"}],"wp:term":[{"taxonomy":"product_brand","embeddable":true,"href":"https:\/\/hi-techwonder.com\/es\/wp-json\/wp\/v2\/product_brand?post=12697"},{"taxonomy":"product_cat","embeddable":true,"href":"https:\/\/hi-techwonder.com\/es\/wp-json\/wp\/v2\/product_cat?post=12697"},{"taxonomy":"product_tag","embeddable":true,"href":"https:\/\/hi-techwonder.com\/es\/wp-json\/wp\/v2\/product_tag?post=12697"}],"curies":[{"name":"wp","href":"https:\/\/api.w.org\/{rel}","templated":true}]}}