{"id":12699,"date":"2025-07-23T23:18:41","date_gmt":"2025-07-23T23:18:41","guid":{"rendered":"https:\/\/fv6qoy3ls0.wpdns.site\/produto\/nisi-athena-pl-dx-dji-adaptador-de-montura\/"},"modified":"2026-04-10T18:35:46","modified_gmt":"2026-04-10T17:35:46","slug":"nisi-athena-pl-dx-dji-adaptador-de-montura","status":"publish","type":"product","link":"https:\/\/hi-techwonder.com\/es\/producto\/nisi-athena-pl-dx-dji-adaptador-de-montura\/","title":{"rendered":"NiSi Athena PL-DX DJI Adaptador de Montura"},"content":{"rendered":"<h3><strong>NiSi Athena PL-DX DJI Adaptador de Montagem<\/strong><\/h3>\n<p><iframe loading=\"lazy\" title=\"NiSi PL-DX Adaptador para DJI Ronin 4D\" width=\"500\" height=\"281\" src=\"https:\/\/www.youtube.com\/embed\/WIVEWevxdLg?feature=oembed\" frameborder=\"0\" allow=\"accelerometer; autoplay; clipboard-write; encrypted-media; gyroscope; picture-in-picture; web-share\" referrerpolicy=\"strict-origin-when-cross-origin\" allowfullscreen><\/iframe><\/p>\n<h4>Eleve sua fotografia com precis\u00e3o leve<\/h4>\n<p>Descubra a combina\u00e7\u00e3o perfeita de estilo e subst\u00e2ncia com o adaptador <strong>NiSi ATHENA PL-DX<\/strong>. Criado para fot\u00f3grafos que exigem excel\u00eancia, este adaptador preenche a lacuna entre as lentes de montagem PL e as c\u00e2maras DJI DX Mount com eleg\u00e2ncia perfeita.<\/p>\n<p><em>Design elegante, brilho leve<\/em>: adote um companheiro ideal para viagens que pesa apenas 170g. O adaptador NiSi ATHENA PL-L combina facilmente qualidade premium com portabilidade leve.<\/p>\n<p><em>Frente de a\u00e7o inoxid\u00e1vel<\/em>: projetada para suportar os rigores do uso profissional, a extremidade frontal e a montagem da lente s\u00e3o feitas de a\u00e7o inoxid\u00e1vel. Esta constru\u00e7\u00e3o robusta garante que seu equipamento permane\u00e7a est\u00e1vel em todos os cen\u00e1rios de filmagem.<\/p>\n<h4>Qualidade intransigente encontra funcionalidade<\/h4>\n<p>Revolucione a sua jornada fotogr\u00e1fica com um adaptador projetado para excel\u00eancia. O adaptador NiSi ATHENA PL-DX oferece mais do que aparenta, fornecendo uma ferramenta constru\u00edda para durar e projetada para impressionar.<\/p>\n<p><em>Arte Livre de Reflexos<\/em>: Diga adeus aos reflexos indesejados. O adaptador NiSi ATHENA PL-DX utiliza uma t\u00e9cnica avan\u00e7ada de flocagem interna, eliminando reflexos perturbadores e melhorando a clareza de suas fotos.<\/p>\n<h4>Integra\u00e7\u00e3o perfeita, criatividade ilimitada<\/h4>\n<p>Experimente a harmonia perfeita entre forma e fun\u00e7\u00e3o. O adaptador NiSi ATHENA PL-DX redefine a adaptabilidade, criando uma ponte entre mundos diferentes, ao mesmo tempo que aprimora suas possibilidades art\u00edsticas.<\/p>\n<p><em>Exterior texturizado com revestimento em spray<\/em>: Admire a beleza t\u00e1til do exterior texturizado com revestimento em spray. Meticulosamente projetado, ele n\u00e3o apenas adiciona um toque de eleg\u00e2ncia ao seu equipamento, mas tamb\u00e9m fornece uma pega segura para um manuseio sem esfor\u00e7o.<\/p>\n<p><em>Ajuste perfeito<\/em>: erradique lacunas e oscila\u00e7\u00f5es de sua configura\u00e7\u00e3o. O adaptador NiSi ATHENA PL-DX oferece um ajuste perfeito que garante que sua lente permane\u00e7a segura no lugar, permitindo que voc\u00ea se concentre apenas na captura perfeita.<\/p>\n<p><em>Foco infinito<\/em>: O adaptador NiSi ATHENA PL-DX oferece suporte total ao foco infinito, dando-lhe a liberdade de ajustar suas composi\u00e7\u00f5es com precis\u00e3o.<\/p>\n<p>Descobre mais sobre a nossa linha de cinema<a href=\"\/?product_cat=descobre-sistema-cinema\"> aqui.<\/a><\/p>\n","protected":false},"excerpt":{"rendered":"<ul>\n<li>Transforme as suas fotos, com compatibilidade perfeita entre lentes de montagem PL e c\u00e2maras DJI DX Mount<\/li>\n<li>Liberte a sua criatividade sem o peso de equipamentos pesados \u200b\u200b\u2013 o adaptador pesa apenas 170g<\/li>\n<li>Fabricado em a\u00e7o inoxid\u00e1vel, este adaptador garante desempenho duradouro em qualquer condi\u00e7\u00e3o de filmagem<\/li>\n<li>A t\u00e9cnica avan\u00e7ada de flocagem elimina reflexos indesejados, melhorando a clareza e a qualidade<\/li>\n<li>O exterior revestido com spray n\u00e3o s\u00f3 parece elegante, mas tamb\u00e9m oferece uma ader\u00eancia segura para um manuseio fi\u00e1vel<\/li>\n<li>Diga adeus \u00e0s lacunas e oscila\u00e7\u00f5es \u2013 o adaptador NiSi ATHENA PL-DX DJI garante uma conex\u00e3o est\u00e1vel e perfeita<\/li>\n<li>O adaptador NiSi ATHENA permite foco infinito<\/li>\n<li>O companheiro perfeito para as lentes NiSi ATHENA PL Mount<\/li>\n<\/ul>\n","protected":false},"featured_media":10878,"comment_status":"closed","ping_status":"open","template":"","meta":{"_acf_changed":false},"product_brand":[2543],"product_cat":[1041],"product_tag":[],"class_list":{"0":"post-12699","1":"product","2":"type-product","3":"status-publish","4":"has-post-thumbnail","6":"product_brand-nisioptics-es","7":"product_cat-adaptadores-es","8":"pa_montagem-dji-dx-es","9":"pa_montagem-da-objetiva-pl-mount-es","11":"first","12":"instock","13":"taxable","14":"shipping-taxable","15":"purchasable","16":"product-type-simple"},"bundled_by":[],"bundle_stock_status":"instock","bundle_stock_quantity":2,"bundle_virtual":false,"bundle_layout":"","bundle_add_to_cart_form_location":"","bundle_editable_in_cart":false,"bundle_sold_individually_context":"","bundle_item_grouping":"","bundle_min_size":"","bundle_max_size":"","bundle_price":[],"bundled_items":[],"bundle_sell_ids":[],"acf":[],"_links":{"self":[{"href":"https:\/\/hi-techwonder.com\/es\/wp-json\/wp\/v2\/product\/12699","targetHints":{"allow":["GET"]}}],"collection":[{"href":"https:\/\/hi-techwonder.com\/es\/wp-json\/wp\/v2\/product"}],"about":[{"href":"https:\/\/hi-techwonder.com\/es\/wp-json\/wp\/v2\/types\/product"}],"replies":[{"embeddable":true,"href":"https:\/\/hi-techwonder.com\/es\/wp-json\/wp\/v2\/comments?post=12699"}],"wp:featuredmedia":[{"embeddable":true,"href":"https:\/\/hi-techwonder.com\/es\/wp-json\/wp\/v2\/media\/10878"}],"wp:attachment":[{"href":"https:\/\/hi-techwonder.com\/es\/wp-json\/wp\/v2\/media?parent=12699"}],"wp:term":[{"taxonomy":"product_brand","embeddable":true,"href":"https:\/\/hi-techwonder.com\/es\/wp-json\/wp\/v2\/product_brand?post=12699"},{"taxonomy":"product_cat","embeddable":true,"href":"https:\/\/hi-techwonder.com\/es\/wp-json\/wp\/v2\/product_cat?post=12699"},{"taxonomy":"product_tag","embeddable":true,"href":"https:\/\/hi-techwonder.com\/es\/wp-json\/wp\/v2\/product_tag?post=12699"}],"curies":[{"name":"wp","href":"https:\/\/api.w.org\/{rel}","templated":true}]}}