{"id":12700,"date":"2025-07-23T23:18:41","date_gmt":"2025-07-23T23:18:41","guid":{"rendered":"https:\/\/fv6qoy3ls0.wpdns.site\/produto\/nisi-parafuso-para-s6-peca-sobresselente\/"},"modified":"2025-10-15T00:05:18","modified_gmt":"2025-10-15T00:05:18","slug":"nisi-parafuso-para-s6-peca-sobresselente","status":"publish","type":"product","link":"https:\/\/hi-techwonder.com\/es\/producto\/nisi-parafuso-para-s6-peca-sobresselente\/","title":{"rendered":"NiSi Parafuso para S6 (Pe\u00e7a sobresselente)"},"content":{"rendered":"<p>Pe\u00e7a sobresselente.<\/p>\n<p>Parafuso de substitui\u00e7\u00e3o para o mecanismo de bloqueio do porta-filtros S6.<\/p>\n<p>Veja os outros<a href=\"https:\/\/nisioptics.pt\/categoria\/sistema-150mm\/aneis-e-adaptadores-150mm\/\" target=\"_blank\" rel=\"noopener\"> acess\u00f3rios para o seu S6.<\/a><\/p>\n","protected":false},"excerpt":{"rendered":"<p>Pe\u00e7a sobresselente. Parafuso de substitui\u00e7\u00e3o para o mecanismo de bloqueio do porta-filtros S6. Veja os outros acess\u00f3rios para o seu<\/p>\n","protected":false},"featured_media":10905,"comment_status":"closed","ping_status":"closed","template":"","meta":{"_acf_changed":false},"product_brand":[2543],"product_cat":[1056],"product_tag":[],"class_list":{"0":"post-12700","1":"product","2":"type-product","3":"status-publish","4":"has-post-thumbnail","6":"product_brand-nisioptics-es","7":"product_cat-accesorios-150mm","9":"first","10":"pre-order","11":"taxable","12":"shipping-taxable","13":"purchasable","14":"product-type-simple"},"bundled_by":[],"bundle_stock_status":"pre-order","bundle_stock_quantity":null,"bundle_virtual":false,"bundle_layout":"","bundle_add_to_cart_form_location":"","bundle_editable_in_cart":false,"bundle_sold_individually_context":"","bundle_item_grouping":"","bundle_min_size":"","bundle_max_size":"","bundle_price":[],"bundled_items":[],"bundle_sell_ids":[],"acf":[],"_links":{"self":[{"href":"https:\/\/hi-techwonder.com\/es\/wp-json\/wp\/v2\/product\/12700","targetHints":{"allow":["GET"]}}],"collection":[{"href":"https:\/\/hi-techwonder.com\/es\/wp-json\/wp\/v2\/product"}],"about":[{"href":"https:\/\/hi-techwonder.com\/es\/wp-json\/wp\/v2\/types\/product"}],"replies":[{"embeddable":true,"href":"https:\/\/hi-techwonder.com\/es\/wp-json\/wp\/v2\/comments?post=12700"}],"wp:featuredmedia":[{"embeddable":true,"href":"https:\/\/hi-techwonder.com\/es\/wp-json\/wp\/v2\/media\/10905"}],"wp:attachment":[{"href":"https:\/\/hi-techwonder.com\/es\/wp-json\/wp\/v2\/media?parent=12700"}],"wp:term":[{"taxonomy":"product_brand","embeddable":true,"href":"https:\/\/hi-techwonder.com\/es\/wp-json\/wp\/v2\/product_brand?post=12700"},{"taxonomy":"product_cat","embeddable":true,"href":"https:\/\/hi-techwonder.com\/es\/wp-json\/wp\/v2\/product_cat?post=12700"},{"taxonomy":"product_tag","embeddable":true,"href":"https:\/\/hi-techwonder.com\/es\/wp-json\/wp\/v2\/product_tag?post=12700"}],"curies":[{"name":"wp","href":"https:\/\/api.w.org\/{rel}","templated":true}]}}