{"id":12701,"date":"2025-07-23T23:18:41","date_gmt":"2025-07-23T23:18:41","guid":{"rendered":"https:\/\/fv6qoy3ls0.wpdns.site\/produto\/nisi-athena-adaptadores-objetivas-pl-mount\/"},"modified":"2026-04-22T10:17:16","modified_gmt":"2026-04-22T09:17:16","slug":"nisi-athena-adaptadores-objetivas-pl-mount","status":"publish","type":"product","link":"https:\/\/hi-techwonder.com\/es\/producto\/nisi-athena-adaptadores-objetivas-pl-mount\/","title":{"rendered":"NiSi Athena Adaptadores Objetivas PL-Mount"},"content":{"rendered":"<h3><strong>NiSi Athena Adaptadores Objetivas PL-Mount<\/strong><\/h3>\n<h4>Melhore a sua fotografia com uma precis\u00e3o leve<\/h4>\n<p>Descubra a mistura perfeita de estilo e subst\u00e2ncia com os Adaptadores NiSi ATHENA PL-Mount. Criado para fot\u00f3grafos que exigem excel\u00eancia, este adaptador faz a ponte entre as lentes de montagem PL e as c\u00e2maras Canon RF, L-mount, Sony E, Nikon Z ou Fujifilm GFX (consoante a escolha de compatibilidade) com uma delicadeza perfeita.<\/p>\n<p><em>Design elegante, brilho leve<\/em>: Abrace um companheiro de viagem que ostenta um peso de apenas 190g (Canon RF) , 186g (Sony E, Nikon Z e L-Mount) ou 165g (Fuji GFX) . Os Adaptador NiSi ATHENA PL-Mount combinam, sem esfor\u00e7o, qualidade premium com portabilidade leve.<\/p>\n<p><em>Extremidade frontal em a\u00e7o inoxid\u00e1vel:<\/em> Concebidos para suportar os rigores da utiliza\u00e7\u00e3o profissional, a extremidade frontal e o suporte da objetiva s\u00e3o fabricados em a\u00e7o inoxid\u00e1vel. Esta constru\u00e7\u00e3o robusta garante que o seu equipamento permanece firme em todos os cen\u00e1rios de capta\u00e7\u00e3o.<\/p>\n<h4>A qualidade sem compromissos encontra a funcionalidade<\/h4>\n<p>Revolucione a sua viagem fotogr\u00e1fica com um adaptador concebido para a excel\u00eancia. Os Adaptadores NiSi ATHENA PL-Mount oferecem mais do que aparentam, proporcionando-lhe uma ferramenta que foi constru\u00edda para durar e concebida para impressionar.<\/p>\n<p><em>Arte sem reflexos:<\/em> Diga adeus aos reflexos indesejados. Os Adaptadores NiSi ATHENA PL-Mount utilizam uma t\u00e9cnica avan\u00e7ada de flocagem interna, eliminando os reflexos que distraem e melhorando a nitidez das suas capturas.<\/p>\n<p><em>Garantia de estanqueidade<\/em>: Estes adaptadores possuiem um selo \u00e0 prova de \u00e1gua no lado da c\u00e2mara. N\u00e3o deixe que uma chuva repentina ou uma humidade imprevista prejudique o seu processo criativo. Os Adaptadores NiSi ATHENA PL-Mount garantem que o seu equipamento se mant\u00e9m seco e pronto para a a\u00e7\u00e3o.<\/p>\n<h4>Integra\u00e7\u00e3o perfeita, criatividade sem limites<\/h4>\n<p>Experimente a harmonia perfeita entre forma e fun\u00e7\u00e3o. Os Adaptadores NiSi ATHENA PL-Mount redefinem a adaptabilidade, criando uma ponte entre mundos diferentes, ao mesmo tempo que aumentam as suas possibilidades art\u00edsticas.<\/p>\n<p><em>Exterior revestido com spray texturizado:<\/em> Admire a beleza t\u00e1til do exterior revestido com spray texturizado. Meticulosamente concebido, n\u00e3o s\u00f3 acrescenta um toque de eleg\u00e2ncia ao seu equipamento, como tamb\u00e9m proporciona uma ader\u00eancia segura para um manuseamento sem esfor\u00e7o.<\/p>\n<p><em>Encaixe perfeito:<\/em> Erradique as lacunas e as oscila\u00e7\u00f5es da sua instala\u00e7\u00e3o. Os Adaptadores NiSi ATHENA PL-Mount oferecem um encaixe perfeito que asseguram que a sua objetiva se mant\u00e9m firmemente no lugar, permitindo-lhe concentrar-se apenas na capta\u00e7\u00e3o da imagem perfeita.<\/p>\n<p><em>Focagem infinita:<\/em> Os Adaptadores NiSi ATHENA PL-Mount suportam totalmente a focagem no infinito, dando-lhe a liberdade de afinar as suas composi\u00e7\u00f5es com precis\u00e3o.<\/p>\n<p>Descobre mais sobre a nossa linha de cinema<a href=\"https:\/\/nisioptics.pt\/categoria\/descobre\/descobre-sistema-cinema\/\" target=\"_blank\" rel=\"noopener\"> aqui.\u00a0<\/a><\/p>\n<p><img loading=\"lazy\" decoding=\"async\" class=\"alignleft wp-image-27048\" src=\"https:\/\/hi-techwonder.com\/wp-content\/themes\/woodmart\/images\/lazy.svg\" data-src=\"https:\/\/nisioptics.pt\/wp-content\/uploads\/2023\/10\/Poster-2-819x1024.jpg\" alt=\"\" width=\"602\" height=\"752\"><\/p>\n<p><img loading=\"lazy\" decoding=\"async\" class=\"wp-image-28079 alignnone\" src=\"https:\/\/hi-techwonder.com\/wp-content\/themes\/woodmart\/images\/lazy.svg\" data-src=\"https:\/\/nisioptics.pt\/wp-content\/uploads\/2023\/10\/PL-GFX\u8f6c\u63a5\u73af-819x1024.jpg\" alt=\"\" width=\"602\" height=\"752\"><\/p>\n<p>&nbsp;<\/p>\n","protected":false},"excerpt":{"rendered":"<ul>\n<li>Utilize as suas lentes com montagem PL, em c\u00e2maras Canon RF, L-Mount, Sony E, Nikon Z, Micro 4\/3, Fujifilm X ou Fujifilm GFX<\/li>\n<li>Peso bastante reduzido<\/li>\n<li>Fabricado em a\u00e7o inoxid\u00e1vel para um desempenho duradouro<\/li>\n<li>T\u00e9cnica avan\u00e7ada de flocagem elimina os reflexos indesejados<\/li>\n<li>Tem selagem \u00e0 prova de \u00e1gua<\/li>\n<li>Os adaptador NiSi ATHENA PL-Mount garantem uma liga\u00e7\u00e3o est\u00e1vel e sem falhas<\/li>\n<li>Permite focagem no infinito<\/li>\n<\/ul>\n","protected":false},"featured_media":10908,"comment_status":"closed","ping_status":"closed","template":"","meta":{"_acf_changed":false},"product_brand":[2543],"product_cat":[1041],"product_tag":[],"class_list":{"0":"post-12701","1":"product","2":"type-product","3":"status-publish","4":"has-post-thumbnail","6":"product_brand-nisioptics-es","7":"product_cat-adaptadores-es","8":"pa_montagem-canon-rf-es","9":"pa_montagem-fujifilm-g-es","10":"pa_montagem-fujifilm-x-es","11":"pa_montagem-l-mount-es","12":"pa_montagem-micro-4-3","13":"pa_montagem-nikon-z-es","14":"pa_montagem-sony-e-es","15":"pa_montagem-da-objetiva-pl-mount-es","16":"pa_tipo-de-foco-enfoque-manual","18":"first","19":"instock","20":"taxable","21":"shipping-taxable","22":"purchasable","23":"product-type-variable"},"bundled_by":[],"bundle_stock_status":"instock","bundle_stock_quantity":null,"bundle_virtual":false,"bundle_layout":"","bundle_add_to_cart_form_location":"","bundle_editable_in_cart":false,"bundle_sold_individually_context":"","bundle_item_grouping":"","bundle_min_size":"","bundle_max_size":"","bundle_price":[],"bundled_items":[],"bundle_sell_ids":[],"acf":[],"_links":{"self":[{"href":"https:\/\/hi-techwonder.com\/es\/wp-json\/wp\/v2\/product\/12701","targetHints":{"allow":["GET"]}}],"collection":[{"href":"https:\/\/hi-techwonder.com\/es\/wp-json\/wp\/v2\/product"}],"about":[{"href":"https:\/\/hi-techwonder.com\/es\/wp-json\/wp\/v2\/types\/product"}],"replies":[{"embeddable":true,"href":"https:\/\/hi-techwonder.com\/es\/wp-json\/wp\/v2\/comments?post=12701"}],"wp:featuredmedia":[{"embeddable":true,"href":"https:\/\/hi-techwonder.com\/es\/wp-json\/wp\/v2\/media\/10908"}],"wp:attachment":[{"href":"https:\/\/hi-techwonder.com\/es\/wp-json\/wp\/v2\/media?parent=12701"}],"wp:term":[{"taxonomy":"product_brand","embeddable":true,"href":"https:\/\/hi-techwonder.com\/es\/wp-json\/wp\/v2\/product_brand?post=12701"},{"taxonomy":"product_cat","embeddable":true,"href":"https:\/\/hi-techwonder.com\/es\/wp-json\/wp\/v2\/product_cat?post=12701"},{"taxonomy":"product_tag","embeddable":true,"href":"https:\/\/hi-techwonder.com\/es\/wp-json\/wp\/v2\/product_tag?post=12701"}],"curies":[{"name":"wp","href":"https:\/\/api.w.org\/{rel}","templated":true}]}}