{"id":12729,"date":"2025-07-23T23:24:05","date_gmt":"2025-07-23T23:24:05","guid":{"rendered":"https:\/\/fv6qoy3ls0.wpdns.site\/produto\/nisi-s6-alpha-para-canon-rf-10-20mm-f-4-l-is-stm\/"},"modified":"2026-04-08T12:32:39","modified_gmt":"2026-04-08T11:32:39","slug":"nisi-s6-alpha-para-canon-rf-10-20mm-f-4-l-is-stm","status":"publish","type":"product","link":"https:\/\/hi-techwonder.com\/es\/producto\/nisi-s6-alpha-para-canon-rf-10-20mm-f-4-l-is-stm\/","title":{"rendered":"NiSi S6 Alpha para Canon RF 10-20mm f\/4 L IS STM"},"content":{"rendered":"<h3><strong>NiSi S6 Alpha para Canon RF 10-20mm f\/4 L IS STM<\/strong><\/h3>\n<h5><em>Aumente a sua criatividade com um porta-filtros vers\u00e1til<\/em><\/h5>\n<p>O suporte e estojo de filtro <strong>NiSi S6 ALPHA 150 mm<\/strong> \u00e9 o melhor companheiro para fot\u00f3grafos de paisagem que buscam aperfei\u00e7oar o seu trabalho. Projetado para acomodar lentes de grande angular, este sistema de filtro suporta dois filtros de 150 mm de largura (2 mm de espessura) com incr\u00edveis 360 graus de rota\u00e7\u00e3o. As possibilidades s\u00e3o infinitas, permitindo que voc\u00ea experimente e capture imagens impressionantes em v\u00e1rias condi\u00e7\u00f5es de ilumina\u00e7\u00e3o.<\/p>\n<h5><em>Sistema de bloqueio seguro e suave<\/em><\/h5>\n<p>Diga adeus aos ajustes frustrantes e ol\u00e1 ao posicionamento suave e preciso. O S6 Alpha possui um sistema de bloqueio de ponta que garante que o porta-filtros principal permane\u00e7a firme no lugar. A roda integrada facilita a rota\u00e7\u00e3o f\u00e1cil, oferecendo uma experi\u00eancia de bloqueio natural e sem esfor\u00e7o. Agora pode-se concentrar no aspecto criativo da fotografia sem se preocupar com seu equipamento.<\/p>\n<h5><em>Elimine fantasmas e reflexos para capturas n\u00edtidas<\/em><\/h5>\n<p>Fantasmas e reflexos s\u00e3o desafios comuns ao usar sistemas de filtro, especialmente com dist\u00e2ncias focais amplas. O adaptador principal S6 lida com esse problema de frente com o mesmo tratamento fosco encontrado em p\u00e1ra-s\u00f3is de lentes de \u00faltima gera\u00e7\u00e3o. Esta solu\u00e7\u00e3o inovadora garante nitidez de imagem ideal e reduz reflexos indesejados, permitindo que voc\u00ea obtenha sempre fotos de n\u00edvel profissional.<\/p>\n<h5><em>Instala\u00e7\u00e3o r\u00e1pida e fluxo de trabalho cont\u00ednuo<\/em><\/h5>\n<p>No mundo acelerado da fotografia, cada segundo conta. O suporte de filtro NiSi S6 ALPHA garante que voc\u00ea nunca perca um momento. O seu design eficiente permite instala\u00e7\u00e3o e remo\u00e7\u00e3o r\u00e1pidas sem a necessidade de retirar a lente da c\u00e2mara. A parte frontal do suporte possui clipes que prendem com seguran\u00e7a os filtros de 150 mm, permitindo remo\u00e7\u00e3o e substitui\u00e7\u00e3o r\u00e1pidas. Voc\u00ea pode facilmente manter o foco e a transi\u00e7\u00e3o entre as fotos, aprimorando a sua experi\u00eancia geral de captura.<\/p>\n<h5><em>Expanda a sua criatividade com filtros circulares<\/em><\/h5>\n<p>As possibilidades n\u00e3o terminam com os filtros padr\u00e3o de 150 mm. O porta-filtros NiSi S6 ALPHA tamb\u00e9m \u00e9 compat\u00edvel com filtros circulares S6, incluindo polarizadores (vendidos separadamente). D\u00ea ainda mais liberdade \u00e0 sua criatividade adicionando esses filtros vers\u00e1teis ao seu arsenal, fornecendo ainda mais op\u00e7\u00f5es para aperfei\u00e7oar as suas fotografias de paisagem.<\/p>\n<p><strong>Cont\u00e9m:<\/strong><\/p>\n<ul>\n<li>Porta-Filtros S6 150mm<\/li>\n<li>Adaptador Individual S6 para Canon RF 10-20mm f\/4 L IS STM<\/li>\n<li>Estojo (dimens\u00f5es: 19cm x 7.5cm x 20cm)<\/li>\n<\/ul>\n<p><iframe loading=\"lazy\" title=\"NiSi S6 Porta Filtros para sistema de 150mm\" width=\"500\" height=\"281\" src=\"https:\/\/www.youtube.com\/embed\/0oeEhRAuBHI?feature=oembed\" frameborder=\"0\" allow=\"accelerometer; autoplay; clipboard-write; encrypted-media; gyroscope; picture-in-picture; web-share\" referrerpolicy=\"strict-origin-when-cross-origin\" allowfullscreen><\/iframe><\/p>\n<p>Saiba mais sobre o nosso sistema de <a href=\"https:\/\/nisioptics.pt\/categoria\/descobre\/descobre-sistema-150mm\/\" target=\"_blank\" rel=\"noopener\">150mm<\/a>.<\/p>\n","protected":false},"excerpt":{"rendered":"<ul>\n<li>Design personalizado para Canon RF 10-20mm f\/4 L IS STM<\/li>\n<li>Permite o uso de dois filtros<\/li>\n<li>Compat\u00edvel com filtros circulares S6 incluindo polarizadores (vendidos separadamente)<\/li>\n<li>Rota\u00e7\u00e3o de 360 \u200b\u200bgraus<\/li>\n<li>Sistema de bloqueio integrado para bloquear o porta-filtros dianteiro<\/li>\n<li>Constru\u00e7\u00e3o em liga de alum\u00ednio<\/li>\n<li>Inclui estojo para guardar o porta-filtros<\/li>\n<li>Sem vinhetas<\/li>\n<\/ul>\n","protected":false},"featured_media":11010,"comment_status":"closed","ping_status":"closed","template":"","meta":{"_acf_changed":false},"product_brand":[2543],"product_cat":[1056],"product_tag":[],"class_list":{"0":"post-12729","1":"product","2":"type-product","3":"status-publish","4":"has-post-thumbnail","6":"product_brand-nisioptics-es","7":"product_cat-accesorios-150mm","9":"first","10":"instock","11":"taxable","12":"shipping-taxable","13":"purchasable","14":"product-type-simple"},"bundled_by":[],"bundle_stock_status":"instock","bundle_stock_quantity":1,"bundle_virtual":false,"bundle_layout":"","bundle_add_to_cart_form_location":"","bundle_editable_in_cart":false,"bundle_sold_individually_context":"","bundle_item_grouping":"","bundle_min_size":"","bundle_max_size":"","bundle_price":[],"bundled_items":[],"bundle_sell_ids":[],"acf":[],"_links":{"self":[{"href":"https:\/\/hi-techwonder.com\/es\/wp-json\/wp\/v2\/product\/12729","targetHints":{"allow":["GET"]}}],"collection":[{"href":"https:\/\/hi-techwonder.com\/es\/wp-json\/wp\/v2\/product"}],"about":[{"href":"https:\/\/hi-techwonder.com\/es\/wp-json\/wp\/v2\/types\/product"}],"replies":[{"embeddable":true,"href":"https:\/\/hi-techwonder.com\/es\/wp-json\/wp\/v2\/comments?post=12729"}],"wp:featuredmedia":[{"embeddable":true,"href":"https:\/\/hi-techwonder.com\/es\/wp-json\/wp\/v2\/media\/11010"}],"wp:attachment":[{"href":"https:\/\/hi-techwonder.com\/es\/wp-json\/wp\/v2\/media?parent=12729"}],"wp:term":[{"taxonomy":"product_brand","embeddable":true,"href":"https:\/\/hi-techwonder.com\/es\/wp-json\/wp\/v2\/product_brand?post=12729"},{"taxonomy":"product_cat","embeddable":true,"href":"https:\/\/hi-techwonder.com\/es\/wp-json\/wp\/v2\/product_cat?post=12729"},{"taxonomy":"product_tag","embeddable":true,"href":"https:\/\/hi-techwonder.com\/es\/wp-json\/wp\/v2\/product_tag?post=12729"}],"curies":[{"name":"wp","href":"https:\/\/api.w.org\/{rel}","templated":true}]}}