{"id":12758,"date":"2025-07-23T23:25:06","date_gmt":"2025-07-23T23:25:06","guid":{"rendered":"https:\/\/fv6qoy3ls0.wpdns.site\/produto\/nisi-cine-adaptador-95mm-80mm-para-caja-mate\/"},"modified":"2026-04-08T12:32:51","modified_gmt":"2026-04-08T11:32:51","slug":"nisi-cine-adaptador-95mm-80mm-para-caja-mate","status":"publish","type":"product","link":"https:\/\/hi-techwonder.com\/es\/producto\/nisi-cine-adaptador-95mm-80mm-para-caja-mate\/","title":{"rendered":"NiSi Cine Adaptador 95mm-80mm para Caja Mate"},"content":{"rendered":"<h3>NiSi Cinema Adaptador 95mm-80mm para Matte Box<\/h3>\n<p><iframe loading=\"lazy\" title=\"NiSi Cine Adaptador 95mm-80mm para Caja Mate\" width=\"500\" height=\"281\" src=\"https:\/\/www.youtube.com\/embed\/iOTSHVvHASU?feature=oembed\" frameborder=\"0\" allow=\"accelerometer; autoplay; clipboard-write; encrypted-media; gyroscope; picture-in-picture; web-share\" referrerpolicy=\"strict-origin-when-cross-origin\" allowfullscreen><\/iframe><\/p>\n<p>O adaptador NiSi Adaptador 95mm-80mm para Matte Box permite utilizar a qualquer Matte Box com di\u00e2metro interno de 95mm em objetivas com di\u00e2metro externo de 80mm, sem necessidade de usar an\u00e9is adaptadores de rosca que podem dar origem a vinhetagem, ou dificultam a utiliza\u00e7\u00e3o em set.<\/p>\n<p>Entre num mundo de criatividade refor\u00e7ada com o Adaptador NiSi Cinema 95-80mm. Esta ferramenta essencial permite que os cineastas troquem rapidamente de objectivas e se adaptem a v\u00e1rias condi\u00e7\u00f5es de filmagem sem comprometer a qualidade. A sua constru\u00e7\u00e3o robusta assegura a longevidade, enquanto o design leve garante a facilidade de utiliza\u00e7\u00e3o, tornando-o indispens\u00e1vel tanto para os aspirantes a realizadores como para os profissionais experientes.<\/p>\n<p>Especialmente desenhado para utilizar a Matte Box NiSi C5 nas fant\u00e1sticas objetivas Athena Prime, permite aumentar as suas op\u00e7\u00f5es criativas, e utilizar sem entraves a nossa linha de alta qualidade de filtros de Cinema.<\/p>\n<p>Descobre mais sobre a nossa linha de cinema<a href=\"\/?product_cat=descobre-sistema-cinema\">\u00a0aqui.<\/a><\/p>\n","protected":false},"excerpt":{"rendered":"<ul>\n<li>Adaptador de encaixe 95mm-80mm<\/li>\n<li>Para objetivas com di\u00e2metro externo de 80mm<\/li>\n<li>Para Matte Boxes com di\u00e2metro interno de 95mm<\/li>\n<li>Compat\u00edvel com a NiSi C5 Matte Box e as objectivas Athena Prime<\/li>\n<\/ul>\n","protected":false},"featured_media":11117,"comment_status":"closed","ping_status":"closed","template":"","meta":{"_acf_changed":false},"product_brand":[2543],"product_cat":[1116],"product_tag":[],"class_list":{"0":"post-12758","1":"product","2":"type-product","3":"status-publish","4":"has-post-thumbnail","6":"product_brand-nisioptics-es","7":"product_cat-matte-boxes-es","9":"first","10":"instock","11":"taxable","12":"shipping-taxable","13":"purchasable","14":"product-type-simple"},"bundled_by":[],"bundle_stock_status":"instock","bundle_stock_quantity":2,"bundle_virtual":false,"bundle_layout":"","bundle_add_to_cart_form_location":"","bundle_editable_in_cart":false,"bundle_sold_individually_context":"","bundle_item_grouping":"","bundle_min_size":"","bundle_max_size":"","bundle_price":[],"bundled_items":[],"bundle_sell_ids":[],"acf":[],"_links":{"self":[{"href":"https:\/\/hi-techwonder.com\/es\/wp-json\/wp\/v2\/product\/12758","targetHints":{"allow":["GET"]}}],"collection":[{"href":"https:\/\/hi-techwonder.com\/es\/wp-json\/wp\/v2\/product"}],"about":[{"href":"https:\/\/hi-techwonder.com\/es\/wp-json\/wp\/v2\/types\/product"}],"replies":[{"embeddable":true,"href":"https:\/\/hi-techwonder.com\/es\/wp-json\/wp\/v2\/comments?post=12758"}],"wp:featuredmedia":[{"embeddable":true,"href":"https:\/\/hi-techwonder.com\/es\/wp-json\/wp\/v2\/media\/11117"}],"wp:attachment":[{"href":"https:\/\/hi-techwonder.com\/es\/wp-json\/wp\/v2\/media?parent=12758"}],"wp:term":[{"taxonomy":"product_brand","embeddable":true,"href":"https:\/\/hi-techwonder.com\/es\/wp-json\/wp\/v2\/product_brand?post=12758"},{"taxonomy":"product_cat","embeddable":true,"href":"https:\/\/hi-techwonder.com\/es\/wp-json\/wp\/v2\/product_cat?post=12758"},{"taxonomy":"product_tag","embeddable":true,"href":"https:\/\/hi-techwonder.com\/es\/wp-json\/wp\/v2\/product_tag?post=12758"}],"curies":[{"name":"wp","href":"https:\/\/api.w.org\/{rel}","templated":true}]}}