{"id":12760,"date":"2025-07-23T23:25:06","date_gmt":"2025-07-23T23:25:06","guid":{"rendered":"https:\/\/fv6qoy3ls0.wpdns.site\/produto\/nisi-filtro-armor-fx-pro-nano-l395-uv\/"},"modified":"2026-05-06T17:29:07","modified_gmt":"2026-05-06T16:29:07","slug":"nisi-filtro-armor-fx-pro-nano-l395-uv","status":"publish","type":"product","link":"https:\/\/hi-techwonder.com\/es\/producto\/nisi-filtro-armor-fx-pro-nano-l395-uv\/","title":{"rendered":"NiSi Filtro Armor FX Pro Nano L395 UV"},"content":{"rendered":"<h3><strong>NiSi Filtro Armor FX Pro Nano L395 UV<\/strong><\/h3>\n<p>O novo Filtro NiSi Armor FX Pro Nano L395 UV \u00e9 um filtro inovador que mistura as tecnologias UV com Explosion Proof. Desta forma garante a absor\u00e7\u00e3o de raios ultra-violeta, abaixo dos 395nm, e a prote\u00e7\u00e3o total da \u00f3ptica frontal da sua objetiva.<\/p>\n<h4>NiSi Armor FX &#8211; O derradeiro escudo protetor para a sua objetiva<\/h4>\n<p>Com o evoluir da tecnologia das c\u00e2maras digitais, os filtros protetores desempenham um papel cada vez mais importante na prote\u00e7\u00e3o da objetiva para a maioria dos fot\u00f3grafos. Quer seja um fot\u00f3grafo ou um criador de v\u00eddeos,\u00a0ir\u00e1 inevitavelmente sofrer v\u00e1rios acidentes no processo de cria\u00e7\u00e3o de imagens. Um movimento inadvertido ou um impacto inesperado pode causar danos irrepar\u00e1veis na sua objetiva. A inten\u00e7\u00e3o da Armor FX \u00e9 proteger eficazmente a sua objetiva.<\/p>\n<h4>O Armor FX pode rachar mas n\u00e3o se estilha\u00e7a. Isto proporciona uma prote\u00e7\u00e3o eficaz adicional para a sua lente<\/h4>\n<p>Porque \u00e9 que os outros filtros UV n\u00e3o protegem a lente?<\/p>\n<p>Outros filtros UV s\u00e3o feitos de vidro comum ou vidro \u00f3tico; materiais que se estilha\u00e7am facilmente ao sofrerem um impacto s\u00fabito. O fragmentos do filtro UV estilha\u00e7ados podem danificar facilmente o elemento frontal da objetiva. Isto pode causar danos irrepar\u00e1veis na lente e nos seus revestimentos, resultando em enormes perdas financeiras.<\/p>\n<p><img loading=\"lazy\" decoding=\"async\" class=\"alignnone wp-image-27537\" src=\"https:\/\/hi-techwonder.com\/wp-content\/themes\/woodmart\/images\/lazy.svg\" data-src=\"https:\/\/nisioptics.pt\/wp-content\/uploads\/2023\/11\/DSC03657-e1701259536180-1024x684.jpg\" alt=\"\" width=\"752\" height=\"502\"><\/p>\n<h4>NiSi Armor FX &#8211; Princ\u00edpio Explosion Proof<\/h4>\n<p>O NiSi Armor FX adopta o design laminado \u00e0 prova de explos\u00e3o dos para-brisas dianteiros dos autom\u00f3veis topo de gama. Cada peda\u00e7o de vidro tem um design de camada \u00e0 prova de explos\u00e3o, que pode permanecer rachado sem se estilha\u00e7ar ap\u00f3s ser sujeito a um forte impacto. \u00c9 constru\u00eddo para evitar a forma\u00e7\u00e3o de fragmentos de vidro e, por conseguinte, minimiza o risco de riscos no elemento frontal e nos revestimentos das lentes.<\/p>\n<p>A NiSi inicialemente incorporou o design \u00e0 prova de explos\u00e3o nos seus filtros de cinema em 2018. A busca de movimento e est\u00e9tica violenta na produ\u00e7\u00e3o de filmes e televis\u00e3o resulta num maior risco de danos nas lentes de cinema em determinadas cenas, como tiroteios, cenas de persegui\u00e7\u00e3o de carros e explos\u00f5es. Estes danos resultam em enormes perdas de produ\u00e7\u00e3o devido ao elevado custo das lentes de cinema.<\/p>\n<p>A gama de filtros de cinema \u00e0 prova de explos\u00e3o da NiSi inclui: 4&#215;5.65,6.6&#215;6.6,95mm\/110mm\/114mm de di\u00e2metro exterior e a rosca do \ufb01ltro personalizada para lentes de cinema topo de gama. Estes filtros t\u00eam sido amplamente utilizados para objectivas de cinema Leica, Cooke, Zeiss, Angenieux e Fuji\ufb01lm. Os filtros de cinema \u00e0 prova de explos\u00e3o NiSi foram unanimemente reconhecidos como ben\u00e9ficos por empresas de aluguer nacionais e estrangeiras.<\/p>\n<h4><img loading=\"lazy\" decoding=\"async\" class=\"alignnone wp-image-27535\" src=\"https:\/\/hi-techwonder.com\/wp-content\/themes\/woodmart\/images\/lazy.svg\" data-src=\"https:\/\/nisioptics.pt\/wp-content\/uploads\/2023\/11\/WechatIMG45915-e1701260232907-1024x694.jpeg\" alt=\"\" width=\"752\" height=\"510\"><\/h4>\n<h4>Filtro de efeito criativo \u00fanico<\/h4>\n<p>O NiSi Armor FX n\u00e3o s\u00f3 protege a lente como actua como um filtro de efeito de luz personalizado.<\/p>\n<p>Durante os testes de impacto do filtro Armor FX, a NiSi descobriu que as fissuras irregulares dentro do filtro podem criar fortuitamente um efeito de luz \u00fanico e elegante, quando a cena \u00e9 iluminada lateralmente ou por tr\u00e1s. O efeito de luz e a posi\u00e7\u00e3o ocorrem em rela\u00e7\u00e3o \u00e0 posi\u00e7\u00e3o das fendas. Isto pode ajudar os fot\u00f3grafos a criar efeitos de luz personalizados tanto para fotografias como para v\u00eddeos.<\/p>\n<p>&nbsp;<\/p>\n<ul>\n<li>Estrutura patenteada entran\u00e7ada de lat\u00e3o de duas cores, com maior resist\u00eancia e manuseamento r\u00e1pido<\/li>\n<li>Absorve a luz ultravioleta com comprimento de onda inferior a 395nm<\/li>\n<li>Nano-revestimentos de dupla face de baixa reflex\u00e3o<\/li>\n<li>Vidro \u00f3tico CINE sem perda de nitidez<\/li>\n<li>Revestimento de dupla face \u00e0 prova de \u00e1gua e de \u00f3leo<\/li>\n<\/ul>\n<p><img loading=\"lazy\" decoding=\"async\" class=\"alignnone wp-image-27539\" src=\"https:\/\/hi-techwonder.com\/wp-content\/themes\/woodmart\/images\/lazy.svg\" data-src=\"https:\/\/nisioptics.pt\/wp-content\/uploads\/2023\/11\/DSC079491-e1701259641266-1024x682.jpg\" alt=\"\" width=\"752\" height=\"501\"><\/p>\n<p>Sabe mais sobre o nosso sistema de\u00a0 filtros circulares\u00a0<a href=\"https:\/\/nisioptics.pt\/categoria\/descobre\/descobre-filtros-circulares\/\" target=\"_blank\" rel=\"noopener\">aqui.<\/a><\/p>\n","protected":false},"excerpt":{"rendered":"<ul>\n<li>Filtro UV e Explosion Proof<\/li>\n<li>Estrutura em lat\u00e3o com design exclusivo com serrilhado entran\u00e7ado<\/li>\n<li>F\u00e1cil de instalar e remover<\/li>\n<li>Absorve raios UV abaixo dos 395nm<\/li>\n<li>Novo revestimento pouco refletivo para diminuir ghosting e flaring<\/li>\n<li>Mant\u00e9m a qualidade de imagem intocada<\/li>\n<li>Revestido contra \u00f3leos e poeiras<\/li>\n<\/ul>\n","protected":false},"featured_media":11131,"comment_status":"closed","ping_status":"closed","template":"","meta":{"_acf_changed":false},"product_brand":[2543],"product_cat":[1052],"product_tag":[],"class_list":{"0":"post-12760","1":"product","2":"type-product","3":"status-publish","4":"has-post-thumbnail","6":"product_brand-nisioptics-es","7":"product_cat-proteccion-uv","8":"pa_diametro-39mm-es","9":"pa_diametro-40-5mm-es","10":"pa_diametro-43mm-es","11":"pa_diametro-46mm-es","12":"pa_diametro-49mm-es","13":"pa_diametro-52mm-es","14":"pa_diametro-55mm-es","15":"pa_diametro-58mm-es","16":"pa_diametro-62mm-es","17":"pa_diametro-67mm-es","18":"pa_diametro-72mm-es","19":"pa_diametro-77mm-es","20":"pa_diametro-82mm-es","21":"pa_diametro-86mm-es","22":"pa_diametro-95mm-es","24":"first","25":"instock","26":"taxable","27":"shipping-taxable","28":"purchasable","29":"product-type-variable"},"bundled_by":[],"bundle_stock_status":"instock","bundle_stock_quantity":null,"bundle_virtual":false,"bundle_layout":"","bundle_add_to_cart_form_location":"","bundle_editable_in_cart":false,"bundle_sold_individually_context":"","bundle_item_grouping":"","bundle_min_size":"","bundle_max_size":"","bundle_price":[],"bundled_items":[],"bundle_sell_ids":[],"acf":[],"_links":{"self":[{"href":"https:\/\/hi-techwonder.com\/es\/wp-json\/wp\/v2\/product\/12760","targetHints":{"allow":["GET"]}}],"collection":[{"href":"https:\/\/hi-techwonder.com\/es\/wp-json\/wp\/v2\/product"}],"about":[{"href":"https:\/\/hi-techwonder.com\/es\/wp-json\/wp\/v2\/types\/product"}],"replies":[{"embeddable":true,"href":"https:\/\/hi-techwonder.com\/es\/wp-json\/wp\/v2\/comments?post=12760"}],"wp:featuredmedia":[{"embeddable":true,"href":"https:\/\/hi-techwonder.com\/es\/wp-json\/wp\/v2\/media\/11131"}],"wp:attachment":[{"href":"https:\/\/hi-techwonder.com\/es\/wp-json\/wp\/v2\/media?parent=12760"}],"wp:term":[{"taxonomy":"product_brand","embeddable":true,"href":"https:\/\/hi-techwonder.com\/es\/wp-json\/wp\/v2\/product_brand?post=12760"},{"taxonomy":"product_cat","embeddable":true,"href":"https:\/\/hi-techwonder.com\/es\/wp-json\/wp\/v2\/product_cat?post=12760"},{"taxonomy":"product_tag","embeddable":true,"href":"https:\/\/hi-techwonder.com\/es\/wp-json\/wp\/v2\/product_tag?post=12760"}],"curies":[{"name":"wp","href":"https:\/\/api.w.org\/{rel}","templated":true}]}}