{"id":12775,"date":"2025-07-23T23:26:41","date_gmt":"2025-07-23T23:26:41","guid":{"rendered":"https:\/\/fv6qoy3ls0.wpdns.site\/produto\/nisi-swift-fs-nd-kit-nd8-nd64-nd1000\/"},"modified":"2026-04-08T12:34:18","modified_gmt":"2026-04-08T11:34:18","slug":"nisi-swift-fs-nd-kit-nd8-nd64-nd1000","status":"publish","type":"product","link":"https:\/\/hi-techwonder.com\/es\/producto\/nisi-swift-fs-nd-kit-nd8-nd64-nd1000\/","title":{"rendered":"NiSi Swift FS ND Kit (ND8 + ND64 + ND1000)"},"content":{"rendered":"<h3><strong>NiSi Swift FS ND Kit (ND8 + ND64 + ND1000)<\/strong><\/h3>\n<p><iframe loading=\"lazy\" title=\"NiSi Swift FS ND Kit\" width=\"500\" height=\"281\" src=\"https:\/\/www.youtube.com\/embed\/YBQ9EVZoLfM?feature=oembed\" frameborder=\"0\" allow=\"accelerometer; autoplay; clipboard-write; encrypted-media; gyroscope; picture-in-picture; web-share\" referrerpolicy=\"strict-origin-when-cross-origin\" allowfullscreen><\/iframe><\/p>\n<p>Ap\u00f3s o enorme sucesso da implementa\u00e7\u00e3o do Sistema Swift, exclusivo da NiSi, apresentamos o novo Kit NiSi Swift FS ND. O Sistema Swift \u00e9 sin\u00f3nimo de versatilidade e mobilidade, e este novo kit introduz 3 novos filtros de Densidade Neutra FS ND, permitindo combinarem entre si, serem usados individualmente (com o aux\u00edlio dos aneis adaptadores NiSi Swift)\u00a0 ou acoplados a outros filtros do Sistema Swift, de forma a tornar a sua experi\u00eancia muito mais din\u00e2mica e divertida.<\/p>\n<p>Este kit \u00e9 perfeito para o introduzir no sistema Swift, com um conjunto de filtros de elevada qualidade, utiliza\u00e7\u00e3o simples. Estes filtros v\u00e3o ser seus companheiros insepar\u00e1veis, quer os use para v\u00eddeo como para fotografia de paisagem\/retrato.<\/p>\n<p>O novo Kit NiSi Swift FS ND vem em 4 tamanhos: <strong>49mm<\/strong>, <strong>62mm<\/strong>, <strong>82mm<\/strong> e <strong>95mm<\/strong>, cada um destes com um ou v\u00e1rios an\u00e9is adaptadores para aumentar as suas lentes compat\u00edveis com o sistema.<\/p>\n<h5><img loading=\"lazy\" decoding=\"async\" class=\"alignnone wp-image-27612\" src=\"https:\/\/hi-techwonder.com\/wp-content\/themes\/woodmart\/images\/lazy.svg\" data-src=\"https:\/\/nisioptics.pt\/wp-content\/uploads\/2023\/12\/DSC0342-1024x682.jpg\" alt=\"\" width=\"752\" height=\"501\"><\/h5>\n<h5>Adaptadores incluidos:<\/h5>\n<ul>\n<li><strong>49mm<\/strong>: anel step-up 40.5mm-49mm, anel step-up 43mm-49mm, anel step-up 46mm-49mm e anel adaptador NiSi Swift 49mm<\/li>\n<li><strong>62mm<\/strong>: anel step-up 52mm-62mm, anel step-up 55mm-62mm, anel step-up 58mm-62mm e anel adaptador NiSi Swift 62mm<\/li>\n<li><strong>82mm<\/strong>: anel step-up 67mm-82mm, anel step-up 72mm-82mm, anel step-up 77mm-82mm e anel adaptador NiSi Swift 82mm<\/li>\n<li><strong>95mm<\/strong>: anel step-up 86mm-95mm e anel adaptador NiSi Swift 95mm<\/li>\n<\/ul>\n<p>Os Filtros FS ND, presentes neste Kit, est\u00e3o identificados com c\u00f3digo de cores, tendo aros de cores diferentes para que seja f\u00e1cil a sua identifica\u00e7\u00e3o quando est\u00e3o dentro do estojo.<\/p>\n<p>A NiSi, atrav\u00e9s da sua longa experi\u00eancia em produ\u00e7\u00e3o de filtros de muito elevada qualidade, garante com estes novos filtros, qualidade \u00f3ptica sem igual, com manuten\u00e7\u00e3o das cores reais, como h\u00e1bito nos filtros NiSi.<\/p>\n<h5>Cada Kit inclui:<\/h5>\n<ul>\n<li>3x Filtros de Densidade Neutra FS ND (ND8, ND64 e ND1000)<\/li>\n<li>1x Estojo para 7 filtros NiSi Swift<\/li>\n<li>Adaptadores NiSi Swift (enumerados acima)<\/li>\n<li>Tampas de prote\u00e7\u00e3o (5 no kit de 95mm, 7 nos restantes)<\/li>\n<\/ul>\n<p><img loading=\"lazy\" decoding=\"async\" class=\"alignnone wp-image-27610\" src=\"https:\/\/hi-techwonder.com\/wp-content\/themes\/woodmart\/images\/lazy.svg\" data-src=\"https:\/\/nisioptics.pt\/wp-content\/uploads\/2023\/12\/DSC09986-1024x682.jpg\" alt=\"\" width=\"752\" height=\"501\"><\/p>\n<h5>Testes de Vinheta<\/h5>\n<p><span style=\"text-decoration: underline;\">Sony 16-35 f2.8 GM V1<\/span> &#8211; Rosca de 82 mm<\/p>\n<p>1 x Filtro Swift | sem vinheta @ 17mm<\/p>\n<p>2 x Filtros Swift | sem vinheta @ 20mm<\/p>\n<p>3 x Filtros Swift | sem vinheta @ 22mm<\/p>\n<p><span style=\"text-decoration: underline;\">Sony PZ 16-35 F4 G<\/span> &#8211; Rosca 72mm<\/p>\n<p>1 x Filtro Swift | sem vinheta @ 16mm<\/p>\n<p>2 x Filtros Swift | sem vinheta @ 17mm<\/p>\n<p>3 x Filtros Swift | sem vinheta @ 19mm<\/p>\n<p><a href=\"https:\/\/nisioptics.pt\/categoria\/sistema-swift-pt\/\" target=\"_blank\" rel=\"noopener\">Veja os restantes filtros NiSi Swift.<\/a><\/p>\n","protected":false},"excerpt":{"rendered":"<ul>\n<li>O kit de filtros Swift FS ND inclui tr\u00eas filtros ND ND8 (3 stops), ND64 (6 stops) e ND1000 (10 stops)<\/li>\n<li>O sistema Swift permite que os utilizadores pressionem simplesmente a parte da frente dos an\u00e9is adaptadores para trocar ou empilhar rapidamente os filtros<\/li>\n<li>Cada filtro FS ND possui uma cor \u00fanica para facilitar a identifica\u00e7\u00e3o<\/li>\n<li>Obtenha uma profundidade de campo not\u00e1vel e transmita um movimento cativante nas suas imagens<\/li>\n<li>Capte longas exposi\u00e7\u00f5es, paisagens mar\u00edtimas e paisagens deslumbrantes<\/li>\n<li>Filtros de densidade neutra de espetro total com transmit\u00e2ncia de cor real e pontos de paragem precisos<\/li>\n<li>NOVO revestimento Multi-Ti com revestimento Nano, imperme\u00e1vel e antirreflexo<\/li>\n<li>Inclui adaptadores para roscas de filtro de diferentes di\u00e2metros, permitindo a utiliza\u00e7\u00e3o do FS ND em v\u00e1rios tamanhos de rosca<\/li>\n<li>Inclui 5 ou 7 tampas para objectivas, uma para cada filtro e an\u00e9is adaptadores, permitindo que os adaptadores permane\u00e7am nas objectivas quando guardados num saco da c\u00e2mara<\/li>\n<li>Inclui um estojo de armazenamento com uma correia de montagem para trip\u00e9<\/li>\n<\/ul>\n","protected":false},"featured_media":11164,"comment_status":"closed","ping_status":"closed","template":"","meta":{"_acf_changed":false},"product_brand":[2543],"product_cat":[1049,1048],"product_tag":[],"class_list":{"0":"post-12775","1":"product","2":"type-product","3":"status-publish","4":"has-post-thumbnail","6":"product_brand-nisioptics-es","7":"product_cat-magneticos-y-presion","8":"product_cat-kits-filtros-es-2","9":"pa_densidade-nd1000-10-stop-es","10":"pa_densidade-nd64-6-stop-es","11":"pa_densidade-nd8-3-stop-es","12":"pa_diametro-49mm-es","13":"pa_diametro-62mm-es","14":"pa_diametro-82mm-es","15":"pa_diametro-95mm-es","17":"first","18":"instock","19":"taxable","20":"shipping-taxable","21":"purchasable","22":"product-type-variable"},"bundled_by":[],"bundle_stock_status":"instock","bundle_stock_quantity":null,"bundle_virtual":false,"bundle_layout":"","bundle_add_to_cart_form_location":"","bundle_editable_in_cart":false,"bundle_sold_individually_context":"","bundle_item_grouping":"","bundle_min_size":"","bundle_max_size":"","bundle_price":[],"bundled_items":[],"bundle_sell_ids":[],"acf":[],"_links":{"self":[{"href":"https:\/\/hi-techwonder.com\/es\/wp-json\/wp\/v2\/product\/12775","targetHints":{"allow":["GET"]}}],"collection":[{"href":"https:\/\/hi-techwonder.com\/es\/wp-json\/wp\/v2\/product"}],"about":[{"href":"https:\/\/hi-techwonder.com\/es\/wp-json\/wp\/v2\/types\/product"}],"replies":[{"embeddable":true,"href":"https:\/\/hi-techwonder.com\/es\/wp-json\/wp\/v2\/comments?post=12775"}],"wp:featuredmedia":[{"embeddable":true,"href":"https:\/\/hi-techwonder.com\/es\/wp-json\/wp\/v2\/media\/11164"}],"wp:attachment":[{"href":"https:\/\/hi-techwonder.com\/es\/wp-json\/wp\/v2\/media?parent=12775"}],"wp:term":[{"taxonomy":"product_brand","embeddable":true,"href":"https:\/\/hi-techwonder.com\/es\/wp-json\/wp\/v2\/product_brand?post=12775"},{"taxonomy":"product_cat","embeddable":true,"href":"https:\/\/hi-techwonder.com\/es\/wp-json\/wp\/v2\/product_cat?post=12775"},{"taxonomy":"product_tag","embeddable":true,"href":"https:\/\/hi-techwonder.com\/es\/wp-json\/wp\/v2\/product_tag?post=12775"}],"curies":[{"name":"wp","href":"https:\/\/api.w.org\/{rel}","templated":true}]}}