{"id":12780,"date":"2025-07-23T23:26:41","date_gmt":"2025-07-23T23:26:41","guid":{"rendered":"https:\/\/fv6qoy3ls0.wpdns.site\/produto\/nisi-kit-filtros-nd-circular\/"},"modified":"2026-04-09T11:54:07","modified_gmt":"2026-04-09T10:54:07","slug":"nisi-kit-filtros-nd-circular","status":"publish","type":"product","link":"https:\/\/hi-techwonder.com\/es\/producto\/nisi-kit-filtros-nd-circular\/","title":{"rendered":"NiSi Kit Filtros ND Circular"},"content":{"rendered":"<h3><strong>NiSi Kit Filtros ND Circular<\/strong><\/h3>\n<p>O Kit de Filtros ND Circulares NiSi 82mm inclui tr\u00eas filtros ND circulares: o Filtro de Densidade Neutra\u00a0<strong>NiSi HUC PRO Nano IR ND8 (0.9) 3 Stop<\/strong>, o Filtro multifuncional\u00a0<strong>NiSi HUC PRO Nano IR ND64+CPL<\/strong>\u00a0e o Filtro de Densidade Neutra\u00a0<strong>NiSi Nano IR ND1000 (3.0) 10 Stop<\/strong>.\u00a0 O kit permite-lhe ser criativo, controlar a velocidade do obturador para criar efeitos de movimento e longas exposi\u00e7\u00f5es. Inclui uma bolsa de filtros circulares para facilitar a arruma\u00e7\u00e3o dos filtros do kit.<\/p>\n<p>Os filtros ND criam um escurecimento de toda a imagem, permitindo-lhe fotografar com uma abertura mais ampla ou uma velocidade do obturador mais lenta do que o normalmente necess\u00e1rio. Ao abrandar o tempo de exposi\u00e7\u00e3o ou aumentar a abertura, pode controlar a profundidade de campo e transmitir movimento nas suas imagens.<\/p>\n<h5>NiSi HUC PRO Nano IR ND8 (0.9) 3 Stop<\/h5>\n<p>Foi especialmente concebido para reduzir a quantidade de luz que entra na c\u00e2mara em 3 stops. Este filtro \u00e9 feito de vidro \u00f3tico de alta qualidade com nano revestimento para evitar a perda de qualquer detalhe. Os filtros de densidade neutra n\u00e3o afectam a colora\u00e7\u00e3o da imagem e a densidade 0,9 proporciona uma redu\u00e7\u00e3o de 3 pontos na entrada de luz na objetiva.\u00a0 O ND8 \u00e9 muito utilizado para captar o fluxo de \u00e1gua em imagens de paisagens mar\u00edtimas e para criar aberturas mais amplas quando se utiliza o flash no exterior.<\/p>\n<h5>NiSi HUC PRO Nano IR ND64 + CPL<\/h5>\n<p>Quando se fotografa em longa exposi\u00e7\u00e3o, \u00e9 imprescind\u00edvel juntar um filtro ND e um CPL, pois pode controlar os reflexos e tamb\u00e9m a velocidade do obturador. Mas com filtros de rosca \u00e9 uma chatice, mas \u00e9 muito mais f\u00e1cil se tiver um CPL integrado: j\u00e1 n\u00e3o precisa de empilhar CPL em cima de filtros ND, n\u00e3o acrescenta mais vidro \u00e0 frente da objetiva e tira o m\u00e1ximo partido de um filtro. Com um desempenho impressionante em termos de nitidez e aus\u00eancia de proje\u00e7\u00e3o de cor.<\/p>\n<p>O NiSi PRO Nano IR ND64+CPL tem todas as caracter\u00edsticas de topo dos filtros NiSi: Revestimento IR, Nano Revestimento, Vidro \u00d3tico SCHOTT, moldura SLIM e um CPL de alto desempenho.<\/p>\n<h5>NiSi Nano IR ND1000 (3.0) 10 Stop<\/h5>\n<p>\u00e9 um filtro de densidade neutra (ND) que reduz uniformemente a quantidade de luz que entra na lente em 10 stops. O filtro ND \u00e9 \u00fatil quando o contraste entre as luzes e as sombras \u00e9 demasiado elevado para obter uma exposi\u00e7\u00e3o de qualidade. O filtro ND tamb\u00e9m pode permitir uma maior desfocagem de movimento e detalhes de imagem ao permitir uma grande abertura e uma velocidade de obtura\u00e7\u00e3o lenta.\u00a0 Este filtro ND1000 10 Stop \u00e9 normalmente utilizado em exposi\u00e7\u00f5es longas para criar o efeito de movimento das nuvens ou de \u00e1gua enevoada.<\/p>\n<h5>Estojo p\/ Filtros Circulares NiSi para 4 Filtros<\/h5>\n<p>Foi concebida para qualquer filtro circular at\u00e9 95mm. Pode ser convenientemente montado numa perna de trip\u00e9 para f\u00e1cil acesso e utiliza\u00e7\u00e3o e \u00e9 concebido a partir de um material leve que protege os seus filtros.\u00a0 A bolsa pode conter at\u00e9 4 filtros e possui ranhuras para filtros que mant\u00eam cada filtro individual seguro e evitam que fiquem riscados na bolsa.<\/p>\n<p><img loading=\"lazy\" decoding=\"async\" class=\"alignnone wp-image-27681\" src=\"https:\/\/hi-techwonder.com\/wp-content\/themes\/woodmart\/images\/lazy.svg\" data-src=\"https:\/\/nisioptics.pt\/wp-content\/uploads\/2023\/12\/Kit-Circular-ND.jpg\" alt=\"\" width=\"752\" height=\"752\"><\/p>\n<p>Sabe mais sobre o nosso sistema de\u00a0 filtros circulares\u00a0<a href=\"https:\/\/nisioptics.pt\/categoria\/descobre\/descobre-filtros-circulares\/\" target=\"_blank\" rel=\"noopener\">aqui.<\/a><\/p>\n","protected":false},"excerpt":{"rendered":"<ul>\n<li>Inclui ND8, ND64+CPL e ND1000 com estojo<\/li>\n<li>Seja criativo com a velocidade do obturador<\/li>\n<li>Mostre movimento nas suas imagens<\/li>\n<li>Nano revestimento nos filtros<\/li>\n<\/ul>\n","protected":false},"featured_media":11211,"comment_status":"closed","ping_status":"closed","template":"","meta":{"_acf_changed":false},"product_brand":[2543],"product_cat":[1048],"product_tag":[],"class_list":{"0":"post-12780","1":"product","2":"type-product","3":"status-publish","4":"has-post-thumbnail","6":"product_brand-nisioptics-es","7":"product_cat-kits-filtros-es-2","8":"pa_densidade-nd1000-10-stop-es","9":"pa_densidade-nd64-6-stop-es","10":"pa_densidade-nd8-3-stop-es","11":"pa_diametro-67mm-es","12":"pa_diametro-72mm-es","13":"pa_diametro-77mm-es","14":"pa_diametro-82mm-es","16":"first","17":"onbackorder","18":"taxable","19":"shipping-taxable","20":"purchasable","21":"product-type-variable"},"bundled_by":[],"bundle_stock_status":"onbackorder","bundle_stock_quantity":null,"bundle_virtual":false,"bundle_layout":"","bundle_add_to_cart_form_location":"","bundle_editable_in_cart":false,"bundle_sold_individually_context":"","bundle_item_grouping":"","bundle_min_size":"","bundle_max_size":"","bundle_price":[],"bundled_items":[],"bundle_sell_ids":[],"acf":[],"_links":{"self":[{"href":"https:\/\/hi-techwonder.com\/es\/wp-json\/wp\/v2\/product\/12780","targetHints":{"allow":["GET"]}}],"collection":[{"href":"https:\/\/hi-techwonder.com\/es\/wp-json\/wp\/v2\/product"}],"about":[{"href":"https:\/\/hi-techwonder.com\/es\/wp-json\/wp\/v2\/types\/product"}],"replies":[{"embeddable":true,"href":"https:\/\/hi-techwonder.com\/es\/wp-json\/wp\/v2\/comments?post=12780"}],"wp:featuredmedia":[{"embeddable":true,"href":"https:\/\/hi-techwonder.com\/es\/wp-json\/wp\/v2\/media\/11211"}],"wp:attachment":[{"href":"https:\/\/hi-techwonder.com\/es\/wp-json\/wp\/v2\/media?parent=12780"}],"wp:term":[{"taxonomy":"product_brand","embeddable":true,"href":"https:\/\/hi-techwonder.com\/es\/wp-json\/wp\/v2\/product_brand?post=12780"},{"taxonomy":"product_cat","embeddable":true,"href":"https:\/\/hi-techwonder.com\/es\/wp-json\/wp\/v2\/product_cat?post=12780"},{"taxonomy":"product_tag","embeddable":true,"href":"https:\/\/hi-techwonder.com\/es\/wp-json\/wp\/v2\/product_tag?post=12780"}],"curies":[{"name":"wp","href":"https:\/\/api.w.org\/{rel}","templated":true}]}}