{"id":12790,"date":"2025-07-23T23:27:54","date_gmt":"2025-07-23T23:27:54","guid":{"rendered":"https:\/\/fv6qoy3ls0.wpdns.site\/produto\/nisi-parasol-para-nikon-z-14-24mm-f2-8s-con-rosca-de-filtro-de-112mm\/"},"modified":"2026-04-08T12:33:11","modified_gmt":"2026-04-08T11:33:11","slug":"nisi-parasol-para-nikon-z-14-24mm-f2-8s-con-rosca-de-filtro-de-112mm","status":"publish","type":"product","link":"https:\/\/hi-techwonder.com\/es\/producto\/nisi-parasol-para-nikon-z-14-24mm-f2-8s-con-rosca-de-filtro-de-112mm\/","title":{"rendered":"NiSi Parasol para Nikon Z 14-24mm f2.8S con Rosca de Filtro de 112mm"},"content":{"rendered":"<h3><strong>NiSi P\u00e1ra-Sol p\/Nikon Z 14-24mm f2.8S com Rosca de Filtro de 112mm<\/strong><\/h3>\n<p><iframe loading=\"lazy\" title=\"NiSi Lens Hood for Nikon Z 14-24mm f2.8S with 112mm Filter Thread\" width=\"500\" height=\"281\" src=\"https:\/\/www.youtube.com\/embed\/QvmRypFKBS0?feature=oembed\" frameborder=\"0\" allow=\"accelerometer; autoplay; clipboard-write; encrypted-media; gyroscope; picture-in-picture; web-share\" referrerpolicy=\"strict-origin-when-cross-origin\" allowfullscreen><\/iframe><\/p>\n<p>O P\u00e1ra-sol de Lente NiSi para Nikon Z 14-24mm f2.8S com Rosca de Filtro 112mm \u00e9 um p\u00e1ra-sol de lente redesenhado para a Nikon Z 14-24mm f2.8S para substituir o HB-97 inclu\u00eddo com a lente. Como o Nikon HB-97 permite a entrada de luz por detr\u00e1s da objetiva e n\u00e3o \u00e9 adequado para longas exposi\u00e7\u00f5es, por isso a NiSi concebeu um p\u00e1ra-sol de objetiva sem fugas de luz para um melhor desempenho com filtros ND e longas exposi\u00e7\u00f5es.<\/p>\n<p>O p\u00e1ra-sol da NiSi possui o mesmo design em forma de flor com as dimens\u00f5es correspondentes ao p\u00e1ra-sol da Nikon HB-97 e inclui uma rosca de filtro de 112mm compat\u00edvel com os filtros circulares de 112mm da NiSi para a Nikon 14-24mm. O p\u00e1ra-sol possui um parafuso de bloqueio que ir\u00e1 manter o p\u00e1ra-sol preso \u00e0 objetiva para adicionar seguran\u00e7a e prote\u00e7\u00e3o.<\/p>\n<p>Note que este p\u00e1ra-sol <strong>\u00e9 compat\u00edvel<\/strong> com a Z 24-70mm f\/2.8 S e Z 70-200mm f\/2.8 VR S. Permite a utiliza\u00e7\u00e3o de filtros de 112mm nas tr\u00eas objectivas.<\/p>\n<p><img loading=\"lazy\" decoding=\"async\" class=\"alignnone wp-image-27798\" src=\"https:\/\/hi-techwonder.com\/wp-content\/themes\/woodmart\/images\/lazy.svg\" data-src=\"https:\/\/nisioptics.pt\/wp-content\/uploads\/2023\/12\/1-1024x423.webp\" alt=\"\" width=\"752\" height=\"310\"><\/p>\n<p><a href=\"\/?product_cat=filtros_circulares_112mm_para_nikkor_z_14-24mm_f-2-8s_pt\">Conhe\u00e7a a nossa linha de filtros de rosca de 112mm.<\/a><\/p>\n","protected":false},"excerpt":{"rendered":"<ul>\n<li>Compat\u00edvel com a objetiva Nikon Z 14-24 f\/2.8 S<\/li>\n<li>Substitui o p\u00e1ra-sol da objetiva HB-97 inclu\u00eddo na objetiva para um melhor desempenho com filtros ND<\/li>\n<li>O parafuso de bloqueio mant\u00e9m o para-sol fixo \u00e0 objetiva para maior seguran\u00e7a e prote\u00e7\u00e3o<\/li>\n<li>Sem fugas de luz quando utiliza filtros ND aparafusados no p\u00e1ra-sol da objetiva<\/li>\n<li>Os filtros circulares NiSi 112mm podem ser enroscados no p\u00e1ra-sol da objetiva NiSi<\/li>\n<\/ul>\n","protected":false},"featured_media":11273,"comment_status":"closed","ping_status":"open","template":"","meta":{"_acf_changed":false},"product_brand":[2543],"product_cat":[1039],"product_tag":[],"class_list":{"0":"post-12790","1":"product","2":"type-product","3":"status-publish","4":"has-post-thumbnail","6":"product_brand-nisioptics-es","7":"product_cat-parasoles","9":"first","10":"instock","11":"taxable","12":"shipping-taxable","13":"purchasable","14":"product-type-simple"},"bundled_by":[],"bundle_stock_status":"instock","bundle_stock_quantity":2,"bundle_virtual":false,"bundle_layout":"","bundle_add_to_cart_form_location":"","bundle_editable_in_cart":false,"bundle_sold_individually_context":"","bundle_item_grouping":"","bundle_min_size":"","bundle_max_size":"","bundle_price":[],"bundled_items":[],"bundle_sell_ids":[],"acf":[],"_links":{"self":[{"href":"https:\/\/hi-techwonder.com\/es\/wp-json\/wp\/v2\/product\/12790","targetHints":{"allow":["GET"]}}],"collection":[{"href":"https:\/\/hi-techwonder.com\/es\/wp-json\/wp\/v2\/product"}],"about":[{"href":"https:\/\/hi-techwonder.com\/es\/wp-json\/wp\/v2\/types\/product"}],"replies":[{"embeddable":true,"href":"https:\/\/hi-techwonder.com\/es\/wp-json\/wp\/v2\/comments?post=12790"}],"wp:featuredmedia":[{"embeddable":true,"href":"https:\/\/hi-techwonder.com\/es\/wp-json\/wp\/v2\/media\/11273"}],"wp:attachment":[{"href":"https:\/\/hi-techwonder.com\/es\/wp-json\/wp\/v2\/media?parent=12790"}],"wp:term":[{"taxonomy":"product_brand","embeddable":true,"href":"https:\/\/hi-techwonder.com\/es\/wp-json\/wp\/v2\/product_brand?post=12790"},{"taxonomy":"product_cat","embeddable":true,"href":"https:\/\/hi-techwonder.com\/es\/wp-json\/wp\/v2\/product_cat?post=12790"},{"taxonomy":"product_tag","embeddable":true,"href":"https:\/\/hi-techwonder.com\/es\/wp-json\/wp\/v2\/product_tag?post=12790"}],"curies":[{"name":"wp","href":"https:\/\/api.w.org\/{rel}","templated":true}]}}