{"id":12795,"date":"2025-07-23T23:27:54","date_gmt":"2025-07-23T23:27:54","guid":{"rendered":"https:\/\/fv6qoy3ls0.wpdns.site\/produto\/nisi-filtro-circular-112mm-nc-nd64-6-paradas-para-nikon-z-14-24mm-f-2-8s\/"},"modified":"2026-04-08T12:33:13","modified_gmt":"2026-04-08T11:33:13","slug":"nisi-filtro-circular-112mm-nc-nd64-6-paradas-para-nikon-z-14-24mm-f-2-8s","status":"publish","type":"product","link":"https:\/\/hi-techwonder.com\/es\/producto\/nisi-filtro-circular-112mm-nc-nd64-6-paradas-para-nikon-z-14-24mm-f-2-8s\/","title":{"rendered":"NiSi Filtro Circular 112mm NC ND64 (6 Paradas) para Nikon Z 14-24mm f\/2.8S"},"content":{"rendered":"<h3><strong>NiSi Filtro Circular 112mm NC ND8 (3 Stops) para Nikon Z 14-24mm f\/2.8S<\/strong><\/h3>\n<p>O Filtro NiSi 112mm Circular NC ND64 (6 Stops) para Nikon Z 14-24mm f\/2.8S \u00e9 projetado para a lente da s\u00e9rie Z 14-24mm f\/2.8S da Nikon. A Nikon Z 14-24mm f\/2.8S usa um filtro de rosca padr\u00e3o de 112mm com o p\u00e1ra-sol de lente HB-97 inclu\u00eddo que vem com a lente.<\/p>\n<p>O NiSi 112mm Circular NC ND64 (6 Stops) foi concebido para reduzir a quantidade de luz que entra na c\u00e2mara em 6 stops. Este filtro \u00e9 feito de vidro \u00f3tico de alta qualidade com nano revestimento para evitar a perda de qualquer detalhe. Ao utilizar filtros de densidade neutra, a c\u00e2mara fica vulner\u00e1vel \u00e0 luz infravermelha, que ir\u00e1 lan\u00e7ar a cor vermelha indesejada nas fotografias quando fotografar com uma abertura pequena. A camada de revestimento de prote\u00e7\u00e3o contra infravermelhos adicionada a este filtro ajuda a eliminar a luz infravermelha atrav\u00e9s da objetiva para devolver a cor natural.<\/p>\n<p>O filtro ND cria um escurecimento de toda a imagem, permitindo-lhe fotografar com uma abertura mais ampla ou uma velocidade do obturador mais lenta do que o normalmente necess\u00e1rio. Ao abrandar o tempo de exposi\u00e7\u00e3o ou aumentar a abertura, pode controlar a profundidade de campo e transmitir movimento nas suas imagens. O filtro ND64 de 6 stops \u00e9 geralmente utilizado durante a hora dourada para criar exposi\u00e7\u00f5es de 1-2 minutos para \u00e1gua ou nuvens suaves. Um filtro de 6 stops tamb\u00e9m \u00e9 \u00f3timo para captar \u00e1gua din\u00e2mica, mantendo alguma textura antes da hora dourada.<\/p>\n<p>O filtro ultra-fino da NiSi adopta uma tecnologia de lente de dupla face e multi-revestimento que emprega vidro \u00f3tico de alta qualidade. A arma\u00e7\u00e3o \u00e9 constru\u00edda a partir de lat\u00e3o usando fresagem de lat\u00e3o de alta precis\u00e3o. O filtro NiSi 112mm Circular NC ND64 (6 Stops) tem um exclusivo revestimento Nano antirreflexo tipo \u00abU\u00bb e um revestimento \u00e0 prova de \u00e1gua endurecido.<\/p>\n<p><img loading=\"lazy\" decoding=\"async\" class=\"alignnone wp-image-27825\" src=\"https:\/\/hi-techwonder.com\/wp-content\/themes\/woodmart\/images\/lazy.svg\" data-src=\"https:\/\/nisioptics.pt\/wp-content\/uploads\/2023\/12\/NN72266-2048\u6539-1024x683.jpg\" alt=\"\" width=\"752\" height=\"501\"><\/p>\n<p><a href=\"\/?product_cat=filtros_circulares_112mm_para_nikkor_z_14-24mm_f-2-8s_pt\">Conhe\u00e7a a nossa linha de filtros de rosca de 112mm.<\/a><\/p>\n","protected":false},"excerpt":{"rendered":"<ul>\n<li>Para Nikon Z 14-24mm f\/2.8S<\/li>\n<li>Arma\u00e7\u00e3o serrilhada em lat\u00e3o ultra fina<\/li>\n<li>Vidro \u00f3tico H-K9L<\/li>\n<li>Alta defini\u00e7\u00e3o<\/li>\n<li>Cor realista<\/li>\n<li>Nano revestimento<\/li>\n<li>Revestimento \u00e0 prova de \u00e1gua melhorado em ambos os lados<\/li>\n<\/ul>\n","protected":false},"featured_media":11312,"comment_status":"closed","ping_status":"closed","template":"","meta":{"_acf_changed":false},"product_brand":[2543],"product_cat":[1047],"product_tag":[],"class_list":{"0":"post-12795","1":"product","2":"type-product","3":"status-publish","4":"has-post-thumbnail","6":"product_brand-nisioptics-es","7":"product_cat-densidad-neutra-nd","8":"pa_densidade-nd64-6-stop-es","9":"pa_diametro-112mm-es","11":"first","12":"pre-order","13":"taxable","14":"shipping-taxable","15":"purchasable","16":"product-type-simple"},"bundled_by":[],"bundle_stock_status":"pre-order","bundle_stock_quantity":null,"bundle_virtual":false,"bundle_layout":"","bundle_add_to_cart_form_location":"","bundle_editable_in_cart":false,"bundle_sold_individually_context":"","bundle_item_grouping":"","bundle_min_size":"","bundle_max_size":"","bundle_price":[],"bundled_items":[],"bundle_sell_ids":[],"acf":[],"_links":{"self":[{"href":"https:\/\/hi-techwonder.com\/es\/wp-json\/wp\/v2\/product\/12795","targetHints":{"allow":["GET"]}}],"collection":[{"href":"https:\/\/hi-techwonder.com\/es\/wp-json\/wp\/v2\/product"}],"about":[{"href":"https:\/\/hi-techwonder.com\/es\/wp-json\/wp\/v2\/types\/product"}],"replies":[{"embeddable":true,"href":"https:\/\/hi-techwonder.com\/es\/wp-json\/wp\/v2\/comments?post=12795"}],"wp:featuredmedia":[{"embeddable":true,"href":"https:\/\/hi-techwonder.com\/es\/wp-json\/wp\/v2\/media\/11312"}],"wp:attachment":[{"href":"https:\/\/hi-techwonder.com\/es\/wp-json\/wp\/v2\/media?parent=12795"}],"wp:term":[{"taxonomy":"product_brand","embeddable":true,"href":"https:\/\/hi-techwonder.com\/es\/wp-json\/wp\/v2\/product_brand?post=12795"},{"taxonomy":"product_cat","embeddable":true,"href":"https:\/\/hi-techwonder.com\/es\/wp-json\/wp\/v2\/product_cat?post=12795"},{"taxonomy":"product_tag","embeddable":true,"href":"https:\/\/hi-techwonder.com\/es\/wp-json\/wp\/v2\/product_tag?post=12795"}],"curies":[{"name":"wp","href":"https:\/\/api.w.org\/{rel}","templated":true}]}}