{"id":12797,"date":"2025-07-23T23:27:54","date_gmt":"2025-07-23T23:27:54","guid":{"rendered":"https:\/\/fv6qoy3ls0.wpdns.site\/produto\/nisi-filtro-circular-112mm-natural-night-para-nikon-z-14-24mm-f-2-8s\/"},"modified":"2026-04-08T12:33:13","modified_gmt":"2026-04-08T11:33:13","slug":"nisi-filtro-circular-112mm-natural-night-para-nikon-z-14-24mm-f-2-8s","status":"publish","type":"product","link":"https:\/\/hi-techwonder.com\/es\/producto\/nisi-filtro-circular-112mm-natural-night-para-nikon-z-14-24mm-f-2-8s\/","title":{"rendered":"NiSi Filtro Circular 112mm Natural Night para Nikon Z 14-24mm f\/2.8S"},"content":{"rendered":"<h3><strong>NiSi Filtro Circular 112mm Natural Night para Nikon Z 14-24mm f\/2.8S<\/strong><\/h3>\n<p>O Filtro Circular Natural Noturno NiSi 112mm para Nikon Z 14-24mm f\/2.8S (Filtro de Polui\u00e7\u00e3o Luminosa) foi concebido para a nova objetiva da s\u00e9rie Z 14-24mm f\/2.8S da Nikon. A Nikon Z 14-24mm f\/2.8S usa um filtro de 112mm padr\u00e3o acoplado ao p\u00e1ra-sol de lente HB-97 inclu\u00eddo que vem com a lente.<\/p>\n<p>O filtro NiSi 112mm Natural Night \u00e9 uma nova adi\u00e7\u00e3o \u00e0 gama NiSi e o nosso primeiro filtro exclusivo para fotografia nocturna. Entre vapor de merc\u00fario, s\u00f3dio, luzes de rua de baixo CRI, existem muitos comprimentos de onda indesej\u00e1veis de luz que poluem o c\u00e9u noturno. O brilho destas luzes pode impedir a sua C\u00e2mara de ver o c\u00e9u corretamente e afetar as suas imagens nocturnas. Por esta raz\u00e3o, a NiSi criou o filtro Natural Night para bloquear os comprimentos de onda mais comuns da polui\u00e7\u00e3o luminosa.<\/p>\n<p>Como o resto da linha NiSi, este filtro \u00e9 feito de alta qualidade, precis\u00e3o recozida, vidro \u00f3tico. A sua superf\u00edcie \u00e9 finamente polida para garantir a nitidez das c\u00e2maras de ultra-altos megapixels actuais.<\/p>\n<p>O filtro NiSi Natural Night apresenta a tecnologia exclusiva NANO Coating da NiSi. Este revestimento multi-camada reduz o reflexo na superf\u00edcie do filtro para ajudar com fantasmas e reflexos. Inclui tamb\u00e9m uma camada protetora que facilita a limpeza de \u00e1gua, p\u00f3 e \u00f3leo do filtro sem se preocupar em riscar o vidro. O processo de revestimento NANO consegue este objetivo sem perda de nitidez.<\/p>\n<p><img loading=\"lazy\" decoding=\"async\" class=\"alignnone wp-image-24843\" src=\"https:\/\/hi-techwonder.com\/wp-content\/themes\/woodmart\/images\/lazy.svg\" data-src=\"https:\/\/nisioptics.pt\/wp-content\/uploads\/2023\/04\/Natural-Night-Beno-Saradzic-1024x754.jpg\" alt=\"Filtro Natural Night 100mm\" width=\"752\" height=\"553\" \/><\/p>\n<p><a href=\"https:\/\/nisioptics.pt\/categoria\/filtros-circulares\/filtros_circulares_112mm_para_nikkor_z_14-24mm_f-2-8s_pt\/\" target=\"_blank\" rel=\"noopener\">Conhe\u00e7a a nossa linha de filtros de rosca de 112mm.<\/a><\/p>\n","protected":false},"excerpt":{"rendered":"<ul>\n<li>Utilize o p\u00e1ra-sol da objetiva HB-97 para montar filtros de 112 mm na Nikon Z 14-24 mm f\/2.8S<\/li>\n<li>Perfeito para cenas noturnas e astrofotografia<\/li>\n<li>Bloqueia os comprimentos de onda da luz de fontes comuns de polui\u00e7\u00e3o luminosa<\/li>\n<li>Revestimento de dupla face e multicamadas<\/li>\n<\/ul>\n","protected":false},"featured_media":11318,"comment_status":"closed","ping_status":"closed","template":"","meta":{"_acf_changed":false},"product_brand":[2543],"product_cat":[1050],"product_tag":[],"class_list":{"0":"post-12797","1":"product","2":"type-product","3":"status-publish","4":"has-post-thumbnail","6":"product_brand-nisioptics-es","7":"product_cat-otros-filtros-circulares","8":"pa_diametro-112mm-es","10":"first","11":"pre-order","12":"taxable","13":"shipping-taxable","14":"purchasable","15":"product-type-simple"},"bundled_by":[],"bundle_stock_status":"pre-order","bundle_stock_quantity":null,"bundle_virtual":false,"bundle_layout":"","bundle_add_to_cart_form_location":"","bundle_editable_in_cart":false,"bundle_sold_individually_context":"","bundle_item_grouping":"","bundle_min_size":"","bundle_max_size":"","bundle_price":[],"bundled_items":[],"bundle_sell_ids":[],"acf":[],"_links":{"self":[{"href":"https:\/\/hi-techwonder.com\/es\/wp-json\/wp\/v2\/product\/12797","targetHints":{"allow":["GET"]}}],"collection":[{"href":"https:\/\/hi-techwonder.com\/es\/wp-json\/wp\/v2\/product"}],"about":[{"href":"https:\/\/hi-techwonder.com\/es\/wp-json\/wp\/v2\/types\/product"}],"replies":[{"embeddable":true,"href":"https:\/\/hi-techwonder.com\/es\/wp-json\/wp\/v2\/comments?post=12797"}],"wp:featuredmedia":[{"embeddable":true,"href":"https:\/\/hi-techwonder.com\/es\/wp-json\/wp\/v2\/media\/11318"}],"wp:attachment":[{"href":"https:\/\/hi-techwonder.com\/es\/wp-json\/wp\/v2\/media?parent=12797"}],"wp:term":[{"taxonomy":"product_brand","embeddable":true,"href":"https:\/\/hi-techwonder.com\/es\/wp-json\/wp\/v2\/product_brand?post=12797"},{"taxonomy":"product_cat","embeddable":true,"href":"https:\/\/hi-techwonder.com\/es\/wp-json\/wp\/v2\/product_cat?post=12797"},{"taxonomy":"product_tag","embeddable":true,"href":"https:\/\/hi-techwonder.com\/es\/wp-json\/wp\/v2\/product_tag?post=12797"}],"curies":[{"name":"wp","href":"https:\/\/api.w.org\/{rel}","templated":true}]}}