{"id":12798,"date":"2025-07-23T23:27:54","date_gmt":"2025-07-23T23:27:54","guid":{"rendered":"https:\/\/fv6qoy3ls0.wpdns.site\/produto\/nisi-filtro-circular-112mm-true-color-pro-nano-cpl-para-nikon-z-14-24mm-f-2-8s\/"},"modified":"2026-04-08T12:33:14","modified_gmt":"2026-04-08T11:33:14","slug":"nisi-filtro-circular-112mm-true-color-pro-nano-cpl-para-nikon-z-14-24mm-f-2-8s","status":"publish","type":"product","link":"https:\/\/hi-techwonder.com\/es\/producto\/nisi-filtro-circular-112mm-true-color-pro-nano-cpl-para-nikon-z-14-24mm-f-2-8s\/","title":{"rendered":"NiSi Filtro Circular 112mm True Color Pro Nano CPL para Nikon Z 14-24mm f\/2.8S"},"content":{"rendered":"<h3><strong>NiSi Filtro Circular 112mm True Color Pro Nano CPL para Nikon Z 14-24mm f\/2.8S<\/strong><\/h3>\n<p>O Filtro NiSi 112mm Circular True Color Pro Nano CPL para Nikon Z 14-24mm f\/2.8S foi concebido para a nova objetiva da s\u00e9rie Z 14-24mm f\/2.8S da Nikon. A Nikon Z 14-24mm f\/2.8S utiliza um filtro de rosca standard de 112mm com o para-sol da objetiva HB-97 inclu\u00eddo. O CPL True Color evita o tom amarelo introduzido quando se utilizam CPLs normais.<\/p>\n<p>O CPL True Color da NiSi foi concebido para reduzir o brilho e os reflexos de superf\u00edcies n\u00e3o met\u00e1licas, aumentar a satura\u00e7\u00e3o e a vibra\u00e7\u00e3o no c\u00e9u e na folhagem, assegurando ao mesmo tempo que a reprodu\u00e7\u00e3o da cor verdadeira est\u00e1 no seu melhor, eliminando o efeito de aquecimento que muitos polarizadores criam.<\/p>\n<p>Apresenta uma moldura \u00fanica de dois tons com um anel traseiro prateado, anel frontal preto e ambos s\u00e3o feitos de alum\u00ednio de alta qualidade. O CPL True Color da NiSi utiliza a tecnologia Cine seal que escurece a borda do CPL para maior durabilidade. Esta tecnologia reduz a influ\u00eancia das flutua\u00e7\u00f5es de temperatura e evita a condensa\u00e7\u00e3o.<\/p>\n<p>A luz do sol torna-se naturalmente parcialmente polarizada devido \u00e0 reflex\u00e3o dos electr\u00f5es nas mol\u00e9culas de ar, fazendo com que a luz se disperse no que parece ser uma n\u00e9voa. Um filtro polarizador organiza e filtra esta luz polarizada direccionalmente perpendicularmente \u00e0 luz reflectida, permitindo a absor\u00e7\u00e3o de grande parte desta luz. Isto resulta numa redu\u00e7\u00e3o not\u00e1vel do brilho e dos reflexos de superf\u00edcies n\u00e3o met\u00e1licas e num aumento da satura\u00e7\u00e3o do c\u00e9u, da folhagem e permite que a c\u00e2mara capte o que est\u00e1 sob a superf\u00edcie de \u00e1guas pouco profundas.<\/p>\n<p>O nosso revestimento NiSi Pro Nano patenteado ajuda a reduzir os reflexos indesejados e proporciona uma camada \u00e0 prova de \u00e1gua e resistente a riscos para ajudar a limpar impress\u00f5es digitais indesejadas, p\u00f3 e manchas de \u00e1gua. O filtro ultra-fino da NiSi adopta uma tecnologia de lente de dupla face e multi-revestimento que emprega vidro \u00f3tico de alta qualidade.<\/p>\n<p><img loading=\"lazy\" decoding=\"async\" class=\"alignnone wp-image-26765\" src=\"https:\/\/hi-techwonder.com\/wp-content\/themes\/woodmart\/images\/lazy.svg\" data-src=\"https:\/\/nisioptics.pt\/wp-content\/uploads\/2023\/04\/cpl-2-1024x738.jpg\" alt=\"\" width=\"752\" height=\"542\"><\/p>\n<p><a href=\"https:\/\/nisioptics.pt\/categoria\/filtros-circulares\/filtros_circulares_112mm_para_nikkor_z_14-24mm_f-2-8s_pt\/\" target=\"_blank\" rel=\"noopener\">Conhe\u00e7a a nossa linha de filtros de rosca de 112mm.<\/a><\/p>\n","protected":false},"excerpt":{"rendered":"<ul>\n<li>Utilize o p\u00e1ra-sol da objetiva HB-97 para montar filtros de 112 mm na Nikon Z 14-24 mm f\/2.8S<\/li>\n<li>A CPL True-Color evita o efeito amarelo introduzido quando se utilizam CPLs normais<\/li>\n<li>Moldura de alum\u00ednio ultrafina<\/li>\n<li>Vidro \u00f3tico AGC<\/li>\n<li>Alta defini\u00e7\u00e3o<\/li>\n<li>Cor ultra-baixa<\/li>\n<li>9+9 camadas de revestimento<\/li>\n<li>Tecnologia Cine Sealed no rebordo do vidro<\/li>\n<li>Revestimento \u00e0 prova de \u00e1gua melhorado em ambos os lados<\/li>\n<\/ul>\n","protected":false},"featured_media":11333,"comment_status":"closed","ping_status":"open","template":"","meta":{"_acf_changed":false},"product_brand":[2543],"product_cat":[1051],"product_tag":[],"class_list":{"0":"post-12798","1":"product","2":"type-product","3":"status-publish","4":"has-post-thumbnail","6":"product_brand-nisioptics-es","7":"product_cat-polarizadores-es","8":"pa_diametro-112mm-es","10":"first","11":"instock","12":"taxable","13":"shipping-taxable","14":"purchasable","15":"product-type-simple"},"bundled_by":[],"bundle_stock_status":"instock","bundle_stock_quantity":1,"bundle_virtual":false,"bundle_layout":"","bundle_add_to_cart_form_location":"","bundle_editable_in_cart":false,"bundle_sold_individually_context":"","bundle_item_grouping":"","bundle_min_size":"","bundle_max_size":"","bundle_price":[],"bundled_items":[],"bundle_sell_ids":[],"acf":[],"_links":{"self":[{"href":"https:\/\/hi-techwonder.com\/es\/wp-json\/wp\/v2\/product\/12798","targetHints":{"allow":["GET"]}}],"collection":[{"href":"https:\/\/hi-techwonder.com\/es\/wp-json\/wp\/v2\/product"}],"about":[{"href":"https:\/\/hi-techwonder.com\/es\/wp-json\/wp\/v2\/types\/product"}],"replies":[{"embeddable":true,"href":"https:\/\/hi-techwonder.com\/es\/wp-json\/wp\/v2\/comments?post=12798"}],"wp:featuredmedia":[{"embeddable":true,"href":"https:\/\/hi-techwonder.com\/es\/wp-json\/wp\/v2\/media\/11333"}],"wp:attachment":[{"href":"https:\/\/hi-techwonder.com\/es\/wp-json\/wp\/v2\/media?parent=12798"}],"wp:term":[{"taxonomy":"product_brand","embeddable":true,"href":"https:\/\/hi-techwonder.com\/es\/wp-json\/wp\/v2\/product_brand?post=12798"},{"taxonomy":"product_cat","embeddable":true,"href":"https:\/\/hi-techwonder.com\/es\/wp-json\/wp\/v2\/product_cat?post=12798"},{"taxonomy":"product_tag","embeddable":true,"href":"https:\/\/hi-techwonder.com\/es\/wp-json\/wp\/v2\/product_tag?post=12798"}],"curies":[{"name":"wp","href":"https:\/\/api.w.org\/{rel}","templated":true}]}}