{"id":12799,"date":"2025-07-23T23:27:54","date_gmt":"2025-07-23T23:27:54","guid":{"rendered":"https:\/\/fv6qoy3ls0.wpdns.site\/produto\/nisi-pro-placa-de-libertacao-rapida-a-65b-g\/"},"modified":"2026-04-08T12:34:18","modified_gmt":"2026-04-08T11:34:18","slug":"nisi-pro-placa-de-libertacao-rapida-a-65b-g","status":"publish","type":"product","link":"https:\/\/hi-techwonder.com\/es\/producto\/nisi-pro-placa-de-libertacao-rapida-a-65b-g\/","title":{"rendered":"NiSi PRO Placa de Liberta\u00e7\u00e3o R\u00e1pida A-65B\/G"},"content":{"rendered":"<h3><strong>NiSi PRO Placa de Liberta\u00e7\u00e3o R\u00e1pida A-65B\/G<\/strong><\/h3>\n<p><iframe loading=\"lazy\" title=\"NiSi PRO Quick Release Plate A65B  A65G\" width=\"500\" height=\"281\" src=\"https:\/\/www.youtube.com\/embed\/NPlFQjMQLks?feature=oembed\" frameborder=\"0\" allow=\"accelerometer; autoplay; clipboard-write; encrypted-media; gyroscope; picture-in-picture; web-share\" referrerpolicy=\"strict-origin-when-cross-origin\" allowfullscreen><\/iframe><\/p>\n<p>A placa NiSi PRO Quick Release \u00e9 uma placa de montagem compat\u00edvel com Arca-Swiss\/RRS para c\u00e2maras e \u00e9 feita de alum\u00ednio anodizado para maior durabilidade. Com 65mm de comprimento, proporciona estabilidade suficiente para ser montada nas maiores c\u00e2maras DLSR \/ Mirrorless, e suportar\u00e1 facilmente lentes telefoto mais longas quando emparelhadas com um colar de lente. As almofadas antiderrapantes ajudam a manter a placa de liberta\u00e7\u00e3o r\u00e1pida firmemente apertada contra a base de uma c\u00e2mara\/lente, evitando a rota\u00e7\u00e3o e o deslizamento.<\/p>\n<p>Um design de parafuso alado facilita o aperto e desaperto da placa de liberta\u00e7\u00e3o r\u00e1pida NiSi PRO para mudan\u00e7as r\u00e1pidas de equipamento ou para ajustar o posicionamento da placa. Os parafusos de seguran\u00e7a duplos asseguram que a placa de liberta\u00e7\u00e3o r\u00e1pida \u00e9 montada de forma segura em cabe\u00e7as de bola\/trip\u00e9 Arca-Swiss compat\u00edveis para minimizar o movimento lateral.<\/p>\n<p>O suporte de correia integrado suporta correias de ombro, peito e algemas de c\u00e2mara, mantendo a placa de liberta\u00e7\u00e3o r\u00e1pida firmemente presa \u00e0 C\u00e2mara. A placa de liberta\u00e7\u00e3o r\u00e1pida NiSi PRO est\u00e1 dispon\u00edvel em preto ou dourado e vem com uma bolsa de couro para armazenamento e prote\u00e7\u00e3o quando n\u00e3o est\u00e1 montada numa C\u00e2mara.<\/p>\n<p><img loading=\"lazy\" decoding=\"async\" class=\"alignnone wp-image-27918\" src=\"https:\/\/hi-techwonder.com\/wp-content\/themes\/woodmart\/images\/lazy.svg\" data-src=\"https:\/\/nisioptics.pt\/wp-content\/uploads\/2024\/01\/NiSi-PRO-Placa-de-Libertacao-Rapida-A-65-16-1024x683.jpg\" alt=\"\" width=\"752\" height=\"502\"><\/p>\n<h5>Especifica\u00e7\u00f5es<\/h5>\n<table class=\"table_fDXOr6EpR9\" data-selenium=\"specsItemGroupTable\">\n<tbody>\n<tr class=\"pair_KqJ3Q3GPKv\" data-selenium=\"specsItemGroupTableRow\">\n<td class=\"label_KqJ3Q3GPKv firstSpecWhenNoGroupName_KqJ3Q3GPKv\" data-selenium=\"specsItemGroupTableColumnLabel\">Parafuso de montagem<\/td>\n<td class=\"value_KqJ3Q3GPKv firstSpecWhenNoGroupName_KqJ3Q3GPKv\" data-selenium=\"specsItemGroupTableColumnValue\">\n<div class=\"expandableValue_KqJ3Q3GPKv\"><b>1 x\u00a0<\/b>1\/4&#8243;-20 Macho<\/div>\n<\/td>\n<\/tr>\n<tr class=\"pair_KqJ3Q3GPKv\" data-selenium=\"specsItemGroupTableRow\">\n<td class=\"label_KqJ3Q3GPKv\" data-selenium=\"specsItemGroupTableColumnLabel\">Suporte de correia<\/td>\n<td class=\"value_KqJ3Q3GPKv\" data-selenium=\"specsItemGroupTableColumnValue\">Sim<\/td>\n<\/tr>\n<tr class=\"pair_KqJ3Q3GPKv\" data-selenium=\"specsItemGroupTableRow\">\n<td class=\"label_KqJ3Q3GPKv\" data-selenium=\"specsItemGroupTableColumnLabel\">Sistema de desconex\u00e3o r\u00e1pida<\/td>\n<td class=\"value_KqJ3Q3GPKv\" data-selenium=\"specsItemGroupTableColumnValue\">\n<div class=\"expandableValue_KqJ3Q3GPKv\">QD<\/div>\n<\/td>\n<\/tr>\n<tr class=\"pair_KqJ3Q3GPKv\" data-selenium=\"specsItemGroupTableRow\">\n<td class=\"label_KqJ3Q3GPKv\" data-selenium=\"specsItemGroupTableColumnLabel\">Tipo de placa de liberta\u00e7\u00e3o r\u00e1pida<\/td>\n<td class=\"value_KqJ3Q3GPKv\" data-selenium=\"specsItemGroupTableColumnValue\">\n<div class=\"expandableValue_KqJ3Q3GPKv\">Arca Swiss cl\u00e1ssico<\/div>\n<\/td>\n<\/tr>\n<tr class=\"pair_KqJ3Q3GPKv\" data-selenium=\"specsItemGroupTableRow\">\n<td class=\"label_KqJ3Q3GPKv\" data-selenium=\"specsItemGroupTableColumnLabel\">Material de constru\u00e7\u00e3o<\/td>\n<td class=\"value_KqJ3Q3GPKv\" data-selenium=\"specsItemGroupTableColumnValue\">\n<div class=\"expandableValue_KqJ3Q3GPKv\">Alum\u00ednio<\/div>\n<\/td>\n<\/tr>\n<tr class=\"pair_KqJ3Q3GPKv\" data-selenium=\"specsItemGroupTableRow\">\n<td class=\"label_KqJ3Q3GPKv\" data-selenium=\"specsItemGroupTableColumnLabel\">Comprimento<\/td>\n<td class=\"value_KqJ3Q3GPKv\" data-selenium=\"specsItemGroupTableColumnValue\">\n<div class=\"expandableValue_KqJ3Q3GPKv\">7.4 cm<\/div>\n<\/td>\n<\/tr>\n<tr class=\"pair_KqJ3Q3GPKv\" data-selenium=\"specsItemGroupTableRow\">\n<td class=\"label_KqJ3Q3GPKv\" data-selenium=\"specsItemGroupTableColumnLabel\">Largura<\/td>\n<td class=\"value_KqJ3Q3GPKv\" data-selenium=\"specsItemGroupTableColumnValue\">\n<div class=\"expandableValue_KqJ3Q3GPKv\">3.8 cm<\/div>\n<\/td>\n<\/tr>\n<tr class=\"pair_KqJ3Q3GPKv\" data-selenium=\"specsItemGroupTableRow\">\n<td class=\"label_KqJ3Q3GPKv\" data-selenium=\"specsItemGroupTableColumnLabel\">Altura<\/td>\n<td class=\"value_KqJ3Q3GPKv\" data-selenium=\"specsItemGroupTableColumnValue\">\n<div class=\"expandableValue_KqJ3Q3GPKv\">1.0 cm<\/div>\n<\/td>\n<\/tr>\n<tr class=\"pair_KqJ3Q3GPKv\" data-selenium=\"specsItemGroupTableRow\">\n<td class=\"label_KqJ3Q3GPKv\" data-selenium=\"specsItemGroupTableColumnLabel\">Peso<\/td>\n<td class=\"value_KqJ3Q3GPKv\" data-selenium=\"specsItemGroupTableColumnValue\">\n<div class=\"expandableValue_KqJ3Q3GPKv\">44 g<\/div>\n<\/td>\n<\/tr>\n<\/tbody>\n<\/table>\n<p><a href=\"https:\/\/nisioptics.pt\/categoria\/acessorios\/placas-pt\/\" target=\"_blank\" rel=\"noopener\">Conhe\u00e7a a nossa oferta em placas.<\/a><\/p>\n","protected":false},"excerpt":{"rendered":"<ul>\n<li>Placa de liberta\u00e7\u00e3o r\u00e1pida compat\u00edvel com Arca-Swiss\/RRS<\/li>\n<li>Grande almofada antiderrapante<\/li>\n<li>Adequado para c\u00e2maras e teleobjectivas maiores<\/li>\n<li>Suporte de correia integrado<\/li>\n<li>Alum\u00ednio anodizado duro para maior durabilidade<\/li>\n<\/ul>\n","protected":false},"featured_media":11356,"comment_status":"closed","ping_status":"closed","template":"","meta":{"_acf_changed":false},"product_brand":[2543],"product_cat":[1087],"product_tag":[],"class_list":{"0":"post-12799","1":"product","2":"type-product","3":"status-publish","4":"has-post-thumbnail","6":"product_brand-nisioptics-es","7":"product_cat-zapatas-y-tornillos","8":"pa_cor-gris","9":"pa_cor-negro","11":"first","12":"instock","13":"taxable","14":"shipping-taxable","15":"purchasable","16":"product-type-variable"},"bundled_by":[],"bundle_stock_status":"instock","bundle_stock_quantity":null,"bundle_virtual":false,"bundle_layout":"","bundle_add_to_cart_form_location":"","bundle_editable_in_cart":false,"bundle_sold_individually_context":"","bundle_item_grouping":"","bundle_min_size":"","bundle_max_size":"","bundle_price":[],"bundled_items":[],"bundle_sell_ids":[],"acf":[],"_links":{"self":[{"href":"https:\/\/hi-techwonder.com\/es\/wp-json\/wp\/v2\/product\/12799","targetHints":{"allow":["GET"]}}],"collection":[{"href":"https:\/\/hi-techwonder.com\/es\/wp-json\/wp\/v2\/product"}],"about":[{"href":"https:\/\/hi-techwonder.com\/es\/wp-json\/wp\/v2\/types\/product"}],"replies":[{"embeddable":true,"href":"https:\/\/hi-techwonder.com\/es\/wp-json\/wp\/v2\/comments?post=12799"}],"wp:featuredmedia":[{"embeddable":true,"href":"https:\/\/hi-techwonder.com\/es\/wp-json\/wp\/v2\/media\/11356"}],"wp:attachment":[{"href":"https:\/\/hi-techwonder.com\/es\/wp-json\/wp\/v2\/media?parent=12799"}],"wp:term":[{"taxonomy":"product_brand","embeddable":true,"href":"https:\/\/hi-techwonder.com\/es\/wp-json\/wp\/v2\/product_brand?post=12799"},{"taxonomy":"product_cat","embeddable":true,"href":"https:\/\/hi-techwonder.com\/es\/wp-json\/wp\/v2\/product_cat?post=12799"},{"taxonomy":"product_tag","embeddable":true,"href":"https:\/\/hi-techwonder.com\/es\/wp-json\/wp\/v2\/product_tag?post=12799"}],"curies":[{"name":"wp","href":"https:\/\/api.w.org\/{rel}","templated":true}]}}