{"id":12802,"date":"2025-07-23T23:30:24","date_gmt":"2025-07-23T23:30:24","guid":{"rendered":"https:\/\/fv6qoy3ls0.wpdns.site\/produto\/nisi-kit-black-mist-1-4-1-8-e-estojo\/"},"modified":"2026-04-08T12:34:20","modified_gmt":"2026-04-08T11:34:20","slug":"nisi-kit-black-mist-1-4-1-8-e-estojo","status":"publish","type":"product","link":"https:\/\/hi-techwonder.com\/es\/producto\/nisi-kit-black-mist-1-4-1-8-e-estojo\/","title":{"rendered":"NiSi Kit Black Mist (1\/4, 1\/8 e estojo)"},"content":{"rendered":"<h3><strong>NiSi Kit Black Mist (1\/4, 1\/8 e estojo)<\/strong><\/h3>\n<p>NiSi Black Mist cria um aspeto cinematogr\u00e1fico e \u00e9 normalmente usado para suavizar rugas, manchas e criar uma imagem lisonjeira de um assunto. Diminui o contraste e os destaques dentro do quadro s\u00e3o difundidos, ajudando a equilibrar a gama tonal entre os destaques e as sombras.<\/p>\n<p>Os filtros circulares de n\u00e9voa preta t\u00eam pot\u00eancias que variam de 1\/8 a 1\/2 ponto &#8211; sendo 1\/2 o efeito mais forte. O efeito do filtro torna-se aproximadamente duas vezes mais forte com o aumento de cada n\u00famero de grau.<\/p>\n<p>Se nunca utilizou filtros de n\u00e9voa antes, um bom ponto de partida para fotografia e filmagem \u00e9 1\/4 e 1\/8.<\/p>\n<p><em>Suprimir os destaques e levantar as sombras<\/em><\/p>\n<p>O Black Mist da NiSi suprime os destaques e levanta as sombras para um contraste bem equilibrado. As fontes de luz mant\u00eam um centro forte com um brilho agrad\u00e1vel da fonte de luz.<\/p>\n<h5>Black Mist serve para muitas aplica\u00e7\u00f5es.<\/h5>\n<p>N\u00e3o apenas para fotografia de retrato, os filtros Black Mist tamb\u00e9m podem ser utilizados noutras cenas, como fotografia nocturna, paisagem e natureza morta&#8230; para criar uma atmosfera cinematogr\u00e1fica. O filtro Black Mist adiciona floresc\u00eancia extra e gradientes aos destaques na sua cena. Qualquer fonte de luz direta tornar-se-\u00e1 mais semelhante a um filme, com uma textura mais suave e amanteigada \u00e0 volta dos destaques.<\/p>\n<h5>O kit Black Mist inclui:<\/h5>\n<ul>\n<li>Filtro NiSi Black Mist:\n<ul>\n<li>1\/4 stops<\/li>\n<li>1\/8 stops<\/li>\n<\/ul>\n<\/li>\n<li>Estojo<\/li>\n<\/ul>\n<p><img loading=\"lazy\" decoding=\"async\" class=\"alignnone wp-image-24164\" src=\"https:\/\/hi-techwonder.com\/wp-content\/themes\/woodmart\/images\/lazy.svg\" data-src=\"https:\/\/nisioptics.pt\/wp-content\/uploads\/2023\/04\/Black-Mist-3.jpg\" alt=\"\" width=\"752\" height=\"501\"><\/p>\n<p>Sabe mais sobre o nosso sistema de\u00a0 filtros circulares\u00a0<a href=\"https:\/\/nisioptics.pt\/categoria\/descobre\/descobre-filtros-circulares\/\" target=\"_blank\" rel=\"noopener\">aqui.<\/a><\/p>\n","protected":false},"excerpt":{"rendered":"<ul>\n<li>O kit inclui: Black Mist 1\/4, 1\/8 + estojo<\/li>\n<li>Reduz os realces e diminui o contraste<\/li>\n<li>Cria um aspeto cinematogr\u00e1fico<\/li>\n<li>Suaviza as rugas e as manchas<\/li>\n<li>Cria uma qualidade de luz suave, tipo pastel<\/li>\n<li>Difunde suavemente a luz, real\u00e7ando os destaques<\/li>\n<li>O contraste e a nitidez s\u00e3o subestimados, mantendo a resolu\u00e7\u00e3o<\/li>\n<li>Aro de alum\u00ednio<\/li>\n<\/ul>\n","protected":false},"featured_media":11391,"comment_status":"closed","ping_status":"closed","template":"","meta":{"_acf_changed":false},"product_brand":[2543],"product_cat":[1048,1046],"product_tag":[],"class_list":{"0":"post-12802","1":"product","2":"type-product","3":"status-publish","4":"has-post-thumbnail","6":"product_brand-nisioptics-es","7":"product_cat-kits-filtros-es-2","8":"product_cat-black-mist-es","9":"pa_densidade-1-4-es","10":"pa_densidade-1-8-es","11":"pa_diametro-40-5mm-es","12":"pa_diametro-43mm-es","13":"pa_diametro-46mm-es","14":"pa_diametro-49mm-es","15":"pa_diametro-52mm-es","16":"pa_diametro-55mm-es","17":"pa_diametro-58mm-es","18":"pa_diametro-62mm-es","19":"pa_diametro-67mm-es","20":"pa_diametro-72mm-es","21":"pa_diametro-77mm-es","22":"pa_diametro-82mm-es","23":"pa_diametro-95mm-es","25":"first","26":"onbackorder","27":"taxable","28":"shipping-taxable","29":"purchasable","30":"product-type-variable"},"bundled_by":[],"bundle_stock_status":"onbackorder","bundle_stock_quantity":null,"bundle_virtual":false,"bundle_layout":"","bundle_add_to_cart_form_location":"","bundle_editable_in_cart":false,"bundle_sold_individually_context":"","bundle_item_grouping":"","bundle_min_size":"","bundle_max_size":"","bundle_price":[],"bundled_items":[],"bundle_sell_ids":[],"acf":[],"_links":{"self":[{"href":"https:\/\/hi-techwonder.com\/es\/wp-json\/wp\/v2\/product\/12802","targetHints":{"allow":["GET"]}}],"collection":[{"href":"https:\/\/hi-techwonder.com\/es\/wp-json\/wp\/v2\/product"}],"about":[{"href":"https:\/\/hi-techwonder.com\/es\/wp-json\/wp\/v2\/types\/product"}],"replies":[{"embeddable":true,"href":"https:\/\/hi-techwonder.com\/es\/wp-json\/wp\/v2\/comments?post=12802"}],"wp:featuredmedia":[{"embeddable":true,"href":"https:\/\/hi-techwonder.com\/es\/wp-json\/wp\/v2\/media\/11391"}],"wp:attachment":[{"href":"https:\/\/hi-techwonder.com\/es\/wp-json\/wp\/v2\/media?parent=12802"}],"wp:term":[{"taxonomy":"product_brand","embeddable":true,"href":"https:\/\/hi-techwonder.com\/es\/wp-json\/wp\/v2\/product_brand?post=12802"},{"taxonomy":"product_cat","embeddable":true,"href":"https:\/\/hi-techwonder.com\/es\/wp-json\/wp\/v2\/product_cat?post=12802"},{"taxonomy":"product_tag","embeddable":true,"href":"https:\/\/hi-techwonder.com\/es\/wp-json\/wp\/v2\/product_tag?post=12802"}],"curies":[{"name":"wp","href":"https:\/\/api.w.org\/{rel}","templated":true}]}}