{"id":12830,"date":"2025-07-23T23:31:05","date_gmt":"2025-07-23T23:31:05","guid":{"rendered":"https:\/\/fv6qoy3ls0.wpdns.site\/produto\/nisi-cinema-filtro-4x5-65-full-spectrum-densidade-neutra-fs-nd\/"},"modified":"2026-04-06T17:21:20","modified_gmt":"2026-04-06T16:21:20","slug":"nisi-cinema-filtro-4x5-65-full-spectrum-densidade-neutra-fs-nd","status":"publish","type":"product","link":"https:\/\/hi-techwonder.com\/es\/producto\/nisi-cinema-filtro-4x5-65-full-spectrum-densidade-neutra-fs-nd\/","title":{"rendered":"NiSi Cinema Filtro 4\u00d75.65\u201d Full Spectrum Densidade Neutra FS ND"},"content":{"rendered":"<p>[vc_row][vc_column][vc_column_text]<\/p>\n<h3><strong>NiSi Cinema Filtro 4\u00d75.65\u201d Full Spectrum Densidade Neutra FS ND<\/strong><\/h3>\n<p>Abrace o poder do Filtro ND NiSi Full Spectrum Cinema FS, magistralmente concebido para diminuir a quantidade de luz que entra na sua objetiva. Este filtro excecional permite filmar com aberturas mais amplas ou velocidades de obtura\u00e7\u00e3o mais lentas, perfeitas para captar com facilidade a qualidade cinematogr\u00e1fica. Ideal para realizadores e cineastas que procuram um controlo sem paralelo das condi\u00e7\u00f5es de ilumina\u00e7\u00e3o.<\/p>\n<p>Experimente a pureza da cor com a tecnologia inovadora da NiSi. O filtro de densidade neutra de espetro total garante uma sa\u00edda de cor pura e neutra, consistente em toda a gama FS ND. Diga adeus \u00e0s cores fundidas e ol\u00e1 \u00e0s imagens realistas que se destacam com autenticidade e vibra\u00e7\u00e3o. Um elemento indispens\u00e1vel para os profissionais que d\u00e3o prioridade \u00e0 precis\u00e3o das cores no seu trabalho.<\/p>\n<p>Constru\u00eddo com vidro \u00f3tico com superf\u00edcies planas e paralelas precisas, este filtro garante uma qualidade de imagem extremamente n\u00edtida. Refor\u00e7ado com um robusto revestimento de tit\u00e2nio, promete uma longa dura\u00e7\u00e3o do filtro, resistindo aos rigores da utiliza\u00e7\u00e3o frequente. Al\u00e9m disso, os revestimentos hidrof\u00f3bico e oleof\u00f3bico facilitam a limpeza, assegurando que o seu filtro se mant\u00e9m impec\u00e1vel e funcional.<\/p>\n<p><img loading=\"lazy\" decoding=\"async\" class=\"alignnone wp-image-28099\" src=\"https:\/\/hi-techwonder.com\/wp-content\/themes\/woodmart\/images\/lazy.svg\" data-src=\"https:\/\/nisioptics.pt\/wp-content\/uploads\/2024\/01\/DSC0811-1024x683.jpg\" alt=\"\" width=\"752\" height=\"501\"><\/p>\n<h5>Filtro de densidade neutra s\u00f3lido de espetro total<\/h5>\n<p>O filtro NiSi Full Spectrum Cinema FS ND representa o auge da tecnologia de filtragem. A sua densidade neutra s\u00f3lida reduz eficazmente a quantidade de luz que entra na sua objetiva, permitindo um maior controlo criativo. Esta carater\u00edstica \u00e9 vital para fot\u00f3grafos e cineastas que exigem o mais alto n\u00edvel de precis\u00e3o na manipula\u00e7\u00e3o da luz, assegurando que cada fotografia \u00e9 perfeitamente equilibrada e visualmente deslumbrante.<\/p>\n<p>Com este filtro inovador, tem a liberdade de fotografar com aberturas mais amplas ou velocidades de obtura\u00e7\u00e3o reduzidas. Esta flexibilidade \u00e9 essencial para obter uma profundidade de campo reduzida ou um efeito de desfocagem de movimento, captando momentos com um toque dram\u00e1tico e art\u00edstico. Quer seja \u00e0 luz do dia ou num ambiente de est\u00fadio controlado, este filtro \u00e9 uma ferramenta indispens\u00e1vel para a express\u00e3o criativa.<\/p>\n<p>O filtro NiSi FS ND garante cores puras e neutras em toda a sua gama, assegurando que as suas imagens captam a verdadeira ess\u00eancia da cena. Esta consist\u00eancia \u00e9 crucial para os profissionais que exigem uma reprodu\u00e7\u00e3o de cores precisa para transmitir a hist\u00f3ria e a emo\u00e7\u00e3o do seu objeto. \u00c9 o companheiro perfeito para captar imagens realistas que falam por si.<\/p>\n<p>Este filtro destaca-se pela elimina\u00e7\u00e3o da polui\u00e7\u00e3o por infravermelhos em qualquer C\u00e2mara, garantindo que as suas imagens est\u00e3o livres de interfer\u00eancias indesejadas de luz infravermelha. Esta carater\u00edstica \u00e9 particularmente ben\u00e9fica para manter a integridade da cor e evitar o problema comum das mudan\u00e7as de cor.<\/p>\n<h5>Qualidade superior do vidro \u00f3tico<\/h5>\n<p>Fabricado com vidro \u00f3tico com superf\u00edcies planas e paralelas precisas, este filtro proporciona uma nitidez sem paralelo em cada fotografia. Foi concebido para aqueles que se recusam a comprometer a nitidez, assegurando que as suas imagens s\u00e3o n\u00edtidas e detalhadas, mesmo nas condi\u00e7\u00f5es mais dif\u00edceis.<\/p>\n<p>O NiSi garante que as propriedades \u00f3pticas deste filtro s\u00e3o permanentemente est\u00e1veis e n\u00e3o se desvanecem com o tempo. Esta fiabilidade a longo prazo significa que o seu filtro ter\u00e1 sempre o melhor desempenho, proporcionando a tranquilidade de saber que as suas imagens manter\u00e3o a qualidade e a nitidez durante muitos anos.<\/p>\n<p>Refor\u00e7ado com um robusto revestimento de tit\u00e2nio, o filtro promete uma longa vida \u00fatil, resistindo ao desgaste provocado pela utiliza\u00e7\u00e3o regular. Esta durabilidade \u00e9 um testemunho do compromisso da NiSi com a qualidade, garantindo que o seu investimento permanece protegido e funcional durante anos.<\/p>\n<h5><img loading=\"lazy\" decoding=\"async\" class=\"alignnone wp-image-28097\" src=\"https:\/\/hi-techwonder.com\/wp-content\/themes\/woodmart\/images\/lazy.svg\" data-src=\"https:\/\/nisioptics.pt\/wp-content\/uploads\/2024\/01\/DSC09923xiu-1024x683.jpg\" alt=\"\" width=\"752\" height=\"501\"><\/h5>\n<h5>Revestimentos de alta qualidade<\/h5>\n<p>Os revestimentos hidrof\u00f3bicos e oleof\u00f3bicos na superf\u00edcie do filtro tornam a limpeza f\u00e1cil e r\u00e1pida. Diga adeus \u00e0s manchas e impress\u00f5es digitais persistentes e mantenha o seu filtro em perfeitas condi\u00e7\u00f5es sem complica\u00e7\u00f5es. Esta carater\u00edstica \u00e9 especialmente valiosa para profissionais que precisam de manter o seu equipamento em ambientes de ritmo acelerado.<\/p>\n<p>O revestimento antirreflexo de \u00faltima gera\u00e7\u00e3o deste filtro minimiza os reflexos e preserva o contraste geral das suas imagens. Esta tecnologia \u00e9 crucial para manter a integridade das suas imagens, garantindo que cada fotografia e v\u00eddeo mant\u00e9m o impacto pretendido sem a distra\u00e7\u00e3o de reflexos de luz indesejados.[\/vc_column_text][vc_column_text]<\/p>\n<h3><strong>Testes de Flare<\/strong><\/h3>\n<p>[\/vc_column_text][vc_row_inner][vc_column_inner][\/vc_column_inner][\/vc_row_inner][\/vc_column][\/vc_row][vc_row][vc_column width=&#8221;1\/3&#8243;][vc_single_image image=&#8221;28093&#8243; img_size=&#8221;502&#215;335&#8243; alignment=&#8221;center&#8221; style=&#8221;vc_box_shadow_3d&#8221; onclick=&#8221;link_image&#8221; title=&#8221;Sem Filtros&#8221;][\/vc_column][vc_column width=&#8221;1\/3&#8243;][vc_single_image image=&#8221;28095&#8243; img_size=&#8221;502&#215;335&#8243; alignment=&#8221;center&#8221; style=&#8221;vc_box_shadow_3d&#8221; onclick=&#8221;link_image&#8221; title=&#8221;Outros Filtros&#8221;][\/vc_column][vc_column width=&#8221;1\/3&#8243;][vc_single_image image=&#8221;28091&#8243; img_size=&#8221;502&#215;335&#8243; alignment=&#8221;center&#8221; style=&#8221;vc_box_shadow_3d&#8221; onclick=&#8221;link_image&#8221; title=&#8221;NiSi FS ND&#8221;][\/vc_column][\/vc_row][vc_row][vc_column][vc_separator][vc_column_text]<\/p>\n<h3><strong>Testes de cor<\/strong><\/h3>\n<p>[\/vc_column_text][vc_empty_space][\/vc_column][\/vc_row][vc_row][vc_column width=&#8221;1\/3&#8243;][vc_single_image image=&#8221;28101&#8243; img_size=&#8221;502&#215;335&#8243; alignment=&#8221;center&#8221; onclick=&#8221;link_image&#8221; title=&#8221;Sem Filtro&#8221;][vc_single_image image=&#8221;28107&#8243; img_size=&#8221;502&#215;335&#8243; alignment=&#8221;center&#8221; onclick=&#8221;link_image&#8221; title=&#8221;NiSi FS ND0.6 (2 Stop)&#8221;][vc_single_image image=&#8221;28113&#8243; img_size=&#8221;502&#215;335&#8243; alignment=&#8221;center&#8221; onclick=&#8221;link_image&#8221; title=&#8221;NiSi FS ND1.5 (5 Stop)&#8221;][\/vc_column][vc_column width=&#8221;1\/3&#8243;][vc_single_image image=&#8221;28103&#8243; img_size=&#8221;502&#215;335&#8243; alignment=&#8221;center&#8221; onclick=&#8221;link_image&#8221; title=&#8221;Outros Filtros ND0.9 (3 Stop)&#8221;][vc_single_image image=&#8221;28109&#8243; img_size=&#8221;502&#215;335&#8243; alignment=&#8221;center&#8221; onclick=&#8221;link_image&#8221; title=&#8221;NiSi FS ND0.9 (3 Stop)&#8221;][vc_single_image image=&#8221;28115&#8243; img_size=&#8221;502&#215;335&#8243; alignment=&#8221;center&#8221; onclick=&#8221;link_image&#8221; title=&#8221;NiSi FS ND1.8 (6 Stop)&#8221;][\/vc_column][vc_column width=&#8221;1\/3&#8243;][vc_single_image image=&#8221;28105&#8243; img_size=&#8221;502&#215;335&#8243; alignment=&#8221;center&#8221; onclick=&#8221;link_image&#8221; title=&#8221;NiSi FS ND0.3 (1 Stop)&#8221;][vc_single_image image=&#8221;28111&#8243; img_size=&#8221;502&#215;335&#8243; alignment=&#8221;center&#8221; onclick=&#8221;link_image&#8221; title=&#8221;NiSi FS ND1.2 (4 Stop)&#8221;][vc_single_image image=&#8221;28117&#8243; img_size=&#8221;502&#215;335&#8243; alignment=&#8221;center&#8221; onclick=&#8221;link_image&#8221; title=&#8221;NiSi FS ND2.4 (8 Stop)&#8221;][\/vc_column][\/vc_row][vc_row][vc_column][vc_empty_space][vc_column_text]Descobre mais sobre a nossa linha de cinema<a href=\"https:\/\/nisioptics.pt\/categoria\/descobre\/descobre-sistema-cinema\/\" target=\"_blank\" rel=\"noopener\">\u00a0aqui.<\/a>[\/vc_column_text][\/vc_column][\/vc_row]<\/p>\n","protected":false},"excerpt":{"rendered":"<ul>\n<li>Filtro de densidade neutra s\u00f3lida de espetro total que reduz a quantidade de luz que entra na lente<\/li>\n<li>Permite filmar com aberturas mais amplas ou velocidade de obtura\u00e7\u00e3o reduzida<\/li>\n<li>Cor neutra pura com cor consistente em toda a gama FS ND<\/li>\n<li>Controlo de exposi\u00e7\u00e3o excecionalmente preciso e consistente<\/li>\n<li>Elimina a polui\u00e7\u00e3o por infravermelhos em qualquer C\u00e2mara<\/li>\n<li>Revestimento de tit\u00e2nio para uma longa dura\u00e7\u00e3o do filtro<\/li>\n<li>Revestimento hidrof\u00f3bico e oleof\u00f3bico para uma limpeza f\u00e1cil e r\u00e1pida<\/li>\n<li>O revestimento antirreflexo de \u00faltima gera\u00e7\u00e3o minimiza os reflexos e preserva o contraste geral<\/li>\n<li>As propriedades \u00f3pticas s\u00e3o permanentemente est\u00e1veis e n\u00e3o se desvanecem com o tempo<\/li>\n<\/ul>\n","protected":false},"featured_media":11449,"comment_status":"closed","ping_status":"closed","template":"","meta":{"_acf_changed":false},"product_brand":[2543],"product_cat":[1061],"product_tag":[],"class_list":{"0":"post-12830","1":"product","2":"type-product","3":"status-publish","4":"has-post-thumbnail","6":"product_brand-nisioptics-es","7":"product_cat-filtros-de-cinema-es","8":"pa_densidade-nd128-7-stop-es","9":"pa_densidade-nd16-4-stop-es","10":"pa_densidade-nd2-1-stop-es","11":"pa_densidade-nd256-8-stops-es","12":"pa_densidade-nd32-5stop-es","13":"pa_densidade-nd4-2-stop-es","14":"pa_densidade-nd64-6-stop-es","15":"pa_densidade-nd8-3-stop-es","17":"first","18":"onbackorder","19":"taxable","20":"shipping-taxable","21":"purchasable","22":"product-type-variable"},"bundled_by":[],"bundle_stock_status":"onbackorder","bundle_stock_quantity":null,"bundle_virtual":false,"bundle_layout":"","bundle_add_to_cart_form_location":"","bundle_editable_in_cart":false,"bundle_sold_individually_context":"","bundle_item_grouping":"","bundle_min_size":"","bundle_max_size":"","bundle_price":[],"bundled_items":[],"bundle_sell_ids":[],"acf":[],"_links":{"self":[{"href":"https:\/\/hi-techwonder.com\/es\/wp-json\/wp\/v2\/product\/12830","targetHints":{"allow":["GET"]}}],"collection":[{"href":"https:\/\/hi-techwonder.com\/es\/wp-json\/wp\/v2\/product"}],"about":[{"href":"https:\/\/hi-techwonder.com\/es\/wp-json\/wp\/v2\/types\/product"}],"replies":[{"embeddable":true,"href":"https:\/\/hi-techwonder.com\/es\/wp-json\/wp\/v2\/comments?post=12830"}],"wp:featuredmedia":[{"embeddable":true,"href":"https:\/\/hi-techwonder.com\/es\/wp-json\/wp\/v2\/media\/11449"}],"wp:attachment":[{"href":"https:\/\/hi-techwonder.com\/es\/wp-json\/wp\/v2\/media?parent=12830"}],"wp:term":[{"taxonomy":"product_brand","embeddable":true,"href":"https:\/\/hi-techwonder.com\/es\/wp-json\/wp\/v2\/product_brand?post=12830"},{"taxonomy":"product_cat","embeddable":true,"href":"https:\/\/hi-techwonder.com\/es\/wp-json\/wp\/v2\/product_cat?post=12830"},{"taxonomy":"product_tag","embeddable":true,"href":"https:\/\/hi-techwonder.com\/es\/wp-json\/wp\/v2\/product_tag?post=12830"}],"curies":[{"name":"wp","href":"https:\/\/api.w.org\/{rel}","templated":true}]}}