{"id":12840,"date":"2025-07-23T23:31:05","date_gmt":"2025-07-23T23:31:05","guid":{"rendered":"https:\/\/fv6qoy3ls0.wpdns.site\/produto\/nisi-objetiva-athena-prime-cinema-18mm-t2-2\/"},"modified":"2026-04-06T17:21:27","modified_gmt":"2026-04-06T16:21:27","slug":"nisi-objetiva-athena-prime-cinema-18mm-t2-2","status":"publish","type":"product","link":"https:\/\/hi-techwonder.com\/es\/producto\/nisi-objetiva-athena-prime-cinema-18mm-t2-2\/","title":{"rendered":"NiSi Objetiva Athena Prime Cinema 18mm T2.2"},"content":{"rendered":"<h3><strong>NiSi Objetiva Athena Prime Cinema 18mm T2.2<\/strong><\/h3>\n<p>Apresentando a lente de cinema Full-Frame NiSi Athena Prime Cinema 18mm T2.2. Esta lente foi projetada com controle de microcontraste m\u00e1ximo e aberra\u00e7\u00e3o crom\u00e1tica ultrabaixa, proporcionando qualidade de imagem incompar\u00e1vel com detalhes de imagem mais finos. Com uma grande abertura de T2.2 e bokeh suave, esta lente oferece uma bela separa\u00e7\u00e3o de fundo, tornando-a ideal para capturar imagens e v\u00eddeos impressionantes.<\/p>\n<p>Estas objetivas v\u00eam agora em 6 diferentes vers\u00f5es: Sony E com ou sem montagem para filtro drop-in; Canon RF e L-Mount, ambas com montagem para filtro drop-in; PL-Mount com montagem para filtro traseiro; e por fim Fujifilm G, sem montagem para filtro traseiro ou drop-in. As lentes com montagens especiais para filtros permitem aos cineastas que possam adicionar facilmente filtros ND, polarizadores ou outros filtros para obter a apar\u00eancia desejada sem precisar anexar filtros \u00e0 frente da lente. Esse recurso tamb\u00e9m facilita a troca de filtros de forma r\u00e1pida e eficiente, economizando tempo e reduzindo o risco de danificar a lente.<\/p>\n<p>A lente foi projetada para minimizar o focus breathing, garantindo que a mudan\u00e7a no campo de vis\u00e3o ao ajustar o foco da dist\u00e2ncia m\u00ednima de foco ao infinito seja extremamente pequena. Esse recurso \u00e9 particularmente importante para cineastas que precisam manter um campo de vis\u00e3o constante ao focalizar o assunto. Com a lente da s\u00e9rie Athena Prime, os cineastas podem obter focos precisos e manter uma apar\u00eancia consistente em suas tomadas.<\/p>\n<p>Al\u00e9m disso, a lente NiSi Athena Prime de 18mm corresponde a outras lentes da s\u00e9rie em peso e tamanho, eliminando a necessidade de reequilibrar em um gimbal ao trocar as lentes. A abertura combinada e os an\u00e9is de foco em toda a faixa tamb\u00e9m facilitam o uso de acess\u00f3rios de lente, como engrenagens de foco. O anel de foco possui 300\u00b0 de rota\u00e7\u00e3o com escalas focais fluorescentes para foco preciso, tornando mais f\u00e1cil para os cineastas atingirem o foco desejado.<\/p>\n<p>A lente de cinema Full-Frame NiSi Athena Prime Cinema 18mm T2.2 \u00e9 uma lente vers\u00e1til e de alta qualidade que oferece qualidade de imagem sem precedentes, flexibilidade e controle criativo para cineastas. Esteja gravando um filme ou um videoclipe, a s\u00e9rie Athena Prime o ajudar\u00e1 a alcan\u00e7ar facilmente sua vis\u00e3o criativa.<\/p>\n<p>A vers\u00e3o para a montagem Fuji G d\u00e1 origem a vinhetagem, quando usada em modo m\u00e9dio formato. Para evitar a vinhetagem, deve-se usar esta objetiva no modo 35mm.<\/p>\n<p><em>As objetivas com PL-Mount <strong>n\u00e3o <\/strong>s\u00e3o compat\u00edveis com a c\u00e2mara Blackmagic 6k (Montagem EF).<\/em><\/p>\n<p><img loading=\"lazy\" decoding=\"async\" class=\"alignnone wp-image-28317\" src=\"https:\/\/hi-techwonder.com\/wp-content\/themes\/woodmart\/images\/lazy.svg\" data-src=\"https:\/\/nisioptics.pt\/wp-content\/uploads\/2024\/04\/DSC09848-1024x812.jpg\" alt=\"\" width=\"752\" height=\"597\"><\/p>\n<p><img loading=\"lazy\" decoding=\"async\" class=\"alignnone wp-image-28319\" src=\"https:\/\/hi-techwonder.com\/wp-content\/themes\/woodmart\/images\/lazy.svg\" data-src=\"https:\/\/nisioptics.pt\/wp-content\/uploads\/2024\/04\/DSC09448-1024x683.jpg\" alt=\"\" width=\"752\" height=\"501\"><\/p>\n<p>Descobre mais sobre a nossa linha de cinema<a href=\"\/?product_cat=descobre-sistema-cinema\"> aqui.<\/a><\/p>\n<h5>Especifica\u00e7\u00f5es:<\/h5>\n<p><img loading=\"lazy\" decoding=\"async\" class=\"alignnone wp-image-28315\" src=\"https:\/\/hi-techwonder.com\/wp-content\/themes\/woodmart\/images\/lazy.svg\" data-src=\"https:\/\/nisioptics.pt\/wp-content\/uploads\/2023\/05\/Especificaciones-1024x674.jpg\" alt=\"\" width=\"752\" height=\"495\"><\/p>\n","protected":false},"excerpt":{"rendered":"<ul>\n<li>Full-frame e c\u00edrculo de imagens de 46 mm<\/li>\n<li>M\u00e1ximo controle de microcontraste e aberra\u00e7\u00e3o crom\u00e1tica ultrabaixa para qualidade de imagem incompar\u00e1vel<\/li>\n<li>Grande abertura T2.2 e bokeh suave para uma bela separa\u00e7\u00e3o de fundo<\/li>\n<li>Montagem de filtro drop-in (montagens RF, L e E) ou montagem de filtro traseira (montagem PL) para fluxo de trabalho mais flex\u00edvel e controle criativo para filmagem<\/li>\n<li>Minimiza o focus breathing para um campo de vis\u00e3o consistente ao ajustar o foco<\/li>\n<li>Equilibrado em peso e tamanho com outras lentes NiSi Athena, eliminando a necessidade de reequilibrar em um gimbal ao alternar entre as lentes<\/li>\n<li>O anel de foco possui 300\u00b0 de rota\u00e7\u00e3o com escalas focais fluorescentes para ajustes de foco precisos<\/li>\n<li>Ideal para filmar longas-metragens, document\u00e1rios ou videoclipes<\/li>\n<li>Oferece qualidade de imagem inigual\u00e1vel, flexibilidade e controle criativo para cineastas<\/li>\n<li>A vers\u00e3o para a montagem Fuji G produz vinhetagem em modo M\u00e9dio Formato<\/li>\n<\/ul>\n","protected":false},"featured_media":11499,"comment_status":"closed","ping_status":"closed","template":"","meta":{"_acf_changed":false},"product_brand":[2543],"product_cat":[1042],"product_tag":[],"class_list":{"0":"post-12840","1":"product","2":"type-product","3":"status-publish","4":"has-post-thumbnail","6":"product_brand-nisioptics-es","7":"product_cat-cine","8":"pa_abertura-maxima-t2-2-es","9":"pa_cor-negro","10":"pa_designs-especiais-con-ranura-p-filtro-drop-in","11":"pa_designs-especiais-sin-ranura-p-filtro-drop-in","12":"pa_diametro-77mm-es","13":"pa_estabilizacao-de-imagem-no","14":"pa_montagem-da-objetiva-canon-rf-es","15":"pa_montagem-da-objetiva-fujifilm-g-es","16":"pa_montagem-da-objetiva-l-mount-es","17":"pa_montagem-da-objetiva-pl-mount-es","18":"pa_montagem-da-objetiva-sony-e-es","19":"pa_sensor-formato-medio","20":"pa_sensor-fotograma-completo","21":"pa_tipo-de-foco-enfoque-manual","22":"pa_tipo-de-objetiva-gran-angular","23":"pa_zoom-fixa-fijo","25":"first","26":"onbackorder","27":"taxable","28":"shipping-taxable","29":"purchasable","30":"product-type-variable"},"bundled_by":[],"bundle_stock_status":"onbackorder","bundle_stock_quantity":null,"bundle_virtual":false,"bundle_layout":"","bundle_add_to_cart_form_location":"","bundle_editable_in_cart":false,"bundle_sold_individually_context":"","bundle_item_grouping":"","bundle_min_size":"","bundle_max_size":"","bundle_price":[],"bundled_items":[],"bundle_sell_ids":[],"acf":[],"_links":{"self":[{"href":"https:\/\/hi-techwonder.com\/es\/wp-json\/wp\/v2\/product\/12840","targetHints":{"allow":["GET"]}}],"collection":[{"href":"https:\/\/hi-techwonder.com\/es\/wp-json\/wp\/v2\/product"}],"about":[{"href":"https:\/\/hi-techwonder.com\/es\/wp-json\/wp\/v2\/types\/product"}],"replies":[{"embeddable":true,"href":"https:\/\/hi-techwonder.com\/es\/wp-json\/wp\/v2\/comments?post=12840"}],"wp:featuredmedia":[{"embeddable":true,"href":"https:\/\/hi-techwonder.com\/es\/wp-json\/wp\/v2\/media\/11499"}],"wp:attachment":[{"href":"https:\/\/hi-techwonder.com\/es\/wp-json\/wp\/v2\/media?parent=12840"}],"wp:term":[{"taxonomy":"product_brand","embeddable":true,"href":"https:\/\/hi-techwonder.com\/es\/wp-json\/wp\/v2\/product_brand?post=12840"},{"taxonomy":"product_cat","embeddable":true,"href":"https:\/\/hi-techwonder.com\/es\/wp-json\/wp\/v2\/product_cat?post=12840"},{"taxonomy":"product_tag","embeddable":true,"href":"https:\/\/hi-techwonder.com\/es\/wp-json\/wp\/v2\/product_tag?post=12840"}],"curies":[{"name":"wp","href":"https:\/\/api.w.org\/{rel}","templated":true}]}}