{"id":12854,"date":"2025-07-23T23:32:23","date_gmt":"2025-07-23T23:32:23","guid":{"rendered":"https:\/\/fv6qoy3ls0.wpdns.site\/produto\/nisi-objetiva-athena-prime-cinema-135mm-t2-2\/"},"modified":"2026-04-06T17:21:42","modified_gmt":"2026-04-06T16:21:42","slug":"nisi-objetiva-athena-prime-cinema-135mm-t2-2","status":"publish","type":"product","link":"https:\/\/hi-techwonder.com\/es\/producto\/nisi-objetiva-athena-prime-cinema-135mm-t2-2\/","title":{"rendered":"NiSi Objetiva Athena Prime Cinema 135mm T2.2"},"content":{"rendered":"<h3><strong>NiSi Objetiva Athena Prime Cinema 135mm T2.2<\/strong><\/h3>\n<p>Explore os horizontes expansivos da narrativa cinematogr\u00e1fica com o mais recente lan\u00e7amento da nossa cole\u00e7\u00e3o de lentes Athena, a NiSi Athena Prime Cinema 135mm T2.2. Embora se destaque como o maior tamanho da s\u00e9rie Athena Prime, possui caracter\u00edsticas perfeitamente alinhadas, micro contraste e cor, garantindo uma experi\u00eancia perfeita em toda a linha.<\/p>\n<p>Esta objetiva \u00e9 um testemunho do nosso compromisso em fornecer aos realizadores ferramentas que oferecem uma qualidade de imagem superior. Possui um controlo avan\u00e7ado de micro-contraste e uma aberra\u00e7\u00e3o crom\u00e1tica m\u00ednima, assegurando que todas as imagens s\u00e3o reproduzidas com detalhes cristalinos e cores vibrantes e realistas. A abertura T2.2 permite um isolamento requintado do motivo contra um fundo suave e desfocado, melhorando a profundidade visual e o impacto emocional da sua narrativa.<\/p>\n<p>A ATHENA PRIME de 135 mm foi meticulosamente concebida para minimizar a respira\u00e7\u00e3o da focagem, proporcionando aos realizadores um campo de vis\u00e3o consistente quando ajustam a focagem. Isto \u00e9 crucial para manter a integridade da sua narrativa visual, assegurando transi\u00e7\u00f5es suaves e sem distrac\u00e7\u00f5es que mant\u00eam o seu p\u00fablico envolvido. Embora esta objetiva possa ser maior, as posi\u00e7\u00f5es da \u00edris e do anel de focagem correspondem ao resto da gama Athena, permitindo uma opera\u00e7\u00e3o familiar e eficiente, especialmente em ambientes de filmagem de ritmo acelerado.<\/p>\n<p>A objetiva inclui uma rosca de filtro de 77 mm e um tamanho de fixa\u00e7\u00e3o de 80 mm, consistente com a s\u00e9rie, facilitando a utiliza\u00e7\u00e3o de uma vasta gama de acess\u00f3rios para objectivas. O anel de focagem, com 300\u00b0 de rota\u00e7\u00e3o e escalas focais fluorescentes, promete ajustes de focagem precisos e sem esfor\u00e7o, cruciais para capturar aqueles momentos fugazes com nitidez, mesmo em condi\u00e7\u00f5es de ilumina\u00e7\u00e3o menos do que ideais.<\/p>\n<p>A NiSi\u00a0 Athena Prime Cinema 135mm T2.2 \u00e9 um ativo vers\u00e1til e inestim\u00e1vel para os cineastas.<\/p>\n<p>Estas objetivas v\u00eam em 6 diferentes vers\u00f5es: Sony E com ou sem montagem para filtro drop-in; Canon RF e L-Mount, ambas com montagem para filtro drop-in; PL-Mount com montagem para filtro traseiro; e por fim Fujifilm G, sem montagem para filtro traseiro ou drop-in. As lentes com montagens especiais para filtros permitem aos cineastas que possam adicionar facilmente filtros ND, polarizadores ou outros filtros para obter a apar\u00eancia desejada sem precisar anexar filtros \u00e0 frente da lente. Esse recurso tamb\u00e9m facilita a troca de filtros de forma r\u00e1pida e eficiente, economizando tempo e reduzindo o risco de danificar a lente.<\/p>\n<p>Ideal para um amplo espetro de projectos cinematogr\u00e1ficos, desde produ\u00e7\u00f5es cinematogr\u00e1ficas \u00e9picas a close-ups detalhados em document\u00e1rios ou v\u00eddeos de m\u00fasica evocativos, a objetiva NiSi Athena Prime Cinema 135mm T2.2 redefine os limites da liberdade criativa e da qualidade de imagem. Entre num mundo onde a sua vis\u00e3o cinematogr\u00e1fica \u00e9 limitada apenas pelos limites da sua imagina\u00e7\u00e3o com a NiSi.<\/p>\n<p><em>As objetivas com PL-Mount <strong>n\u00e3o <\/strong>s\u00e3o compat\u00edveis com a c\u00e2mara Blackmagic 6k (Montagem EF).<\/em><\/p>\n<p><img loading=\"lazy\" decoding=\"async\" class=\"alignnone wp-image-28380\" src=\"https:\/\/hi-techwonder.com\/wp-content\/themes\/woodmart\/images\/lazy.svg\" data-src=\"https:\/\/nisioptics.pt\/wp-content\/uploads\/2024\/04\/DSC09480-1-1024x683.jpg\" alt=\"\" width=\"752\" height=\"501\"><\/p>\n<p><img loading=\"lazy\" decoding=\"async\" class=\"alignnone wp-image-28382\" src=\"https:\/\/hi-techwonder.com\/wp-content\/themes\/woodmart\/images\/lazy.svg\" data-src=\"https:\/\/nisioptics.pt\/wp-content\/uploads\/2024\/04\/DSC09896-1024x683.jpg\" alt=\"\" width=\"752\" height=\"501\"><\/p>\n<p>Descobre mais sobre a nossa linha de cinema<a href=\"\/?product_cat=descobre-sistema-cinema\"> aqui.<\/a><\/p>\n<h5>Especifica\u00e7\u00f5es:<\/h5>\n<p><img loading=\"lazy\" decoding=\"async\" class=\"alignnone wp-image-28315\" src=\"https:\/\/hi-techwonder.com\/wp-content\/themes\/woodmart\/images\/lazy.svg\" data-src=\"https:\/\/nisioptics.pt\/wp-content\/uploads\/2023\/05\/Especificaciones-1024x674.jpg\" alt=\"\" width=\"752\" height=\"495\"><\/p>\n","protected":false},"excerpt":{"rendered":"<ul>\n<li>Full-frame e c\u00edrculo de imagem de 46 mm<\/li>\n<li>M\u00e1ximo controlo do micro-contraste e aberra\u00e7\u00e3o crom\u00e1tica ultra baixa para uma qualidade de imagem sem paralelo<\/li>\n<li>Grande abertura de T2.2 e bokeh suave para uma separa\u00e7\u00e3o de fundo perfeita<\/li>\n<li>Montagem de filtro drop-in (montagens RF, L e E) ou montagem de filtro traseira (montagem PL) para fluxo de trabalho mais flex\u00edvel e controle criativo para filmagem<\/li>\n<li>Concebida com precis\u00e3o para minimizar a respira\u00e7\u00e3o da focagem, mantendo um campo de vis\u00e3o consistente durante os ajustes de focagem<\/li>\n<li>Caracter\u00edsticas, microcontraste e cor perfeitamente alinhados, garantindo uma experi\u00eancia perfeita em toda a gama<\/li>\n<li>\u00cdris e anel de focagem compat\u00edveis com as outras objetivas NiSi Athena<\/li>\n<li>Rosca de filtro de 77 mm e an\u00e9is de abertura e de focagem correspondentes em toda a gama para uma utiliza\u00e7\u00e3o f\u00e1cil dos acess\u00f3rios da objetiva<\/li>\n<li>Anel de focagem com rota\u00e7\u00e3o de 300\u00b0 e escalas focais fluorescentes para uma focagem precisa e de f\u00e1cil leitura em qualquer condi\u00e7\u00e3o de ilumina\u00e7\u00e3o.<\/li>\n<li>Oferece uma qualidade de imagem sem paralelo, flexibilidade e controlo criativo para realizadores de filmes<\/li>\n<\/ul>\n","protected":false},"featured_media":11537,"comment_status":"closed","ping_status":"closed","template":"","meta":{"_acf_changed":false},"product_brand":[2543],"product_cat":[1042],"product_tag":[],"class_list":{"0":"post-12854","1":"product","2":"type-product","3":"status-publish","4":"has-post-thumbnail","6":"product_brand-nisioptics-es","7":"product_cat-cine","8":"pa_abertura-maxima-t2-2-es","9":"pa_cor-negro","10":"pa_designs-especiais-con-ranura-p-filtro-drop-in","11":"pa_designs-especiais-sin-ranura-p-filtro-drop-in","12":"pa_diametro-77mm-es","13":"pa_estabilizacao-de-imagem-no","14":"pa_montagem-da-objetiva-canon-rf-es","15":"pa_montagem-da-objetiva-fujifilm-g-es","16":"pa_montagem-da-objetiva-l-mount-es","17":"pa_montagem-da-objetiva-pl-mount-es","18":"pa_montagem-da-objetiva-sony-e-es","19":"pa_sensor-formato-medio","20":"pa_sensor-fotograma-completo","21":"pa_tipo-de-foco-enfoque-manual","22":"pa_tipo-de-objetiva-teleobjetivo","23":"pa_zoom-fixa-fijo","25":"first","26":"instock","27":"taxable","28":"shipping-taxable","29":"purchasable","30":"product-type-variable"},"bundled_by":[],"bundle_stock_status":"instock","bundle_stock_quantity":null,"bundle_virtual":false,"bundle_layout":"","bundle_add_to_cart_form_location":"","bundle_editable_in_cart":false,"bundle_sold_individually_context":"","bundle_item_grouping":"","bundle_min_size":"","bundle_max_size":"","bundle_price":[],"bundled_items":[],"bundle_sell_ids":[],"acf":[],"_links":{"self":[{"href":"https:\/\/hi-techwonder.com\/es\/wp-json\/wp\/v2\/product\/12854","targetHints":{"allow":["GET"]}}],"collection":[{"href":"https:\/\/hi-techwonder.com\/es\/wp-json\/wp\/v2\/product"}],"about":[{"href":"https:\/\/hi-techwonder.com\/es\/wp-json\/wp\/v2\/types\/product"}],"replies":[{"embeddable":true,"href":"https:\/\/hi-techwonder.com\/es\/wp-json\/wp\/v2\/comments?post=12854"}],"wp:featuredmedia":[{"embeddable":true,"href":"https:\/\/hi-techwonder.com\/es\/wp-json\/wp\/v2\/media\/11537"}],"wp:attachment":[{"href":"https:\/\/hi-techwonder.com\/es\/wp-json\/wp\/v2\/media?parent=12854"}],"wp:term":[{"taxonomy":"product_brand","embeddable":true,"href":"https:\/\/hi-techwonder.com\/es\/wp-json\/wp\/v2\/product_brand?post=12854"},{"taxonomy":"product_cat","embeddable":true,"href":"https:\/\/hi-techwonder.com\/es\/wp-json\/wp\/v2\/product_cat?post=12854"},{"taxonomy":"product_tag","embeddable":true,"href":"https:\/\/hi-techwonder.com\/es\/wp-json\/wp\/v2\/product_tag?post=12854"}],"curies":[{"name":"wp","href":"https:\/\/api.w.org\/{rel}","templated":true}]}}