{"id":12868,"date":"2025-07-23T23:33:33","date_gmt":"2025-07-23T23:33:33","guid":{"rendered":"https:\/\/fv6qoy3ls0.wpdns.site\/produto\/nisi-kit-master-8-objetivas-athena-prime\/"},"modified":"2026-04-06T17:21:57","modified_gmt":"2026-04-06T16:21:57","slug":"nisi-kit-master-8-objetivas-athena-prime","status":"publish","type":"product","link":"https:\/\/hi-techwonder.com\/es\/producto\/nisi-kit-master-8-objetivas-athena-prime\/","title":{"rendered":"NiSi Kit Master 8 Objetivas Athena Prime"},"content":{"rendered":"<p>[vc_row][vc_column][vc_column_text]<\/p>\n<h3><strong>NiSi Kit Master 8 Objetivas Athena Prime<\/strong><\/h3>\n<p>Apresentamos o Kit MASTER de objetivas de Cinema NiSi ATHENA PRIME com 8 lentes (14mm T2.4, 18mm T2.2, 25mm T1.9, 35mm T1.9, 40mm T1.9, 50mm T1.9, 85mm T1.9, 135mm T2.2) + Estojo r\u00edgido, uma cole\u00e7\u00e3o incompar\u00e1vel de lentes de cinema concebidas para cobertura full-frame e mais al\u00e9m, com um c\u00edrculo de imagem de 46mm para acomodar uma ampla gama de requisitos de filmagem, desde paisagens expansivas a retratos detalhados.<\/p>\n<p>Este abrangente MASTER Kit \u00e9 um testemunho do nosso compromisso em fornecer aos realizadores ferramentas que oferecem uma qualidade de imagem superior. Cada lente da cole\u00e7\u00e3o foi concebida com um controlo de micro-contraste superior e uma aberra\u00e7\u00e3o crom\u00e1tica m\u00ednima, garantindo uma qualidade de imagem inigual\u00e1vel e detalhes mais finos em cada fotograma. As grandes aberturas, que v\u00e3o de T1.9 a T2.4, combinadas com o bokeh suave distinto, melhoram a profundidade visual e o impacto emocional da sua narrativa.<\/p>\n<p>A gama ATHENA PRIME foi meticulosamente concebida para minimizar a respira\u00e7\u00e3o da focagem, proporcionando aos realizadores um campo de vis\u00e3o consistente quando ajustam a focagem. Isto \u00e9 crucial para manter a integridade da sua narrativa visual, assegurando transi\u00e7\u00f5es suaves e sem distrac\u00e7\u00f5es que mant\u00eam o seu p\u00fablico envolvido. O conjunto completo possui \u00edris e an\u00e9is de focagem compat\u00edveis com a gama Athena, garantindo uma opera\u00e7\u00e3o suave e eficiente, particularmente valiosa em cen\u00e1rios de filmagem din\u00e2micos.<\/p>\n<p>A montagem Athena Prime PL est\u00e1 equipada com um suporte de filtro traseiro, oferecendo aos realizadores uma maior flexibilidade e controlo criativo. Este design inteligente permite a adi\u00e7\u00e3o r\u00e1pida de filtros ND e de n\u00e9voa, simplificando o fluxo de trabalho e proporcionando um processo de filmagem mais eficiente.<\/p>\n<p>Uma das principais vantagens das lentes NiSi ATHENA PRIME \u00e9 o seu peso e dimens\u00f5es uniformes (com exce\u00e7\u00e3o da lente de 135mm), o que elimina a necessidade de reequilibrar o gimbal quando se muda de lente, poupando assim tempo valioso no set. As objectivas s\u00e3o fornecidas com uma rosca de filtro de 77 mm (excluindo a de 14 mm) e an\u00e9is de abertura e focagem correspondentes em toda a gama, simplificando a utiliza\u00e7\u00e3o de acess\u00f3rios para objetivas. O anel de focagem, que oferece 300\u00b0 de rota\u00e7\u00e3o com escalas focais fluorescentes, permite uma focagem precisa, essencial para obter imagens n\u00edtidas e din\u00e2micas.<\/p>\n<p>O Kit MASTER de objetivas de Cinema NiSi ATHENA PRIME n\u00e3o \u00e9 apenas um conjunto de objetivas; \u00e9 uma solu\u00e7\u00e3o completa para a realiza\u00e7\u00e3o de filmes que oferece uma qualidade de imagem, flexibilidade e liberdade criativa sem paralelo. Envolvido num estojo r\u00edgido duradouro para m\u00e1xima prote\u00e7\u00e3o e portabilidade, garante que tem tudo o que precisa para dar vida \u00e0 sua vis\u00e3o cinematogr\u00e1fica.<\/p>\n<h4>Notas<\/h4>\n<p><em>As vers\u00f5es para a montagem Fuji G da objetiva 14mm T2.4 e da 18mm T2.2 d\u00e3o origem a vinhetagem, quando usadas em modo m\u00e9dio formato. Para evitar a vinhetagem, devem-se usar estas objetivas no modo 35mm.<\/em><\/p>\n<p><em>As objetivas com PL-Mount <strong>n\u00e3o <\/strong>s\u00e3o compat\u00edveis com a c\u00e2mara Blackmagic 6k (Montagem EF).<\/em><\/p>\n<h4>O Kit MASTER inclui:<\/h4>\n<ul>\n<li>Athena 14mm T2.4<\/li>\n<li>Athena 18mm T2.2<\/li>\n<li>Athena 25mm T1.9<\/li>\n<li>Athena 35mm T1.9<\/li>\n<li>Athena 40mm T1.9<\/li>\n<li>Athena 50mm T1.9<\/li>\n<li>Athena 85mm T1.9<\/li>\n<li>Athena 135mm T2.2<\/li>\n<li>Estojo r\u00edgido (para 9 objectivas)<\/li>\n<\/ul>\n<p>Eleve a sua produ\u00e7\u00e3o cinematogr\u00e1fica com o Kit MASTER de objetivas de Cinema NiSi ATHENA PRIME, onde as possibilidades criativas s\u00e3o infinitas e a qualidade \u00e9 inquestion\u00e1vel.<\/p>\n<p><img loading=\"lazy\" decoding=\"async\" class=\"alignnone wp-image-28444\" src=\"https:\/\/hi-techwonder.com\/wp-content\/themes\/woodmart\/images\/lazy.svg\" data-src=\"https:\/\/nisioptics.pt\/wp-content\/uploads\/2024\/04\/DSC09746-1024x683.jpg\" alt=\"\" width=\"752\" height=\"501\"><\/p>\n<p>Descobre mais sobre a nossa linha de cinema<a href=\"\/?product_cat=descobre-sistema-cinema\"> aqui.<\/a><\/p>\n<h5>Especifica\u00e7\u00f5es:<\/h5>\n<p><img loading=\"lazy\" decoding=\"async\" class=\"alignnone wp-image-28315\" src=\"https:\/\/hi-techwonder.com\/wp-content\/themes\/woodmart\/images\/lazy.svg\" data-src=\"https:\/\/nisioptics.pt\/wp-content\/uploads\/2023\/05\/Especificaciones-1024x674.jpg\" alt=\"\" width=\"752\" height=\"495\">[\/vc_column_text][\/vc_column][\/vc_row][vc_row][vc_column][vc_gallery type=\u00bbimage_grid\u00bb images=\u00bb28498,28500,28502,28504,28507,28509,28511,28513&#8243; img_size=\u00bbmedium\u00bb title=\u00bbDiferentes comprimentos focais\u00bb][\/vc_column][\/vc_row]<\/p>\n","protected":false},"excerpt":{"rendered":"<ul>\n<li>Kit principal (conjunto de 8 objectivas) incluindo 14 mm T2.4, 18 mm T2.2, 25 mm T1.9, 35 mm T1.9, 40 mm T1.9, 50 mm T1.9, 85 mm T1.9 e 135 mm T2.2<\/li>\n<li>Full-frame e c\u00edrculo de imagem de 46 mm cobrindo dist\u00e2ncias focais de 14 mm ultra grande angular a 135 mm de dist\u00e2ncia focal de retrato<\/li>\n<li>M\u00e1ximo controlo do micro-contraste e aberra\u00e7\u00e3o crom\u00e1tica ultra baixa para uma qualidade de imagem sem paralelo<\/li>\n<li>Grande abertura de T1.9 (25 mm, 35 mm, 40 mm, 50 mm e 85 mm), T2.2 (18 mm e 135 mm), T2.4 (14 mm) e bokeh suave para uma separa\u00e7\u00e3o de fundo perfeita<\/li>\n<li>Montagem do filtro traseiro para um fluxo de trabalho mais flex\u00edvel e controlo criativo para a realiza\u00e7\u00e3o de filmes<\/li>\n<li>Concebida com precis\u00e3o para minimizar a respira\u00e7\u00e3o da focagem, mantendo um campo de vis\u00e3o consistente durante os ajustes de focagem<\/li>\n<li>Combinadas em peso e tamanho (exceto 135 mm), eliminando a necessidade de reequil\u00edbrio num gimbal ao alternar entre lentes<\/li>\n<li>Rosca de filtro de 77 mm (exceto a de 14 mm) e an\u00e9is de abertura e focagem correspondentes em toda a gama para uma utiliza\u00e7\u00e3o f\u00e1cil dos acess\u00f3rios da objetiva<\/li>\n<li>O anel de focagem possui 300\u00b0 de rota\u00e7\u00e3o com escalas focais fluorescentes para uma focagem precisa<\/li>\n<li>Ideal para filmar longas-metragens, document\u00e1rios ou v\u00eddeos musicais<\/li>\n<li>Oferece uma qualidade de imagem, flexibilidade e controlo criativo sem paralelo aos realizadores<\/li>\n<li>A 14mm T2.4 e 18mm T2.2 vers\u00e3o para a montagem Fuji G produz vinhetagem em modo M\u00e9dio Formato<\/li>\n<\/ul>\n","protected":false},"featured_media":11581,"comment_status":"closed","ping_status":"closed","template":"","meta":{"_acf_changed":false},"product_brand":[2543],"product_cat":[1042],"product_tag":[],"class_list":{"0":"post-12868","1":"product","2":"type-product","3":"status-publish","4":"has-post-thumbnail","6":"product_brand-nisioptics-es","7":"product_cat-cine","8":"pa_abertura-maxima-t1-9-es","9":"pa_abertura-maxima-t2-2-es","10":"pa_abertura-maxima-t2-4-es","11":"pa_cor-negro","12":"pa_designs-especiais-con-ranura-p-filtro-drop-in","13":"pa_designs-especiais-sin-ranura-p-filtro-drop-in","14":"pa_diametro-77mm-es","15":"pa_estabilizacao-de-imagem-no","16":"pa_montagem-da-objetiva-canon-rf-es","17":"pa_montagem-da-objetiva-fujifilm-g-es","18":"pa_montagem-da-objetiva-l-mount-es","19":"pa_montagem-da-objetiva-pl-mount-es","20":"pa_montagem-da-objetiva-sony-e-es","21":"pa_sensor-formato-medio","22":"pa_sensor-fotograma-completo","23":"pa_tipo-de-foco-enfoque-manual","24":"pa_tipo-de-objetiva-estandar","25":"pa_tipo-de-objetiva-gran-angular","26":"pa_tipo-de-objetiva-teleobjetivo","27":"pa_zoom-fixa-fijo","29":"first","30":"instock","31":"taxable","32":"shipping-taxable","33":"purchasable","34":"product-type-variable"},"bundled_by":["86531","86549"],"bundle_stock_status":"instock","bundle_stock_quantity":null,"bundle_virtual":false,"bundle_layout":"","bundle_add_to_cart_form_location":"","bundle_editable_in_cart":false,"bundle_sold_individually_context":"","bundle_item_grouping":"","bundle_min_size":"","bundle_max_size":"","bundle_price":[],"bundled_items":[],"bundle_sell_ids":[],"acf":[],"_links":{"self":[{"href":"https:\/\/hi-techwonder.com\/es\/wp-json\/wp\/v2\/product\/12868","targetHints":{"allow":["GET"]}}],"collection":[{"href":"https:\/\/hi-techwonder.com\/es\/wp-json\/wp\/v2\/product"}],"about":[{"href":"https:\/\/hi-techwonder.com\/es\/wp-json\/wp\/v2\/types\/product"}],"replies":[{"embeddable":true,"href":"https:\/\/hi-techwonder.com\/es\/wp-json\/wp\/v2\/comments?post=12868"}],"wp:featuredmedia":[{"embeddable":true,"href":"https:\/\/hi-techwonder.com\/es\/wp-json\/wp\/v2\/media\/11581"}],"wp:attachment":[{"href":"https:\/\/hi-techwonder.com\/es\/wp-json\/wp\/v2\/media?parent=12868"}],"wp:term":[{"taxonomy":"product_brand","embeddable":true,"href":"https:\/\/hi-techwonder.com\/es\/wp-json\/wp\/v2\/product_brand?post=12868"},{"taxonomy":"product_cat","embeddable":true,"href":"https:\/\/hi-techwonder.com\/es\/wp-json\/wp\/v2\/product_cat?post=12868"},{"taxonomy":"product_tag","embeddable":true,"href":"https:\/\/hi-techwonder.com\/es\/wp-json\/wp\/v2\/product_tag?post=12868"}],"curies":[{"name":"wp","href":"https:\/\/api.w.org\/{rel}","templated":true}]}}