{"id":12876,"date":"2025-07-23T23:33:33","date_gmt":"2025-07-23T23:33:33","guid":{"rendered":"https:\/\/fv6qoy3ls0.wpdns.site\/produto\/nisi-nc-uv-para-serie-fujifilm-x100-negro\/"},"modified":"2026-04-09T17:51:00","modified_gmt":"2026-04-09T16:51:00","slug":"nisi-nc-uv-para-serie-fujifilm-x100-negro","status":"publish","type":"product","link":"https:\/\/hi-techwonder.com\/es\/producto\/nisi-nc-uv-para-serie-fujifilm-x100-negro\/","title":{"rendered":"NiSi NC UV para serie Fujifilm X100 (Negro)"},"content":{"rendered":"<h3><strong>NiSi NC UV para s\u00e9rie Fujifilm X100 (Preto)<\/strong><\/h3>\n<p>Apresentamos o rec\u00e9m-refinado NiSi Filtro UV\u00a0 NC II em preto, meticulosamente concebido para se harmonizar com a s\u00e9rie Fujifilm X100, incluindo o mais recente modelo X100VI. Esta \u00faltima itera\u00e7\u00e3o eleva a sua fotografia com uma claridade e prote\u00e7\u00e3o sem paralelo para a sua C\u00e2mara Fujifilm X100.<\/p>\n<p>O Filtro UV NiSi NC II n\u00e3o \u00e9 apenas uma camada protetora; \u00e9 uma porta de entrada para a fotografia de ultra-alta defini\u00e7\u00e3o. Fabricado a partir de vidro \u00f3tico de primeira qualidade, este filtro possui um revestimento multi-nano que absorve eficazmente a luz ultravioleta, assegurando que as suas imagens n\u00e3o t\u00eam n\u00e9voa nem o tom azulado frequentemente causado pelos raios UV. Experimente as cores verdadeiras e a nitidez das suas cenas tal como as imagina.<\/p>\n<p>A moda encontra-se com a fun\u00e7\u00e3o neste filtro UV de design elegante, especificamente concebido para combinar com a est\u00e9tica prateada da s\u00e9rie Fujifilm X100, incluindo a X100S, X100F, X100T, X100V e a nova X100VI. O seu acabamento elegante e prateado n\u00e3o s\u00f3 melhora o aspeto da sua C\u00e2mara, como tamb\u00e9m garante um ajuste perfeito, preservando o aspeto ic\u00f3nico do seu dispositivo Fujifilm X100.<\/p>\n<p>Colocar o Filtro UV NiSi NC II na sua C\u00e2mara da s\u00e9rie Fujifilm X100 \u00e9 muito f\u00e1cil. Basta remover o anel da sua c\u00e2mara e enroscar o filtro UV diretamente nele. A beleza deste design reside na sua simplicidade; o filtro UV NiSi \u00e9 uma maravilha de uma s\u00f3 pe\u00e7a, eliminando a necessidade de um adaptador de filtro adicional. Esta abordagem simples garante que a sua C\u00e2mara mant\u00e9m o seu perfil elegante enquanto beneficia das melhorias \u00f3pticas e de prote\u00e7\u00e3o que o filtro proporciona.<\/p>\n<h5>Prote\u00e7\u00e3o inigual\u00e1vel da lente<\/h5>\n<p>Para al\u00e9m das suas capacidades \u00f3pticas, o Filtro UV NiSi NC II actua como um escudo para a sua objetiva. Quer esteja a navegar por ruas movimentadas, paisagens acidentadas ou a imprevisibilidade da fotografia ao ar livre, este filtro protege o elemento frontal da sua objetiva contra riscos, p\u00f3 e humidade. \u00c9 um investimento na longevidade, mantendo a sua objetiva intacta durante muitos anos.<\/p>\n<p><img loading=\"lazy\" decoding=\"async\" class=\"alignnone wp-image-28561\" src=\"https:\/\/hi-techwonder.com\/wp-content\/themes\/woodmart\/images\/lazy.svg\" data-src=\"https:\/\/nisioptics.pt\/wp-content\/uploads\/2024\/04\/DSC09785-1024x584.jpg\" alt=\"\" width=\"752\" height=\"429\"><\/p>\n<p>A facilidade de utiliza\u00e7\u00e3o est\u00e1 no centro do design do Filtro UV NiSi NC II. Compat\u00edvel com as tampas de objetiva originais da X100V e da X100VI, oferece uma solu\u00e7\u00e3o sem complica\u00e7\u00f5es para os fot\u00f3grafos em movimento. N\u00e3o \u00e9 necess\u00e1rio comprometer a prote\u00e7\u00e3o quando se est\u00e1 no terreno; basta colocar a tampa da objetiva diretamente no filtro para uma prote\u00e7\u00e3o completa entre disparos.<\/p>\n<p>Tamb\u00e9m dispon\u00edvel em prateado<\/p>\n<p>Para aqueles que preferem uma est\u00e9tica mais leve ou t\u00eam a variante prateada da s\u00e9rie X100, o Filtro UV NiSi NC II tamb\u00e9m est\u00e1 dispon\u00edvel num sofisticado acabamento prateado. Escolha a op\u00e7\u00e3o que melhor se adapta ao seu estilo e \u00e0 sua C\u00e2mara, e embarque numa viagem fotogr\u00e1fica com confian\u00e7a.<\/p>\n<p>Eleve a sua fotografia com o Filtro UV NiSi NC II para a Fujifilm X100\/X100S\/X100F\/X100T\/X100V\/X100VI em Preto.<\/p>\n<p><img loading=\"lazy\" decoding=\"async\" class=\"alignnone wp-image-28563\" src=\"https:\/\/hi-techwonder.com\/wp-content\/themes\/woodmart\/images\/lazy.svg\" data-src=\"https:\/\/nisioptics.pt\/wp-content\/uploads\/2024\/04\/DSC09791-1024x683.jpg\" alt=\"\" width=\"752\" height=\"501\"><\/p>\n<p>Saiba mais sobre os nossos sistemas compactos <a href=\"\/?product_cat=descobre-sistemas-compactos\">aqui<\/a>.<\/p>\n","protected":false},"excerpt":{"rendered":"<ul>\n<li>Design espec\u00edfico para os modelos X100, X100S, X100F, X100T, X100V e X100VI num elegante acabamento em preto.<\/li>\n<li>Vidro \u00f3tico de alta qualidade com revestimento multi-nano para uma nitidez superior e absor\u00e7\u00e3o de luz UV, assegurando imagens vivas e sem n\u00e9voa.<\/li>\n<li>Enrosca-se facilmente diretamente na C\u00e2mara depois de remover o anel existente, sem necessidade de adaptador, para um ajuste elegante e integrado.<\/li>\n<li>Protege a lente contra riscos, p\u00f3 e humidade, salvaguardando o seu investimento e mantendo a qualidade da imagem.<\/li>\n<li>Totalmente compat\u00edvel com as tampas de objetiva originais da X100V e da X100VI para uma prote\u00e7\u00e3o conveniente quando n\u00e3o est\u00e1 a ser utilizada.<\/li>\n<li>Complementa o acabamento preto das c\u00e2maras da s\u00e9rie Fujifilm X100, melhorando a est\u00e9tica e a funcionalidade.<\/li>\n<li>Absorve a luz ultravioleta para evitar a n\u00e9voa e o tom azulado das imagens, garantindo uma reprodu\u00e7\u00e3o exacta das cores.<\/li>\n<\/ul>\n","protected":false},"featured_media":11611,"comment_status":"closed","ping_status":"closed","template":"","meta":{"_acf_changed":false},"product_brand":[2543],"product_cat":[1050],"product_tag":[],"class_list":{"0":"post-12876","1":"product","2":"type-product","3":"status-publish","4":"has-post-thumbnail","6":"product_brand-nisioptics-es","7":"product_cat-otros-filtros-circulares","8":"pa_cor-negro","10":"first","11":"instock","12":"taxable","13":"shipping-taxable","14":"purchasable","15":"product-type-simple"},"bundled_by":[],"bundle_stock_status":"instock","bundle_stock_quantity":2,"bundle_virtual":false,"bundle_layout":"","bundle_add_to_cart_form_location":"","bundle_editable_in_cart":false,"bundle_sold_individually_context":"","bundle_item_grouping":"","bundle_min_size":"","bundle_max_size":"","bundle_price":[],"bundled_items":[],"bundle_sell_ids":[],"acf":[],"_links":{"self":[{"href":"https:\/\/hi-techwonder.com\/es\/wp-json\/wp\/v2\/product\/12876","targetHints":{"allow":["GET"]}}],"collection":[{"href":"https:\/\/hi-techwonder.com\/es\/wp-json\/wp\/v2\/product"}],"about":[{"href":"https:\/\/hi-techwonder.com\/es\/wp-json\/wp\/v2\/types\/product"}],"replies":[{"embeddable":true,"href":"https:\/\/hi-techwonder.com\/es\/wp-json\/wp\/v2\/comments?post=12876"}],"wp:featuredmedia":[{"embeddable":true,"href":"https:\/\/hi-techwonder.com\/es\/wp-json\/wp\/v2\/media\/11611"}],"wp:attachment":[{"href":"https:\/\/hi-techwonder.com\/es\/wp-json\/wp\/v2\/media?parent=12876"}],"wp:term":[{"taxonomy":"product_brand","embeddable":true,"href":"https:\/\/hi-techwonder.com\/es\/wp-json\/wp\/v2\/product_brand?post=12876"},{"taxonomy":"product_cat","embeddable":true,"href":"https:\/\/hi-techwonder.com\/es\/wp-json\/wp\/v2\/product_cat?post=12876"},{"taxonomy":"product_tag","embeddable":true,"href":"https:\/\/hi-techwonder.com\/es\/wp-json\/wp\/v2\/product_tag?post=12876"}],"curies":[{"name":"wp","href":"https:\/\/api.w.org\/{rel}","templated":true}]}}