{"id":12879,"date":"2025-07-23T23:33:33","date_gmt":"2025-07-23T23:33:33","guid":{"rendered":"https:\/\/fv6qoy3ls0.wpdns.site\/produto\/nisi-starter-kit-m75-ii-c-true-color-cpl\/"},"modified":"2026-04-06T13:00:21","modified_gmt":"2026-04-06T12:00:21","slug":"nisi-starter-kit-m75-ii-c-true-color-cpl","status":"publish","type":"product","link":"https:\/\/hi-techwonder.com\/es\/producto\/nisi-starter-kit-m75-ii-c-true-color-cpl\/","title":{"rendered":"NiSi Starter Kit M75-II c\/True Color CPL"},"content":{"rendered":"<blockquote>\n<h3>NiSi Starter Kit M75-II c\/True Color CPL<\/h3>\n<\/blockquote>\n<p><iframe loading=\"lazy\" title=\"Nisi Kit Soporte M75-II con Polarizador True Color NC CPL\" width=\"500\" height=\"281\" src=\"https:\/\/www.youtube.com\/embed\/-dii7Eysb5E?feature=oembed\" frameborder=\"0\" allow=\"accelerometer; autoplay; clipboard-write; encrypted-media; gyroscope; picture-in-picture; web-share\" referrerpolicy=\"strict-origin-when-cross-origin\" allowfullscreen><\/iframe><\/p>\n<p>Descubra o Starter Kit M75-II c\/True Color CPL, uma solu\u00e7\u00e3o abrangente para fot\u00f3grafos que procuram o m\u00e1ximo controlo sobre as suas imagens. Este kit inclui o aclamado Sistema dePorta-Filtros NiSi M75-II 75mm com True Color NC CPL e um trio de filtros essenciais para expandir drasticamente o seu potencial criativo.<\/p>\n<p>No cora\u00e7\u00e3o deste kit est\u00e1 o porta-filtros NiSi M75-II, celebrado pela sua engenharia de precis\u00e3o e caracter\u00edsticas inovadoras. Projetado a partir de alum\u00ednio de grau de aeron\u00e1utica com meticulosa usinagem CNC, o suporte possui um acabamento preto fosco para reduzir os reflexos, garantindo que as suas imagens permane\u00e7am realistas. Acomoda at\u00e9 dois filtros de 75 mm de largura e 2 mm de espessura em simult\u00e2neo com o filtro polarizador circular True Color inclu\u00eddo, revolucionando a forma como capta o mundo.<\/p>\n<h4>Cont\u00e9m:<\/h4>\n<ul>\n<li>Filtro Nano IR ND64 (6 stops) 75mm para tempos de exposi\u00e7\u00e3o alargados em condi\u00e7\u00f5es de luminosidade, permitindo-lhe captar movimentos suaves da \u00e1gua e das nuvens sem sobre-exposi\u00e7\u00e3o<\/li>\n<li>Filtro Nano IR ND1000 (10 stops) 75mm, ideal para fotografias de exposi\u00e7\u00e3o muito longa, permitindo-lhe transformar cenas agitadas em paisagens serenas.<\/li>\n<li>Filtro ND Graduado Medium GND8 (3 stops) 75mm, perfeito para equilibrar a exposi\u00e7\u00e3o entre o c\u00e9u e o primeiro plano, proporcionando imagens uniformemente expostas mesmo em condi\u00e7\u00f5es de ilumina\u00e7\u00e3o dif\u00edceis.<\/li>\n<li>Bolsa de armazenamento, concebida para uma f\u00e1cil organiza\u00e7\u00e3o e transporte do seu sistema de filtros.<\/li>\n<li>Pano de Limpeza<\/li>\n<li>Clever Cleaner<\/li>\n<\/ul>\n<p><img loading=\"lazy\" decoding=\"async\" class=\"alignnone wp-image-28769\" src=\"https:\/\/hi-techwonder.com\/wp-content\/themes\/woodmart\/images\/lazy.svg\" data-src=\"https:\/\/nisioptics.pt\/wp-content\/uploads\/2024\/05\/M75II-Starter2-1024x469.jpg\" alt=\"\" width=\"752\" height=\"344\"><\/p>\n<p>Com este starter kit, os fot\u00f3grafos podem adaptar-se sem esfor\u00e7o a condi\u00e7\u00f5es de ilumina\u00e7\u00e3o vari\u00e1veis, obter efeitos de longa exposi\u00e7\u00e3o e equilibrar exposi\u00e7\u00f5es dif\u00edceis. \u00c9 um conjunto ideal para fotografia de paisagem, paisagem mar\u00edtima e arquitetura, onde a precis\u00e3o e a flexibilidade s\u00e3o fundamentais. Abrace todo o potencial da sua criatividade com o Kit Inicial de Suporte de Filtro NiSi M75-II 75mm, a sua solu\u00e7\u00e3o tudo-em-um para uma express\u00e3o fotogr\u00e1fica avan\u00e7ada.<\/p>\n<p><span style=\"text-decoration: underline;\">Algumas lentes APS-C a 10mm podem ter uma ligeira vinheta, mas geralmente desaparece a 11mm.<\/span><\/p>\n<p>An\u00e9is adaptadores adicionais para 40,5 mm, 43 mm, 46 mm, 49 mm, 52 mm, 55 mm, 58 mm e 62 mm s\u00e3o vendidos em separado.<\/p>\n<p>Descobre mais sobre o nosso\u00a0<a href=\"https:\/\/nisioptics.pt\/categoria\/descobre\/descobre-sistema-75mm\/\" target=\"_blank\" rel=\"noopener\">sistema de 75mm.<\/a><\/p>\n","protected":false},"excerpt":{"rendered":"<ul>\n<li>Porta-filtros NiSi M75-II com True Color NC CPL<\/li>\n<li>Permite acomodar at\u00e9 dois filtros de 75 mm<\/li>\n<li>Filtros ND64, ND1000, e GND8<\/li>\n<li>Concebido para c\u00e2maras APS-C\/M43<\/li>\n<\/ul>\n","protected":false},"featured_media":11640,"comment_status":"closed","ping_status":"closed","template":"","meta":{"_acf_changed":false},"product_brand":[2543],"product_cat":[1054],"product_tag":[],"class_list":{"0":"post-12879","1":"product","2":"type-product","3":"status-publish","4":"has-post-thumbnail","6":"product_brand-nisioptics-es","7":"product_cat-accesorios-75mm","9":"first","10":"instock","11":"taxable","12":"shipping-taxable","13":"purchasable","14":"product-type-simple"},"bundled_by":[],"bundle_stock_status":"instock","bundle_stock_quantity":1,"bundle_virtual":false,"bundle_layout":"","bundle_add_to_cart_form_location":"","bundle_editable_in_cart":false,"bundle_sold_individually_context":"","bundle_item_grouping":"","bundle_min_size":"","bundle_max_size":"","bundle_price":[],"bundled_items":[],"bundle_sell_ids":[],"acf":[],"_links":{"self":[{"href":"https:\/\/hi-techwonder.com\/es\/wp-json\/wp\/v2\/product\/12879","targetHints":{"allow":["GET"]}}],"collection":[{"href":"https:\/\/hi-techwonder.com\/es\/wp-json\/wp\/v2\/product"}],"about":[{"href":"https:\/\/hi-techwonder.com\/es\/wp-json\/wp\/v2\/types\/product"}],"replies":[{"embeddable":true,"href":"https:\/\/hi-techwonder.com\/es\/wp-json\/wp\/v2\/comments?post=12879"}],"wp:featuredmedia":[{"embeddable":true,"href":"https:\/\/hi-techwonder.com\/es\/wp-json\/wp\/v2\/media\/11640"}],"wp:attachment":[{"href":"https:\/\/hi-techwonder.com\/es\/wp-json\/wp\/v2\/media?parent=12879"}],"wp:term":[{"taxonomy":"product_brand","embeddable":true,"href":"https:\/\/hi-techwonder.com\/es\/wp-json\/wp\/v2\/product_brand?post=12879"},{"taxonomy":"product_cat","embeddable":true,"href":"https:\/\/hi-techwonder.com\/es\/wp-json\/wp\/v2\/product_cat?post=12879"},{"taxonomy":"product_tag","embeddable":true,"href":"https:\/\/hi-techwonder.com\/es\/wp-json\/wp\/v2\/product_tag?post=12879"}],"curies":[{"name":"wp","href":"https:\/\/api.w.org\/{rel}","templated":true}]}}