{"id":12880,"date":"2025-07-23T23:33:33","date_gmt":"2025-07-23T23:33:33","guid":{"rendered":"https:\/\/fv6qoy3ls0.wpdns.site\/produto\/nisi-professional-kit-m75-ii-c-true-color-cpl\/"},"modified":"2026-04-06T13:00:24","modified_gmt":"2026-04-06T12:00:24","slug":"nisi-professional-kit-m75-ii-c-true-color-cpl","status":"publish","type":"product","link":"https:\/\/hi-techwonder.com\/es\/producto\/nisi-professional-kit-m75-ii-c-true-color-cpl\/","title":{"rendered":"NiSi Professional Kit M75-II c\/True Color CPL"},"content":{"rendered":"\n<h2 id=\"wd-303bb3a6\" class=\"wp-block-wd-title title\"><strong>NiSi Professional Kit M75-II c\/True Color CPL<\/strong><\/h2>\n\n<div id=\"wd-816638b5\" class=\"wp-block-wd-video wd-el-video wd-action-without wd-video-external wd-with-aspect-ratio wd-custom-width\"><iframe allowfullscreen=\"\" allow=\"accelerometer; autoplay; encrypted-media; gyroscope; picture-in-picture\" width=\"100%\" height=\"100%\" loading=\"lazy\" src=\"https:\/\/www.youtube.com\/embed\/-dii7Eysb5E?feature=oembed&amp;controls=1\"><\/iframe><\/div>\n\n<p id=\"wd-c5b59bdf\" class=\"wp-block-wd-paragraph\">Entre no reino da fotografia profissional com o Kit Profissional NiSi M75-II 75mm com True Color NC CPL, um conjunto de elite que ultrapassa o Kit Avan\u00e7ado, incorporando um filtro GND Reverse, estabelecendo uma nova refer\u00eancia para solu\u00e7\u00f5es de filtragem abrangentes.<\/p>\n\n<p id=\"wd-ebb87653\" class=\"wp-block-wd-paragraph\">Este kit \u00e9 o ep\u00edtome da excel\u00eancia, meticulosamente montado para fot\u00f3grafos que n\u00e3o se contentam com nada al\u00e9m do melhor, aumentando o seu \u00e2mbito criativo com ferramentas de engenharia de precis\u00e3o para captar a beleza inigual\u00e1vel do mundo.<\/p>\n\n<p id=\"wd-19fb57ea\" class=\"wp-block-wd-paragraph\">A pedra angular deste kit \u00e9 o porta-filtros NiSi M75-II, um testemunho de uma qualidade artesanal superior. Constru\u00eddo a partir de alum\u00ednio de primeira qualidade para avia\u00e7\u00e3o com maquina\u00e7\u00e3o CNC exigente, o seu acabamento em preto mate minimiza drasticamente os reflexos. Este suporte acomoda at\u00e9 dois filtros de 75 mm de largura e 2 mm de espessura, para al\u00e9m do filtro polarizador circular True Color inclu\u00eddo, revolucionando os seus esfor\u00e7os fotogr\u00e1ficos<\/p>\n\n<div class=\"wp-block-media-text has-media-on-the-right is-stacked-on-mobile\" style=\"grid-template-columns:auto 25%\"><div class=\"wp-block-media-text__content\">\n<h4 id=\"wd-29ebc6f0\" class=\"wp-block-wd-title title\">Cont\u00e9m:<\/h4>\n\n\n\n<ul class=\"wp-block-list\">\n<li>Clever Cleaner<\/li>\n\n\n\n<li>Filtro Nano IR ND64 (6 stops) 75mm para tempos de exposi\u00e7\u00e3o alargados em condi\u00e7\u00f5es de luminosidade, permitindo-lhe captar movimentos suaves da \u00e1gua e das nuvens sem sobre-exposi\u00e7\u00e3o<\/li>\n\n\n\n<li>Filtro Nano IR ND1000 (10 stops) 75mm, ideal para fotografias de exposi\u00e7\u00e3o muito longa, permitindo-lhe transformar cenas agitadas em paisagens serenas.<\/li>\n\n\n\n<li>Filtro ND Graduado Medium GND8 (3 stops) 75mm, perfeito para equilibrar a exposi\u00e7\u00e3o entre o c\u00e9u e o primeiro plano, proporcionando imagens uniformemente expostas mesmo em condi\u00e7\u00f5es de ilumina\u00e7\u00e3o dif\u00edceis.<\/li>\n\n\n\n<li>Filtro ND Graduado Reverse GND8 (3 stops) 75mm: Engenhosamente concebido para lidar com cenas desafiantes do nascer ou do p\u00f4r do sol, onde a luz mais brilhante est\u00e1 perto do horizonte, garantindo uma exposi\u00e7\u00e3o uniforme em todo o enquadramento.<\/li>\n\n\n\n<li>Filtro Natural Night: Especificamente concebido para reduzir a polui\u00e7\u00e3o luminosa no c\u00e9u noturno e na fotografia urbana, este filtro permite obter paisagens nocturnas mais n\u00edtidas e de aspeto mais natural.<\/li>\n\n\n\n<li>Bolsa de armazenamento, concebida para uma f\u00e1cil organiza\u00e7\u00e3o e transporte do seu sistema de filtros.<\/li>\n\n\n\n<li>Pano de Limpeza<\/li>\n<\/ul>\n<\/div><figure class=\"wp-block-media-text__media\"><img decoding=\"async\" src=\"https:\/\/hi-techwonder.com\/wp-content\/themes\/woodmart\/images\/lazy.svg\" data-src=\"https:\/\/nisioptics.pt\/wp-content\/uploads\/2024\/05\/M75-II-Pro-1024x1024.jpg\" alt=\"\" class=\"wp-image-28843 size-full\"><\/figure><\/div>\n\n<p id=\"wd-d405422c\" class=\"wp-block-wd-paragraph\">Este Kit Profissional \u00e9 a melhor escolha para aqueles que se dedicam \u00e0 arte da fotografia de paisagem, paisagem mar\u00edtima e arquitetura, proporcionando uma precis\u00e3o e adaptabilidade inigual\u00e1veis. Eleve o seu of\u00edcio e explore o vasto potencial da sua criatividade com o NiSi Kit Professional M75-II 75mm .<\/p>\n\n<p id=\"wd-1f847fbc\" class=\"wp-block-wd-paragraph\">Nota: Algumas lentes APS-C em 10mm podem mostrar vinheta menor, normalmente resolvendo por 11mm.<\/p>\n\n<p id=\"wd-e0e9efe7\" class=\"wp-block-wd-paragraph\">An\u00e9is adaptadores adicionais para 40.5mm, 43mm, 46mm, 49mm, 52mm, 55mm, 58mm, e 62mm est\u00e3o dispon\u00edveis separadamente, assegurando a compatibilidade com uma vasta gama de lentes.<\/p>\n","protected":false},"excerpt":{"rendered":"<ul>\n<li>Porta-filtros NiSi M75-II com True Color NC CPL<\/li>\n<li>Permite acomodar at\u00e9 dois filtros de 75 mm<\/li>\n<li>Filtros ND64, ND1000, GND8, Reverse GND8 e Natural Night<\/li>\n<li>Concebido para c\u00e2maras APS-C\/M43<\/li>\n<\/ul>\n","protected":false},"featured_media":11643,"comment_status":"closed","ping_status":"open","template":"","meta":{"_acf_changed":false},"product_brand":[2543],"product_cat":[1054],"product_tag":[],"class_list":{"0":"post-12880","1":"product","2":"type-product","3":"status-publish","4":"has-post-thumbnail","6":"product_brand-nisioptics-es","7":"product_cat-accesorios-75mm","9":"first","10":"pre-order","11":"taxable","12":"shipping-taxable","13":"purchasable","14":"product-type-simple"},"bundled_by":[],"bundle_stock_status":"pre-order","bundle_stock_quantity":null,"bundle_virtual":false,"bundle_layout":"","bundle_add_to_cart_form_location":"","bundle_editable_in_cart":false,"bundle_sold_individually_context":"","bundle_item_grouping":"","bundle_min_size":"","bundle_max_size":"","bundle_price":[],"bundled_items":[],"bundle_sell_ids":[],"acf":[],"_links":{"self":[{"href":"https:\/\/hi-techwonder.com\/es\/wp-json\/wp\/v2\/product\/12880","targetHints":{"allow":["GET"]}}],"collection":[{"href":"https:\/\/hi-techwonder.com\/es\/wp-json\/wp\/v2\/product"}],"about":[{"href":"https:\/\/hi-techwonder.com\/es\/wp-json\/wp\/v2\/types\/product"}],"replies":[{"embeddable":true,"href":"https:\/\/hi-techwonder.com\/es\/wp-json\/wp\/v2\/comments?post=12880"}],"wp:featuredmedia":[{"embeddable":true,"href":"https:\/\/hi-techwonder.com\/es\/wp-json\/wp\/v2\/media\/11643"}],"wp:attachment":[{"href":"https:\/\/hi-techwonder.com\/es\/wp-json\/wp\/v2\/media?parent=12880"}],"wp:term":[{"taxonomy":"product_brand","embeddable":true,"href":"https:\/\/hi-techwonder.com\/es\/wp-json\/wp\/v2\/product_brand?post=12880"},{"taxonomy":"product_cat","embeddable":true,"href":"https:\/\/hi-techwonder.com\/es\/wp-json\/wp\/v2\/product_cat?post=12880"},{"taxonomy":"product_tag","embeddable":true,"href":"https:\/\/hi-techwonder.com\/es\/wp-json\/wp\/v2\/product_tag?post=12880"}],"curies":[{"name":"wp","href":"https:\/\/api.w.org\/{rel}","templated":true}]}}