{"id":12891,"date":"2025-07-23T23:34:57","date_gmt":"2025-07-23T23:34:57","guid":{"rendered":"https:\/\/fv6qoy3ls0.wpdns.site\/produto\/nisi-athena-filtro-trasero-transparente-p-pl-mount\/"},"modified":"2026-04-06T13:09:05","modified_gmt":"2026-04-06T12:09:05","slug":"nisi-athena-filtro-trasero-transparente-p-pl-mount","status":"publish","type":"product","link":"https:\/\/hi-techwonder.com\/es\/producto\/nisi-athena-filtro-trasero-transparente-p-pl-mount\/","title":{"rendered":"NiSi ATHENA Filtro Trasero Transparente p\/PL-Mount"},"content":{"rendered":"<h3><strong>NiSi ATHENA Filtro Traseiro Clear p\/PL-Mount<\/strong><\/h3>\n<p>Experimente o que h\u00e1 de mais moderno em prote\u00e7\u00e3o de lentes sem comprometer a qualidade da imagem com o Filtro Traseiro NiSi ATHENA Clear, habilmente criado para as Lentes de Montagem ATHENA PL. Esse filtro transparente de alta qualidade \u00e9 uma ferramenta essencial para cineastas que precisam de uma vis\u00e3o inalterada, protegendo seus valiosos elementos de lente contra poeira, arranh\u00f5es e riscos ambientais.<\/p>\n<p>Embora o filtro transparente ATHENA seja inclu\u00eddo como padr\u00e3o em cada compra de uma lente NiSi ATHENA PL, este filtro de substitui\u00e7\u00e3o adicional est\u00e1 prontamente dispon\u00edvel para compra para garantir que a sua lente tem sempre a prote\u00e7\u00e3o de que necessita.<\/p>\n<h4>As principais caracter\u00edsticas incluem:<\/h4>\n<ul>\n<li>O filtro ATHENA Clear oferece uma prote\u00e7\u00e3o superior para a sua lente contra elementos externos, assegurando que a sua lente se mant\u00e9m em perfeitas condi\u00e7\u00f5es sem afetar a qualidade da imagem.<\/li>\n<li>Designado para ser ultra-claro, este filtro n\u00e3o altera a cor, a intensidade ou o espetro da luz que passa, garantindo que as suas imagens mant\u00eam a sua verdadeira fidelidade e nitidez em todas as condi\u00e7\u00f5es de fotografia.<\/li>\n<li>Especificamente concebido para um ajuste perfeito com as objectivas NiSi ATHENA PL Mount, este filtro de montagem traseira integra-se perfeitamente, mantendo um alinhamento perfeito e uma qualidade de imagem sem compromissos.<\/li>\n<li>A embalagem do filtro inclui uma ferramenta inovadora com um design de tampa de suc\u00e7\u00e3o, permitindo mudan\u00e7as de filtro r\u00e1pidas, f\u00e1ceis e limpas. Isto garante que a superf\u00edcie da objetiva permanece intacta e limpa, sem impress\u00f5es digitais ou manchas durante as trocas.<\/li>\n<li>Constru\u00eddo com materiais \u00f3pticos de primeira qualidade, o filtro ATHENA Clear foi concebido para suportar as exig\u00eancias da utiliza\u00e7\u00e3o profissional, apresentando baixa reflex\u00e3o e excecional resist\u00eancia a riscos.<\/li>\n<li>Proteja o seu investimento e mantenha a integridade das suas imagens com o Filtro Traseiro NiSi ATHENA Clear. Este acess\u00f3rio essencial n\u00e3o s\u00f3 protege a sua lente, como tamb\u00e9m preserva a beleza natural e a clareza dos seus projectos cinematogr\u00e1ficos.<\/li>\n<\/ul>\n<p>Eleve o n\u00edvel da sua produ\u00e7\u00e3o cinematogr\u00e1fica com o NiSi ATHENA Clear Filter &#8211; onde a prote\u00e7\u00e3o imaculada se encontra com a express\u00e3o clara e criativa em cada filmagem. Experimente o brilho inalterado na sua pr\u00f3xima produ\u00e7\u00e3o.<\/p>\n<p><a href=\"\/?product_cat=objectivas-athena-prime\"><img loading=\"lazy\" decoding=\"async\" class=\"alignnone wp-image-28973\" src=\"https:\/\/hi-techwonder.com\/wp-content\/themes\/woodmart\/images\/lazy.svg\" data-src=\"https:\/\/nisioptics.pt\/wp-content\/uploads\/2024\/05\/DSC00190-scaled.jpg\" alt=\"\" width=\"752\" height=\"501\"><\/a><\/p>\n<p><a href=\"\/?product_cat=objectivas-athena-prime\">Conhe\u00e7a a linha Athena Prime.<\/a><\/p>\n<p>&nbsp;<\/p>\n","protected":false},"excerpt":{"rendered":"<ul>\n<li>Protege a lente contra poeira, riscos e fatores ambientais sem comprometer a qualidade da imagem.<\/li>\n<li>N\u00e3o altera a cor, a intensidade ou a qualidade da luz que passa, preservando a clareza e a nitidez da imagem.<\/li>\n<li>Especificamente concebido para uma integra\u00e7\u00e3o perfeita com as lentes de montagem NiSi ATHENA PL, garantindo um alinhamento e desempenho \u00f3ptimos.<\/li>\n<li>Inclui uma ferramenta de ventosa para mudan\u00e7as de filtro simples, limpas e sem impress\u00f5es digitais, mantendo a limpeza da lente.<\/li>\n<\/ul>\n","protected":false},"featured_media":11670,"comment_status":"closed","ping_status":"closed","template":"","meta":{"_acf_changed":false},"product_brand":[2543],"product_cat":[1061],"product_tag":[],"class_list":{"0":"post-12891","1":"product","2":"type-product","3":"status-publish","4":"has-post-thumbnail","6":"product_brand-nisioptics-es","7":"product_cat-filtros-de-cinema-es","9":"first","10":"instock","11":"taxable","12":"shipping-taxable","13":"purchasable","14":"product-type-simple"},"bundled_by":[],"bundle_stock_status":"instock","bundle_stock_quantity":1,"bundle_virtual":false,"bundle_layout":"","bundle_add_to_cart_form_location":"","bundle_editable_in_cart":false,"bundle_sold_individually_context":"","bundle_item_grouping":"","bundle_min_size":"","bundle_max_size":"","bundle_price":[],"bundled_items":[],"bundle_sell_ids":[],"acf":[],"_links":{"self":[{"href":"https:\/\/hi-techwonder.com\/es\/wp-json\/wp\/v2\/product\/12891","targetHints":{"allow":["GET"]}}],"collection":[{"href":"https:\/\/hi-techwonder.com\/es\/wp-json\/wp\/v2\/product"}],"about":[{"href":"https:\/\/hi-techwonder.com\/es\/wp-json\/wp\/v2\/types\/product"}],"replies":[{"embeddable":true,"href":"https:\/\/hi-techwonder.com\/es\/wp-json\/wp\/v2\/comments?post=12891"}],"wp:featuredmedia":[{"embeddable":true,"href":"https:\/\/hi-techwonder.com\/es\/wp-json\/wp\/v2\/media\/11670"}],"wp:attachment":[{"href":"https:\/\/hi-techwonder.com\/es\/wp-json\/wp\/v2\/media?parent=12891"}],"wp:term":[{"taxonomy":"product_brand","embeddable":true,"href":"https:\/\/hi-techwonder.com\/es\/wp-json\/wp\/v2\/product_brand?post=12891"},{"taxonomy":"product_cat","embeddable":true,"href":"https:\/\/hi-techwonder.com\/es\/wp-json\/wp\/v2\/product_cat?post=12891"},{"taxonomy":"product_tag","embeddable":true,"href":"https:\/\/hi-techwonder.com\/es\/wp-json\/wp\/v2\/product_tag?post=12891"}],"curies":[{"name":"wp","href":"https:\/\/api.w.org\/{rel}","templated":true}]}}