{"id":12892,"date":"2025-07-23T23:34:57","date_gmt":"2025-07-23T23:34:57","guid":{"rendered":"https:\/\/fv6qoy3ls0.wpdns.site\/produto\/nisi-athena-filtro-traseiro-fs-nd-p-pl-mount\/"},"modified":"2026-04-06T17:22:06","modified_gmt":"2026-04-06T16:22:06","slug":"nisi-athena-filtro-traseiro-fs-nd-p-pl-mount","status":"publish","type":"product","link":"https:\/\/hi-techwonder.com\/es\/producto\/nisi-athena-filtro-traseiro-fs-nd-p-pl-mount\/","title":{"rendered":"NiSi ATHENA Filtro Traseiro FS ND p\/PL-Mount"},"content":{"rendered":"<h3><strong>NiSi ATHENA Filtro Traseiro FS ND p\/PL-Mount<\/strong><\/h3>\n<p>Liberte todo o potencial da sua cinematografia com o filtro traseiro NiSi ATHENA FS ND, concebido com precis\u00e3o para as lentes de montagem ATHENA PL. Este filtro de densidade neutra (ND) de espetro total de alto desempenho \u00e9 uma ferramenta essencial para cineastas que desejam gerir a exposi\u00e7\u00e3o de luz e aprimorar a arte das suas filmagens, mesmo em condi\u00e7\u00f5es de ilumina\u00e7\u00e3o intensa.<\/p>\n<h4>As principais caracter\u00edsticas incluem<\/h4>\n<ul>\n<li>Os nossos filtros FS ND reduzem a luz que entra na objetiva em pontos precisos, permitindo velocidades do obturador mais lentas e aberturas maiores. Este controlo torna-os ideais para obter uma desfocagem cinematogr\u00e1fica em motivos em movimento e um maior controlo da profundidade de campo, mesmo em condi\u00e7\u00f5es de luminosidade dif\u00edceis.<\/li>\n<li>Designado para manter a fidelidade em todo o espetro de cores, este filtro garante que nenhuma mudan\u00e7a de cor perturbe a autenticidade das imagens captadas, proporcionando resultados realistas que requerem um p\u00f3s-processamento m\u00ednimo.<\/li>\n<li>Este filtro de montagem traseira foi concebido especificamente para uma compatibilidade perfeita com as lentes NiSi ATHENA PL Mount, mantendo o alinhamento e a qualidade de imagem ideais.<\/li>\n<li>O filtro \u00e9 fornecido com uma ferramenta com um design de suc\u00e7\u00e3o. Este design permite mudan\u00e7as de filtro r\u00e1pidas e f\u00e1ceis diretamente na lente sem deixar impress\u00f5es digitais, assegurando que a sua lente permanece intacta.<\/li>\n<li>Fabricado com materiais \u00f3pticos de primeira qualidade, o filtro foi concebido para suportar os rigores da utiliza\u00e7\u00e3o profissional, oferecendo um revestimento Multi Ti Nano com baixo reflexo e resist\u00eancia anti-riscos.<\/li>\n<\/ul>\n<p><img loading=\"lazy\" decoding=\"async\" class=\"alignnone wp-image-28977\" src=\"https:\/\/hi-techwonder.com\/wp-content\/themes\/woodmart\/images\/lazy.svg\" data-src=\"https:\/\/nisioptics.pt\/wp-content\/uploads\/2024\/05\/DSC00209-scaled.jpg\" alt=\"\" width=\"752\" height=\"501\"><\/p>\n<p>Melhore a sua narrativa visual com os filtros traseiros NiSi ATHENA FS ND PL. Esta ferramenta expande as suas possibilidades criativas atrav\u00e9s do controlo da exposi\u00e7\u00e3o \u00e0 luz e preserva a qualidade e a cor das suas cenas. \u00c9 perfeito para cineastas que exigem precis\u00e3o e flexibilidade no seu trabalho.<\/p>\n<p><a href=\"https:\/\/nisioptics.pt\/categoria\/cinema\/objectivas-athena-prime\/\" target=\"_blank\" rel=\"noopener\">Conhe\u00e7a a linha Athena Prime.<\/a><\/p>\n","protected":false},"excerpt":{"rendered":"<ul>\n<li>Os filtros NiSi ATHENA FS ND para montagem PL foram concebidos para atenuar a luz uniformemente em todo o espetro vis\u00edvel, minimizando as mudan\u00e7as de cor e proporcionando imagens realistas com uma nitidez excecional.<\/li>\n<li>Este filtro permite-lhe utilizar velocidades do obturador mais lentas e aberturas mais amplas, perfeitas para captar a desfocagem do movimento e a profundidade em ambientes luminosos.<\/li>\n<li>Designado especificamente para compatibilidade com as objectivas ATHENA PL Mount da NiSi, este filtro traseiro oferece um ajuste confort\u00e1vel e seguro, garantindo uma instala\u00e7\u00e3o f\u00e1cil sem perturbar o alinhamento da objetiva ou a qualidade da imagem.<\/li>\n<li>Constru\u00eddo a partir de materiais \u00f3pticos de alta qualidade, o filtro promete uma durabilidade e resist\u00eancia excepcionais a riscos e impactos, mantendo a sua efic\u00e1cia em cen\u00e1rios de capta\u00e7\u00e3o dif\u00edceis.<\/li>\n<li>Cada filtro vem equipado com uma ferramenta de ventosa personalizada que simplifica o processo de troca ou ajuste do filtro diretamente na lente, garantindo uma experi\u00eancia sem complica\u00e7\u00f5es para os realizadores em movimento.<\/li>\n<\/ul>\n","protected":false},"featured_media":11683,"comment_status":"closed","ping_status":"closed","template":"","meta":{"_acf_changed":false},"product_brand":[2543],"product_cat":[1061],"product_tag":[],"class_list":{"0":"post-12892","1":"product","2":"type-product","3":"status-publish","4":"has-post-thumbnail","6":"product_brand-nisioptics-es","7":"product_cat-filtros-de-cinema-es","8":"pa_densidade-nd128-7-stop-es","9":"pa_densidade-nd16-4-stop-es","10":"pa_densidade-nd2-1-stop-es","11":"pa_densidade-nd256-8-stops-es","12":"pa_densidade-nd32-5stop-es","13":"pa_densidade-nd4-2-stop-es","14":"pa_densidade-nd64-6-stop-es","15":"pa_densidade-nd8-3-stop-es","17":"first","18":"instock","19":"taxable","20":"shipping-taxable","21":"purchasable","22":"product-type-variable"},"bundled_by":[],"bundle_stock_status":"instock","bundle_stock_quantity":null,"bundle_virtual":false,"bundle_layout":"","bundle_add_to_cart_form_location":"","bundle_editable_in_cart":false,"bundle_sold_individually_context":"","bundle_item_grouping":"","bundle_min_size":"","bundle_max_size":"","bundle_price":[],"bundled_items":[],"bundle_sell_ids":[],"acf":[],"_links":{"self":[{"href":"https:\/\/hi-techwonder.com\/es\/wp-json\/wp\/v2\/product\/12892","targetHints":{"allow":["GET"]}}],"collection":[{"href":"https:\/\/hi-techwonder.com\/es\/wp-json\/wp\/v2\/product"}],"about":[{"href":"https:\/\/hi-techwonder.com\/es\/wp-json\/wp\/v2\/types\/product"}],"replies":[{"embeddable":true,"href":"https:\/\/hi-techwonder.com\/es\/wp-json\/wp\/v2\/comments?post=12892"}],"wp:featuredmedia":[{"embeddable":true,"href":"https:\/\/hi-techwonder.com\/es\/wp-json\/wp\/v2\/media\/11683"}],"wp:attachment":[{"href":"https:\/\/hi-techwonder.com\/es\/wp-json\/wp\/v2\/media?parent=12892"}],"wp:term":[{"taxonomy":"product_brand","embeddable":true,"href":"https:\/\/hi-techwonder.com\/es\/wp-json\/wp\/v2\/product_brand?post=12892"},{"taxonomy":"product_cat","embeddable":true,"href":"https:\/\/hi-techwonder.com\/es\/wp-json\/wp\/v2\/product_cat?post=12892"},{"taxonomy":"product_tag","embeddable":true,"href":"https:\/\/hi-techwonder.com\/es\/wp-json\/wp\/v2\/product_tag?post=12892"}],"curies":[{"name":"wp","href":"https:\/\/api.w.org\/{rel}","templated":true}]}}