{"id":12901,"date":"2025-07-23T23:34:57","date_gmt":"2025-07-23T23:34:57","guid":{"rendered":"https:\/\/fv6qoy3ls0.wpdns.site\/produto\/nisi-athena-filtro-traseiro-black-mist-p-pl-mount\/"},"modified":"2026-04-06T17:22:10","modified_gmt":"2026-04-06T16:22:10","slug":"nisi-athena-filtro-traseiro-black-mist-p-pl-mount","status":"publish","type":"product","link":"https:\/\/hi-techwonder.com\/es\/producto\/nisi-athena-filtro-traseiro-black-mist-p-pl-mount\/","title":{"rendered":"NiSi ATHENA Filtro Traseiro Black Mist p\/PL-Mount"},"content":{"rendered":"<h3><strong>NiSi ATHENA Filtro Traseiro Black Mist p\/PL-Mount<\/strong><\/h3>\n<p>Eleve a sua cinematografia para o pr\u00f3ximo n\u00edvel com o Filtro Traseiro NiSi ATHENA Black Mist, habilmente concebido para as Lentes de Montagem ATHENA PL. Este filtro Black Mist de alta qualidade \u00e9 uma ferramenta indispens\u00e1vel para os cineastas que procuram suavizar a nitidez indesejada e adicionar um brilho cinematogr\u00e1fico aos seus visuais, tudo isto enquanto gerem a exposi\u00e7\u00e3o \u00e0 luz de forma eficaz, mesmo em ambientes muito iluminados.<\/p>\n<h4>Caracter\u00edsticas principais:<\/h4>\n<ul>\n<li>O filtro ATHENA Black Mist suaviza suavemente as arestas vivas e reduz o aparecimento de rugas e manchas, conferindo uma qualidade cinematogr\u00e1fica de sonho \u00e0s suas filmagens. Esta difus\u00e3o subtil cria um brilho m\u00e1gico \u00e0 volta das fontes de luz e um ligeiro efeito de aur\u00e9ola, perfeito para cenas &#8220;moody&#8221; e ambientes com luz suave.<\/li>\n<li>Este filtro difunde a luz forte sem afetar o equil\u00edbrio geral de cores da cena, permitindo um maior controlo sobre as condi\u00e7\u00f5es de ilumina\u00e7\u00e3o ambiente e melhorando a profundidade visual sem qualquer altera\u00e7\u00e3o de cor.<\/li>\n<li>Especificamente concebido para se adaptar \u00e0s objectivas de montagem ATHENA PL, este filtro de montagem posterior assegura um ajuste perfeito e uma integra\u00e7\u00e3o perfeita, mantendo um alinhamento perfeito e uma qualidade de imagem imaculada.<\/li>\n<li>O filtro inclui uma ferramenta de tampa de suc\u00e7\u00e3o especialmente concebida para uma instala\u00e7\u00e3o e remo\u00e7\u00e3o f\u00e1ceis e sem impress\u00f5es digitais. Isto garante que a superf\u00edcie da objetiva se mant\u00e9m limpa e imaculada, mesmo durante mudan\u00e7as r\u00e1pidas no local de filmagem.<\/li>\n<li>Fabricado com materiais \u00f3pticos de alta qualidade, o filtro ATHENA Black Mist possui um revestimento multi Ti Nano para baixa reflex\u00e3o e excecional resist\u00eancia a arranh\u00f5es, garantindo durabilidade e confiabilidade em ambientes profissionais exigentes.<\/li>\n<\/ul>\n<p>Experimente uma transforma\u00e7\u00e3o na sua produ\u00e7\u00e3o cinematogr\u00e1fica com o Filtro PL Traseiro NiSi ATHENA Black Mist. Este acess\u00f3rio essencial n\u00e3o s\u00f3 acrescenta uma qualidade bela e et\u00e9rea aos seus visuais, como tamb\u00e9m garante resultados consistentes e de alta qualidade em v\u00e1rias condi\u00e7\u00f5es de ilumina\u00e7\u00e3o. \u00c9 perfeito para cineastas que d\u00e3o prioridade \u00e0 express\u00e3o art\u00edstica e \u00e0 excel\u00eancia t\u00e9cnica.<\/p>\n<p><img loading=\"lazy\" decoding=\"async\" class=\"alignnone wp-image-29016\" src=\"https:\/\/hi-techwonder.com\/wp-content\/themes\/woodmart\/images\/lazy.svg\" data-src=\"https:\/\/nisioptics.pt\/wp-content\/uploads\/2024\/05\/DSC00196-1-scaled.jpg\" alt=\"\" width=\"752\" height=\"501\"><\/p>\n<p>Revolucione a sua narrativa visual com o filtro ATHENA Black Mist da NiSi &#8211; onde a suavidade aumenta a profundidade e a criatividade capta todas as emo\u00e7\u00f5es. Mergulhe na experi\u00eancia cinematogr\u00e1fica na sua pr\u00f3xima produ\u00e7\u00e3o!<\/p>\n<p><img loading=\"lazy\" decoding=\"async\" class=\"alignnone wp-image-28013\" src=\"https:\/\/hi-techwonder.com\/wp-content\/themes\/woodmart\/images\/lazy.svg\" data-src=\"https:\/\/nisioptics.pt\/wp-content\/uploads\/2024\/01\/Black-Mist-Kit-8-e1716472605443.jpg\" alt=\"\" width=\"752\" height=\"435\"><\/p>\n<p><a href=\"https:\/\/nisioptics.pt\/categoria\/cinema\/objectivas-athena-prime\/\" target=\"_blank\" rel=\"noopener\">Conhe\u00e7a a linha Athena Prime.<\/a><\/p>\n","protected":false},"excerpt":{"rendered":"<ul>\n<li>Os filtros NiSi ATHENA Black Mist s\u00e3o habilmente concebidos para suavizar as linhas \u00e1speras e atenuar a nitidez excessiva, assegurando que as suas imagens s\u00e3o envolvidas numa n\u00e9voa cinematogr\u00e1fica que melhora o ambiente geral sem comprometer a nitidez.<\/li>\n<li>O filtro Black Mist \u00e9 excelente na cria\u00e7\u00e3o de um efeito de &#8220;florescimento&#8221; nos highlights, espalhando suavemente as fontes de luz brilhantes para dar \u00e0s cenas uma apar\u00eancia mais atmosf\u00e9rica e menos dura. Esta funcionalidade \u00e9 particularmente valiosa em cenas com luzes pr\u00e1ticas ou luz solar direta, acrescentando uma camada de poesia visual e suavidade que enriquece a textura geral da filmagem.<\/li>\n<li>Especialmente concebido para as objectivas ATHENA PL Mount da NiSi, este filtro de montagem traseira integra-se perfeitamente, garantindo um ajuste firme e seguro. Instala-se facilmente, mantendo o alinhamento e a qualidade das suas imagens sem qualquer problema.<\/li>\n<li>Fabricado com materiais \u00f3pticos superiores, o filtro Black Mist foi concebido para durar. Resiste \u00e0s condi\u00e7\u00f5es exigentes da produ\u00e7\u00e3o de filmes profissionais.<\/li>\n<li>Cada filtro inclui uma ferramenta personalizada de suc\u00e7\u00e3o, facilitando a instala\u00e7\u00e3o e remo\u00e7\u00e3o f\u00e1ceis e sem impress\u00f5es digitais. Esta ferramenta garante que a mudan\u00e7a ou a coloca\u00e7\u00e3o do filtro na objetiva \u00e9 r\u00e1pida e sem problemas, ideal para realizadores atarefados que precisam de efici\u00eancia no cen\u00e1rio.<\/li>\n<\/ul>\n","protected":false},"featured_media":11710,"comment_status":"closed","ping_status":"closed","template":"","meta":{"_acf_changed":false},"product_brand":[2543],"product_cat":[1061],"product_tag":[],"class_list":{"0":"post-12901","1":"product","2":"type-product","3":"status-publish","4":"has-post-thumbnail","6":"product_brand-nisioptics-es","7":"product_cat-filtros-de-cinema-es","8":"pa_densidade-1-4-es","9":"pa_densidade-1-8-es","11":"first","12":"instock","13":"taxable","14":"shipping-taxable","15":"purchasable","16":"product-type-variable"},"bundled_by":[],"bundle_stock_status":"instock","bundle_stock_quantity":null,"bundle_virtual":false,"bundle_layout":"","bundle_add_to_cart_form_location":"","bundle_editable_in_cart":false,"bundle_sold_individually_context":"","bundle_item_grouping":"","bundle_min_size":"","bundle_max_size":"","bundle_price":[],"bundled_items":[],"bundle_sell_ids":[],"acf":[],"_links":{"self":[{"href":"https:\/\/hi-techwonder.com\/es\/wp-json\/wp\/v2\/product\/12901","targetHints":{"allow":["GET"]}}],"collection":[{"href":"https:\/\/hi-techwonder.com\/es\/wp-json\/wp\/v2\/product"}],"about":[{"href":"https:\/\/hi-techwonder.com\/es\/wp-json\/wp\/v2\/types\/product"}],"replies":[{"embeddable":true,"href":"https:\/\/hi-techwonder.com\/es\/wp-json\/wp\/v2\/comments?post=12901"}],"wp:featuredmedia":[{"embeddable":true,"href":"https:\/\/hi-techwonder.com\/es\/wp-json\/wp\/v2\/media\/11710"}],"wp:attachment":[{"href":"https:\/\/hi-techwonder.com\/es\/wp-json\/wp\/v2\/media?parent=12901"}],"wp:term":[{"taxonomy":"product_brand","embeddable":true,"href":"https:\/\/hi-techwonder.com\/es\/wp-json\/wp\/v2\/product_brand?post=12901"},{"taxonomy":"product_cat","embeddable":true,"href":"https:\/\/hi-techwonder.com\/es\/wp-json\/wp\/v2\/product_cat?post=12901"},{"taxonomy":"product_tag","embeddable":true,"href":"https:\/\/hi-techwonder.com\/es\/wp-json\/wp\/v2\/product_tag?post=12901"}],"curies":[{"name":"wp","href":"https:\/\/api.w.org\/{rel}","templated":true}]}}