{"id":12904,"date":"2025-07-23T23:39:37","date_gmt":"2025-07-23T23:39:37","guid":{"rendered":"https:\/\/fv6qoy3ls0.wpdns.site\/produto\/nisi-athena-filtro-trasero-uv-ir-cut-p-pl-mount\/"},"modified":"2026-04-06T13:12:58","modified_gmt":"2026-04-06T12:12:58","slug":"nisi-athena-filtro-trasero-uv-ir-cut-p-pl-mount","status":"publish","type":"product","link":"https:\/\/hi-techwonder.com\/es\/producto\/nisi-athena-filtro-trasero-uv-ir-cut-p-pl-mount\/","title":{"rendered":"NiSi ATHENA Filtro Trasero UV\/IR Cut p\/PL-Mount"},"content":{"rendered":"<h3><strong>NiSi ATHENA Filtro Traseiro UV\/IR Cut p\/PL-Mount<\/strong><\/h3>\n<p>Maximize a nitidez visual e a precis\u00e3o das cores da sua cinematografia com o filtro traseiro NiSi ATHENA UV\/IR Cut, meticulosamente concebido para as lentes ATHENA PL Mount. Esse filtro de alto desempenho \u00e9 crucial para os cineastas que desejam eliminar a luz ultravioleta (UV) e infravermelha (IR) indesejada que pode afetar a clareza do filme e a fidelidade das cores, especialmente em ambientes claros e externos.<\/p>\n<h4>As principais caracter\u00edsticas incluem:<\/h4>\n<ul>\n<li>Este filtro bloqueia eficazmente os comprimentos de onda UV e IV, garantindo que apenas o espetro de luz vis\u00edvel chega ao sensor da c\u00e2mara. Esta precis\u00e3o ajuda a evitar os problemas comuns de n\u00e9voa e altera\u00e7\u00f5es de cor provocadas pela luz ultravioleta e o calor indesejado dos infravermelhos, proporcionando imagens n\u00edtidas e precisas.<\/li>\n<li>Ao eliminar a luz UV e IV, o filtro garante a pureza das cores captadas, melhorando a autenticidade e a vibra\u00e7\u00e3o das suas cenas. Isto resulta em imagens que requerem um p\u00f3s-processamento m\u00ednimo para corre\u00e7\u00e3o de cor, poupando tempo e preservando a arte original das suas filmagens.<\/li>\n<li>Adaptado especificamente para compatibilidade com as lentes NiSi ATHENA PL Mount, este filtro de montagem traseira garante um ajuste perfeito e mant\u00e9m o alinhamento ideal da lente e a qualidade da imagem, assegurando que as melhorias que proporciona s\u00e3o perfeitamente integradas no seu processo de filmagem.<\/li>\n<li>O filtro inclui uma ferramenta f\u00e1cil de utilizar com um design de suc\u00e7\u00e3o, permitindo mudan\u00e7as de filtro r\u00e1pidas, sem esfor\u00e7o e limpas em movimento. Este design garante que a sua objetiva permanece impec\u00e1vel, livre de impress\u00f5es digitais e manchas durante as trocas.<\/li>\n<li>Fabricado com materiais \u00f3pticos de primeira qualidade e protegido com revestimento Multi Ti Nano, este filtro oferece baixa reflex\u00e3o e resist\u00eancia superior a riscos. Foi concebido para suportar as exig\u00eancias da produ\u00e7\u00e3o de filmes profissionais, garantindo um desempenho fi\u00e1vel em v\u00e1rias condi\u00e7\u00f5es de filmagem.<\/li>\n<\/ul>\n<p>Com o Filtro PL Traseiro NiSi ATHENA UV\/IR Cut, melhora a qualidade t\u00e9cnica e est\u00e9tica das suas filmagens. Este filtro garante que cada fotograma capte as cores mais verdadeiras da sua vis\u00e3o cinematogr\u00e1fica.<\/p>\n<p><img loading=\"lazy\" decoding=\"async\" class=\"alignnone wp-image-28973\" src=\"https:\/\/hi-techwonder.com\/wp-content\/themes\/woodmart\/images\/lazy.svg\" data-src=\"https:\/\/nisioptics.pt\/wp-content\/uploads\/2024\/05\/DSC00190-scaled.jpg\" alt=\"\" width=\"752\" height=\"501\"><\/p>\n<p>Eleve a sua produ\u00e7\u00e3o cinematogr\u00e1fica com o Filtro de UV\/IR Cut NiSi ATHENA &#8211; onde cada plano \u00e9 t\u00e3o v\u00edvido e impactante quanto a realidade. Prepare-se para ver a diferen\u00e7a no seu pr\u00f3ximo projeto!<\/p>\n<p><a href=\"\/?product_cat=objectivas-athena-prime\">Conhe\u00e7a a linha Athena Prime.<\/a><\/p>\n","protected":false},"excerpt":{"rendered":"<ul>\n<li>Bloqueio de precis\u00e3o de UV e IR com tecnologia UV\/IR Cut<\/li>\n<li>Precis\u00e3o de cor melhorada<\/li>\n<li>Ajuste personalizado para lentes ATHENA PL<\/li>\n<li>Ferramenta de suc\u00e7\u00e3o f\u00e1cil de usar<\/li>\n<li>Constru\u00edda com materiais \u00f3pticos de alta qualidade e revestida com tecnologia Multi Ti Nano para baixa reflex\u00e3o e resist\u00eancia superior a riscos e impactos.<\/li>\n<\/ul>\n","protected":false},"featured_media":11719,"comment_status":"closed","ping_status":"closed","template":"","meta":{"_acf_changed":false},"product_brand":[2543],"product_cat":[1061],"product_tag":[],"class_list":{"0":"post-12904","1":"product","2":"type-product","3":"status-publish","4":"has-post-thumbnail","6":"product_brand-nisioptics-es","7":"product_cat-filtros-de-cinema-es","9":"first","10":"instock","11":"taxable","12":"shipping-taxable","13":"purchasable","14":"product-type-simple"},"bundled_by":[],"bundle_stock_status":"instock","bundle_stock_quantity":1,"bundle_virtual":false,"bundle_layout":"","bundle_add_to_cart_form_location":"","bundle_editable_in_cart":false,"bundle_sold_individually_context":"","bundle_item_grouping":"","bundle_min_size":"","bundle_max_size":"","bundle_price":[],"bundled_items":[],"bundle_sell_ids":[],"acf":[],"_links":{"self":[{"href":"https:\/\/hi-techwonder.com\/es\/wp-json\/wp\/v2\/product\/12904","targetHints":{"allow":["GET"]}}],"collection":[{"href":"https:\/\/hi-techwonder.com\/es\/wp-json\/wp\/v2\/product"}],"about":[{"href":"https:\/\/hi-techwonder.com\/es\/wp-json\/wp\/v2\/types\/product"}],"replies":[{"embeddable":true,"href":"https:\/\/hi-techwonder.com\/es\/wp-json\/wp\/v2\/comments?post=12904"}],"wp:featuredmedia":[{"embeddable":true,"href":"https:\/\/hi-techwonder.com\/es\/wp-json\/wp\/v2\/media\/11719"}],"wp:attachment":[{"href":"https:\/\/hi-techwonder.com\/es\/wp-json\/wp\/v2\/media?parent=12904"}],"wp:term":[{"taxonomy":"product_brand","embeddable":true,"href":"https:\/\/hi-techwonder.com\/es\/wp-json\/wp\/v2\/product_brand?post=12904"},{"taxonomy":"product_cat","embeddable":true,"href":"https:\/\/hi-techwonder.com\/es\/wp-json\/wp\/v2\/product_cat?post=12904"},{"taxonomy":"product_tag","embeddable":true,"href":"https:\/\/hi-techwonder.com\/es\/wp-json\/wp\/v2\/product_tag?post=12904"}],"curies":[{"name":"wp","href":"https:\/\/api.w.org\/{rel}","templated":true}]}}