{"id":12905,"date":"2025-07-23T23:39:37","date_gmt":"2025-07-23T23:39:37","guid":{"rendered":"https:\/\/fv6qoy3ls0.wpdns.site\/produto\/nisi-kit-de-anillos-de-colores-p-serie-fuji-x100\/"},"modified":"2026-04-09T16:51:11","modified_gmt":"2026-04-09T15:51:11","slug":"nisi-kit-de-anillos-de-colores-p-serie-fuji-x100","status":"publish","type":"product","link":"https:\/\/hi-techwonder.com\/es\/producto\/nisi-kit-de-anillos-de-colores-p-serie-fuji-x100\/","title":{"rendered":"NiSi Kit de Anillos de Colores p\/ serie Fuji x100"},"content":{"rendered":"<h3><strong>NiSi Kit de An\u00e9is Coloridos p\/s\u00e9rie Fuji x100<\/strong><\/h3>\n<p>Personalize a est\u00e9tica da sua c\u00e2mara da s\u00e9rie Fujifilm X100 com o nosso conjunto de 4 an\u00e9is coloridos. Designado especificamente para a s\u00e9rie Fujifilm X100, este conjunto inclui an\u00e9is em dourado, verde, azul e ouro rosa, adicionando um toque de personalidade e estilo \u00e0 sua c\u00e2mara Fujifilm x100.<\/p>\n<p>O nosso conjunto de an\u00e9is coloridos foi concebido com precis\u00e3o para se adaptar \u00e0s c\u00e2maras da s\u00e9rie Fujifilm X100, garantindo um ajuste perfeito sem comprometer a funcionalidade da c\u00e2mara. Fabricados em alum\u00ednio leve e duradouro, estes an\u00e9is proporcionam prote\u00e7\u00e3o e um aspeto de qualidade superior. Os an\u00e9is podem ser facilmente colocados e retirados, permitindo-lhe mudar de cor de acordo com a sua prefer\u00eancia ou ocasi\u00e3o. Dispon\u00edveis em quatro cores distintas &#8211; dourado, verde, azul e rosa dourado &#8211; estes an\u00e9is permitem-lhe personalizar a sua c\u00e2mara para refletir o seu estilo pessoal.<\/p>\n<p>S\u00e3o perfeitos para os fot\u00f3grafos que gostam de misturar e combinar o seu equipamento com diferentes acess\u00f3rios para manter a sua configura\u00e7\u00e3o fresca e visualmente apelativa. Este conjunto tamb\u00e9m \u00e9 um presente ideal para os propriet\u00e1rios de c\u00e2maras da s\u00e9rie Fujifilm X100 que apreciam o estilo e a funcionalidade.<\/p>\n<p>Compat\u00edvel com os modelos Fujifilm X100, X100S, X100T, X100F, X100V e X100VI.<\/p>\n<p>Actualize hoje mesmo a sua c\u00e2mara Fujifilm da s\u00e9rie X100 com o nosso conjunto de 4 an\u00e9is coloridos e transforme cada sess\u00e3o fotogr\u00e1fica num momento de estilo.<\/p>\n<p><img loading=\"lazy\" decoding=\"async\" class=\"alignnone wp-image-29043\" src=\"https:\/\/hi-techwonder.com\/wp-content\/themes\/woodmart\/images\/lazy.svg\" data-src=\"https:\/\/nisioptics.pt\/wp-content\/uploads\/2024\/05\/DSC09962-scaled.jpg\" alt=\"\" width=\"752\" height=\"501\"><\/p>\n<p>Saiba mais sobre os nossos sistemas compactos <a href=\"\/?product_cat=descobre-sistemas-compactos\">aqui<\/a>.<\/p>\n","protected":false},"excerpt":{"rendered":"<ul>\n<li>Design para as c\u00e2maras da s\u00e9rie Fujifilm X100<\/li>\n<li>Fabricado em alum\u00ednio leve e duradouro<\/li>\n<li>F\u00e1cil de instalar e remover<\/li>\n<li>O kit de An\u00e9is Coloridos inclui as cores: Ouro, Verde, Azul e Ouro Rosa<\/li>\n<\/ul>\n","protected":false},"featured_media":11722,"comment_status":"closed","ping_status":"open","template":"","meta":{"_acf_changed":false},"product_brand":[2543],"product_cat":[1050],"product_tag":[],"class_list":{"0":"post-12905","1":"product","2":"type-product","3":"status-publish","4":"has-post-thumbnail","6":"product_brand-nisioptics-es","7":"product_cat-otros-filtros-circulares","9":"first","10":"pre-order","11":"taxable","12":"shipping-taxable","13":"purchasable","14":"product-type-simple"},"bundled_by":[],"bundle_stock_status":"pre-order","bundle_stock_quantity":null,"bundle_virtual":false,"bundle_layout":"","bundle_add_to_cart_form_location":"","bundle_editable_in_cart":false,"bundle_sold_individually_context":"","bundle_item_grouping":"","bundle_min_size":"","bundle_max_size":"","bundle_price":[],"bundled_items":[],"bundle_sell_ids":[],"acf":[],"_links":{"self":[{"href":"https:\/\/hi-techwonder.com\/es\/wp-json\/wp\/v2\/product\/12905","targetHints":{"allow":["GET"]}}],"collection":[{"href":"https:\/\/hi-techwonder.com\/es\/wp-json\/wp\/v2\/product"}],"about":[{"href":"https:\/\/hi-techwonder.com\/es\/wp-json\/wp\/v2\/types\/product"}],"replies":[{"embeddable":true,"href":"https:\/\/hi-techwonder.com\/es\/wp-json\/wp\/v2\/comments?post=12905"}],"wp:featuredmedia":[{"embeddable":true,"href":"https:\/\/hi-techwonder.com\/es\/wp-json\/wp\/v2\/media\/11722"}],"wp:attachment":[{"href":"https:\/\/hi-techwonder.com\/es\/wp-json\/wp\/v2\/media?parent=12905"}],"wp:term":[{"taxonomy":"product_brand","embeddable":true,"href":"https:\/\/hi-techwonder.com\/es\/wp-json\/wp\/v2\/product_brand?post=12905"},{"taxonomy":"product_cat","embeddable":true,"href":"https:\/\/hi-techwonder.com\/es\/wp-json\/wp\/v2\/product_cat?post=12905"},{"taxonomy":"product_tag","embeddable":true,"href":"https:\/\/hi-techwonder.com\/es\/wp-json\/wp\/v2\/product_tag?post=12905"}],"curies":[{"name":"wp","href":"https:\/\/api.w.org\/{rel}","templated":true}]}}