{"id":12906,"date":"2025-07-23T23:39:37","date_gmt":"2025-07-23T23:39:37","guid":{"rendered":"https:\/\/fv6qoy3ls0.wpdns.site\/produto\/nisi-athena-filtro-drop-in-true-color-nd-vario-vnd-1-5-paradas\/"},"modified":"2026-04-06T13:13:05","modified_gmt":"2026-04-06T12:13:05","slug":"nisi-athena-filtro-drop-in-true-color-nd-vario-vnd-1-5-paradas","status":"publish","type":"product","link":"https:\/\/hi-techwonder.com\/es\/producto\/nisi-athena-filtro-drop-in-true-color-nd-vario-vnd-1-5-paradas\/","title":{"rendered":"NiSi Athena Filtro Drop-In True Color ND-VARIO (VND) 1-5 Paradas"},"content":{"rendered":"<h3><strong>NiSi Athena Filtro Drop-In True Color ND-VARIO (VND) 1-5 Stops<\/strong><\/h3>\n<p><iframe loading=\"lazy\" title=\"NiSi Athena Filtros Drop-In - VND y CPL\" width=\"500\" height=\"281\" src=\"https:\/\/www.youtube.com\/embed\/BQRiWT6EYAQ?feature=oembed\" frameborder=\"0\" allow=\"accelerometer; autoplay; clipboard-write; encrypted-media; gyroscope; picture-in-picture; web-share\" referrerpolicy=\"strict-origin-when-cross-origin\" allowfullscreen><\/iframe><\/p>\n<p>O acess\u00f3rio perfeito para complementar as suas objetivas NiSi Athena Prime. Compat\u00edvel com as vers\u00f5es para Sony E (com ranhura para filtros Drop-In), L-Mount e Canon RF. Complementado com uma engrenagem M0.8, para um controlo preciso da rota\u00e7\u00e3o com um dedo ou utilizando um pequeno motor de focagem, permite o controlo de exposi\u00e7\u00e3o em 5 stops (1 a 5) sem necessidade de montar um filtro de rosca (mais dif\u00edcil de controlar em contexto de cinema) ou uma matte box, ou de ocupar uma das ranhuras desta.<\/p>\n<p>A densidade de 0,3 a 1,5 cria um escurecimento de toda a imagem, permitindo aberturas mais amplas ou velocidades de obtura\u00e7\u00e3o mais lentas do que o normalmente poss\u00edvel. O grau de densidade \u00e9 facilmente controlado rodando a engrenagem situada na parte externa, com um grau elevado de precis\u00e3o.<\/p>\n<p><img loading=\"lazy\" decoding=\"async\" class=\"alignnone wp-image-29075\" src=\"https:\/\/hi-techwonder.com\/wp-content\/themes\/woodmart\/images\/lazy.svg\" data-src=\"https:\/\/nisioptics.pt\/wp-content\/uploads\/2024\/05\/VND-PL-2-scaled.jpg\" alt=\"\" width=\"752\" height=\"416\"><\/p>\n<p>Ao abrandar o tempo de exposi\u00e7\u00e3o ou aumentar a abertura, pode controlar a profundidade de campo e transmitir o movimento mais facilmente. A transi\u00e7\u00e3o da densidade ocorre de forma suave, o que permite produtor de cinema ajustar a dura\u00e7\u00e3o da exposi\u00e7\u00e3o \u00e0 quantidade exacta necess\u00e1ria para uma determinada cena.<\/p>\n<p>O ND vari\u00e1vel Drop-in oferece True Color que evita a mudan\u00e7a de cor vista noutros filtros vari\u00e1veis. \u00c9 feito de vidro \u00f3tico de alta defini\u00e7\u00e3o para a melhor resolu\u00e7\u00e3o e qualidade.<\/p>\n<p><a href=\"\/?product_cat=objectivas-athena-prime\">Conhe\u00e7a a linha Athena Prime.<\/a><\/p>\n","protected":false},"excerpt":{"rendered":"<ul>\n<li>Filtro Drop-in de densidade neutra vari\u00e1vel (VND) 1-5 stops (0.3-1.5)<\/li>\n<li>Resultado True Color que evita a mudan\u00e7a de cor observada noutros filtros vari\u00e1veis<\/li>\n<li>Sem efeito \u00abX\u00bb<\/li>\n<li>Engrenagem para mudan\u00e7a de densidade precisa e de f\u00e1cil acesso<\/li>\n<li>Compat\u00edvel com as objetivas Athena Prime E-Mount, L-Mount e RF-Mount<\/li>\n<\/ul>\n<p>&nbsp;<\/p>\n","protected":false},"featured_media":11745,"comment_status":"closed","ping_status":"closed","template":"","meta":{"_acf_changed":false},"product_brand":[2543],"product_cat":[1061],"product_tag":[],"class_list":{"0":"post-12906","1":"product","2":"type-product","3":"status-publish","4":"has-post-thumbnail","6":"product_brand-nisioptics-es","7":"product_cat-filtros-de-cinema-es","9":"first","10":"pre-order","11":"taxable","12":"shipping-taxable","13":"purchasable","14":"product-type-simple"},"bundled_by":[],"bundle_stock_status":"pre-order","bundle_stock_quantity":null,"bundle_virtual":false,"bundle_layout":"","bundle_add_to_cart_form_location":"","bundle_editable_in_cart":false,"bundle_sold_individually_context":"","bundle_item_grouping":"","bundle_min_size":"","bundle_max_size":"","bundle_price":[],"bundled_items":[],"bundle_sell_ids":[],"acf":[],"_links":{"self":[{"href":"https:\/\/hi-techwonder.com\/es\/wp-json\/wp\/v2\/product\/12906","targetHints":{"allow":["GET"]}}],"collection":[{"href":"https:\/\/hi-techwonder.com\/es\/wp-json\/wp\/v2\/product"}],"about":[{"href":"https:\/\/hi-techwonder.com\/es\/wp-json\/wp\/v2\/types\/product"}],"replies":[{"embeddable":true,"href":"https:\/\/hi-techwonder.com\/es\/wp-json\/wp\/v2\/comments?post=12906"}],"wp:featuredmedia":[{"embeddable":true,"href":"https:\/\/hi-techwonder.com\/es\/wp-json\/wp\/v2\/media\/11745"}],"wp:attachment":[{"href":"https:\/\/hi-techwonder.com\/es\/wp-json\/wp\/v2\/media?parent=12906"}],"wp:term":[{"taxonomy":"product_brand","embeddable":true,"href":"https:\/\/hi-techwonder.com\/es\/wp-json\/wp\/v2\/product_brand?post=12906"},{"taxonomy":"product_cat","embeddable":true,"href":"https:\/\/hi-techwonder.com\/es\/wp-json\/wp\/v2\/product_cat?post=12906"},{"taxonomy":"product_tag","embeddable":true,"href":"https:\/\/hi-techwonder.com\/es\/wp-json\/wp\/v2\/product_tag?post=12906"}],"curies":[{"name":"wp","href":"https:\/\/api.w.org\/{rel}","templated":true}]}}