{"id":12907,"date":"2025-07-23T23:39:37","date_gmt":"2025-07-23T23:39:37","guid":{"rendered":"https:\/\/fv6qoy3ls0.wpdns.site\/produto\/nisi-athena-filtro-drop-in-true-color-polarizador\/"},"modified":"2026-04-06T13:13:07","modified_gmt":"2026-04-06T12:13:07","slug":"nisi-athena-filtro-drop-in-true-color-polarizador","status":"publish","type":"product","link":"https:\/\/hi-techwonder.com\/es\/producto\/nisi-athena-filtro-drop-in-true-color-polarizador\/","title":{"rendered":"NiSi Athena Filtro Drop-In True Color Polarizador"},"content":{"rendered":"<h3><strong>NiSi Athena Filtro Drop-In True Color Polarizador<\/strong><\/h3>\n<p><iframe loading=\"lazy\" title=\"NiSi Athena Filtros Drop-In - VND y CPL\" width=\"500\" height=\"281\" src=\"https:\/\/www.youtube.com\/embed\/BQRiWT6EYAQ?feature=oembed\" frameborder=\"0\" allow=\"accelerometer; autoplay; clipboard-write; encrypted-media; gyroscope; picture-in-picture; web-share\" referrerpolicy=\"strict-origin-when-cross-origin\" allowfullscreen><\/iframe><\/p>\n<p>O acess\u00f3rio perfeito para complementar as suas objetivas NiSi Athena Prime. Compat\u00edvel com as vers\u00f5es para Sony E (com ranhura para filtros Drop-In), L-Mount e Canon RF. Complementado com uma engrenagem externa de f\u00e1cil acesso, o True Color Polarizador foi concebido para reduzir o brilho e os reflexos de superf\u00edcies n\u00e3o met\u00e1licas, aumentar a satura\u00e7\u00e3o e a vibra\u00e7\u00e3o no c\u00e9u e na folhagem, assegurando ao mesmo tempo uma reprodu\u00e7\u00e3o de cor verdadeira no seu melhor, eliminando o efeito de aquecimento que muitos polarizadores criam.<\/p>\n<p>O nosso Polarizador True Color elimina o tom quente observado noutras marcas de filtros polarizadores e proporciona uma representa\u00e7\u00e3o mais verdadeira da cor da cena. Inclui uma engrenagem M0.8 para um controlo preciso da rota\u00e7\u00e3o do polarizador utilizando um dedo ou um pequeno motor de focagem opcional, ideal para ajustes em tempo real durante a capta\u00e7\u00e3o.<\/p>\n<p><img loading=\"lazy\" decoding=\"async\" class=\"alignnone wp-image-29076\" src=\"https:\/\/hi-techwonder.com\/wp-content\/themes\/woodmart\/images\/lazy.svg\" data-src=\"https:\/\/nisioptics.pt\/wp-content\/uploads\/2024\/05\/VND-PL-2-scaled.jpg\" alt=\"\" width=\"752\" height=\"416\"><\/p>\n<p>Um filtro polarizador circular ajuda a reduzir os reflexos e o encandeamento, filtrando a luz que foi polarizada devido \u00e0 reflex\u00e3o de uma superf\u00edcie n\u00e3o met\u00e1lica. A luz solar torna-se naturalmente parcialmente polarizada ao refletir-se nos electr\u00f5es das mol\u00e9culas de ar, fazendo com que a luz se disperse no que parece ser uma n\u00e9voa. Um filtro polarizador classifica e filtra esta luz polarizada perpendicularmente \u00e0 luz reflectida, permitindo que grande parte desta luz seja absorvida.<\/p>\n<p>O resultado \u00e9 uma redu\u00e7\u00e3o not\u00e1vel do brilho e dos reflexos de superf\u00edcies n\u00e3o met\u00e1licas e uma maior satura\u00e7\u00e3o do c\u00e9u e da folhagem, permitindo \u00e0 c\u00e2mara captar o que se encontra sob a superf\u00edcie de \u00e1guas pouco profundas, ou atr\u00e1s de vidros.<\/p>\n<p><a href=\"https:\/\/nisioptics.pt\/categoria\/cinema\/objectivas-athena-prime\/\" target=\"_blank\" rel=\"noopener\">Conhe\u00e7a a linha Athena Prime.<\/a><\/p>\n","protected":false},"excerpt":{"rendered":"<ul>\n<li>Filtro drop-in polarizador com tecnologia True Color<\/li>\n<li>Elimina reflexos e brilho<\/li>\n<li>Maior satura\u00e7\u00e3o de cor e tonal reduz a neblina em paisagens<\/li>\n<li>Cor verdadeira sem o aquecimento tonal que \u00e9 not\u00f3rio noutras marcas de filtros polarizadores<\/li>\n<li>Engrenagem para mudan\u00e7a de intensidade e dire\u00e7\u00e3o de polariza\u00e7\u00e3o precisa e de f\u00e1cil acesso<\/li>\n<li>Compat\u00edvel com as objetivas Athena Prime E-Mount, L-Mount e RF-Mount<\/li>\n<\/ul>\n","protected":false},"featured_media":11756,"comment_status":"closed","ping_status":"closed","template":"","meta":{"_acf_changed":false},"product_brand":[2543],"product_cat":[1061],"product_tag":[],"class_list":{"0":"post-12907","1":"product","2":"type-product","3":"status-publish","4":"has-post-thumbnail","6":"product_brand-nisioptics-es","7":"product_cat-filtros-de-cinema-es","9":"first","10":"pre-order","11":"taxable","12":"shipping-taxable","13":"purchasable","14":"product-type-simple"},"bundled_by":[],"bundle_stock_status":"pre-order","bundle_stock_quantity":null,"bundle_virtual":false,"bundle_layout":"","bundle_add_to_cart_form_location":"","bundle_editable_in_cart":false,"bundle_sold_individually_context":"","bundle_item_grouping":"","bundle_min_size":"","bundle_max_size":"","bundle_price":[],"bundled_items":[],"bundle_sell_ids":[],"acf":[],"_links":{"self":[{"href":"https:\/\/hi-techwonder.com\/es\/wp-json\/wp\/v2\/product\/12907","targetHints":{"allow":["GET"]}}],"collection":[{"href":"https:\/\/hi-techwonder.com\/es\/wp-json\/wp\/v2\/product"}],"about":[{"href":"https:\/\/hi-techwonder.com\/es\/wp-json\/wp\/v2\/types\/product"}],"replies":[{"embeddable":true,"href":"https:\/\/hi-techwonder.com\/es\/wp-json\/wp\/v2\/comments?post=12907"}],"wp:featuredmedia":[{"embeddable":true,"href":"https:\/\/hi-techwonder.com\/es\/wp-json\/wp\/v2\/media\/11756"}],"wp:attachment":[{"href":"https:\/\/hi-techwonder.com\/es\/wp-json\/wp\/v2\/media?parent=12907"}],"wp:term":[{"taxonomy":"product_brand","embeddable":true,"href":"https:\/\/hi-techwonder.com\/es\/wp-json\/wp\/v2\/product_brand?post=12907"},{"taxonomy":"product_cat","embeddable":true,"href":"https:\/\/hi-techwonder.com\/es\/wp-json\/wp\/v2\/product_cat?post=12907"},{"taxonomy":"product_tag","embeddable":true,"href":"https:\/\/hi-techwonder.com\/es\/wp-json\/wp\/v2\/product_tag?post=12907"}],"curies":[{"name":"wp","href":"https:\/\/api.w.org\/{rel}","templated":true}]}}