{"id":12917,"date":"2025-07-23T23:39:37","date_gmt":"2025-07-23T23:39:37","guid":{"rendered":"https:\/\/fv6qoy3ls0.wpdns.site\/produto\/nisi-filtro-circular-black-mist-1-2\/"},"modified":"2026-04-06T17:22:21","modified_gmt":"2026-04-06T16:22:21","slug":"nisi-filtro-circular-black-mist-1-2","status":"publish","type":"product","link":"https:\/\/hi-techwonder.com\/es\/producto\/nisi-filtro-circular-black-mist-1-2\/","title":{"rendered":"NiSi Filtro Circular Black Mist 1\/2"},"content":{"rendered":"<h3 dir=\"ltr\" data-placeholder=\"Tradu\u00e7\u00e3o\">NiSi Filtro Circular Black Mist 1\/2<\/h3>\n<p id=\"tw-target-text\" class=\"tw-data-text tw-text-large tw-ta\" dir=\"ltr\" data-placeholder=\"Tradu\u00e7\u00e3o\"><span class=\"Y2IQFc\" lang=\"pt\">O filtro <strong>NiSi Circular Black Mist<\/strong> \u00e9 um desenvolvimento adicional da popular linha de cinema NiSi \u00abAllure Mist Black\u00bb como um filtro circular. <\/span><\/p>\n<p class=\"tw-data-text tw-text-large tw-ta\" dir=\"ltr\" data-placeholder=\"Tradu\u00e7\u00e3o\"><span class=\"Y2IQFc\" lang=\"pt\">Perfeito para fotos ou v\u00eddeos, o Black Mist <strong>reduz<\/strong> o <strong>contraste<\/strong> e <strong>desfoca os realces na imagem<\/strong>, ajudando a equilibrar a faixa tonal entre realces e sombras. Cria aquele visual cinematogr\u00e1fico e \u00e9 comumente usado para suavizar rugas, imperfei\u00e7\u00f5es da pele e criar uma imagem lisonjeira. <\/span><\/p>\n<p class=\"tw-data-text tw-text-large tw-ta\" dir=\"ltr\" data-placeholder=\"Tradu\u00e7\u00e3o\"><span class=\"Y2IQFc\" lang=\"pt\">O NiSi Black Mist suprime os realces e aprimora as sombras para um contraste equilibrado. O efeito de filtro mais eficaz pode ser descoberto capturando a luz que \u00e9 suavemente difusa quando iluminada por tr\u00e1s. Crie uma luz transparente que parece ter sido tirada com uma lente vintage de alta qualidade. O NiSi Black Mist torna a busca por luz uma divers\u00e3o. <\/span><\/p>\n<p class=\"tw-data-text tw-text-large tw-ta\" dir=\"ltr\" data-placeholder=\"Tradu\u00e7\u00e3o\"><span class=\"Y2IQFc\" lang=\"pt\">Constru\u00eddo com uma estrutura de lat\u00e3o de alta qualidade para melhorar a durabilidade e evitar que encrave. Este filtro \u00e9 feito com vidro \u00f3ptico.<\/span><\/p>\n<p dir=\"ltr\" data-placeholder=\"Tradu\u00e7\u00e3o\">Sabe mais sobre o nosso sistema de\u00a0 filtros circulares <a href=\"https:\/\/nisioptics.pt\/categoria\/descobre\/descobre-filtros-circulares\/\" target=\"_blank\" rel=\"noopener\">aqui.<\/a><\/p>\n<p dir=\"ltr\" data-placeholder=\"Tradu\u00e7\u00e3o\"><img loading=\"lazy\" decoding=\"async\" class=\"alignnone wp-image-28017\" src=\"https:\/\/hi-techwonder.com\/wp-content\/themes\/woodmart\/images\/lazy.svg\" data-src=\"https:\/\/nisioptics.pt\/wp-content\/uploads\/2024\/01\/Black-Mist-Kit-10-e1719927561681.jpg\" alt=\"\" width=\"752\" height=\"422\"><\/p>\n","protected":false},"excerpt":{"rendered":"<ul>\n<li id=\"tw-target-text\" class=\"tw-data-text tw-text-large tw-ta\" dir=\"ltr\" data-placeholder=\"Tradu\u00e7\u00e3o\"><span class=\"Y2IQFc\" lang=\"pt\">Reduz os reflexos e reduz o contraste <\/span><\/li>\n<li class=\"tw-data-text tw-text-large tw-ta\" dir=\"ltr\" data-placeholder=\"Tradu\u00e7\u00e3o\"><span class=\"Y2IQFc\" lang=\"pt\">Cria um visual cinematogr\u00e1fico<\/span><\/li>\n<li class=\"tw-data-text tw-text-large tw-ta\" dir=\"ltr\" data-placeholder=\"Tradu\u00e7\u00e3o\"><span class=\"Y2IQFc\" lang=\"pt\">Suaviza rugas e imperfei\u00e7\u00f5es da pele <\/span><\/li>\n<li class=\"tw-data-text tw-text-large tw-ta\" dir=\"ltr\" data-placeholder=\"Tradu\u00e7\u00e3o\"><span class=\"Y2IQFc\" lang=\"pt\">Cria uma luz suave e pastel<\/span><\/li>\n<li class=\"tw-data-text tw-text-large tw-ta\" dir=\"ltr\" data-placeholder=\"Tradu\u00e7\u00e3o\"><span class=\"Y2IQFc\" lang=\"pt\">Difunde suavemente a luz <\/span><\/li>\n<li class=\"tw-data-text tw-text-large tw-ta\" dir=\"ltr\" data-placeholder=\"Tradu\u00e7\u00e3o\"><span class=\"Y2IQFc\" lang=\"pt\">O contraste e a nitidez diminuem, mantendo a resolu\u00e7\u00e3o <\/span><\/li>\n<li class=\"tw-data-text tw-text-large tw-ta\" dir=\"ltr\" data-placeholder=\"Tradu\u00e7\u00e3o\"><span class=\"Y2IQFc\" lang=\"pt\">Constru\u00eddo com uma estrutura de lat\u00e3o de alta qualidade<\/span><\/li>\n<\/ul>\n","protected":false},"featured_media":11802,"comment_status":"closed","ping_status":"closed","template":"","meta":{"_acf_changed":false},"product_brand":[2543],"product_cat":[1046],"product_tag":[],"class_list":{"0":"post-12917","1":"product","2":"type-product","3":"status-publish","4":"has-post-thumbnail","6":"product_brand-nisioptics-es","7":"product_cat-black-mist-es","8":"pa_diametro-49mm-es","9":"pa_diametro-52mm-es","10":"pa_diametro-67mm-es","11":"pa_diametro-72mm-es","12":"pa_diametro-77mm-es","13":"pa_diametro-82mm-es","14":"pa_diametro-95mm-es","16":"first","17":"onbackorder","18":"taxable","19":"shipping-taxable","20":"purchasable","21":"product-type-variable"},"bundled_by":[],"bundle_stock_status":"onbackorder","bundle_stock_quantity":null,"bundle_virtual":false,"bundle_layout":"","bundle_add_to_cart_form_location":"","bundle_editable_in_cart":false,"bundle_sold_individually_context":"","bundle_item_grouping":"","bundle_min_size":"","bundle_max_size":"","bundle_price":[],"bundled_items":[],"bundle_sell_ids":[],"acf":[],"_links":{"self":[{"href":"https:\/\/hi-techwonder.com\/es\/wp-json\/wp\/v2\/product\/12917","targetHints":{"allow":["GET"]}}],"collection":[{"href":"https:\/\/hi-techwonder.com\/es\/wp-json\/wp\/v2\/product"}],"about":[{"href":"https:\/\/hi-techwonder.com\/es\/wp-json\/wp\/v2\/types\/product"}],"replies":[{"embeddable":true,"href":"https:\/\/hi-techwonder.com\/es\/wp-json\/wp\/v2\/comments?post=12917"}],"wp:featuredmedia":[{"embeddable":true,"href":"https:\/\/hi-techwonder.com\/es\/wp-json\/wp\/v2\/media\/11802"}],"wp:attachment":[{"href":"https:\/\/hi-techwonder.com\/es\/wp-json\/wp\/v2\/media?parent=12917"}],"wp:term":[{"taxonomy":"product_brand","embeddable":true,"href":"https:\/\/hi-techwonder.com\/es\/wp-json\/wp\/v2\/product_brand?post=12917"},{"taxonomy":"product_cat","embeddable":true,"href":"https:\/\/hi-techwonder.com\/es\/wp-json\/wp\/v2\/product_cat?post=12917"},{"taxonomy":"product_tag","embeddable":true,"href":"https:\/\/hi-techwonder.com\/es\/wp-json\/wp\/v2\/product_tag?post=12917"}],"curies":[{"name":"wp","href":"https:\/\/api.w.org\/{rel}","templated":true}]}}