{"id":12933,"date":"2025-07-23T23:41:25","date_gmt":"2025-07-23T23:41:25","guid":{"rendered":"https:\/\/fv6qoy3ls0.wpdns.site\/produto\/nisi-cine-filtro-4x5-65-pure-clear\/"},"modified":"2026-04-30T11:49:21","modified_gmt":"2026-04-30T10:49:21","slug":"nisi-cine-filtro-4x5-65-pure-clear","status":"publish","type":"product","link":"https:\/\/hi-techwonder.com\/es\/producto\/nisi-cine-filtro-4x5-65-pure-clear\/","title":{"rendered":"NiSi Cine Filtro 4\u00d75.65\u201d Pure Clear"},"content":{"rendered":"<h3><strong>NiSi Cinema Filtro 4\u00d75.65\u201d Pure Clear<\/strong><\/h3>\n<p>O Filtro NiSi Cinema 4\u00d75.65\u2033 Pure Clear \u00e9 um filtro transparente e foi concebido para fornecer uma prote\u00e7\u00e3o geral para a sua lente. Este filtro opticamente claro n\u00e3o afeta a exposi\u00e7\u00e3o ou a qualidade geral da imagem, ajudando a evitar que poeira, arranh\u00f5es, humidade e outros elementos atinjam ou danifiquem a sua lente.<\/p>\n<p>A gama Nisi 4\u00d75,65&#8243; \u00e9 compat\u00edvel com todas as principais marcas de matte boxes que se enquadram na norma 4\u00d75,65&#8243;. Os filtros de cinema tamb\u00e9m est\u00e3o em conformidade com a espessura de 4 mm, o que lhes permite encaixar em caixas de filtros ou em modelos sem caixa. Est\u00e1 inclu\u00edda uma bolsa de couro sint\u00e9tico para armazenamento e transporte. Tamb\u00e9m est\u00e1 dispon\u00edvel um estojo de filtro maior para organizar e guardar v\u00e1rios filtros de uma s\u00f3 vez.<\/p>\n<p><img loading=\"lazy\" decoding=\"async\" class=\"alignnone wp-image-29301\" src=\"https:\/\/hi-techwonder.com\/wp-content\/themes\/woodmart\/images\/lazy.svg\" data-src=\"https:\/\/nisioptics.pt\/wp-content\/uploads\/2024\/07\/Pure-Clear-2.jpg\" alt=\"\" width=\"752\" height=\"752\"><\/p>\n","protected":false},"excerpt":{"rendered":"<ul>\n<li>Filtro de prote\u00e7\u00e3o transparente<\/li>\n<li>Evita danos na lente<\/li>\n<li>Sem efeito na imagem<\/li>\n<li>N\u00e3o revestido<\/li>\n<li>Constru\u00e7\u00e3o em vidro \u00f3tico<\/li>\n<li>Bolsa de couro sint\u00e9tico<\/li>\n<\/ul>\n","protected":false},"featured_media":11822,"comment_status":"closed","ping_status":"closed","template":"","meta":{"_acf_changed":false},"product_brand":[2543],"product_cat":[1061],"product_tag":[],"class_list":{"0":"post-12933","1":"product","2":"type-product","3":"status-publish","4":"has-post-thumbnail","6":"product_brand-nisioptics-es","7":"product_cat-filtros-de-cinema-es","9":"first","10":"instock","11":"taxable","12":"shipping-taxable","13":"purchasable","14":"product-type-simple"},"bundled_by":[],"bundle_stock_status":"instock","bundle_stock_quantity":2,"bundle_virtual":false,"bundle_layout":"","bundle_add_to_cart_form_location":"","bundle_editable_in_cart":false,"bundle_sold_individually_context":"","bundle_item_grouping":"","bundle_min_size":"","bundle_max_size":"","bundle_price":[],"bundled_items":[],"bundle_sell_ids":[],"acf":[],"_links":{"self":[{"href":"https:\/\/hi-techwonder.com\/es\/wp-json\/wp\/v2\/product\/12933","targetHints":{"allow":["GET"]}}],"collection":[{"href":"https:\/\/hi-techwonder.com\/es\/wp-json\/wp\/v2\/product"}],"about":[{"href":"https:\/\/hi-techwonder.com\/es\/wp-json\/wp\/v2\/types\/product"}],"replies":[{"embeddable":true,"href":"https:\/\/hi-techwonder.com\/es\/wp-json\/wp\/v2\/comments?post=12933"}],"wp:featuredmedia":[{"embeddable":true,"href":"https:\/\/hi-techwonder.com\/es\/wp-json\/wp\/v2\/media\/11822"}],"wp:attachment":[{"href":"https:\/\/hi-techwonder.com\/es\/wp-json\/wp\/v2\/media?parent=12933"}],"wp:term":[{"taxonomy":"product_brand","embeddable":true,"href":"https:\/\/hi-techwonder.com\/es\/wp-json\/wp\/v2\/product_brand?post=12933"},{"taxonomy":"product_cat","embeddable":true,"href":"https:\/\/hi-techwonder.com\/es\/wp-json\/wp\/v2\/product_cat?post=12933"},{"taxonomy":"product_tag","embeddable":true,"href":"https:\/\/hi-techwonder.com\/es\/wp-json\/wp\/v2\/product_tag?post=12933"}],"curies":[{"name":"wp","href":"https:\/\/api.w.org\/{rel}","templated":true}]}}