{"id":12934,"date":"2025-07-23T23:41:25","date_gmt":"2025-07-23T23:41:25","guid":{"rendered":"https:\/\/fv6qoy3ls0.wpdns.site\/produto\/nisi-tampa-sistema-swift\/"},"modified":"2026-04-22T08:46:55","modified_gmt":"2026-04-22T07:46:55","slug":"nisi-tampa-sistema-swift","status":"publish","type":"product","link":"https:\/\/hi-techwonder.com\/es\/producto\/nisi-tampa-sistema-swift\/","title":{"rendered":"NiSi Tampa Sistema Swift"},"content":{"rendered":"<h3>NiSi Tampa para Sistema Swift<\/h3>\n<p><strong>Proteja o seu investimento<\/strong><\/p>\n<p>A Tampa Sistema Swift NiSi \u00e9 um acess\u00f3rio indispens\u00e1vel para os fot\u00f3grafos que investem no filtro NiSi True Color VND 1-5 Stops ou no Sistema NiSi SWIFT . Esta tampa de lente leve e de design push-on oferece um ajuste perfeito para o seu filtro, garantindo que o seu valioso filtro NiSi VND ou filtro SWIFT System permane\u00e7a livre de riscos e resistente ao p\u00f3. Uma mistura perfeita de funcionalidade e conveni\u00eancia, esta tampa de lente \u00e9 a escolha ideal para prote\u00e7\u00e3o.<\/p>\n<p><strong>Manuseamento sem esfor\u00e7o<\/strong><\/p>\n<p>A Tampa Sistema Swift NiSi foi concebida para ser f\u00e1cil de utilizar. O seu design de f\u00e1cil utiliza\u00e7\u00e3o permite uma aplica\u00e7\u00e3o e remo\u00e7\u00e3o r\u00e1pidas, poupando-lhe tempo e aborrecimentos em cen\u00e1rios de capta\u00e7\u00e3o r\u00e1pida. Quer esteja a fotografar em est\u00fadio ou no terreno, a constru\u00e7\u00e3o leve desta tampa de objetiva garante que n\u00e3o adiciona qualquer peso desnecess\u00e1rio \u00e0 configura\u00e7\u00e3o da sua c\u00e2mara, tornando-a perfeita para fotografia em movimento.<\/p>\n<p><strong>Duradoura e fi\u00e1vel<\/strong><\/p>\n<p>Como um item de reposi\u00e7\u00e3o ou substitui\u00e7\u00e3o para a tampa da lente extraviada ou perdida para o NiSi True Color VND 1-5 Stop e o Sistema NiSi SWIFT, a tampa de objetiva frontal NiSi SWIFT\u00a0 foi constru\u00edda para suportar os rigores do uso regular. A sua constru\u00e7\u00e3o dur\u00e1vel garante uma prote\u00e7\u00e3o a longo prazo para os seus filtros, tornando-se um investimento inteligente e fi\u00e1vel para o kit de ferramentas de qualquer fot\u00f3grafo.<\/p>\n<p>&nbsp;<\/p>\n","protected":false},"excerpt":{"rendered":"<ul>\n<li>Concebido para o NiSi True Color VND 1-5 stops e o sistema NiSi SWIFT<\/li>\n<li>Design leve de encaixe<\/li>\n<li>Item de reposi\u00e7\u00e3o ou substitui\u00e7\u00e3o<\/li>\n<li>Protege o seu filtro NiSi VND ou filtro de sistema SWIFT<\/li>\n<\/ul>\n","protected":false},"featured_media":11825,"comment_status":"closed","ping_status":"closed","template":"","meta":{"_acf_changed":false},"product_brand":[2543],"product_cat":[1044],"product_tag":[],"class_list":{"0":"post-12934","1":"product","2":"type-product","3":"status-publish","4":"has-post-thumbnail","6":"product_brand-nisioptics-es","7":"product_cat-accesorios-filtros-circulares","8":"pa_diametro-40-5mm-es","9":"pa_diametro-43mm-es","10":"pa_diametro-46mm-es","11":"pa_diametro-49mm-es","12":"pa_diametro-52mm-es","13":"pa_diametro-55mm-es","14":"pa_diametro-58mm-es","15":"pa_diametro-62mm-es","16":"pa_diametro-67mm-es","17":"pa_diametro-72mm-es","18":"pa_diametro-77mm-es","19":"pa_diametro-82mm-es","20":"pa_diametro-86mm-es","21":"pa_diametro-95mm-es","23":"first","24":"instock","25":"taxable","26":"shipping-taxable","27":"purchasable","28":"product-type-variable"},"bundled_by":[],"bundle_stock_status":"instock","bundle_stock_quantity":null,"bundle_virtual":false,"bundle_layout":"","bundle_add_to_cart_form_location":"","bundle_editable_in_cart":false,"bundle_sold_individually_context":"","bundle_item_grouping":"","bundle_min_size":"","bundle_max_size":"","bundle_price":[],"bundled_items":[],"bundle_sell_ids":[],"acf":[],"_links":{"self":[{"href":"https:\/\/hi-techwonder.com\/es\/wp-json\/wp\/v2\/product\/12934","targetHints":{"allow":["GET"]}}],"collection":[{"href":"https:\/\/hi-techwonder.com\/es\/wp-json\/wp\/v2\/product"}],"about":[{"href":"https:\/\/hi-techwonder.com\/es\/wp-json\/wp\/v2\/types\/product"}],"replies":[{"embeddable":true,"href":"https:\/\/hi-techwonder.com\/es\/wp-json\/wp\/v2\/comments?post=12934"}],"wp:featuredmedia":[{"embeddable":true,"href":"https:\/\/hi-techwonder.com\/es\/wp-json\/wp\/v2\/media\/11825"}],"wp:attachment":[{"href":"https:\/\/hi-techwonder.com\/es\/wp-json\/wp\/v2\/media?parent=12934"}],"wp:term":[{"taxonomy":"product_brand","embeddable":true,"href":"https:\/\/hi-techwonder.com\/es\/wp-json\/wp\/v2\/product_brand?post=12934"},{"taxonomy":"product_cat","embeddable":true,"href":"https:\/\/hi-techwonder.com\/es\/wp-json\/wp\/v2\/product_cat?post=12934"},{"taxonomy":"product_tag","embeddable":true,"href":"https:\/\/hi-techwonder.com\/es\/wp-json\/wp\/v2\/product_tag?post=12934"}],"curies":[{"name":"wp","href":"https:\/\/api.w.org\/{rel}","templated":true}]}}