{"id":12955,"date":"2025-07-23T23:41:47","date_gmt":"2025-07-23T23:41:47","guid":{"rendered":"https:\/\/fv6qoy3ls0.wpdns.site\/produto\/nisi-jetmag-pro-filmmaker-kit\/"},"modified":"2026-04-21T08:46:22","modified_gmt":"2026-04-21T07:46:22","slug":"nisi-jetmag-pro-filmmaker-kit","status":"publish","type":"product","link":"https:\/\/hi-techwonder.com\/es\/producto\/nisi-jetmag-pro-filmmaker-kit\/","title":{"rendered":"NiSi JetMag Pro Filmmaker Kit"},"content":{"rendered":"\n<h3 id=\"wd-f00f98b0\" class=\"wp-block-wd-title title\"><strong>NiSi JetMag Pro Filmmaker Kit<\/strong><\/h3>\n\n<div id=\"wd-c9591e61\" class=\"wp-block-wd-video wd-el-video wd-action-without wd-video-external\"><iframe allowfullscreen=\"\" allow=\"accelerometer; autoplay; encrypted-media; gyroscope; picture-in-picture\" width=\"100%\" height=\"100%\" loading=\"lazy\" src=\"https:\/\/www.youtube.com\/embed\/ZI67uDxDla0?feature=oembed&amp;controls=1\"><\/iframe><\/div>\n\n<p id=\"wd-69dead2d\" class=\"wp-block-wd-paragraph\">O sistema magn\u00e9tico NiSi JetMag Pro vem abalar o mundo dos filtros de alta qualidade, com um produto inovador, de utiliza\u00e7\u00e3o simples e r\u00e1pida, seguro, e que promete a maior versatilidade do mercado, tudo isto sem colocar em causa a elevada qualidade do seus filtros e, claro, do seu resultado final.<\/p>\n\n<p>O Kit Filmmaker JetMag Pro, com os seus 4 filtros de qualidade profissional, \u00e9 um excelente primeiro passo no sentido de se tornar um vide\u00f3grafo profissional. choques durante o transporte. Seja para viagens ou sess\u00f5es fotogr\u00e1ficas intensas, o JetMag Pro Caddy Case \u00e9 a escolha ideal para profissionais que n\u00e3o abrem m\u00e3o da seguran\u00e7a e conveni\u00eancia.<\/p>\n\n<div class=\"wp-block-media-text has-media-on-the-right is-stacked-on-mobile\" style=\"grid-template-columns:auto 34%\"><div class=\"wp-block-media-text__content\">\n<p>O <strong>Kit Filmmaker JetMag Pro<\/strong> \u00e9 constitu\u00eddo por:<br\/><\/p>\n\n\n\n<ul class=\"wp-block-list\">\n<li>1x Estojo CADDY (JetMag Pro)<\/li>\n\n\n\n<li>3x Filtros JetMag Pro FS ND (2 Stops, 3 Stops, 4 Stops)<\/li>\n\n\n\n<li>1 x Filtro JetMag Pro Black Mist 1\/8<\/li>\n\n\n\n<li>4x An\u00e9is JetMag Pro (82mm, 77mm, 72mm, 67mm)<\/li>\n\n\n\n<li>2x Tampas frontais + 1 x tampa traseira<\/li>\n<\/ul>\n<\/div><figure class=\"wp-block-media-text__media\"><img decoding=\"async\" src=\"https:\/\/hi-techwonder.com\/wp-content\/themes\/woodmart\/images\/lazy.svg\" data-src=\"https:\/\/nisioptics.pt\/wp-content\/uploads\/2024\/10\/Filmmaker-Kit-1-1024x1024.jpg\" alt=\"\" class=\"wp-image-30771 size-full\"><\/figure><\/div>\n\n<ul id=\"wd-212f123c\" class=\"wp-block-wd-list wd-list wd-type-unordered wd-style-default\">\n<li id=\"wd-b5b11b8b\" class=\"wp-block-wd-list-item\"><div class=\"wd-icon\"><\/div><span class=\"wd-list-content\">Os filtros JetMag Pro FS ND (Densidade neutra Full-Spectrum) possuem tecnologia de nova gera\u00e7\u00e3o, criando cores absolutamente neutras, o mais pr\u00f3ximo das cores reais poss\u00edvel, e ajudam a controlar a polui\u00e7\u00e3o infravermelha.<\/span><\/li>\n\n\n\n<li id=\"wd-08d81c64\" class=\"wp-block-wd-list-item\"><div class=\"wd-icon\"><\/div><span class=\"wd-list-content\">O filtro JetMag Pro Black Mist 1\/8, permite a cria\u00e7\u00e3o de imagens cinematogr\u00e1ficas, com uma suaviza\u00e7\u00e3o dos highlights e diminui\u00e7\u00e3o de contraste, sem prejudicar a lucidez da imagem.<\/span><\/li>\n\n\n\n<li id=\"wd-07523734\" class=\"wp-block-wd-list-item\"><div class=\"wd-icon\"><\/div><span class=\"wd-list-content\">Os an\u00e9is JetMag Pro permitem a utiliza\u00e7\u00e3o destes filtros numa imensid\u00e3o de objetivas, sem ter de acumular an\u00e9is step-up.<\/span><\/li>\n\n\n\n<li id=\"wd-eb585076\" class=\"wp-block-wd-list-item\"><div class=\"wd-icon\"><\/div><span class=\"wd-list-content\">As tampas frontais e a tampa traseira permitem que mantenha o(s) filtro(s) montado(s) na sua objetiva sem o risco de causar danos nos mesmos.<\/span><\/li>\n\n\n\n<li id=\"wd-3a2b138a\" class=\"wp-block-wd-list-item\"><div class=\"wd-icon\"><\/div><span class=\"wd-list-content\">E o estojo Caddy, que permite levar os seus filtros para qualquer lado sem preocupa\u00e7\u00f5es, ficando facilmente acess\u00edveis.<\/span><\/li>\n<\/ul>\n\n<div id=\"wd-3c5596e1\" class=\"wp-block-wd-accordion wd-accordion wd-style-default wd-titles-start wd-opener-style-arrow wd-opener-pos-end\" data-state=\"first\">\n<div id=\"wd-8eb00d10\" class=\"wp-block-wd-accordion-pane wd-accordion-item\"><div class=\"wd-accordion-title wd-active\"><div class=\"wd-accordion-title-text\"><span>Caracter\u00edsticas principais JetMag Pro<\/span><\/div><span class=\"wd-accordion-opener\"><\/span><\/div><div class=\"wd-accordion-content wd-active\"><div class=\"wd-accordion-content-inner\">\n<p id=\"wd-9d035c8c\" class=\"wp-block-wd-paragraph\">Apresentamos o novo sistema NiSi JetMag Pro, um sistema de filtros magn\u00e9ticos que ir\u00e1 redefinir a sua experi\u00eancia com este tipo de sistema.<\/p>\n\n\n\n<p id=\"wd-16156574\" class=\"wp-block-wd-paragraph\">\u30fb<strong>Velocidade magn\u00e9tica num abrir e fechar de olhos: <\/strong>Os filtros JetMag Pro permitem uma r\u00e1pida instala\u00e7\u00e3o e remo\u00e7\u00e3o, gra\u00e7as a um design magn\u00e9tico.<\/p>\n\n\n\n<p id=\"wd-e51d40bc\" class=\"wp-block-wd-paragraph\">\u30fb<strong>Remo\u00e7\u00e3o r\u00e1pida e confort\u00e1vel:<\/strong>\u00a0 Equipados com duas pegas pequenas, estes filtros podem ser removidos de forma confort\u00e1vel e r\u00e1pida.<\/p>\n\n\n\n<p id=\"wd-cde2d376\" class=\"wp-block-wd-paragraph\">\u30fb<strong>Identifica\u00e7\u00e3o f\u00e1cil:<\/strong> As pegas multicoloridas ajudam a identificar rapidamente os diferentes filtros do seu kit.<\/p>\n\n\n\n<figure class=\"wp-block-gallery has-nested-images columns-4 is-cropped wp-block-gallery-1 is-layout-flex wp-block-gallery-is-layout-flex\">\n<figure class=\"wp-block-image size-large\"><img decoding=\"async\" data-id=\"30560\" src=\"https:\/\/hi-techwonder.com\/wp-content\/themes\/woodmart\/images\/lazy.svg\" data-src=\"https:\/\/nisioptics.pt\/wp-content\/uploads\/2024\/10\/DSC02916xiu.jpg\" alt=\"\" class=\"wp-image-30560\"><\/figure>\n\n\n\n<figure class=\"wp-block-image size-large\"><img decoding=\"async\" data-id=\"30558\" src=\"https:\/\/hi-techwonder.com\/wp-content\/themes\/woodmart\/images\/lazy.svg\" data-src=\"https:\/\/nisioptics.pt\/wp-content\/uploads\/2024\/10\/DSC02899xiu.jpg\" alt=\"\" class=\"wp-image-30558\"><\/figure>\n\n\n\n<figure class=\"wp-block-image size-large\"><img decoding=\"async\" data-id=\"30556\" src=\"https:\/\/hi-techwonder.com\/wp-content\/themes\/woodmart\/images\/lazy.svg\" data-src=\"https:\/\/nisioptics.pt\/wp-content\/uploads\/2024\/10\/DSC02896.jpg\" alt=\"\" class=\"wp-image-30556\"><\/figure>\n\n\n\n<figure class=\"wp-block-image size-large\"><img decoding=\"async\" data-id=\"30554\" src=\"https:\/\/hi-techwonder.com\/wp-content\/themes\/woodmart\/images\/lazy.svg\" data-src=\"https:\/\/nisioptics.pt\/wp-content\/uploads\/2024\/10\/DSC02895.jpg\" alt=\"\" class=\"wp-image-30554\"><\/figure>\n<\/figure>\n\n\n\n<div id=\"wd-fb2811b8\" class=\"wp-block-wd-container wd-dir-col\">\n<p id=\"wd-d10ab377\" class=\"wp-block-wd-paragraph\">\u30fb<strong>Rodar, Bloquear e Estabilidade:<\/strong> O design de bloqueio patenteado garante estabilidade girando a pequena al\u00e7a para a posi\u00e7\u00e3o marcada, travando com seguran\u00e7a v\u00e1rios filtros no lugar.<\/p>\n\n\n\n<p>\u30fb<strong>Bloqueio de v\u00e1rios filtros: <\/strong>Empilhe e bloqueie com seguran\u00e7a v\u00e1rios filtros sem comprometer a estabilidade.<\/p>\n<\/div>\n\n\n\n<figure class=\"wp-block-gallery has-nested-images columns-default is-cropped wp-block-gallery-2 is-layout-flex wp-block-gallery-is-layout-flex\">\n<figure class=\"wp-block-image size-large\"><img decoding=\"async\" data-id=\"30552\" src=\"https:\/\/hi-techwonder.com\/wp-content\/themes\/woodmart\/images\/lazy.svg\" data-src=\"https:\/\/nisioptics.pt\/wp-content\/uploads\/2024\/10\/steady.jpg\" alt=\"\" class=\"wp-image-30552\"><\/figure>\n\n\n\n<figure class=\"wp-block-image size-large\"><img decoding=\"async\" data-id=\"30546\" src=\"https:\/\/hi-techwonder.com\/wp-content\/themes\/woodmart\/images\/lazy.svg\" data-src=\"https:\/\/nisioptics.pt\/wp-content\/uploads\/2024\/10\/unlock.jpg\" alt=\"\" class=\"wp-image-30546\"><\/figure>\n\n\n\n<figure class=\"wp-block-image size-large\"><img decoding=\"async\" data-id=\"30544\" src=\"https:\/\/hi-techwonder.com\/wp-content\/themes\/woodmart\/images\/lazy.svg\" data-src=\"https:\/\/nisioptics.pt\/wp-content\/uploads\/2024\/10\/lock.jpg\" alt=\"\" class=\"wp-image-30544\"><\/figure>\n<\/figure>\n\n\n\n<div id=\"wd-7c284a45\" class=\"wp-block-wd-container wd-dir-col\">\n<div id=\"wd-aa6307c9\" class=\"wp-block-wd-container wd-dir-col\">\n<p id=\"wd-744312d0\" class=\"wp-block-wd-paragraph\">\u30fb<strong>Moldura ultra-fina para objectivas grande-angulares:<\/strong> Concebido para ser ultra-fino, o JetMag Pro permite a utiliza\u00e7\u00e3o de dois filtros em objectivas com comprimento focal de 15 mm sem causar vinhetas.<\/p>\n\n\n\n<p id=\"wd-d4e9a6fb\" class=\"wp-block-wd-paragraph\"><strong>\u30fbAdapt\u00e1vel a v\u00e1rias lentes:<\/strong> Compat\u00edvel com diferentes lentes de rosca de filtro usando adaptadores.<\/p>\n\n\n\n<p id=\"wd-8118171f\" class=\"wp-block-wd-paragraph\"><strong>\u30fbTampas de lentes de metal protetoras:<\/strong> As tampas de lente de metal dianteiras e traseiras podem ser rapidamente instaladas e removidas, oferecendo prote\u00e7\u00e3o para filtros e lentes.<\/p>\n\n\n\n<p id=\"wd-77c29f63\" class=\"wp-block-wd-paragraph\"><strong>\u30fbLarga s\u00e9rie de filtros para cada cena:<\/strong> Escolha entre uma variedade de filtros concebidos para paisagens, retratos, paisagens nocturnas, v\u00eddeo e filmagens.<\/p>\n\n\n\n<p id=\"wd-3565f955\" class=\"wp-block-wd-paragraph\"><strong>\u30fbNano-revestimento de baixo reflexo:<\/strong> Apresenta um nano-revestimento de baixo reflexo que reduz eficazmente o brilho, mesmo ao empilhar v\u00e1rios filtros.<\/p>\n<\/div>\n<\/div>\n\n\n\n<figure class=\"wp-block-gallery has-nested-images columns-4 is-cropped wp-block-gallery-3 is-layout-flex wp-block-gallery-is-layout-flex\">\n<figure class=\"wp-block-image size-large\"><img decoding=\"async\" data-id=\"30568\" src=\"https:\/\/hi-techwonder.com\/wp-content\/themes\/woodmart\/images\/lazy.svg\" data-src=\"https:\/\/nisioptics.pt\/wp-content\/uploads\/2024\/10\/DSC03332.jpg\" alt=\"\" class=\"wp-image-30568\"><\/figure>\n\n\n\n<figure class=\"wp-block-image size-large\"><img decoding=\"async\" data-id=\"30566\" src=\"https:\/\/hi-techwonder.com\/wp-content\/themes\/woodmart\/images\/lazy.svg\" data-src=\"https:\/\/nisioptics.pt\/wp-content\/uploads\/2024\/10\/DSC03314.jpg\" alt=\"\" class=\"wp-image-30566\"><\/figure>\n\n\n\n<figure class=\"wp-block-image size-large\"><img decoding=\"async\" data-id=\"30564\" src=\"https:\/\/hi-techwonder.com\/wp-content\/themes\/woodmart\/images\/lazy.svg\" data-src=\"https:\/\/nisioptics.pt\/wp-content\/uploads\/2024\/10\/DSC03282.jpg\" alt=\"\" class=\"wp-image-30564\"><\/figure>\n\n\n\n<figure class=\"wp-block-image size-large\"><img decoding=\"async\" data-id=\"30562\" src=\"https:\/\/hi-techwonder.com\/wp-content\/themes\/woodmart\/images\/lazy.svg\" data-src=\"https:\/\/nisioptics.pt\/wp-content\/uploads\/2024\/10\/DSC03195.jpg\" alt=\"\" class=\"wp-image-30562\"><\/figure>\n<\/figure>\n<\/div><\/div><\/div>\n\n\n\n<div id=\"wd-1c09abe4\" class=\"wp-block-wd-accordion-pane wd-accordion-item\"><div class=\"wd-accordion-title\"><div class=\"wd-accordion-title-text\"><span>Como utilizar os filtros JetMag Pro?<\/span><\/div><span class=\"wd-accordion-opener\"><\/span><\/div><div class=\"wd-accordion-content\"><div class=\"wd-accordion-content-inner\">\n<h2 id=\"wd-cd30dacc\" class=\"wp-block-wd-title title\">Como bloquear os filtros JetMag Pro?<\/h2>\n\n\n\n<p id=\"wd-9cb70222\" class=\"wp-block-wd-paragraph\"><strong>Bloqueio de filtro \u00fanico:<\/strong> Instale um filtro com as pegas a 45 graus das linhas brancas no adaptador. Gire as pegas pequenas at\u00e9 que elas se alinhem com a linha de bloqueio branca. Uma vez alinhado, o filtro \u00e9 bloqueado de forma segura e n\u00e3o pode ser removido.<\/p>\n\n\n\n<p><strong>Bloqueio de v\u00e1rios filtros:<\/strong> Instale v\u00e1rios filtros com as pegas a 45 graus das linhas brancas nos adaptadores. Alinhe as pegas pequenas de cada estrutura de filtro e rode-as em conjunto para corresponder \u00e0 linha de bloqueio branca no adaptador. Quando as pegas est\u00e3o alinhadas, os filtros est\u00e3o bem fixos uns aos outros.<\/p>\n\n\n\n<h2 id=\"wd-364eaedc\" class=\"wp-block-wd-title title\">Como desbloquear os filtros JetMag Pro?<\/h2>\n\n\n\n<p id=\"wd-290079f6\" class=\"wp-block-wd-paragraph\"><strong>Desbloqueio do filtro \u00fanico:<\/strong> Rode as pegas pequenas 45 graus para longe da linha de bloqueio branca no adaptador. Isso ir\u00e1 desbloquear o filtro, permitindo que ele seja destacado.<\/p>\n\n\n\n<p><strong>Desbloqueio de v\u00e1rios filtros:<\/strong> Gire a pequena al\u00e7a do filtro traseiro conectado ao adaptador a 45 graus das linhas de bloqueio brancas que indicam bloqueio. Isso desbloquear\u00e1 os filtros empilhados, permitindo que eles sejam desmontados juntos. Ao rodar as pegas de cada filtro 45 graus, estas desbloqueiam e podem ser retiradas.<\/p>\n<\/div><\/div><\/div>\n\n\n\n<div id=\"wd-27d6f98b\" class=\"wp-block-wd-accordion-pane wd-accordion-item\"><div class=\"wd-accordion-title\"><div class=\"wd-accordion-title-text\"><span>Teste de vinheta<\/span><\/div><span class=\"wd-accordion-opener\"><\/span><\/div><div class=\"wd-accordion-content\"><div class=\"wd-accordion-content-inner\">\n<p id=\"wd-eefd086b\" class=\"wp-block-wd-paragraph\"><strong>Canon RF 15-35mm F2.8L IS USM<\/strong><\/p>\n\n\n\n<figure class=\"wp-block-gallery has-nested-images columns-default is-cropped wp-block-gallery-4 is-layout-flex wp-block-gallery-is-layout-flex\">\n<figure class=\"wp-block-image size-large\"><img decoding=\"async\" data-id=\"30538\" src=\"https:\/\/hi-techwonder.com\/wp-content\/themes\/woodmart\/images\/lazy.svg\" data-src=\"https:\/\/nisioptics.pt\/wp-content\/uploads\/2024\/10\/3-filtros.jpg\" alt=\"\" class=\"wp-image-30538\"><\/figure>\n\n\n\n<figure class=\"wp-block-image size-large\"><img decoding=\"async\" data-id=\"30536\" src=\"https:\/\/hi-techwonder.com\/wp-content\/themes\/woodmart\/images\/lazy.svg\" data-src=\"https:\/\/nisioptics.pt\/wp-content\/uploads\/2024\/10\/2-filtros.jpg\" alt=\"\" class=\"wp-image-30536\"><\/figure>\n\n\n\n<figure class=\"wp-block-image size-large\"><img decoding=\"async\" data-id=\"30534\" src=\"https:\/\/hi-techwonder.com\/wp-content\/themes\/woodmart\/images\/lazy.svg\" data-src=\"https:\/\/nisioptics.pt\/wp-content\/uploads\/2024\/10\/0-filtros.jpg\" alt=\"\" class=\"wp-image-30534\"><\/figure>\n<\/figure>\n\n\n\n<p id=\"wd-e4766f24\" class=\"wp-block-wd-paragraph\"><strong>Sony FE 16-35 mm F2.8 GM II<\/strong><\/p>\n\n\n\n<figure class=\"wp-block-gallery has-nested-images columns-default is-cropped wp-block-gallery-5 is-layout-flex wp-block-gallery-is-layout-flex\">\n<figure class=\"wp-block-image size-large\"><img decoding=\"async\" data-id=\"30540\" src=\"https:\/\/hi-techwonder.com\/wp-content\/themes\/woodmart\/images\/lazy.svg\" data-src=\"https:\/\/nisioptics.pt\/wp-content\/uploads\/2024\/10\/0-filtros-1.jpg\" alt=\"\" class=\"wp-image-30540\"><\/figure>\n\n\n\n<figure class=\"wp-block-image size-large\"><img decoding=\"async\" data-id=\"30542\" src=\"https:\/\/hi-techwonder.com\/wp-content\/themes\/woodmart\/images\/lazy.svg\" data-src=\"https:\/\/nisioptics.pt\/wp-content\/uploads\/2024\/10\/2-filtros-1.jpg\" alt=\"\" class=\"wp-image-30542\"><\/figure>\n<\/figure>\n<\/div><\/div><\/div>\n<\/div>\n","protected":false},"excerpt":{"rendered":"<ul>\n<li><strong>Kit completo para realizadores de filmes:<\/strong> Inclui os filtros FS ND4 (2 stops), FS ND8 (3 stops), FS ND16 (4 stops) e Black Mist 1\/8.<\/li>\n<li><strong>Controlo preciso da luz:<\/strong> Os filtros FSND permitem o controlo da exposi\u00e7\u00e3o e a fotografia de longa exposi\u00e7\u00e3o, mesmo em condi\u00e7\u00f5es de luminosidade.<\/li>\n<li><strong>Filtro Black Mist 1\/8:<\/strong> Suaviza a luz e adiciona um efeito cinematogr\u00e1fico e sonhador aos destaques.<\/li>\n<li><strong>Fixa\u00e7\u00e3o magn\u00e9tica r\u00e1pida:<\/strong> O sistema magn\u00e9tico JetMag Pro permite mudan\u00e7as de filtro r\u00e1pidas e f\u00e1ceis durante a filmagem.<\/li>\n<li><strong>Mecanismo de bloqueio patenteado:<\/strong> Garante a estabilidade fixando os filtros de forma segura no lugar, mesmo quando empilhados.<\/li>\n<li><strong>Quatro an\u00e9is adaptadores:<\/strong> Inclui an\u00e9is de 67 mm-82MAG, 72 mm-82MAG, 77 mm-82MAG e 82 mm-82MAG para utiliza\u00e7\u00e3o com v\u00e1rias objectivas.<\/li>\n<li><strong>Perfeito para cineastas e fot\u00f3grafos:<\/strong> Ideal para obter um aspeto cinematogr\u00e1fico e controlar a exposi\u00e7\u00e3o no cen\u00e1rio.<\/li>\n<li><strong>Design ultra-fino:<\/strong> Evita a vinheta nas objectivas de grande angular, assegurando imagens n\u00edtidas e claras.<\/li>\n<li><strong>Tampas frontal e traseira inclu\u00eddas:<\/strong> Proteja os seus filtros e objectivas com duas tampas frontais e uma tampa traseira.<\/li>\n<li><strong>Estojo JetMag Pro Caddy:<\/strong> Estojo pr\u00e1tico e duradouro para armazenar e organizar os seus filtros e acess\u00f3rios.<\/li>\n<\/ul>\n","protected":false},"featured_media":11908,"comment_status":"closed","ping_status":"closed","template":"","meta":{"_acf_changed":false},"product_brand":[2543],"product_cat":[1048,1047],"product_tag":[],"class_list":{"0":"post-12955","1":"product","2":"type-product","3":"status-publish","4":"has-post-thumbnail","6":"product_brand-nisioptics-es","7":"product_cat-kits-filtros-es-2","8":"product_cat-densidad-neutra-nd","10":"first","11":"instock","12":"taxable","13":"shipping-taxable","14":"purchasable","15":"product-type-simple"},"bundled_by":[],"bundle_stock_status":"instock","bundle_stock_quantity":2,"bundle_virtual":false,"bundle_layout":"","bundle_add_to_cart_form_location":"","bundle_editable_in_cart":false,"bundle_sold_individually_context":"","bundle_item_grouping":"","bundle_min_size":"","bundle_max_size":"","bundle_price":[],"bundled_items":[],"bundle_sell_ids":[],"acf":[],"_links":{"self":[{"href":"https:\/\/hi-techwonder.com\/es\/wp-json\/wp\/v2\/product\/12955","targetHints":{"allow":["GET"]}}],"collection":[{"href":"https:\/\/hi-techwonder.com\/es\/wp-json\/wp\/v2\/product"}],"about":[{"href":"https:\/\/hi-techwonder.com\/es\/wp-json\/wp\/v2\/types\/product"}],"replies":[{"embeddable":true,"href":"https:\/\/hi-techwonder.com\/es\/wp-json\/wp\/v2\/comments?post=12955"}],"wp:featuredmedia":[{"embeddable":true,"href":"https:\/\/hi-techwonder.com\/es\/wp-json\/wp\/v2\/media\/11908"}],"wp:attachment":[{"href":"https:\/\/hi-techwonder.com\/es\/wp-json\/wp\/v2\/media?parent=12955"}],"wp:term":[{"taxonomy":"product_brand","embeddable":true,"href":"https:\/\/hi-techwonder.com\/es\/wp-json\/wp\/v2\/product_brand?post=12955"},{"taxonomy":"product_cat","embeddable":true,"href":"https:\/\/hi-techwonder.com\/es\/wp-json\/wp\/v2\/product_cat?post=12955"},{"taxonomy":"product_tag","embeddable":true,"href":"https:\/\/hi-techwonder.com\/es\/wp-json\/wp\/v2\/product_tag?post=12955"}],"curies":[{"name":"wp","href":"https:\/\/api.w.org\/{rel}","templated":true}]}}