{"id":12957,"date":"2025-07-23T23:41:47","date_gmt":"2025-07-23T23:41:47","guid":{"rendered":"https:\/\/fv6qoy3ls0.wpdns.site\/produto\/nisi-filtros-jetmag-pro-fs-nd-densidade-neutra\/"},"modified":"2026-04-21T08:45:37","modified_gmt":"2026-04-21T07:45:37","slug":"nisi-filtros-jetmag-pro-fs-nd-densidade-neutra","status":"publish","type":"product","link":"https:\/\/hi-techwonder.com\/es\/producto\/nisi-filtros-jetmag-pro-fs-nd-densidade-neutra\/","title":{"rendered":"NiSi Filtros JetMag Pro FS ND (Densidad Neutra)"},"content":{"rendered":"\n<h3 id=\"wd-f00f98b0\" class=\"wp-block-wd-title title\">NiSi Filtros JetMag Pro FS ND (Densidad Neutra)<\/h3>\n\n\n\n<div id=\"wd-de5f17a1\" class=\"wp-block-wd-video wd-el-video wd-action-without wd-video-external wd-custom-width\"><iframe allowfullscreen allow=\"accelerometer; autoplay; encrypted-media; gyroscope; picture-in-picture\" width=\"100%\" height=\"100%\" loading=\"lazy\" src=\"https:\/\/www.youtube.com\/embed\/ZI67uDxDla0?feature=oembed&amp;controls=1\"><\/iframe><\/div>\n\n\n\n<p id=\"wd-ae4187ff\" class=\"wp-block-wd-paragraph\">El Filtro NiSi JetMag Pro FS ND forma parte del innovador sistema JetMag Pro de NiSi, dise\u00f1ado para fot\u00f3grafos y vide\u00f3grafos que requieren precisi\u00f3n, comodidad y una calidad de imagen superior. Ofreciendo una reducci\u00f3n de luz, es ideal para una reducci\u00f3n de luz en entornos brillantes, manteniendo la integridad del color y la nitidez de la imagen. Con la tecnolog\u00eda Full Spectrum Neutral Density (FSND), este filtro garantiza un color neutro puro, sin desv\u00edos de color, preservando la vivacidad y precisi\u00f3n naturales de tus tomas.<\/p>\n\n\n\n<p id=\"wd-21cb0fdd\" class=\"wp-block-wd-paragraph\">Gracias al sistema magn\u00e9tico JetMag Pro, este filtro puede instalarse o retirarse r\u00e1pidamente, permitiendo cambiar o apilar filtros en segundos. El mecanismo de bloqueo patentado ofrece un ajuste seguro y estable, asegurando que los filtros permanezcan en su lugar durante la toma, incluso al utilizar varios filtros simult\u00e1neamente. Con un marco ultrafino, elimina el vi\u00f1eteo, incluso cuando se usa con lentes gran angulares de hasta 15mm. El revestimiento nano antirreflejante e impermeable mejora la claridad, reduciendo los reflejos y protegiendo el filtro de polvo, agua y manchas.<\/p>\n\n\n\n<p id=\"wd-b81847e5\" class=\"wp-block-wd-paragraph\">Este filtro es completamente compatible con filtros y tapas JetMag Pro y puede usarse con una gama de anillos adaptadores magn\u00e9ticos, lo que lo convierte en una adici\u00f3n vers\u00e1til a tu equipo. Con sus asas de color azul, el FS ND es f\u00e1cil de identificar y quitar r\u00e1pidamente.<\/p>\n\n\n\n<p id=\"wd-73255f5f\" class=\"wp-block-wd-paragraph\">Ya sea que est\u00e9s capturando paisajes impresionantes, fotos de larga exposici\u00f3n o contenido de video cinematogr\u00e1fico, el Filtro NiSi JetMag Pro FS ND ofrece precisi\u00f3n, fiabilidad y una comodidad inigualable.<\/p>\n\n\n\n<p>Ahora, en cuatro versiones:\u00a0<strong>67MAG<\/strong>, de 67mm,\u00a0<strong>82MAG<\/strong>, de 82mm,\u00a0<strong>95MAG<\/strong>, de 95mm, y MAXMAG, para objetivos ran angulares ex\u00f3ticos con frentes bulbosas, haciendo el sistema compatible con a\u00fan m\u00e1s objetivos.<\/p>\n\n\n\n<div id=\"wd-3c5596e1\" class=\"wp-block-wd-accordion wd-accordion wd-style-default wd-titles-start wd-opener-style-arrow wd-opener-pos-end\" data-state=\"first\">\n<div id=\"wd-8eb00d10\" class=\"wp-block-wd-accordion-pane wd-accordion-item\"><div class=\"wd-accordion-title wd-role-btn wd-active\" tabindex=\"0\"><div class=\"wd-accordion-title-text\"><span>Caracter\u00edsticas principales JetMag Pro<\/span><\/div><span class=\"wd-accordion-opener\"><\/span><\/div><div class=\"wd-accordion-content wd-active\"><div class=\"wd-accordion-content-inner\">\n<p id=\"wd-81bb7aec\" class=\"wp-block-wd-paragraph\">Presentamos el nuevo sistema NiSi JetMag Pro, un sistema de filtrado magn\u00e9tico que redefinir\u00e1 su experiencia con este tipo de sistemas.<\/p>\n\n\n\n<p id=\"wd-2491f5c2\" class=\"wp-block-wd-paragraph\"><strong>\u30fbVelocidad magn\u00e9tica en un abrir y cerrar de ojos:<\/strong>Los filtros permiten una r\u00e1pida instalaci\u00f3n y extracci\u00f3n gracias a un dise\u00f1o magn\u00e9tico.<\/p>\n\n\n\n<p id=\"wd-9bac3ea7\" class=\"wp-block-wd-paragraph\">\u30fb<strong>Extracci\u00f3n r\u00e1pida y c\u00f3moda:<\/strong>&nbsp;Equipados con dos peque\u00f1as asas, estos filtros pueden extraerse r\u00e1pida y c\u00f3modamente.<\/p>\n\n\n\n<p id=\"wd-e0a42ae4\" class=\"wp-block-wd-paragraph\">\u30fb<strong>F\u00e1cil identificaci\u00f3n:<\/strong>&nbsp;las asas multicolores le ayudan a identificar r\u00e1pidamente los distintos filtros de su kit.<\/p>\n\n\n\n<figure class=\"wp-block-gallery has-nested-images columns-4 is-cropped wp-block-gallery-1 is-layout-flex wp-block-gallery-is-layout-flex\">\n<figure class=\"wp-block-image size-large\"><img decoding=\"async\" data-id=\"30560\" src=\"https:\/\/hi-techwonder.com\/wp-content\/themes\/woodmart\/images\/lazy.svg\" data-src=\"https:\/\/nisioptics.pt\/wp-content\/uploads\/2024\/10\/DSC02916xiu.jpg\" alt=\"\" class=\"wp-image-30560\"><\/figure>\n\n\n\n<figure class=\"wp-block-image size-large\"><img decoding=\"async\" data-id=\"30558\" src=\"https:\/\/hi-techwonder.com\/wp-content\/themes\/woodmart\/images\/lazy.svg\" data-src=\"https:\/\/nisioptics.pt\/wp-content\/uploads\/2024\/10\/DSC02899xiu.jpg\" alt=\"\" class=\"wp-image-30558\"><\/figure>\n\n\n\n<figure class=\"wp-block-image size-large\"><img decoding=\"async\" data-id=\"30556\" src=\"https:\/\/hi-techwonder.com\/wp-content\/themes\/woodmart\/images\/lazy.svg\" data-src=\"https:\/\/nisioptics.pt\/wp-content\/uploads\/2024\/10\/DSC02896.jpg\" alt=\"\" class=\"wp-image-30556\"><\/figure>\n\n\n\n<figure class=\"wp-block-image size-large\"><img decoding=\"async\" data-id=\"30554\" src=\"https:\/\/hi-techwonder.com\/wp-content\/themes\/woodmart\/images\/lazy.svg\" data-src=\"https:\/\/nisioptics.pt\/wp-content\/uploads\/2024\/10\/DSC02895.jpg\" alt=\"\" class=\"wp-image-30554\"><\/figure>\n<\/figure>\n\n\n\n<div id=\"wd-fb2811b8\" class=\"wp-block-wd-container wd-dir-col\">\n<ul id=\"wd-8f5e3cdb\" class=\"wp-block-wd-list wd-list wd-type-unordered wd-style-default\">\n<li id=\"wd-c49dd62d\" class=\"wp-block-wd-list-item\"><div class=\"wd-icon\"><\/div><span class=\"wd-list-content\"><strong>Giro, bloqueo y estabilidad:<\/strong>&nbsp;El dise\u00f1o de bloqueo patentado garantiza la estabilidad al girar la peque\u00f1a asa hasta la posici\u00f3n marcada, bloqueando de forma segura varios filtros en su sitio.<\/span><\/li>\n<\/ul>\n\n\n\n<p>\u30fb<strong>Bloqueo de varios filtros:<\/strong>&nbsp;apile y bloquee de forma segura varios filtros sin comprometer la estabilidad.<\/p>\n<\/div>\n\n\n\n<figure class=\"wp-block-gallery has-nested-images columns-default is-cropped wp-block-gallery-2 is-layout-flex wp-block-gallery-is-layout-flex\">\n<figure class=\"wp-block-image size-large\"><img decoding=\"async\" data-id=\"30552\" src=\"https:\/\/hi-techwonder.com\/wp-content\/themes\/woodmart\/images\/lazy.svg\" data-src=\"https:\/\/nisioptics.pt\/wp-content\/uploads\/2024\/10\/steady.jpg\" alt=\"\" class=\"wp-image-30552\"><\/figure>\n\n\n\n<figure class=\"wp-block-image size-large\"><img decoding=\"async\" data-id=\"30546\" src=\"https:\/\/hi-techwonder.com\/wp-content\/themes\/woodmart\/images\/lazy.svg\" data-src=\"https:\/\/nisioptics.pt\/wp-content\/uploads\/2024\/10\/unlock.jpg\" alt=\"\" class=\"wp-image-30546\"><\/figure>\n\n\n\n<figure class=\"wp-block-image size-large\"><img decoding=\"async\" data-id=\"30544\" src=\"https:\/\/hi-techwonder.com\/wp-content\/themes\/woodmart\/images\/lazy.svg\" data-src=\"https:\/\/nisioptics.pt\/wp-content\/uploads\/2024\/10\/lock.jpg\" alt=\"\" class=\"wp-image-30544\"><\/figure>\n<\/figure>\n\n\n\n<div id=\"wd-7c284a45\" class=\"wp-block-wd-container wd-dir-col\">\n<div id=\"wd-aa6307c9\" class=\"wp-block-wd-container wd-dir-col\">\n<p id=\"wd-2c33b375\" class=\"wp-block-wd-paragraph\">\u30fb<strong>Cuadro ultrafino para objetivos gran angular:<\/strong>&nbsp;Dise\u00f1ado para ser ultrafino, JetMag Pro permite utilizar dos filtros en objetivos con una distancia focal de 15 mm sin causar vi\u00f1eteado.<\/p>\n\n\n\n<p id=\"wd-1b0500a4\" class=\"wp-block-wd-paragraph\"><strong>\u30fbAdaptable a varios objetivos:&nbsp;<\/strong>Compatible con distintos objetivos de rosca de filtro mediante adaptadores.<\/p>\n\n\n\n<p id=\"wd-f74961f0\" class=\"wp-block-wd-paragraph\"><strong>\u30fbCubiertas met\u00e1licas protectoras de objetivos:<\/strong>&nbsp;las cubiertas met\u00e1licas delantera y trasera de los objetivos pueden instalarse y retirarse r\u00e1pidamente, ofreciendo protecci\u00f3n para filtros y objetivos.<\/p>\n\n\n\n<p id=\"wd-de3613f3\" class=\"wp-block-wd-paragraph\"><strong>\u30fbAmplia gama de filtros para cada escena:&nbsp;<\/strong>elija entre una variedad de filtros dise\u00f1ados para paisajes, retratos, paisajes nocturnos, v\u00eddeo y cine.<\/p>\n\n\n\n<p id=\"wd-681bc3d6\" class=\"wp-block-wd-paragraph\"><strong>\u30fbNanorrevestimiento de baja reflexi\u00f3n:<\/strong>&nbsp;incorpora un nanorrevestimiento de baja reflexi\u00f3n que reduce eficazmente los reflejos, incluso al apilar varios filtros.<\/p>\n<\/div>\n<\/div>\n\n\n\n<figure class=\"wp-block-gallery has-nested-images columns-4 is-cropped wp-block-gallery-3 is-layout-flex wp-block-gallery-is-layout-flex\">\n<figure class=\"wp-block-image size-large\"><img decoding=\"async\" data-id=\"30568\" src=\"https:\/\/hi-techwonder.com\/wp-content\/themes\/woodmart\/images\/lazy.svg\" data-src=\"https:\/\/nisioptics.pt\/wp-content\/uploads\/2024\/10\/DSC03332.jpg\" alt=\"\" class=\"wp-image-30568\"><\/figure>\n\n\n\n<figure class=\"wp-block-image size-large\"><img decoding=\"async\" data-id=\"30566\" src=\"https:\/\/hi-techwonder.com\/wp-content\/themes\/woodmart\/images\/lazy.svg\" data-src=\"https:\/\/nisioptics.pt\/wp-content\/uploads\/2024\/10\/DSC03314.jpg\" alt=\"\" class=\"wp-image-30566\"><\/figure>\n\n\n\n<figure class=\"wp-block-image size-large\"><img decoding=\"async\" data-id=\"30564\" src=\"https:\/\/hi-techwonder.com\/wp-content\/themes\/woodmart\/images\/lazy.svg\" data-src=\"https:\/\/nisioptics.pt\/wp-content\/uploads\/2024\/10\/DSC03282.jpg\" alt=\"\" class=\"wp-image-30564\"><\/figure>\n\n\n\n<figure class=\"wp-block-image size-large\"><img decoding=\"async\" data-id=\"30562\" src=\"https:\/\/hi-techwonder.com\/wp-content\/themes\/woodmart\/images\/lazy.svg\" data-src=\"https:\/\/nisioptics.pt\/wp-content\/uploads\/2024\/10\/DSC03195.jpg\" alt=\"\" class=\"wp-image-30562\"><\/figure>\n<\/figure>\n<\/div><\/div><\/div>\n\n\n\n<div id=\"wd-1c09abe4\" class=\"wp-block-wd-accordion-pane wd-accordion-item\"><div class=\"wd-accordion-title wd-role-btn\" tabindex=\"0\"><div class=\"wd-accordion-title-text\"><span>\u00bfC\u00f3mo utilizar los filtros JetMag Pro?<\/span><\/div><span class=\"wd-accordion-opener\"><\/span><\/div><div class=\"wd-accordion-content\"><div class=\"wd-accordion-content-inner\">\n<h2 id=\"wd-cd30dacc\" class=\"wp-block-wd-title title\">\u00bfC\u00f3mo bloqueo los filtros JetMag Pro?<\/h2>\n\n\n\n<p id=\"wd-865204aa\" class=\"wp-block-wd-paragraph\"><strong>Bloqueo de un filtro:<\/strong> Instale un filtro con las asas a 45 grados respecto a las l\u00edneas blancas del adaptador. Gire las asas peque\u00f1as hasta que se alineen con la l\u00ednea blanca de bloqueo. Una vez alineado, el filtro queda bloqueado de forma segura y no se puede retirar.<\/p>\n\n\n\n<p><strong>Bloqueo de varios filtros:<\/strong> Instale varios filtros con las asas a 45 grados respecto a las l\u00edneas blancas de los adaptadores. Alinee las asas peque\u00f1as de cada marco de filtro y g\u00edrelas juntas para que coincidan con la l\u00ednea blanca de bloqueo del adaptador. Cuando las asas est\u00e9n alineadas, los filtros estar\u00e1n firmemente unidos entre s\u00ed.<\/p>\n\n\n\n<h2 id=\"wd-364eaedc\" class=\"wp-block-wd-title title\">\u00bfC\u00f3mo desbloqueo los filtros JetMag Pro?<\/h2>\n\n\n\n<p id=\"wd-4a98b036\" class=\"wp-block-wd-paragraph\"><strong>Desbloqueo del filtro individual:<\/strong> Gire las asas peque\u00f1as 45 grados alej\u00e1ndolas de la l\u00ednea de bloqueo blanca del adaptador. Esto desbloquear\u00e1 el filtro, permitiendo que se separe.<\/p>\n\n\n\n<p><strong>Desbloqueo de varios filtros:<\/strong> Gire la peque\u00f1a manija del filtro trasero conectado al adaptador 45 grados desde las l\u00edneas blancas de bloqueo que indican bloqueo. Esto desbloquear\u00e1 los filtros apilados, permitiendo desmontarlos juntos. Al girar las asas de cada filtro 45 grados, se desbloquean y pueden desmontarse.<\/p>\n<\/div><\/div><\/div>\n\n\n\n<div id=\"wd-27d6f98b\" class=\"wp-block-wd-accordion-pane wd-accordion-item\"><div class=\"wd-accordion-title wd-role-btn\" tabindex=\"0\"><div class=\"wd-accordion-title-text\"><span>Prueba de la vi\u00f1eta<\/span><\/div><span class=\"wd-accordion-opener\"><\/span><\/div><div class=\"wd-accordion-content\"><div class=\"wd-accordion-content-inner\">\n<p id=\"wd-eefd086b\" class=\"wp-block-wd-paragraph\"><strong>Canon RF 15-35mm F2.8L IS USM<\/strong><\/p>\n\n\n\n<figure class=\"wp-block-gallery has-nested-images columns-default is-cropped wp-block-gallery-4 is-layout-flex wp-block-gallery-is-layout-flex\">\n<figure class=\"wp-block-image size-large\"><img decoding=\"async\" data-id=\"30538\" src=\"https:\/\/hi-techwonder.com\/wp-content\/themes\/woodmart\/images\/lazy.svg\" data-src=\"https:\/\/nisioptics.pt\/wp-content\/uploads\/2024\/10\/3-filtros.jpg\" alt=\"\" class=\"wp-image-30538\"><\/figure>\n\n\n\n<figure class=\"wp-block-image size-large\"><img decoding=\"async\" data-id=\"30536\" src=\"https:\/\/hi-techwonder.com\/wp-content\/themes\/woodmart\/images\/lazy.svg\" data-src=\"https:\/\/nisioptics.pt\/wp-content\/uploads\/2024\/10\/2-filtros.jpg\" alt=\"\" class=\"wp-image-30536\"><\/figure>\n\n\n\n<figure class=\"wp-block-image size-large\"><img decoding=\"async\" data-id=\"30534\" src=\"https:\/\/hi-techwonder.com\/wp-content\/themes\/woodmart\/images\/lazy.svg\" data-src=\"https:\/\/nisioptics.pt\/wp-content\/uploads\/2024\/10\/0-filtros.jpg\" alt=\"\" class=\"wp-image-30534\"><\/figure>\n<\/figure>\n\n\n\n<p id=\"wd-e4766f24\" class=\"wp-block-wd-paragraph\"><strong>Sony FE 16-35 mm F2.8 GM II<\/strong><\/p>\n\n\n\n<figure class=\"wp-block-gallery has-nested-images columns-default is-cropped wp-block-gallery-5 is-layout-flex wp-block-gallery-is-layout-flex\">\n<figure class=\"wp-block-image size-large\"><img decoding=\"async\" data-id=\"30540\" src=\"https:\/\/hi-techwonder.com\/wp-content\/themes\/woodmart\/images\/lazy.svg\" data-src=\"https:\/\/nisioptics.pt\/wp-content\/uploads\/2024\/10\/0-filtros-1.jpg\" alt=\"\" class=\"wp-image-30540\"><\/figure>\n\n\n\n<figure class=\"wp-block-image size-large\"><img decoding=\"async\" data-id=\"30542\" src=\"https:\/\/hi-techwonder.com\/wp-content\/themes\/woodmart\/images\/lazy.svg\" data-src=\"https:\/\/nisioptics.pt\/wp-content\/uploads\/2024\/10\/2-filtros-1.jpg\" alt=\"\" class=\"wp-image-30542\"><\/figure>\n<\/figure>\n<\/div><\/div><\/div>\n<\/div>\n","protected":false},"excerpt":{"rendered":"<ul>\n<li>Perfecto para controlar la exposici\u00f3n en condiciones de iluminaci\u00f3n intensa.<\/li>\n<li><strong>Tecnolog\u00eda FS ND de Espectro Completo:<\/strong>\u00a0Garantiza un color neutro puro, sin desv\u00edo de color.<\/li>\n<li><strong>Instalaci\u00f3n Magn\u00e9tica R\u00e1pida:<\/strong>\u00a0Coloca o retira los filtros en segundos con el sistema magn\u00e9tico JetMag Pro.<\/li>\n<li><strong>Dise\u00f1o de Bloqueo Patenteado:<\/strong>\u00a0Mantiene los filtros fijados de manera segura para una captura estable.<\/li>\n<li><strong>Marco Ultrafino:<\/strong>\u00a0Evita vi\u00f1eteo, incluso con lentes gran angulares.<\/li>\n<li><strong>Revestimiento Nano Antirreflejante e Impermeable:<\/strong>\u00a0Reduce los reflejos y protege el filtro contra agua y suciedad.<\/li>\n<li><strong>Asas de Color Azul:<\/strong>\u00a0Identificaci\u00f3n f\u00e1cil y retirada r\u00e1pida de los filtros.<\/li>\n<li><strong>Duradero y Fiable:<\/strong>\u00a0Construido con aluminio de alta calidad y vidrio \u00f3ptico para uso prolongado.<\/li>\n<li><strong>Ideal para Contenido de V\u00eddeo Cinematogr\u00e1fico:<\/strong>\u00a0Consigue la velocidad de obturaci\u00f3n perfecta para v\u00eddeos cinematogr\u00e1ficos f\u00e1cilmente, realizando tu visi\u00f3n creativa.<\/li>\n<li>Ahora, en cuatro versiones:\u00a0<strong>67MAG<\/strong>, de 67mm,\u00a0<strong>82MAG<\/strong>, de 82mm,.\u00a0<strong>95MAG<\/strong>, de 95mm, y\u00a0<strong>MAXMAG<\/strong>\u00a0haciendo el sistema compatible con a\u00fan m\u00e1s objetivos.<\/li>\n<\/ul>\n","protected":false},"featured_media":11922,"comment_status":"closed","ping_status":"closed","template":"","meta":{"_acf_changed":false},"product_brand":[2543],"product_cat":[1049],"product_tag":[],"class_list":{"0":"post-12957","1":"product","2":"type-product","3":"status-publish","4":"has-post-thumbnail","6":"product_brand-nisioptics-es","7":"product_cat-magneticos-y-presion","8":"pa_densidade-nd1000-10-stop-es","9":"pa_densidade-nd16-4-stop-es","10":"pa_densidade-nd2-1-stop-es","11":"pa_densidade-nd32000-15-stop","12":"pa_densidade-nd4-2-stop-es","13":"pa_densidade-nd64-6-stop-es","14":"pa_densidade-nd8-3-stop-es","16":"first","17":"instock","18":"taxable","19":"shipping-taxable","20":"purchasable","21":"product-type-variable"},"bundled_by":[],"bundle_stock_status":"instock","bundle_stock_quantity":null,"bundle_virtual":false,"bundle_layout":"","bundle_add_to_cart_form_location":"","bundle_editable_in_cart":false,"bundle_sold_individually_context":"","bundle_item_grouping":"","bundle_min_size":"","bundle_max_size":"","bundle_price":[],"bundled_items":[],"bundle_sell_ids":[],"acf":[],"_links":{"self":[{"href":"https:\/\/hi-techwonder.com\/es\/wp-json\/wp\/v2\/product\/12957","targetHints":{"allow":["GET"]}}],"collection":[{"href":"https:\/\/hi-techwonder.com\/es\/wp-json\/wp\/v2\/product"}],"about":[{"href":"https:\/\/hi-techwonder.com\/es\/wp-json\/wp\/v2\/types\/product"}],"replies":[{"embeddable":true,"href":"https:\/\/hi-techwonder.com\/es\/wp-json\/wp\/v2\/comments?post=12957"}],"wp:featuredmedia":[{"embeddable":true,"href":"https:\/\/hi-techwonder.com\/es\/wp-json\/wp\/v2\/media\/11922"}],"wp:attachment":[{"href":"https:\/\/hi-techwonder.com\/es\/wp-json\/wp\/v2\/media?parent=12957"}],"wp:term":[{"taxonomy":"product_brand","embeddable":true,"href":"https:\/\/hi-techwonder.com\/es\/wp-json\/wp\/v2\/product_brand?post=12957"},{"taxonomy":"product_cat","embeddable":true,"href":"https:\/\/hi-techwonder.com\/es\/wp-json\/wp\/v2\/product_cat?post=12957"},{"taxonomy":"product_tag","embeddable":true,"href":"https:\/\/hi-techwonder.com\/es\/wp-json\/wp\/v2\/product_tag?post=12957"}],"curies":[{"name":"wp","href":"https:\/\/api.w.org\/{rel}","templated":true}]}}