{"id":12972,"date":"2025-07-23T23:45:45","date_gmt":"2025-07-23T23:45:45","guid":{"rendered":"https:\/\/fv6qoy3ls0.wpdns.site\/produto\/nisi-tampa-frontal-jetmag-pro\/"},"modified":"2026-04-16T16:29:50","modified_gmt":"2026-04-16T15:29:50","slug":"nisi-tampa-frontal-jetmag-pro","status":"publish","type":"product","link":"https:\/\/hi-techwonder.com\/es\/producto\/nisi-tampa-frontal-jetmag-pro\/","title":{"rendered":"NiSi Tampa Frontal JetMag Pro"},"content":{"rendered":"\n<h3 id=\"wd-f00f98b0\" class=\"wp-block-wd-title title\"><strong>NiSi Tampa Frontal JetMag Pro<\/strong><\/h3>\n\n<div id=\"wd-b3a18993\" class=\"wp-block-wd-video wd-el-video wd-action-without wd-video-external wd-with-aspect-ratio wd-custom-width\"><iframe allowfullscreen=\"\" allow=\"accelerometer; autoplay; encrypted-media; gyroscope; picture-in-picture\" width=\"100%\" height=\"100%\" loading=\"lazy\" src=\"https:\/\/www.youtube.com\/embed\/ZI67uDxDla0?feature=oembed&amp;controls=1\"><\/iframe><\/div>\n\n<p id=\"wd-3b94370d\" class=\"wp-block-wd-paragraph\">A tampa frontal NiSi JetMag Pro \u00e9 um acess\u00f3rio essencial para fot\u00f3grafos e vide\u00f3grafos que utilizam o sistema de filtros JetMag Pro. Ela oferece prote\u00e7\u00e3o confi\u00e1vel para a parte fontal dos filtros, protegendo-os contra poeira, sujeira, humidade e riscos quando n\u00e3o est\u00e3o em uso. Fabricada em metal resistente, a tampa garante uma prote\u00e7\u00e3o duradoura, mesmo em condi\u00e7\u00f5es exigentes.<\/p>\n\n<p id=\"wd-c69498ff\" class=\"wp-block-wd-paragraph\">Compat\u00edvel com o sistema magn\u00e9tico JetMag Pro, a tampa frontal encaixa-se facilmente, garantindo uma fixa\u00e7\u00e3o segura que evita desprendimentos acidentais. O design ultrafino evita adicionar volume ao seu equipamento, facilitando o armazenamento na bolsa de c\u00e2mara. Seja no campo ou a preparar o equipamento para transporte, a tampa frontal NiSi JetMag Pro mant\u00e9m os filtros limpos e protegidos, prolongando a sua vida \u00fatil e desempenho.<\/p>\n\n<p id=\"wd-ba7775e6\" class=\"wp-block-wd-paragraph\">Al\u00e9m disso, a tampa pode ser fixada de forma segura a um filtro, alinhando as al\u00e7as, oferecendo uma camada adicional de seguran\u00e7a durante o armazenamento ou transporte.<\/p>\n\n<p id=\"wd-9563d2ad\" class=\"wp-block-wd-paragraph\">Para quem valoriza filtros de alta qualidade, a tampa frontal NiSi JetMag Pro \u00e9 um acess\u00f3rio indispens\u00e1vel, proporcionando tranquilidade e prote\u00e7\u00e3o otimizada para o seu equipamento.<\/p>\n\n<p>Agora, em 2 vers\u00f5es, <strong>82MAG<\/strong>, de 82mm, e <strong>95MAG<\/strong>, de 95mm, tornando o sistema compat\u00edvel com ainda mais objetivas.<\/p>\n\n<div id=\"wd-3c5596e1\" class=\"wp-block-wd-accordion wd-accordion wd-style-default wd-titles-start wd-opener-style-arrow wd-opener-pos-end\" data-state=\"first\">\n<div id=\"wd-8eb00d10\" class=\"wp-block-wd-accordion-pane wd-accordion-item\"><div class=\"wd-accordion-title wd-active\"><div class=\"wd-accordion-title-text\"><span>Caracter\u00edsticas principais JetMag Pro<\/span><\/div><span class=\"wd-accordion-opener\"><\/span><\/div><div class=\"wd-accordion-content wd-active\"><div class=\"wd-accordion-content-inner\">\n<p id=\"wd-9d035c8c\" class=\"wp-block-wd-paragraph\">Apresentamos o novo sistema NiSi JetMag Pro, um sistema de filtros magn\u00e9ticos que ir\u00e1 redefinir a sua experi\u00eancia com este tipo de sistema.<\/p>\n\n\n\n<p id=\"wd-16156574\" class=\"wp-block-wd-paragraph\">\u30fb<strong>Velocidade magn\u00e9tica num abrir e fechar de olhos: <\/strong>Os filtros JetMag Pro permitem uma r\u00e1pida instala\u00e7\u00e3o e remo\u00e7\u00e3o, gra\u00e7as a um design magn\u00e9tico.<\/p>\n\n\n\n<p id=\"wd-e51d40bc\" class=\"wp-block-wd-paragraph\">\u30fb<strong>Remo\u00e7\u00e3o r\u00e1pida e confort\u00e1vel:<\/strong>\u00a0 Equipados com duas pegas pequenas, estes filtros podem ser removidos de forma confort\u00e1vel e r\u00e1pida.<\/p>\n\n\n\n<p id=\"wd-cde2d376\" class=\"wp-block-wd-paragraph\">\u30fb<strong>Identifica\u00e7\u00e3o f\u00e1cil:<\/strong> As pegas multicoloridas ajudam a identificar rapidamente os diferentes filtros do seu kit.<\/p>\n\n\n\n<figure class=\"wp-block-gallery has-nested-images columns-4 is-cropped wp-block-gallery-1 is-layout-flex wp-block-gallery-is-layout-flex\">\n<figure class=\"wp-block-image size-large\"><img decoding=\"async\" data-id=\"30560\" src=\"https:\/\/hi-techwonder.com\/wp-content\/themes\/woodmart\/images\/lazy.svg\" data-src=\"https:\/\/nisioptics.pt\/wp-content\/uploads\/2024\/10\/DSC02916xiu.jpg\" alt=\"\" class=\"wp-image-30560\"><\/figure>\n\n\n\n<figure class=\"wp-block-image size-large\"><img decoding=\"async\" data-id=\"30558\" src=\"https:\/\/hi-techwonder.com\/wp-content\/themes\/woodmart\/images\/lazy.svg\" data-src=\"https:\/\/nisioptics.pt\/wp-content\/uploads\/2024\/10\/DSC02899xiu.jpg\" alt=\"\" class=\"wp-image-30558\"><\/figure>\n\n\n\n<figure class=\"wp-block-image size-large\"><img decoding=\"async\" data-id=\"30556\" src=\"https:\/\/hi-techwonder.com\/wp-content\/themes\/woodmart\/images\/lazy.svg\" data-src=\"https:\/\/nisioptics.pt\/wp-content\/uploads\/2024\/10\/DSC02896.jpg\" alt=\"\" class=\"wp-image-30556\"><\/figure>\n\n\n\n<figure class=\"wp-block-image size-large\"><img decoding=\"async\" data-id=\"30554\" src=\"https:\/\/hi-techwonder.com\/wp-content\/themes\/woodmart\/images\/lazy.svg\" data-src=\"https:\/\/nisioptics.pt\/wp-content\/uploads\/2024\/10\/DSC02895.jpg\" alt=\"\" class=\"wp-image-30554\"><\/figure>\n<\/figure>\n\n\n\n<div id=\"wd-fb2811b8\" class=\"wp-block-wd-container wd-dir-col\">\n<p id=\"wd-d10ab377\" class=\"wp-block-wd-paragraph\">\u30fb<strong>Rodar, Bloquear e Estabilidade:<\/strong> O design de bloqueio patenteado garante estabilidade girando a pequena al\u00e7a para a posi\u00e7\u00e3o marcada, travando com seguran\u00e7a v\u00e1rios filtros no lugar.<\/p>\n\n\n\n<p>\u30fb<strong>Bloqueio de v\u00e1rios filtros: <\/strong>Empilhe e bloqueie com seguran\u00e7a v\u00e1rios filtros sem comprometer a estabilidade.<\/p>\n<\/div>\n\n\n\n<figure class=\"wp-block-gallery has-nested-images columns-default is-cropped wp-block-gallery-2 is-layout-flex wp-block-gallery-is-layout-flex\">\n<figure class=\"wp-block-image size-large\"><img decoding=\"async\" data-id=\"30552\" src=\"https:\/\/hi-techwonder.com\/wp-content\/themes\/woodmart\/images\/lazy.svg\" data-src=\"https:\/\/nisioptics.pt\/wp-content\/uploads\/2024\/10\/steady.jpg\" alt=\"\" class=\"wp-image-30552\"><\/figure>\n\n\n\n<figure class=\"wp-block-image size-large\"><img decoding=\"async\" data-id=\"30546\" src=\"https:\/\/hi-techwonder.com\/wp-content\/themes\/woodmart\/images\/lazy.svg\" data-src=\"https:\/\/nisioptics.pt\/wp-content\/uploads\/2024\/10\/unlock.jpg\" alt=\"\" class=\"wp-image-30546\"><\/figure>\n\n\n\n<figure class=\"wp-block-image size-large\"><img decoding=\"async\" data-id=\"30544\" src=\"https:\/\/hi-techwonder.com\/wp-content\/themes\/woodmart\/images\/lazy.svg\" data-src=\"https:\/\/nisioptics.pt\/wp-content\/uploads\/2024\/10\/lock.jpg\" alt=\"\" class=\"wp-image-30544\"><\/figure>\n<\/figure>\n\n\n\n<div id=\"wd-7c284a45\" class=\"wp-block-wd-container wd-dir-col\">\n<div id=\"wd-aa6307c9\" class=\"wp-block-wd-container wd-dir-col\">\n<p id=\"wd-744312d0\" class=\"wp-block-wd-paragraph\">\u30fb<strong>Moldura ultra-fina para objectivas grande-angulares:<\/strong> Concebido para ser ultra-fino, o JetMag Pro permite a utiliza\u00e7\u00e3o de dois filtros em objectivas com comprimento focal de 15 mm sem causar vinhetas.<\/p>\n\n\n\n<p id=\"wd-d4e9a6fb\" class=\"wp-block-wd-paragraph\"><strong>\u30fbAdapt\u00e1vel a v\u00e1rias lentes:<\/strong> Compat\u00edvel com diferentes lentes de rosca de filtro usando adaptadores.<\/p>\n\n\n\n<p id=\"wd-8118171f\" class=\"wp-block-wd-paragraph\"><strong>\u30fbTampas de lentes de metal protetoras:<\/strong> As tampas de lente de metal dianteiras e traseiras podem ser rapidamente instaladas e removidas, oferecendo prote\u00e7\u00e3o para filtros e lentes.<\/p>\n\n\n\n<p id=\"wd-77c29f63\" class=\"wp-block-wd-paragraph\"><strong>\u30fbLarga s\u00e9rie de filtros para cada cena:<\/strong> Escolha entre uma variedade de filtros concebidos para paisagens, retratos, paisagens nocturnas, v\u00eddeo e filmagens.<\/p>\n\n\n\n<p id=\"wd-3565f955\" class=\"wp-block-wd-paragraph\"><strong>\u30fbNano-revestimento de baixo reflexo:<\/strong> Apresenta um nano-revestimento de baixo reflexo que reduz eficazmente o brilho, mesmo ao empilhar v\u00e1rios filtros.<\/p>\n<\/div>\n<\/div>\n\n\n\n<figure class=\"wp-block-gallery has-nested-images columns-4 is-cropped wp-block-gallery-3 is-layout-flex wp-block-gallery-is-layout-flex\">\n<figure class=\"wp-block-image size-large\"><img decoding=\"async\" data-id=\"30568\" src=\"https:\/\/hi-techwonder.com\/wp-content\/themes\/woodmart\/images\/lazy.svg\" data-src=\"https:\/\/nisioptics.pt\/wp-content\/uploads\/2024\/10\/DSC03332.jpg\" alt=\"\" class=\"wp-image-30568\"><\/figure>\n\n\n\n<figure class=\"wp-block-image size-large\"><img decoding=\"async\" data-id=\"30566\" src=\"https:\/\/hi-techwonder.com\/wp-content\/themes\/woodmart\/images\/lazy.svg\" data-src=\"https:\/\/nisioptics.pt\/wp-content\/uploads\/2024\/10\/DSC03314.jpg\" alt=\"\" class=\"wp-image-30566\"><\/figure>\n\n\n\n<figure class=\"wp-block-image size-large\"><img decoding=\"async\" data-id=\"30564\" src=\"https:\/\/hi-techwonder.com\/wp-content\/themes\/woodmart\/images\/lazy.svg\" data-src=\"https:\/\/nisioptics.pt\/wp-content\/uploads\/2024\/10\/DSC03282.jpg\" alt=\"\" class=\"wp-image-30564\"><\/figure>\n\n\n\n<figure class=\"wp-block-image size-large\"><img decoding=\"async\" data-id=\"30562\" src=\"https:\/\/hi-techwonder.com\/wp-content\/themes\/woodmart\/images\/lazy.svg\" data-src=\"https:\/\/nisioptics.pt\/wp-content\/uploads\/2024\/10\/DSC03195.jpg\" alt=\"\" class=\"wp-image-30562\"><\/figure>\n<\/figure>\n<\/div><\/div><\/div>\n\n\n\n<div id=\"wd-1c09abe4\" class=\"wp-block-wd-accordion-pane wd-accordion-item\"><div class=\"wd-accordion-title\"><div class=\"wd-accordion-title-text\"><span>Como utilizar os filtros JetMag Pro?<\/span><\/div><span class=\"wd-accordion-opener\"><\/span><\/div><div class=\"wd-accordion-content\"><div class=\"wd-accordion-content-inner\">\n<h2 id=\"wd-cd30dacc\" class=\"wp-block-wd-title title\">Como bloquear os filtros JetMag Pro?<\/h2>\n\n\n\n<p id=\"wd-9cb70222\" class=\"wp-block-wd-paragraph\"><strong>Bloqueio de filtro \u00fanico:<\/strong> Instale um filtro com as pegas a 45 graus das linhas brancas no adaptador. Gire as pegas pequenas at\u00e9 que elas se alinhem com a linha de bloqueio branca. Uma vez alinhado, o filtro \u00e9 bloqueado de forma segura e n\u00e3o pode ser removido.<\/p>\n\n\n\n<p><strong>Bloqueio de v\u00e1rios filtros:<\/strong> Instale v\u00e1rios filtros com as pegas a 45 graus das linhas brancas nos adaptadores. Alinhe as pegas pequenas de cada estrutura de filtro e rode-as em conjunto para corresponder \u00e0 linha de bloqueio branca no adaptador. Quando as pegas est\u00e3o alinhadas, os filtros est\u00e3o bem fixos uns aos outros.<\/p>\n\n\n\n<h2 id=\"wd-364eaedc\" class=\"wp-block-wd-title title\">Como desbloquear os filtros JetMag Pro?<\/h2>\n\n\n\n<p id=\"wd-290079f6\" class=\"wp-block-wd-paragraph\"><strong>Desbloqueio do filtro \u00fanico:<\/strong> Rode as pegas pequenas 45 graus para longe da linha de bloqueio branca no adaptador. Isso ir\u00e1 desbloquear o filtro, permitindo que ele seja destacado.<\/p>\n\n\n\n<p><strong>Desbloqueio de v\u00e1rios filtros:<\/strong> Gire a pequena al\u00e7a do filtro traseiro conectado ao adaptador a 45 graus das linhas de bloqueio brancas que indicam bloqueio. Isso desbloquear\u00e1 os filtros empilhados, permitindo que eles sejam desmontados juntos. Ao rodar as pegas de cada filtro 45 graus, estas desbloqueiam e podem ser retiradas.<\/p>\n<\/div><\/div><\/div>\n\n\n\n<div id=\"wd-27d6f98b\" class=\"wp-block-wd-accordion-pane wd-accordion-item\"><div class=\"wd-accordion-title\"><div class=\"wd-accordion-title-text\"><span>Teste de vinheta<\/span><\/div><span class=\"wd-accordion-opener\"><\/span><\/div><div class=\"wd-accordion-content\"><div class=\"wd-accordion-content-inner\">\n<p id=\"wd-eefd086b\" class=\"wp-block-wd-paragraph\"><strong>Canon RF 15-35mm F2.8L IS USM<\/strong><\/p>\n\n\n\n<figure class=\"wp-block-gallery has-nested-images columns-default is-cropped wp-block-gallery-4 is-layout-flex wp-block-gallery-is-layout-flex\">\n<figure class=\"wp-block-image size-large\"><img decoding=\"async\" data-id=\"30538\" src=\"https:\/\/hi-techwonder.com\/wp-content\/themes\/woodmart\/images\/lazy.svg\" data-src=\"https:\/\/nisioptics.pt\/wp-content\/uploads\/2024\/10\/3-filtros.jpg\" alt=\"\" class=\"wp-image-30538\"><\/figure>\n\n\n\n<figure class=\"wp-block-image size-large\"><img decoding=\"async\" data-id=\"30536\" src=\"https:\/\/hi-techwonder.com\/wp-content\/themes\/woodmart\/images\/lazy.svg\" data-src=\"https:\/\/nisioptics.pt\/wp-content\/uploads\/2024\/10\/2-filtros.jpg\" alt=\"\" class=\"wp-image-30536\"><\/figure>\n\n\n\n<figure class=\"wp-block-image size-large\"><img decoding=\"async\" data-id=\"30534\" src=\"https:\/\/hi-techwonder.com\/wp-content\/themes\/woodmart\/images\/lazy.svg\" data-src=\"https:\/\/nisioptics.pt\/wp-content\/uploads\/2024\/10\/0-filtros.jpg\" alt=\"\" class=\"wp-image-30534\"><\/figure>\n<\/figure>\n\n\n\n<p id=\"wd-e4766f24\" class=\"wp-block-wd-paragraph\"><strong>Sony FE 16-35 mm F2.8 GM II<\/strong><\/p>\n\n\n\n<figure class=\"wp-block-gallery has-nested-images columns-default is-cropped wp-block-gallery-5 is-layout-flex wp-block-gallery-is-layout-flex\">\n<figure class=\"wp-block-image size-large\"><img decoding=\"async\" data-id=\"30540\" src=\"https:\/\/hi-techwonder.com\/wp-content\/themes\/woodmart\/images\/lazy.svg\" data-src=\"https:\/\/nisioptics.pt\/wp-content\/uploads\/2024\/10\/0-filtros-1.jpg\" alt=\"\" class=\"wp-image-30540\"><\/figure>\n\n\n\n<figure class=\"wp-block-image size-large\"><img decoding=\"async\" data-id=\"30542\" src=\"https:\/\/hi-techwonder.com\/wp-content\/themes\/woodmart\/images\/lazy.svg\" data-src=\"https:\/\/nisioptics.pt\/wp-content\/uploads\/2024\/10\/2-filtros-1.jpg\" alt=\"\" class=\"wp-image-30542\"><\/figure>\n<\/figure>\n<\/div><\/div><\/div>\n<\/div>\n","protected":false},"excerpt":{"rendered":"<ul>\n<li><strong>Prote\u00e7\u00e3o confi\u00e1vel:<\/strong> A tampa frontal NiSi JetMag Pro protege os filtros de poeira, sujidade, humidade e arranh\u00f5es quando n\u00e3o est\u00e3o em uso.<\/li>\n<li><strong>Constru\u00e7\u00e3o dur\u00e1vel:<\/strong> Feita de metal de alta qualidade para garantir prote\u00e7\u00e3o duradoura, mesmo em ambientes desafiadores.<\/li>\n<li><strong>Compat\u00edvel com o sistema magn\u00e9tico JetMag Pro:<\/strong> Fixa\u00e7\u00e3o f\u00e1cil e segura, com um encaixe apertado que evita desprendimentos acidentais.<\/li>\n<li><strong>Design ultrafino:<\/strong> N\u00e3o adiciona volume ao seu equipamento, sendo f\u00e1cil de armazenar na bolsa de c\u00e2mara.<\/li>\n<li><strong>Extens\u00e3o da vida \u00fatil dos filtros:<\/strong> Mant\u00e9m os filtros limpos e protegidos, preservando seu desempenho e aumentando sua durabilidade.<\/li>\n<li><strong>Fixa\u00e7\u00e3o segura:<\/strong> O bloqueio adicional com os cabos do filtro garante seguran\u00e7a extra durante o armazenamento e transporte.<\/li>\n<li><strong>Essencial para fot\u00f3grafos e vide\u00f3grafos:<\/strong> Acess\u00f3rio indispens\u00e1vel para quem investe em filtros de alta qualidade JetMag Pro.<\/li>\n<li>Agora, em 2 vers\u00f5es, <strong>82MAG<\/strong>, de 82mm, e <strong>95MAG<\/strong>, de 95mm, tornando o sistema compat\u00edvel com ainda mais objetivas.<\/li>\n<\/ul>\n","protected":false},"featured_media":11880,"comment_status":"closed","ping_status":"closed","template":"","meta":{"_acf_changed":false},"product_brand":[2543],"product_cat":[1044],"product_tag":[],"class_list":{"0":"post-12972","1":"product","2":"type-product","3":"status-publish","4":"has-post-thumbnail","6":"product_brand-nisioptics-es","7":"product_cat-accesorios-filtros-circulares","9":"first","10":"instock","11":"taxable","12":"shipping-taxable","13":"purchasable","14":"product-type-variable"},"bundled_by":[],"bundle_stock_status":"instock","bundle_stock_quantity":null,"bundle_virtual":false,"bundle_layout":"","bundle_add_to_cart_form_location":"","bundle_editable_in_cart":false,"bundle_sold_individually_context":"","bundle_item_grouping":"","bundle_min_size":"","bundle_max_size":"","bundle_price":[],"bundled_items":[],"bundle_sell_ids":[],"acf":[],"_links":{"self":[{"href":"https:\/\/hi-techwonder.com\/es\/wp-json\/wp\/v2\/product\/12972","targetHints":{"allow":["GET"]}}],"collection":[{"href":"https:\/\/hi-techwonder.com\/es\/wp-json\/wp\/v2\/product"}],"about":[{"href":"https:\/\/hi-techwonder.com\/es\/wp-json\/wp\/v2\/types\/product"}],"replies":[{"embeddable":true,"href":"https:\/\/hi-techwonder.com\/es\/wp-json\/wp\/v2\/comments?post=12972"}],"wp:featuredmedia":[{"embeddable":true,"href":"https:\/\/hi-techwonder.com\/es\/wp-json\/wp\/v2\/media\/11880"}],"wp:attachment":[{"href":"https:\/\/hi-techwonder.com\/es\/wp-json\/wp\/v2\/media?parent=12972"}],"wp:term":[{"taxonomy":"product_brand","embeddable":true,"href":"https:\/\/hi-techwonder.com\/es\/wp-json\/wp\/v2\/product_brand?post=12972"},{"taxonomy":"product_cat","embeddable":true,"href":"https:\/\/hi-techwonder.com\/es\/wp-json\/wp\/v2\/product_cat?post=12972"},{"taxonomy":"product_tag","embeddable":true,"href":"https:\/\/hi-techwonder.com\/es\/wp-json\/wp\/v2\/product_tag?post=12972"}],"curies":[{"name":"wp","href":"https:\/\/api.w.org\/{rel}","templated":true}]}}