{"id":12982,"date":"2025-07-23T23:46:55","date_gmt":"2025-07-23T23:46:55","guid":{"rendered":"https:\/\/fv6qoy3ls0.wpdns.site\/produto\/nisi-gran-angular-15mm-f-4-asph-leica-l-mount\/"},"modified":"2026-03-26T15:02:24","modified_gmt":"2026-03-26T15:02:24","slug":"nisi-gran-angular-15mm-f-4-asph-leica-l-mount","status":"publish","type":"product","link":"https:\/\/hi-techwonder.com\/es\/producto\/nisi-gran-angular-15mm-f-4-asph-leica-l-mount\/","title":{"rendered":"NiSi gran angular 15mm f\/4 ASPH (Leica L-Mount)"},"content":{"rendered":"<h3><strong>NiSi grande angular 15mm f\/4 ASPH<\/strong><\/h3>\n<p><iframe loading=\"lazy\" title=\"NiSi grande angular 15mm f\/4 ASPH\" width=\"500\" height=\"281\" src=\"https:\/\/www.youtube.com\/embed\/58DvyZHGoeA?feature=oembed\" frameborder=\"0\" allow=\"accelerometer; autoplay; clipboard-write; encrypted-media; gyroscope; picture-in-picture; web-share\" referrerpolicy=\"strict-origin-when-cross-origin\" allowfullscreen><\/iframe><\/p>\n<p>Todo o conhecimento \u00f3ptico e experi\u00eancia da NiSi est\u00e3o expressos na objetiva ultra grande angular NiSi 15mm f\/4 ASPH. Uma objetiva que se concentra em recursos de primeira linha e prestando aten\u00e7\u00e3o ao que importa; nomeadamente a qualidade dos materiais e a qualidade do vidro.<\/p>\n<p>Corpo totalmente met\u00e1lico, vidro \u00f3ptico para aplica\u00e7\u00f5es de precis\u00e3o proporcionando nitidez ideal em toda a estrutura, constru\u00e7\u00e3o com 12 elementos em 10 grupos, um elemento asf\u00e9rico e dois elementos de dispers\u00e3o muito baixa s\u00e3o apenas algumas das caracter\u00edsticas do NiSi 15mm f\/4 ASPH. Abaixo est\u00e3o os seus principais recursos:<\/p>\n<ul>\n<li>Compat\u00edvel com c\u00e2meras Full Frame e APS-C (comprimento focal de 15 mm em Full Frame, 22 mm em APS-C)<\/li>\n<li>Anel mec\u00e2nico para <strong>ajuste cont\u00ednuo do diafragma<\/strong><\/li>\n<li>Um asf\u00e9rico e dois elementos de dispers\u00e3o ultrabaixa em <strong>vidro \u00f3ptico<\/strong><\/li>\n<li><strong>Diafragma de 10 l\u00e2minas<\/strong>, projetado para otimizar a luz em qualquer abertura<\/li>\n<li><strong>Ampla faixa focal, 112 \u00b0 em Full-Frame<\/strong>, mais pr\u00f3xima da dist\u00e2ncia focal de 14\/14,5 mm<\/li>\n<li><strong>Dist\u00e2ncia m\u00ednima de focagem de 20 cm<\/strong>, para fotos com objectos muito pr\u00f3ximos<\/li>\n<li>Distor\u00e7\u00e3o contida e reduzida ao m\u00ednimo<\/li>\n<li>Rosca frontal de 72 mm para uso com filtros circulares ou com o sistema NiSi 100 mm para filtros quadrados<\/li>\n<\/ul>\n<h5>Diafragma de 10 l\u00e2minas<\/h5>\n<p>O diafragma foi projetado com 10 l\u00e2minas retas para obter o efeito de estrela em pontos de luz em qualquer abertura, bem como maximizar a nitidez em todo o quadro e na faixa de abertura. Al\u00e9m disso, existe o anel mec\u00e2nico do diafragma, com possibilidade de ajuste manual e cont\u00ednuo, perfeito para ajuste preciso e uso de v\u00eddeo.<\/p>\n<p><img loading=\"lazy\" decoding=\"async\" class=\"size-full wp-image-173326 aligncenter lazyloaded\" title=\"\" src=\"https:\/\/hi-techwonder.com\/wp-content\/themes\/woodmart\/images\/lazy.svg\" data-src=\"https:\/\/nisioptics.co.uk\/wp-content\/uploads\/2021\/01\/nisi-15mm-f4-lens.jpg\" sizes=\"auto, (max-width: 1350px) 100vw, 1350px\" srcset=\"\" data-srcset=\"https:\/\/nisioptics.co.uk\/wp-content\/uploads\/2021\/01\/nisi-15mm-f4-lens.jpg 1350w, https:\/\/nisioptics.co.uk\/wp-content\/uploads\/2021\/01\/nisi-15mm-f4-lens-600x267.jpg 600w, https:\/\/nisioptics.co.uk\/wp-content\/uploads\/2021\/01\/nisi-15mm-f4-lens-1140x508.jpg 1140w, https:\/\/nisioptics.co.uk\/wp-content\/uploads\/2021\/01\/nisi-15mm-f4-lens-768x342.jpg 768w\" alt=\"NiSi 15mm f\/4 ASPH\" width=\"1350\" height=\"601\" data-src=\"https:\/\/nisioptics.co.uk\/wp-content\/uploads\/2021\/01\/nisi-15mm-f4-lens.jpg\" data-srcset=\"https:\/\/nisioptics.co.uk\/wp-content\/uploads\/2021\/01\/nisi-15mm-f4-lens.jpg 1350w, https:\/\/nisioptics.co.uk\/wp-content\/uploads\/2021\/01\/nisi-15mm-f4-lens-600x267.jpg 600w, https:\/\/nisioptics.co.uk\/wp-content\/uploads\/2021\/01\/nisi-15mm-f4-lens-1140x508.jpg 1140w, https:\/\/nisioptics.co.uk\/wp-content\/uploads\/2021\/01\/nisi-15mm-f4-lens-768x342.jpg 768w\" \/><\/p>\n<p>&nbsp;<\/p>\n<h5>Nitidez e qualidade \u00f3tica NiSi<\/h5>\n<p>Gra\u00e7as a um design propriet\u00e1rio de 12 elementos em 10 grupos, com 1 elemento asf\u00e9rico e 2 elementos de dispers\u00e3o muito baixa, a nitidez \u00e9 muito elevada, com um \u00f3timo desempenho mesmo nas bordas. O tratamento anti-reflexo reduz flares e reflexos internos. Como a lente NiSi 15mm f\/4 ASPH gerencia a distor\u00e7\u00e3o \u00f3tica, ela tamb\u00e9m \u00e9 \u00f3tima para fotografia arquitet\u00f3nica.<\/p>\n<p><img loading=\"lazy\" decoding=\"async\" class=\"size-full wp-image-173327 aligncenter lazyloaded\" title=\"\" src=\"https:\/\/hi-techwonder.com\/wp-content\/themes\/woodmart\/images\/lazy.svg\" data-src=\"https:\/\/nisioptics.co.uk\/wp-content\/uploads\/2021\/01\/nisi-15mm-f4-ultrawide-lens.png\" sizes=\"auto, (max-width: 1400px) 100vw, 1400px\" srcset=\"\" data-srcset=\"https:\/\/nisioptics.co.uk\/wp-content\/uploads\/2021\/01\/nisi-15mm-f4-ultrawide-lens.png 1400w, https:\/\/nisioptics.co.uk\/wp-content\/uploads\/2021\/01\/nisi-15mm-f4-ultrawide-lens-600x284.png 600w, https:\/\/nisioptics.co.uk\/wp-content\/uploads\/2021\/01\/nisi-15mm-f4-ultrawide-lens-1140x540.png 1140w, https:\/\/nisioptics.co.uk\/wp-content\/uploads\/2021\/01\/nisi-15mm-f4-ultrawide-lens-768x364.png 768w\" alt=\"NiSi 15mm f\/4 ASPH\" width=\"1400\" height=\"663\" data-src=\"https:\/\/nisioptics.co.uk\/wp-content\/uploads\/2021\/01\/nisi-15mm-f4-ultrawide-lens.png\" data-srcset=\"https:\/\/nisioptics.co.uk\/wp-content\/uploads\/2021\/01\/nisi-15mm-f4-ultrawide-lens.png 1400w, https:\/\/nisioptics.co.uk\/wp-content\/uploads\/2021\/01\/nisi-15mm-f4-ultrawide-lens-600x284.png 600w, https:\/\/nisioptics.co.uk\/wp-content\/uploads\/2021\/01\/nisi-15mm-f4-ultrawide-lens-1140x540.png 1140w, https:\/\/nisioptics.co.uk\/wp-content\/uploads\/2021\/01\/nisi-15mm-f4-ultrawide-lens-768x364.png 768w\" \/><\/p>\n<p>&nbsp;<\/p>\n<h5>Todos os filtros NiSi \u00e0 sua disposi\u00e7\u00e3o<\/h5>\n<p>A lente NiSi 15 mm f\/4 ASPH tem uma rosca frontal de 72 mm, sendo portanto, compat\u00edvel com os filtros circulares NiSi de 72 mm e o Sistema 100 para filtros quadrados. Combinando com o NiSi V6 com polarizador de paisagem, filtros ND 100 \u00d7 100 e GND 100 \u00d7 50, obter\u00e1 a mais alta qualidade e flexibilidade para suas fotos.<\/p>\n<p><img loading=\"lazy\" decoding=\"async\" class=\"size-full wp-image-173328 aligncenter lazyloaded\" title=\"\" src=\"https:\/\/hi-techwonder.com\/wp-content\/themes\/woodmart\/images\/lazy.svg\" data-src=\"https:\/\/nisioptics.co.uk\/wp-content\/uploads\/2021\/01\/ultrawide-lens-nisi-15mm-f4.jpg\" sizes=\"auto, (max-width: 1400px) 100vw, 1400px\" srcset=\"\" data-srcset=\"https:\/\/nisioptics.co.uk\/wp-content\/uploads\/2021\/01\/ultrawide-lens-nisi-15mm-f4.jpg 1400w, https:\/\/nisioptics.co.uk\/wp-content\/uploads\/2021\/01\/ultrawide-lens-nisi-15mm-f4-600x356.jpg 600w, https:\/\/nisioptics.co.uk\/wp-content\/uploads\/2021\/01\/ultrawide-lens-nisi-15mm-f4-1140x677.jpg 1140w, https:\/\/nisioptics.co.uk\/wp-content\/uploads\/2021\/01\/ultrawide-lens-nisi-15mm-f4-768x456.jpg 768w\" alt=\"NiSi 15mm f\/4 ASPH\" width=\"1400\" height=\"831\" data-src=\"https:\/\/nisioptics.co.uk\/wp-content\/uploads\/2021\/01\/ultrawide-lens-nisi-15mm-f4.jpg\" data-srcset=\"https:\/\/nisioptics.co.uk\/wp-content\/uploads\/2021\/01\/ultrawide-lens-nisi-15mm-f4.jpg 1400w, https:\/\/nisioptics.co.uk\/wp-content\/uploads\/2021\/01\/ultrawide-lens-nisi-15mm-f4-600x356.jpg 600w, https:\/\/nisioptics.co.uk\/wp-content\/uploads\/2021\/01\/ultrawide-lens-nisi-15mm-f4-1140x677.jpg 1140w, https:\/\/nisioptics.co.uk\/wp-content\/uploads\/2021\/01\/ultrawide-lens-nisi-15mm-f4-768x456.jpg 768w\" \/><\/p>\n<h5>Caracter\u00edsticas t\u00e9cnicas<\/h5>\n<ul>\n<li>Dist\u00e2ncia focal em Full Frame: 15 mm<\/li>\n<li>Dist\u00e2ncia focal em APS-C: 22 mm<\/li>\n<li>\u00c2ngulo de vis\u00e3o: 112 \u00b0 em full frame, 78 \u00b0 em APS-C<\/li>\n<li>Baionetas dispon\u00edveis: Canon RF \/ Sony E \/ Nikon Z \/ Fujifilm X<\/li>\n<li>Diafragma: f\/4 &#8211; f\/22<\/li>\n<li>Foco: manual<\/li>\n<li>Di\u00e2metro da rosca frontal: 72 mm<\/li>\n<li>Dist\u00e2ncia m\u00ednima de focagem: 0,2 m<\/li>\n<li>Amplia\u00e7\u00e3o m\u00e1xima: 0,13x<\/li>\n<li>Peso: 470gr<\/li>\n<li>Dimens\u00f5es (di\u00e2metro x comprimento): 75,6 mm x 80,5 mm<\/li>\n<\/ul>\n<h5>Qualidade NiSi a este pre\u00e7o?<\/h5>\n<p>A produ\u00e7\u00e3o de umaobjetiva \u00e9 extremamente complexa: muitas pessoas, fornecedores e conhecimento est\u00e3o envolvidos (muito mais do que um filtro, por exemplo). A maneira mais simples de criar um novo produto \u00e9 usar o conhecimento de terceiros tanto quanto poss\u00edvel e, em seguida, aplicar um marca e marca\u00e7\u00e3o. A NiSi, por outro lado, escolheu mais uma vez um caminho diferente gerenciando o projeto internamente tanto quanto poss\u00edvel. Isso permite-nos entregar uma grande vantagem ao cliente: custo reduzido.<\/p>\n<p>Quanto mais complexo o produto, mais seremos capazes de economizar recursos gerenciando-o internamente. Isso envolve tempos de desenvolvimento acima da m\u00e9dia, mas os resultados s\u00e3o da qualidade que distingue os produtos NiSi.<\/p>\n<p>Para a objetiva NiSi 15mm f\/4 ASPH, concentr\u00e1mo-nos no que \u00e9 realmente importante: o vidro, o metal e o m\u00ednimo de eletr\u00f3nica poss\u00edvel. Embora hoje existam dezenas de lentes \u201cinteligentes\u201d dispon\u00edveis, acreditamos que os aspectos fundamentais s\u00e3o aqueles em que se investir, pois s\u00e3o eles que fazem um produto de qualidade superior; qualidade \u00f3ptica, precis\u00e3o de constru\u00e7\u00e3o e facilidade de uso.<\/p>\n<p>N\u00e3o usar autofoco, estabiliza\u00e7\u00e3o e outras ajudas eletr\u00f3nicas permitiu-nos oferecer um pre\u00e7o que acreditamos ser proporcional e a qualidade do vidro \u00f3ptico de grau de objetiva \u00e9 a mesma que os clientes NiSi existentes est\u00e3o acostumados nos nossos filtros. Como sempre, nosso objetivo final \u00e9 fornecer produtos profissionais aos nossos clientes a pre\u00e7os razo\u00e1veis.<\/p>\n<p>Transpar\u00eancia e confian\u00e7a est\u00e3o entre os nossos valores fundamentais e estamos sempre dispon\u00edveis para responder \u00e0s suas perguntas sobre qualquer aspecto da nossa paix\u00e3o pela fotografia.<\/p>\n<p>Esta objetiva \u00e9 compat\u00edvel com o sistema de <a href=\"https:\/\/hi-techwonder.com\/es\/categoria-produto\/objetivos\/filtros-circulares-es\/\">filtros circulares de rosca <\/a>e o <a href=\"\/?product_cat=kits-porta-filtros-100mm\">porta-filtros V7.<\/a><\/p>\n","protected":false},"excerpt":{"rendered":"<ul>\n<li>Foco manual suave e preciso<\/li>\n<li>Controle manual e cont\u00ednuo do diafragma via <strong>anel dedicado<\/strong><\/li>\n<li><strong>Vidro \u00f3tico NiSi<\/strong> para aplica\u00e7\u00f5es de precis\u00e3o<\/li>\n<li><strong>Rosca frontal de 72 mm<\/strong> para filtros circulares e suportes S\u00e9rie 100<\/li>\n<li>Constru\u00e7\u00e3o s\u00f3lida de alum\u00ednio<\/li>\n<li><strong>Compacto e leve<\/strong>, 75,6 mm x 80,5 mm, 470g<\/li>\n<li>Design \u00f3ptico com um elemento asf\u00e9rico e dois com elementos de dispers\u00e3o muito baixa<\/li>\n<\/ul>\n<p><span style=\"color: #000000;\"><a style=\"color: #000000;\" href=\"https:\/\/nisioptics.pt\/wp-content\/uploads\/2021\/01\/NiSi-15mm-F4-ASPH-specs.pdf\"><em>Especifica\u00e7\u00f5es da Objetiva<\/em><\/a><\/span><\/p>\n","protected":false},"featured_media":9046,"comment_status":"closed","ping_status":"closed","template":"","meta":{"_acf_changed":false},"product_brand":[2543],"product_cat":[1062],"product_tag":[],"class_list":{"0":"post-12982","1":"product","2":"type-product","3":"status-publish","4":"has-post-thumbnail","6":"product_brand-nisioptics-es","7":"product_cat-mirrorless-objectivos","8":"pa_abertura-maxima-f-4-es","9":"pa_cor-negro","10":"pa_designs-especiais-otros-disenos-especiales","11":"pa_diametro-72mm-es","12":"pa_estabilizacao-de-imagem-no","13":"pa_montagem-da-objetiva-l-mount-es","14":"pa_sensor-fotograma-completo","15":"pa_tipo-de-foco-enfoque-manual","16":"pa_tipo-de-objetiva-gran-angular","17":"pa_zoom-fixa-fijo","19":"first","20":"onbackorder","21":"taxable","22":"shipping-taxable","23":"purchasable","24":"product-type-simple"},"bundled_by":[],"bundle_stock_status":"onbackorder","bundle_stock_quantity":null,"bundle_virtual":false,"bundle_layout":"","bundle_add_to_cart_form_location":"","bundle_editable_in_cart":false,"bundle_sold_individually_context":"","bundle_item_grouping":"","bundle_min_size":"","bundle_max_size":"","bundle_price":[],"bundled_items":[],"bundle_sell_ids":[],"acf":[],"_links":{"self":[{"href":"https:\/\/hi-techwonder.com\/es\/wp-json\/wp\/v2\/product\/12982","targetHints":{"allow":["GET"]}}],"collection":[{"href":"https:\/\/hi-techwonder.com\/es\/wp-json\/wp\/v2\/product"}],"about":[{"href":"https:\/\/hi-techwonder.com\/es\/wp-json\/wp\/v2\/types\/product"}],"replies":[{"embeddable":true,"href":"https:\/\/hi-techwonder.com\/es\/wp-json\/wp\/v2\/comments?post=12982"}],"wp:featuredmedia":[{"embeddable":true,"href":"https:\/\/hi-techwonder.com\/es\/wp-json\/wp\/v2\/media\/9046"}],"wp:attachment":[{"href":"https:\/\/hi-techwonder.com\/es\/wp-json\/wp\/v2\/media?parent=12982"}],"wp:term":[{"taxonomy":"product_brand","embeddable":true,"href":"https:\/\/hi-techwonder.com\/es\/wp-json\/wp\/v2\/product_brand?post=12982"},{"taxonomy":"product_cat","embeddable":true,"href":"https:\/\/hi-techwonder.com\/es\/wp-json\/wp\/v2\/product_cat?post=12982"},{"taxonomy":"product_tag","embeddable":true,"href":"https:\/\/hi-techwonder.com\/es\/wp-json\/wp\/v2\/product_tag?post=12982"}],"curies":[{"name":"wp","href":"https:\/\/api.w.org\/{rel}","templated":true}]}}