{"id":12984,"date":"2025-07-23T23:46:55","date_gmt":"2025-07-23T23:46:55","guid":{"rendered":"https:\/\/fv6qoy3ls0.wpdns.site\/produto\/nisi-junta-de-espuma-150x150mm-recambios\/"},"modified":"2026-04-06T14:07:09","modified_gmt":"2026-04-06T13:07:09","slug":"nisi-junta-de-espuma-150x150mm-recambios","status":"publish","type":"product","link":"https:\/\/hi-techwonder.com\/es\/producto\/nisi-junta-de-espuma-150x150mm-recambios\/","title":{"rendered":"NiSi Junta de Espuma 150x150mm (Recambios)"},"content":{"rendered":"<h3>NiSi Junta de Espuma 150x150mm (Pe\u00e7as de substitui\u00e7\u00e3o)<\/h3>\n<p>A NiSi Junta de Espuma 150x150mm (Pe\u00e7as de substitui\u00e7\u00e3o) \u00e9 um pacote de 3 juntas de espuma de substitui\u00e7\u00e3o para filtros NiSi ND. As juntas de espuma s\u00e3o utilizadas para evitar fugas de luz e impedir a entrada de luz entre a lente e o filtro. As juntas de espuma s\u00e3o necess\u00e1rias em todos os filtros NiSI ND e, de tempos a tempos, podem precisar de ser substitu\u00eddas devido a desgaste ou danos. Est\u00e3o dispon\u00edveis quatro tamanhos de juntas, incluindo para ND&#8217;s 70x80mm, 100x100mm, 150x150mm, e 180x180mm.<\/p>\n","protected":false},"excerpt":{"rendered":"<ul>\n<li>Pacote com 3 juntas de espuma de substitui\u00e7\u00e3o<\/li>\n<li>Utilizadas para filtros NiSi ND<\/li>\n<li>Evita fugas de luz<\/li>\n<li>Pe\u00e7as de substitui\u00e7\u00e3o<\/li>\n<\/ul>\n","protected":false},"featured_media":11649,"comment_status":"closed","ping_status":"open","template":"","meta":{"_acf_changed":false},"product_brand":[2543],"product_cat":[1056],"product_tag":[],"class_list":{"0":"post-12984","1":"product","2":"type-product","3":"status-publish","4":"has-post-thumbnail","6":"product_brand-nisioptics-es","7":"product_cat-accesorios-150mm","9":"first","10":"instock","11":"taxable","12":"shipping-taxable","13":"purchasable","14":"product-type-simple"},"bundled_by":[],"bundle_stock_status":"instock","bundle_stock_quantity":2,"bundle_virtual":false,"bundle_layout":"","bundle_add_to_cart_form_location":"","bundle_editable_in_cart":false,"bundle_sold_individually_context":"","bundle_item_grouping":"","bundle_min_size":"","bundle_max_size":"","bundle_price":[],"bundled_items":[],"bundle_sell_ids":[],"acf":[],"_links":{"self":[{"href":"https:\/\/hi-techwonder.com\/es\/wp-json\/wp\/v2\/product\/12984","targetHints":{"allow":["GET"]}}],"collection":[{"href":"https:\/\/hi-techwonder.com\/es\/wp-json\/wp\/v2\/product"}],"about":[{"href":"https:\/\/hi-techwonder.com\/es\/wp-json\/wp\/v2\/types\/product"}],"replies":[{"embeddable":true,"href":"https:\/\/hi-techwonder.com\/es\/wp-json\/wp\/v2\/comments?post=12984"}],"wp:featuredmedia":[{"embeddable":true,"href":"https:\/\/hi-techwonder.com\/es\/wp-json\/wp\/v2\/media\/11649"}],"wp:attachment":[{"href":"https:\/\/hi-techwonder.com\/es\/wp-json\/wp\/v2\/media?parent=12984"}],"wp:term":[{"taxonomy":"product_brand","embeddable":true,"href":"https:\/\/hi-techwonder.com\/es\/wp-json\/wp\/v2\/product_brand?post=12984"},{"taxonomy":"product_cat","embeddable":true,"href":"https:\/\/hi-techwonder.com\/es\/wp-json\/wp\/v2\/product_cat?post=12984"},{"taxonomy":"product_tag","embeddable":true,"href":"https:\/\/hi-techwonder.com\/es\/wp-json\/wp\/v2\/product_tag?post=12984"}],"curies":[{"name":"wp","href":"https:\/\/api.w.org\/{rel}","templated":true}]}}