{"id":13046,"date":"2025-07-23T23:50:36","date_gmt":"2025-07-23T23:50:36","guid":{"rendered":"https:\/\/fv6qoy3ls0.wpdns.site\/produto\/nisi-kit-porta-filtros-100mm-jetmag-pro\/"},"modified":"2026-04-30T11:58:38","modified_gmt":"2026-04-30T10:58:38","slug":"nisi-kit-porta-filtros-100mm-jetmag-pro","status":"publish","type":"product","link":"https:\/\/hi-techwonder.com\/es\/producto\/nisi-kit-porta-filtros-100mm-jetmag-pro\/","title":{"rendered":"NiSi Kit Porta-Filtros 100mm JetMag Pro"},"content":{"rendered":"\n<h3 id=\"wd-f00f98b0\" class=\"wp-block-wd-title title\"><strong>NiSi Kit Porta-Filtros 100mm JetMag Pro<\/strong><\/h3>\n\n<div id=\"wd-f82839f9\" class=\"wp-block-wd-video wd-el-video wd-action-without wd-video-external wd-with-aspect-ratio wd-custom-width\"><iframe allowfullscreen=\"\" allow=\"accelerometer; autoplay; encrypted-media; gyroscope; picture-in-picture\" width=\"100%\" height=\"100%\" loading=\"lazy\" src=\"https:\/\/www.youtube.com\/embed\/BUv4ni8TnWA?feature=oembed&amp;controls=1\"><\/iframe><\/div>\n\n<p id=\"wd-96c952d9\" class=\"wp-block-wd-paragraph\">O\u00a0<strong>Kit Portafiltros NiSi JetMag Pro 100mm<\/strong>\u00a0\u00e9 a solu\u00e7\u00e3o definitiva para fot\u00f3grafos e vide\u00f3grafos que precisam combinar filtros quadrados de 100mm (GND, ND) com o sistema magn\u00e9tico JetMag Pro. Concebido para fluxos de trabalho profissionais, este kit inclui:<\/p>\n\n<ul class=\"wp-block-list\">\n<li><strong>Portafiltros 100mm<\/strong>\u00a0para filtros quadrados padr\u00e3o<\/li>\n\n\n\n<li><strong>Anel adaptador 82MAG\/95MAG<\/strong>\u00a0para integra\u00e7\u00e3o com filtros circulares magn\u00e9ticos JetMag Pro do respetivo tamanho<\/li>\n<\/ul>\n\n<p>O sistema acopla-se\u00a0<strong>magneticamente<\/strong>\u00a0aos filtros JetMag Pro (n\u00e3o ao anel adaptador) e bloqueia-se girando o portafiltros at\u00e9 alinhar as marcas brancas. Permite\u00a0<strong>rota\u00e7\u00e3o 360\u00b0<\/strong>\u00a0para posicionamento preciso de filtros graduados (GND), ideal para equilibrar c\u00e9us brilhantes e primeiros planos escuros em paisagens. <\/p>\n\n<div id=\"wd-77160ada\" class=\"wp-block-wd-image wd-block-image photoswipe-images\"><a href=\"https:\/\/nisioptics.pt\/wp-content\/uploads\/2025\/05\/DSC00242-&#x62F7;&#x8D1D;-scaled.jpg\" data-width=\"2048\" data-height=\"1365\" data-elementor-open-lightbox=\"no\" target=\"_blank\" rel=\"noopener\"><img decoding=\"async\" class=\"wp-image-39640\" src=\"https:\/\/hi-techwonder.com\/wp-content\/themes\/woodmart\/images\/lazy.svg\" data-src=\"https:\/\/nisioptics.pt\/wp-content\/uploads\/2025\/05\/DSC00242-&#x62F7;&#x8D1D;-scaled.jpg\" alt=\"JetMag Pro Porta-Filtros\"\/><\/a><\/div>\n\n<div id=\"wd-3c5596e1\" class=\"wp-block-wd-accordion wd-accordion wd-style-default wd-titles-start wd-opener-style-arrow wd-opener-pos-end\" data-state=\"first\">\n<div id=\"wd-8eb00d10\" class=\"wp-block-wd-accordion-pane wd-accordion-item\"><div class=\"wd-accordion-title wd-active\"><div class=\"wd-accordion-title-text\"><span>Caracter\u00edsticas principais JetMag Pro<\/span><\/div><span class=\"wd-accordion-opener\"><\/span><\/div><div class=\"wd-accordion-content wd-active\"><div class=\"wd-accordion-content-inner\">\n<p id=\"wd-9d035c8c\" class=\"wp-block-wd-paragraph\">Apresentamos o novo sistema NiSi JetMag Pro, um sistema de filtros magn\u00e9ticos que ir\u00e1 redefinir a sua experi\u00eancia com este tipo de sistema.<\/p>\n\n\n\n<p id=\"wd-16156574\" class=\"wp-block-wd-paragraph\">\u30fb<strong>Velocidade magn\u00e9tica num abrir e fechar de olhos: <\/strong>Os filtros JetMag Pro permitem uma r\u00e1pida instala\u00e7\u00e3o e remo\u00e7\u00e3o, gra\u00e7as a um design magn\u00e9tico.<\/p>\n\n\n\n<p id=\"wd-e51d40bc\" class=\"wp-block-wd-paragraph\">\u30fb<strong>Remo\u00e7\u00e3o r\u00e1pida e confort\u00e1vel:<\/strong>\u00a0 Equipados com duas pegas pequenas, estes filtros podem ser removidos de forma confort\u00e1vel e r\u00e1pida.<\/p>\n\n\n\n<p id=\"wd-cde2d376\" class=\"wp-block-wd-paragraph\">\u30fb<strong>Identifica\u00e7\u00e3o f\u00e1cil:<\/strong> As pegas multicoloridas ajudam a identificar rapidamente os diferentes filtros do seu kit.<\/p>\n\n\n\n<figure class=\"wp-block-gallery has-nested-images columns-4 is-cropped wp-block-gallery-1 is-layout-flex wp-block-gallery-is-layout-flex\">\n<figure class=\"wp-block-image size-large\"><img decoding=\"async\" data-id=\"30560\" src=\"https:\/\/hi-techwonder.com\/wp-content\/themes\/woodmart\/images\/lazy.svg\" data-src=\"https:\/\/nisioptics.pt\/wp-content\/uploads\/2024\/10\/DSC02916xiu.jpg\" alt=\"\" class=\"wp-image-30560\"><\/figure>\n\n\n\n<figure class=\"wp-block-image size-large\"><img decoding=\"async\" data-id=\"30558\" src=\"https:\/\/hi-techwonder.com\/wp-content\/themes\/woodmart\/images\/lazy.svg\" data-src=\"https:\/\/nisioptics.pt\/wp-content\/uploads\/2024\/10\/DSC02899xiu.jpg\" alt=\"\" class=\"wp-image-30558\"><\/figure>\n\n\n\n<figure class=\"wp-block-image size-large\"><img decoding=\"async\" data-id=\"30556\" src=\"https:\/\/hi-techwonder.com\/wp-content\/themes\/woodmart\/images\/lazy.svg\" data-src=\"https:\/\/nisioptics.pt\/wp-content\/uploads\/2024\/10\/DSC02896.jpg\" alt=\"\" class=\"wp-image-30556\"><\/figure>\n\n\n\n<figure class=\"wp-block-image size-large\"><img decoding=\"async\" data-id=\"30554\" src=\"https:\/\/hi-techwonder.com\/wp-content\/themes\/woodmart\/images\/lazy.svg\" data-src=\"https:\/\/nisioptics.pt\/wp-content\/uploads\/2024\/10\/DSC02895.jpg\" alt=\"\" class=\"wp-image-30554\"><\/figure>\n<\/figure>\n\n\n\n<div id=\"wd-fb2811b8\" class=\"wp-block-wd-container wd-dir-col\">\n<p id=\"wd-d10ab377\" class=\"wp-block-wd-paragraph\">\u30fb<strong>Rodar, Bloquear e Estabilidade:<\/strong> O design de bloqueio patenteado garante estabilidade girando a pequena al\u00e7a para a posi\u00e7\u00e3o marcada, travando com seguran\u00e7a v\u00e1rios filtros no lugar.<\/p>\n\n\n\n<p>\u30fb<strong>Bloqueio de v\u00e1rios filtros: <\/strong>Empilhe e bloqueie com seguran\u00e7a v\u00e1rios filtros sem comprometer a estabilidade.<\/p>\n<\/div>\n\n\n\n<figure class=\"wp-block-gallery has-nested-images columns-default is-cropped wp-block-gallery-2 is-layout-flex wp-block-gallery-is-layout-flex\">\n<figure class=\"wp-block-image size-large\"><img decoding=\"async\" data-id=\"30552\" src=\"https:\/\/hi-techwonder.com\/wp-content\/themes\/woodmart\/images\/lazy.svg\" data-src=\"https:\/\/nisioptics.pt\/wp-content\/uploads\/2024\/10\/steady.jpg\" alt=\"\" class=\"wp-image-30552\"><\/figure>\n\n\n\n<figure class=\"wp-block-image size-large\"><img decoding=\"async\" data-id=\"30546\" src=\"https:\/\/hi-techwonder.com\/wp-content\/themes\/woodmart\/images\/lazy.svg\" data-src=\"https:\/\/nisioptics.pt\/wp-content\/uploads\/2024\/10\/unlock.jpg\" alt=\"\" class=\"wp-image-30546\"><\/figure>\n\n\n\n<figure class=\"wp-block-image size-large\"><img decoding=\"async\" data-id=\"30544\" src=\"https:\/\/hi-techwonder.com\/wp-content\/themes\/woodmart\/images\/lazy.svg\" data-src=\"https:\/\/nisioptics.pt\/wp-content\/uploads\/2024\/10\/lock.jpg\" alt=\"\" class=\"wp-image-30544\"><\/figure>\n<\/figure>\n\n\n\n<div id=\"wd-7c284a45\" class=\"wp-block-wd-container wd-dir-col\">\n<div id=\"wd-aa6307c9\" class=\"wp-block-wd-container wd-dir-col\">\n<p id=\"wd-744312d0\" class=\"wp-block-wd-paragraph\">\u30fb<strong>Moldura ultra-fina para objectivas grande-angulares:<\/strong> Concebido para ser ultra-fino, o JetMag Pro permite a utiliza\u00e7\u00e3o de dois filtros em objectivas com comprimento focal de 15 mm sem causar vinhetas.<\/p>\n\n\n\n<p id=\"wd-d4e9a6fb\" class=\"wp-block-wd-paragraph\"><strong>\u30fbAdapt\u00e1vel a v\u00e1rias lentes:<\/strong> Compat\u00edvel com diferentes lentes de rosca de filtro usando adaptadores.<\/p>\n\n\n\n<p id=\"wd-8118171f\" class=\"wp-block-wd-paragraph\"><strong>\u30fbTampas de lentes de metal protetoras:<\/strong> As tampas de lente de metal dianteiras e traseiras podem ser rapidamente instaladas e removidas, oferecendo prote\u00e7\u00e3o para filtros e lentes.<\/p>\n\n\n\n<p id=\"wd-77c29f63\" class=\"wp-block-wd-paragraph\"><strong>\u30fbLarga s\u00e9rie de filtros para cada cena:<\/strong> Escolha entre uma variedade de filtros concebidos para paisagens, retratos, paisagens nocturnas, v\u00eddeo e filmagens.<\/p>\n\n\n\n<p id=\"wd-3565f955\" class=\"wp-block-wd-paragraph\"><strong>\u30fbNano-revestimento de baixo reflexo:<\/strong> Apresenta um nano-revestimento de baixo reflexo que reduz eficazmente o brilho, mesmo ao empilhar v\u00e1rios filtros.<\/p>\n<\/div>\n<\/div>\n\n\n\n<figure class=\"wp-block-gallery has-nested-images columns-4 is-cropped wp-block-gallery-3 is-layout-flex wp-block-gallery-is-layout-flex\">\n<figure class=\"wp-block-image size-large\"><img decoding=\"async\" data-id=\"30568\" src=\"https:\/\/hi-techwonder.com\/wp-content\/themes\/woodmart\/images\/lazy.svg\" data-src=\"https:\/\/nisioptics.pt\/wp-content\/uploads\/2024\/10\/DSC03332.jpg\" alt=\"\" class=\"wp-image-30568\"><\/figure>\n\n\n\n<figure class=\"wp-block-image size-large\"><img decoding=\"async\" data-id=\"30566\" src=\"https:\/\/hi-techwonder.com\/wp-content\/themes\/woodmart\/images\/lazy.svg\" data-src=\"https:\/\/nisioptics.pt\/wp-content\/uploads\/2024\/10\/DSC03314.jpg\" alt=\"\" class=\"wp-image-30566\"><\/figure>\n\n\n\n<figure class=\"wp-block-image size-large\"><img decoding=\"async\" data-id=\"30564\" src=\"https:\/\/hi-techwonder.com\/wp-content\/themes\/woodmart\/images\/lazy.svg\" data-src=\"https:\/\/nisioptics.pt\/wp-content\/uploads\/2024\/10\/DSC03282.jpg\" alt=\"\" class=\"wp-image-30564\"><\/figure>\n\n\n\n<figure class=\"wp-block-image size-large\"><img decoding=\"async\" data-id=\"30562\" src=\"https:\/\/hi-techwonder.com\/wp-content\/themes\/woodmart\/images\/lazy.svg\" data-src=\"https:\/\/nisioptics.pt\/wp-content\/uploads\/2024\/10\/DSC03195.jpg\" alt=\"\" class=\"wp-image-30562\"><\/figure>\n<\/figure>\n<\/div><\/div><\/div>\n\n\n\n<div id=\"wd-1c09abe4\" class=\"wp-block-wd-accordion-pane wd-accordion-item\"><div class=\"wd-accordion-title\"><div class=\"wd-accordion-title-text\"><span>Como utilizar os filtros JetMag Pro?<\/span><\/div><span class=\"wd-accordion-opener\"><\/span><\/div><div class=\"wd-accordion-content\"><div class=\"wd-accordion-content-inner\">\n<h2 id=\"wd-cd30dacc\" class=\"wp-block-wd-title title\">Como bloquear os filtros JetMag Pro?<\/h2>\n\n\n\n<p id=\"wd-9cb70222\" class=\"wp-block-wd-paragraph\"><strong>Bloqueio de filtro \u00fanico:<\/strong> Instale um filtro com as pegas a 45 graus das linhas brancas no adaptador. Gire as pegas pequenas at\u00e9 que elas se alinhem com a linha de bloqueio branca. Uma vez alinhado, o filtro \u00e9 bloqueado de forma segura e n\u00e3o pode ser removido.<\/p>\n\n\n\n<p><strong>Bloqueio de v\u00e1rios filtros:<\/strong> Instale v\u00e1rios filtros com as pegas a 45 graus das linhas brancas nos adaptadores. Alinhe as pegas pequenas de cada estrutura de filtro e rode-as em conjunto para corresponder \u00e0 linha de bloqueio branca no adaptador. Quando as pegas est\u00e3o alinhadas, os filtros est\u00e3o bem fixos uns aos outros.<\/p>\n\n\n\n<h2 id=\"wd-364eaedc\" class=\"wp-block-wd-title title\">Como desbloquear os filtros JetMag Pro?<\/h2>\n\n\n\n<p id=\"wd-290079f6\" class=\"wp-block-wd-paragraph\"><strong>Desbloqueio do filtro \u00fanico:<\/strong> Rode as pegas pequenas 45 graus para longe da linha de bloqueio branca no adaptador. Isso ir\u00e1 desbloquear o filtro, permitindo que ele seja destacado.<\/p>\n\n\n\n<p><strong>Desbloqueio de v\u00e1rios filtros:<\/strong> Gire a pequena al\u00e7a do filtro traseiro conectado ao adaptador a 45 graus das linhas de bloqueio brancas que indicam bloqueio. Isso desbloquear\u00e1 os filtros empilhados, permitindo que eles sejam desmontados juntos. Ao rodar as pegas de cada filtro 45 graus, estas desbloqueiam e podem ser retiradas.<\/p>\n\n\n\n<h2 id=\"wd-6cf68d94\" class=\"wp-block-wd-title title\">Como usar o Porta Filtros 100mm JetMag Pro?<\/h2>\n\n\n\n<div data-wp-interactive=\"core\/file\" class=\"wp-block-file\"><object data-wp-bind--hidden=\"!state.hasPdfPreview\" hidden class=\"wp-block-file__embed\" data=\"https:\/\/nisioptics.pt\/wp-content\/uploads\/2025\/05\/JetMag-Pro-Holder-Manual.pdf\" type=\"application\/pdf\" style=\"width:100%;height:600px\" aria-label=\"Embed of Manual Porta-Filtros 100mm JetMag Pro.\"><\/object><a id=\"wp-block-file--media-f4d4554c-0b5a-4b31-a484-294ceb0b9b51\" href=\"https:\/\/nisioptics.pt\/wp-content\/uploads\/2025\/05\/JetMag-Pro-Holder-Manual.pdf\" target=\"_blank\" rel=\"noopener\">Manual Porta-Filtros 100mm JetMag Pro<\/a><a href=\"https:\/\/nisioptics.pt\/wp-content\/uploads\/2025\/05\/JetMag-Pro-Holder-Manual.pdf\" class=\"wp-block-file__button wp-element-button\" download=\"\" aria-describedby=\"wp-block-file--media-f4d4554c-0b5a-4b31-a484-294ceb0b9b51\" target=\"_blank\" rel=\"noopener\">Descarregar<\/a><\/div>\n<\/div><\/div><\/div>\n\n\n\n<div id=\"wd-27d6f98b\" class=\"wp-block-wd-accordion-pane wd-accordion-item\"><div class=\"wd-accordion-title\"><div class=\"wd-accordion-title-text\"><span>Teste de vinheta com o NiSi Porta-Filtros 100mm JetMag Pro<\/span><\/div><span class=\"wd-accordion-opener\"><\/span><\/div><div class=\"wd-accordion-content\"><div class=\"wd-accordion-content-inner\">\n<p id=\"wd-eefd086b\" class=\"wp-block-wd-paragraph\"><strong>Canon RF 15-35mm F2.8L IS USM<\/strong><\/p>\n\n\n\n<figure class=\"wp-block-gallery has-nested-images columns-default is-cropped wp-block-gallery-4 is-layout-flex wp-block-gallery-is-layout-flex\">\n<figure class=\"wp-block-image size-large\"><img decoding=\"async\" data-id=\"39629\" src=\"https:\/\/hi-techwonder.com\/wp-content\/themes\/woodmart\/images\/lazy.svg\" data-src=\"https:\/\/nisioptics.pt\/wp-content\/uploads\/2025\/05\/No-filter--1024x683.jpg\" alt=\"\" class=\"wp-image-39629\"><figcaption class=\"wp-element-caption\">Sem Filtros<\/figcaption><\/figure>\n\n\n\n<figure class=\"wp-block-image size-large\"><img decoding=\"async\" data-id=\"39631\" src=\"https:\/\/hi-techwonder.com\/wp-content\/themes\/woodmart\/images\/lazy.svg\" data-src=\"https:\/\/nisioptics.pt\/wp-content\/uploads\/2025\/05\/With-2-Jetmag-pro-filterGND--1024x683.jpg\" alt=\"\" class=\"wp-image-39631\"><figcaption class=\"wp-element-caption\">Com 2 Filtros JetMag Pro + GND 100mm<\/figcaption><\/figure>\n<\/figure>\n\n\n\n<figure class=\"wp-block-gallery has-nested-images columns-default is-cropped wp-block-gallery-5 is-layout-flex wp-block-gallery-is-layout-flex\">\n<figure class=\"wp-block-image size-large\"><img decoding=\"async\" data-id=\"39635\" src=\"https:\/\/hi-techwonder.com\/wp-content\/themes\/woodmart\/images\/lazy.svg\" data-src=\"https:\/\/nisioptics.pt\/wp-content\/uploads\/2025\/05\/lens-correct-With-2-Jetmag-pro-filterGNDjpg-1024x683.jpg\" alt=\"\" class=\"wp-image-39635\"><figcaption class=\"wp-element-caption\">Com perfil de corre\u00e7\u00e3o de lente<\/figcaption><\/figure>\n\n\n\n<figure class=\"wp-block-image size-large\"><img decoding=\"async\" data-id=\"39633\" src=\"https:\/\/hi-techwonder.com\/wp-content\/themes\/woodmart\/images\/lazy.svg\" data-src=\"https:\/\/nisioptics.pt\/wp-content\/uploads\/2025\/05\/With-2-Jetmag-pro-filterGND-16-9-1024x576.jpg\" alt=\"\" class=\"wp-image-39633\"><figcaption class=\"wp-element-caption\">Crop 16:9<\/figcaption><\/figure>\n<\/figure>\n<\/div><\/div><\/div>\n<\/div>\n","protected":false},"excerpt":{"rendered":"<p><strong>Sistema h\u00edbrido magn\u00e9tico<\/strong>: Combina filtros quadrados 100mm + filtros circulares JetMag Pro<\/p>\n<p><strong>Montagem ultrarr\u00e1pida<\/strong>: Acoplamento magn\u00e9tico com bloqueio seguro<\/p>\n<p><strong>Rota\u00e7\u00e3o 360\u00b0<\/strong>: Ajuste preciso de filtros GND<\/p>\n<p><strong>Compatibilidade total<\/strong>: Funciona com todos os filtros quadrados padr\u00e3o de 100mm<\/p>\n<p><strong>Sem vinhetagem<\/strong>: Uso em ultra grande angular a partir de 16mm<\/p>\n","protected":false},"featured_media":12149,"comment_status":"closed","ping_status":"closed","template":"","meta":{"_acf_changed":false},"product_brand":[2543],"product_cat":[1055],"product_tag":[],"class_list":{"0":"post-13046","1":"product","2":"type-product","3":"status-publish","4":"has-post-thumbnail","6":"product_brand-nisioptics-es","7":"product_cat-accesorios-100mm","9":"first","10":"instock","11":"taxable","12":"shipping-taxable","13":"purchasable","14":"product-type-variable"},"bundled_by":[],"bundle_stock_status":"instock","bundle_stock_quantity":null,"bundle_virtual":false,"bundle_layout":"","bundle_add_to_cart_form_location":"","bundle_editable_in_cart":false,"bundle_sold_individually_context":"","bundle_item_grouping":"","bundle_min_size":"","bundle_max_size":"","bundle_price":[],"bundled_items":[],"bundle_sell_ids":[],"acf":[],"_links":{"self":[{"href":"https:\/\/hi-techwonder.com\/es\/wp-json\/wp\/v2\/product\/13046","targetHints":{"allow":["GET"]}}],"collection":[{"href":"https:\/\/hi-techwonder.com\/es\/wp-json\/wp\/v2\/product"}],"about":[{"href":"https:\/\/hi-techwonder.com\/es\/wp-json\/wp\/v2\/types\/product"}],"replies":[{"embeddable":true,"href":"https:\/\/hi-techwonder.com\/es\/wp-json\/wp\/v2\/comments?post=13046"}],"wp:featuredmedia":[{"embeddable":true,"href":"https:\/\/hi-techwonder.com\/es\/wp-json\/wp\/v2\/media\/12149"}],"wp:attachment":[{"href":"https:\/\/hi-techwonder.com\/es\/wp-json\/wp\/v2\/media?parent=13046"}],"wp:term":[{"taxonomy":"product_brand","embeddable":true,"href":"https:\/\/hi-techwonder.com\/es\/wp-json\/wp\/v2\/product_brand?post=13046"},{"taxonomy":"product_cat","embeddable":true,"href":"https:\/\/hi-techwonder.com\/es\/wp-json\/wp\/v2\/product_cat?post=13046"},{"taxonomy":"product_tag","embeddable":true,"href":"https:\/\/hi-techwonder.com\/es\/wp-json\/wp\/v2\/product_tag?post=13046"}],"curies":[{"name":"wp","href":"https:\/\/api.w.org\/{rel}","templated":true}]}}