{"id":13049,"date":"2025-07-23T23:50:36","date_gmt":"2025-07-23T23:50:36","guid":{"rendered":"https:\/\/fv6qoy3ls0.wpdns.site\/produto\/nisi-soporte-100mm-jetmag-pro\/"},"modified":"2026-04-06T15:01:16","modified_gmt":"2026-04-06T14:01:16","slug":"nisi-soporte-100mm-jetmag-pro","status":"publish","type":"product","link":"https:\/\/hi-techwonder.com\/es\/producto\/nisi-soporte-100mm-jetmag-pro\/","title":{"rendered":"NiSi Soporte 100mm JetMag Pro"},"content":{"rendered":"\n\n<h3 id=\"wd-f00f98b0\" class=\"wp-block-wd-title title\">NiSi Porta-Filtros 100mm JetMag Pro<\/h3>\n\n\n\n<div id=\"wd-f82839f9\" class=\"wp-block-wd-video wd-el-video wd-action-without wd-video-external wd-with-aspect-ratio wd-custom-width\"><iframe allowfullscreen=\"\" allow=\"accelerometer; autoplay; encrypted-media; gyroscope; picture-in-picture\" width=\"100%\" height=\"100%\" loading=\"lazy\" src=\"https:\/\/www.youtube.com\/embed\/BUv4ni8TnWA?feature=oembed&amp;controls=1\"><\/iframe><\/div>\n\n\n\n<p id=\"wd-fda018fc\" class=\"wp-block-wd-paragraph\">O\u00a0<strong>Portafiltros NiSi 100mm JetMag Pro<\/strong>\u00a0\u00e9 uma solu\u00e7\u00e3o premium para fot\u00f3grafos de paisagem e cineastas que necessitam de integrar filtros quadrados graduados (GND) de 100mm ao sistema magn\u00e9tico JetMag Pro da NiSi.<\/p>\n\n\n\n<p id=\"wd-5697e87b\" class=\"wp-block-wd-paragraph\"><strong>Funcionamento:<\/strong><\/p>\n\n\n\n<ul class=\"wp-block-list\">\n\n<li>Compat\u00edvel com\u00a0<strong>todos os filtros quadrados 100mm padr\u00e3o<\/strong>\u00a0(ND, GND, polarizadores).agens.<\/li>\n\n\n\n\n\n\n\n<li>O portafiltros acopla-se\u00a0<strong>magneticamente<\/strong>\u00a0a um filtro JetMag Pro pr\u00e9-instalado (ND\/CPL) atrav\u00e9s de um\u00a0<strong>anel para Porta-Filtros 82MAG ou 95MAG<\/strong>\u00a0(<span style=\"text-decoration: underline;\">comprado \u00e0 parte<\/span>).<\/li>\n\n\n\n\n\n\n\n<li>Permite\u00a0<strong>rota\u00e7\u00e3o 360\u00b0<\/strong>\u00a0com trava de tens\u00e3o (parafuso prateado) para alinhamento perfeito de filtros GND em cen\u00e1rios de alto contraste (p\u00f4r-do-sol, c\u00e9u\/terra).<\/li>\n\n<\/ul>\n\n\n\n<div id=\"wd-77160ada\" class=\"wp-block-wd-image wd-block-image\"><img decoding=\"async\" class=\"wp-image-39640\" src=\"https:\/\/hi-techwonder.com\/wp-content\/themes\/woodmart\/images\/lazy.svg\" data-src=\"https:\/\/nisioptics.pt\/wp-content\/uploads\/2025\/05\/DSC00242-&#x62F7;&#x8D1D;-scaled.jpg\" alt=\"JetMag Pro Porta-Filtros\"\/><\/div>\n\n\n\n<div id=\"wd-3c5596e1\" class=\"wp-block-wd-accordion wd-accordion wd-style-default wd-titles-start wd-opener-style-arrow wd-opener-pos-end\" data-state=\"first\">\n\n<div id=\"wd-8eb00d10\" class=\"wp-block-wd-accordion-pane wd-accordion-item\"><div class=\"wd-accordion-title wd-active\"><div class=\"wd-accordion-title-text\"><span>Caracter\u00edsticas principais JetMag Pro<\/span><\/div><span class=\"wd-accordion-opener\"><\/span><\/div><div class=\"wd-accordion-content wd-active\"><div class=\"wd-accordion-content-inner\">\n\n<p id=\"wd-9d035c8c\" class=\"wp-block-wd-paragraph\">Apresentamos o novo sistema NiSi JetMag Pro, um sistema de filtros magn\u00e9ticos que ir\u00e1 redefinir a sua experi\u00eancia com este tipo de sistema.<\/p>\n\n\n\n\n\n\n\n<p id=\"wd-16156574\" class=\"wp-block-wd-paragraph\">\u30fb<strong>Velocidade magn\u00e9tica num abrir e fechar de olhos: <\/strong>Os filtros JetMag Pro permitem uma r\u00e1pida instala\u00e7\u00e3o e remo\u00e7\u00e3o, gra\u00e7as a um design magn\u00e9tico.<\/p>\n\n\n\n\n\n\n\n<p id=\"wd-e51d40bc\" class=\"wp-block-wd-paragraph\">\u30fb<strong>Remo\u00e7\u00e3o r\u00e1pida e confort\u00e1vel:<\/strong>\u00a0 Equipados com duas pegas pequenas, estes filtros podem ser removidos de forma confort\u00e1vel e r\u00e1pida.<\/p>\n\n\n\n\n\n\n\n<p id=\"wd-cde2d376\" class=\"wp-block-wd-paragraph\">\u30fb<strong>Identifica\u00e7\u00e3o f\u00e1cil:<\/strong> As pegas multicoloridas ajudam a identificar rapidamente os diferentes filtros do seu kit.<\/p>\n\n\n\n\n\n\n\n<figure class=\"wp-block-gallery has-nested-images columns-4 is-cropped wp-block-gallery-1 is-layout-flex wp-block-gallery-is-layout-flex\">\n\n<figure class=\"wp-block-image size-large\"><img decoding=\"async\" data-id=\"30560\" src=\"https:\/\/hi-techwonder.com\/wp-content\/themes\/woodmart\/images\/lazy.svg\" data-src=\"https:\/\/nisioptics.pt\/wp-content\/uploads\/2024\/10\/DSC02916xiu.jpg\" alt=\"\" class=\"wp-image-30560\"><\/figure>\n\n\n\n\n\n\n\n<figure class=\"wp-block-image size-large\"><img decoding=\"async\" data-id=\"30558\" src=\"https:\/\/hi-techwonder.com\/wp-content\/themes\/woodmart\/images\/lazy.svg\" data-src=\"https:\/\/nisioptics.pt\/wp-content\/uploads\/2024\/10\/DSC02899xiu.jpg\" alt=\"\" class=\"wp-image-30558\"><\/figure>\n\n\n\n\n\n\n\n<figure class=\"wp-block-image size-large\"><img decoding=\"async\" data-id=\"30556\" src=\"https:\/\/hi-techwonder.com\/wp-content\/themes\/woodmart\/images\/lazy.svg\" data-src=\"https:\/\/nisioptics.pt\/wp-content\/uploads\/2024\/10\/DSC02896.jpg\" alt=\"\" class=\"wp-image-30556\"><\/figure>\n\n\n\n\n\n\n\n<figure class=\"wp-block-image size-large\"><img decoding=\"async\" data-id=\"30554\" src=\"https:\/\/hi-techwonder.com\/wp-content\/themes\/woodmart\/images\/lazy.svg\" data-src=\"https:\/\/nisioptics.pt\/wp-content\/uploads\/2024\/10\/DSC02895.jpg\" alt=\"\" class=\"wp-image-30554\"><\/figure>\n\n<\/figure>\n\n\n\n\n\n\n\n<div id=\"wd-fb2811b8\" class=\"wp-block-wd-container wd-dir-col\">\n\n<p id=\"wd-d10ab377\" class=\"wp-block-wd-paragraph\">\u30fb<strong>Rodar, Bloquear e Estabilidade:<\/strong> O design de bloqueio patenteado garante estabilidade girando a pequena al\u00e7a para a posi\u00e7\u00e3o marcada, travando com seguran\u00e7a v\u00e1rios filtros no lugar.<\/p>\n\n\n\n\n\n\n\n<p>\u30fb<strong>Bloqueio de v\u00e1rios filtros: <\/strong>Empilhe e bloqueie com seguran\u00e7a v\u00e1rios filtros sem comprometer a estabilidade.<\/p>\n\n<\/div>\n\n\n\n\n\n\n\n<figure class=\"wp-block-gallery has-nested-images columns-default is-cropped wp-block-gallery-2 is-layout-flex wp-block-gallery-is-layout-flex\">\n\n<figure class=\"wp-block-image size-large\"><img decoding=\"async\" data-id=\"30552\" src=\"https:\/\/hi-techwonder.com\/wp-content\/themes\/woodmart\/images\/lazy.svg\" data-src=\"https:\/\/nisioptics.pt\/wp-content\/uploads\/2024\/10\/steady.jpg\" alt=\"\" class=\"wp-image-30552\"><\/figure>\n\n\n\n\n\n\n\n<figure class=\"wp-block-image size-large\"><img decoding=\"async\" data-id=\"30546\" src=\"https:\/\/hi-techwonder.com\/wp-content\/themes\/woodmart\/images\/lazy.svg\" data-src=\"https:\/\/nisioptics.pt\/wp-content\/uploads\/2024\/10\/unlock.jpg\" alt=\"\" class=\"wp-image-30546\"><\/figure>\n\n\n\n\n\n\n\n<figure class=\"wp-block-image size-large\"><img decoding=\"async\" data-id=\"30544\" src=\"https:\/\/hi-techwonder.com\/wp-content\/themes\/woodmart\/images\/lazy.svg\" data-src=\"https:\/\/nisioptics.pt\/wp-content\/uploads\/2024\/10\/lock.jpg\" alt=\"\" class=\"wp-image-30544\"><\/figure>\n\n<\/figure>\n\n\n\n\n\n\n\n<div id=\"wd-7c284a45\" class=\"wp-block-wd-container wd-dir-col\">\n\n<div id=\"wd-aa6307c9\" class=\"wp-block-wd-container wd-dir-col\">\n\n<p id=\"wd-744312d0\" class=\"wp-block-wd-paragraph\">\u30fb<strong>Moldura ultra-fina para objectivas grande-angulares:<\/strong> Concebido para ser ultra-fino, o JetMag Pro permite a utiliza\u00e7\u00e3o de dois filtros em objectivas com comprimento focal de 15 mm sem causar vinhetas.<\/p>\n\n\n\n\n\n\n\n<p id=\"wd-d4e9a6fb\" class=\"wp-block-wd-paragraph\"><strong>\u30fbAdapt\u00e1vel a v\u00e1rias lentes:<\/strong> Compat\u00edvel com diferentes lentes de rosca de filtro usando adaptadores.<\/p>\n\n\n\n\n\n\n\n<p id=\"wd-8118171f\" class=\"wp-block-wd-paragraph\"><strong>\u30fbTampas de lentes de metal protetoras:<\/strong> As tampas de lente de metal dianteiras e traseiras podem ser rapidamente instaladas e removidas, oferecendo prote\u00e7\u00e3o para filtros e lentes.<\/p>\n\n\n\n\n\n\n\n<p id=\"wd-77c29f63\" class=\"wp-block-wd-paragraph\"><strong>\u30fbLarga s\u00e9rie de filtros para cada cena:<\/strong> Escolha entre uma variedade de filtros concebidos para paisagens, retratos, paisagens nocturnas, v\u00eddeo e filmagens.<\/p>\n\n\n\n\n\n\n\n<p id=\"wd-3565f955\" class=\"wp-block-wd-paragraph\"><strong>\u30fbNano-revestimento de baixo reflexo:<\/strong> Apresenta um nano-revestimento de baixo reflexo que reduz eficazmente o brilho, mesmo ao empilhar v\u00e1rios filtros.<\/p>\n\n<\/div>\n\n<\/div>\n\n\n\n\n\n\n\n<figure class=\"wp-block-gallery has-nested-images columns-4 is-cropped wp-block-gallery-3 is-layout-flex wp-block-gallery-is-layout-flex\">\n\n<figure class=\"wp-block-image size-large\"><img decoding=\"async\" data-id=\"30568\" src=\"https:\/\/hi-techwonder.com\/wp-content\/themes\/woodmart\/images\/lazy.svg\" data-src=\"https:\/\/nisioptics.pt\/wp-content\/uploads\/2024\/10\/DSC03332.jpg\" alt=\"\" class=\"wp-image-30568\"><\/figure>\n\n\n\n\n\n\n\n<figure class=\"wp-block-image size-large\"><img decoding=\"async\" data-id=\"30566\" src=\"https:\/\/hi-techwonder.com\/wp-content\/themes\/woodmart\/images\/lazy.svg\" data-src=\"https:\/\/nisioptics.pt\/wp-content\/uploads\/2024\/10\/DSC03314.jpg\" alt=\"\" class=\"wp-image-30566\"><\/figure>\n\n\n\n\n\n\n\n<figure class=\"wp-block-image size-large\"><img decoding=\"async\" data-id=\"30564\" src=\"https:\/\/hi-techwonder.com\/wp-content\/themes\/woodmart\/images\/lazy.svg\" data-src=\"https:\/\/nisioptics.pt\/wp-content\/uploads\/2024\/10\/DSC03282.jpg\" alt=\"\" class=\"wp-image-30564\"><\/figure>\n\n\n\n\n\n\n\n<figure class=\"wp-block-image size-large\"><img decoding=\"async\" data-id=\"30562\" src=\"https:\/\/hi-techwonder.com\/wp-content\/themes\/woodmart\/images\/lazy.svg\" data-src=\"https:\/\/nisioptics.pt\/wp-content\/uploads\/2024\/10\/DSC03195.jpg\" alt=\"\" class=\"wp-image-30562\"><\/figure>\n\n<\/figure>\n\n<\/div><\/div><\/div>\n\n\n\n\n\n\n\n<div id=\"wd-1c09abe4\" class=\"wp-block-wd-accordion-pane wd-accordion-item\"><div class=\"wd-accordion-title\"><div class=\"wd-accordion-title-text\"><span>Como utilizar os filtros JetMag Pro?<\/span><\/div><span class=\"wd-accordion-opener\"><\/span><\/div><div class=\"wd-accordion-content\"><div class=\"wd-accordion-content-inner\">\n\n<h2 id=\"wd-cd30dacc\" class=\"wp-block-wd-title title\">Como bloquear os filtros JetMag Pro?<\/h2>\n\n\n\n\n\n\n\n<p id=\"wd-9cb70222\" class=\"wp-block-wd-paragraph\"><strong>Bloqueio de filtro \u00fanico:<\/strong> Instale um filtro com as pegas a 45 graus das linhas brancas no adaptador. Gire as pegas pequenas at\u00e9 que elas se alinhem com a linha de bloqueio branca. Uma vez alinhado, o filtro \u00e9 bloqueado de forma segura e n\u00e3o pode ser removido.<\/p>\n\n\n\n\n\n\n\n<p><strong>Bloqueio de v\u00e1rios filtros:<\/strong> Instale v\u00e1rios filtros com as pegas a 45 graus das linhas brancas nos adaptadores. Alinhe as pegas pequenas de cada estrutura de filtro e rode-as em conjunto para corresponder \u00e0 linha de bloqueio branca no adaptador. Quando as pegas est\u00e3o alinhadas, os filtros est\u00e3o bem fixos uns aos outros.<\/p>\n\n\n\n\n\n\n\n<h2 id=\"wd-364eaedc\" class=\"wp-block-wd-title title\">Como desbloquear os filtros JetMag Pro?<\/h2>\n\n\n\n\n\n\n\n<p id=\"wd-290079f6\" class=\"wp-block-wd-paragraph\"><strong>Desbloqueio do filtro \u00fanico:<\/strong> Rode as pegas pequenas 45 graus para longe da linha de bloqueio branca no adaptador. Isso ir\u00e1 desbloquear o filtro, permitindo que ele seja destacado.<\/p>\n\n\n\n\n\n\n\n<p><strong>Desbloqueio de v\u00e1rios filtros:<\/strong> Gire a pequena al\u00e7a do filtro traseiro conectado ao adaptador a 45 graus das linhas de bloqueio brancas que indicam bloqueio. Isso desbloquear\u00e1 os filtros empilhados, permitindo que eles sejam desmontados juntos. Ao rodar as pegas de cada filtro 45 graus, estas desbloqueiam e podem ser retiradas.<\/p>\n\n\n\n\n\n\n\n<h2 id=\"wd-6cf68d94\" class=\"wp-block-wd-title title\">Como usar o Porta Filtros 100mm JetMag Pro?<\/h2>\n\n\n\n\n\n\n\n<div data-wp-interactive=\"core\/file\" class=\"wp-block-file\"><object data-wp-bind--hidden=\"!state.hasPdfPreview\" hidden class=\"wp-block-file__embed\" data=\"https:\/\/nisioptics.pt\/wp-content\/uploads\/2025\/05\/JetMag-Pro-Holder-Manual.pdf\" type=\"application\/pdf\" style=\"width:100%;height:600px\" aria-label=\"Embed of Manual Porta-Filtros 100mm JetMag Pro.\"><\/object><a id=\"wp-block-file--media-f4d4554c-0b5a-4b31-a484-294ceb0b9b51\" href=\"https:\/\/nisioptics.pt\/wp-content\/uploads\/2025\/05\/JetMag-Pro-Holder-Manual.pdf\" target=\"_blank\" rel=\"noopener\">Manual Porta-Filtros 100mm JetMag Pro<\/a><a href=\"https:\/\/nisioptics.pt\/wp-content\/uploads\/2025\/05\/JetMag-Pro-Holder-Manual.pdf\" class=\"wp-block-file__button wp-element-button\" download=\"\" aria-describedby=\"wp-block-file--media-f4d4554c-0b5a-4b31-a484-294ceb0b9b51\" target=\"_blank\" rel=\"noopener\">Descarregar<\/a><\/div>\n\n<\/div><\/div><\/div>\n\n\n\n\n\n\n\n<div id=\"wd-27d6f98b\" class=\"wp-block-wd-accordion-pane wd-accordion-item\"><div class=\"wd-accordion-title\"><div class=\"wd-accordion-title-text\"><span>Teste de vinheta com o NiSi Porta-Filtros 100mm JetMag Pro<\/span><\/div><span class=\"wd-accordion-opener\"><\/span><\/div><div class=\"wd-accordion-content\"><div class=\"wd-accordion-content-inner\">\n\n<p id=\"wd-eefd086b\" class=\"wp-block-wd-paragraph\"><strong>Canon RF 15-35mm F2.8L IS USM<\/strong><\/p>\n\n\n\n\n\n\n\n<figure class=\"wp-block-gallery has-nested-images columns-default is-cropped wp-block-gallery-4 is-layout-flex wp-block-gallery-is-layout-flex\">\n\n<figure class=\"wp-block-image size-large\"><img decoding=\"async\" data-id=\"39629\" src=\"https:\/\/hi-techwonder.com\/wp-content\/themes\/woodmart\/images\/lazy.svg\" data-src=\"https:\/\/nisioptics.pt\/wp-content\/uploads\/2025\/05\/No-filter--1024x683.jpg\" alt=\"\" class=\"wp-image-39629\"><figcaption class=\"wp-element-caption\">Sem Filtros<\/figcaption><\/figure>\n\n\n\n\n\n\n\n<figure class=\"wp-block-image size-large\"><img decoding=\"async\" data-id=\"39631\" src=\"https:\/\/hi-techwonder.com\/wp-content\/themes\/woodmart\/images\/lazy.svg\" data-src=\"https:\/\/nisioptics.pt\/wp-content\/uploads\/2025\/05\/With-2-Jetmag-pro-filterGND--1024x683.jpg\" alt=\"\" class=\"wp-image-39631\"><figcaption class=\"wp-element-caption\">Com 2 Filtros JetMag Pro + GND 100mm<\/figcaption><\/figure>\n\n<\/figure>\n\n\n\n\n\n\n\n<figure class=\"wp-block-gallery has-nested-images columns-default is-cropped wp-block-gallery-5 is-layout-flex wp-block-gallery-is-layout-flex\">\n\n<figure class=\"wp-block-image size-large\"><img decoding=\"async\" data-id=\"39635\" src=\"https:\/\/hi-techwonder.com\/wp-content\/themes\/woodmart\/images\/lazy.svg\" data-src=\"https:\/\/nisioptics.pt\/wp-content\/uploads\/2025\/05\/lens-correct-With-2-Jetmag-pro-filterGNDjpg-1024x683.jpg\" alt=\"\" class=\"wp-image-39635\"><figcaption class=\"wp-element-caption\">Com perfil de corre\u00e7\u00e3o de lente<\/figcaption><\/figure>\n\n\n\n\n\n\n\n<figure class=\"wp-block-image size-large\"><img decoding=\"async\" data-id=\"39633\" src=\"https:\/\/hi-techwonder.com\/wp-content\/themes\/woodmart\/images\/lazy.svg\" data-src=\"https:\/\/nisioptics.pt\/wp-content\/uploads\/2025\/05\/With-2-Jetmag-pro-filterGND-16-9-1024x576.jpg\" alt=\"\" class=\"wp-image-39633\"><figcaption class=\"wp-element-caption\">Crop 16:9<\/figcaption><\/figure>\n\n<\/figure>\n\n<\/div><\/div><\/div>\n\n<\/div>\n\n\n\n<p><\/p>\n\n","protected":false},"excerpt":{"rendered":"<p><strong>Sistema magn\u00e9tico profissional:<\/strong> Para uso com filtros quadrados 100mm no ecossistema JetMag Pro<\/p>\n<p><strong>Montagem r\u00e1pida sem ferramentas:<\/strong> Acoplamento magn\u00e9tico via anel adaptador (vendido separadamente)<\/p>\n<p><strong>Rota\u00e7\u00e3o 360\u00b0 com trava:<\/strong> Ajuste preciso de filtros GND para controlo de exposi\u00e7\u00e3o<\/p>\n<p><strong>Compatibilidade total:<\/strong> Funciona com todos os filtros quadrados padr\u00e3o de 100mm<\/p>\n<p><strong>Requer Anel para Porta-Filtros 82MAG ou 95MAG <\/strong>(n\u00e3o inclu\u00eddo)<\/p>\n","protected":false},"featured_media":12170,"comment_status":"closed","ping_status":"open","template":"","meta":{"_acf_changed":false},"product_brand":[2543],"product_cat":[1055],"product_tag":[],"class_list":{"0":"post-13049","1":"product","2":"type-product","3":"status-publish","4":"has-post-thumbnail","6":"product_brand-nisioptics-es","7":"product_cat-accesorios-100mm","9":"first","10":"instock","11":"taxable","12":"shipping-taxable","13":"purchasable","14":"product-type-simple"},"bundled_by":[],"bundle_stock_status":"instock","bundle_stock_quantity":6,"bundle_virtual":false,"bundle_layout":"","bundle_add_to_cart_form_location":"","bundle_editable_in_cart":false,"bundle_sold_individually_context":"","bundle_item_grouping":"","bundle_min_size":"","bundle_max_size":"","bundle_price":[],"bundled_items":[],"bundle_sell_ids":[],"acf":[],"_links":{"self":[{"href":"https:\/\/hi-techwonder.com\/es\/wp-json\/wp\/v2\/product\/13049","targetHints":{"allow":["GET"]}}],"collection":[{"href":"https:\/\/hi-techwonder.com\/es\/wp-json\/wp\/v2\/product"}],"about":[{"href":"https:\/\/hi-techwonder.com\/es\/wp-json\/wp\/v2\/types\/product"}],"replies":[{"embeddable":true,"href":"https:\/\/hi-techwonder.com\/es\/wp-json\/wp\/v2\/comments?post=13049"}],"wp:featuredmedia":[{"embeddable":true,"href":"https:\/\/hi-techwonder.com\/es\/wp-json\/wp\/v2\/media\/12170"}],"wp:attachment":[{"href":"https:\/\/hi-techwonder.com\/es\/wp-json\/wp\/v2\/media?parent=13049"}],"wp:term":[{"taxonomy":"product_brand","embeddable":true,"href":"https:\/\/hi-techwonder.com\/es\/wp-json\/wp\/v2\/product_brand?post=13049"},{"taxonomy":"product_cat","embeddable":true,"href":"https:\/\/hi-techwonder.com\/es\/wp-json\/wp\/v2\/product_cat?post=13049"},{"taxonomy":"product_tag","embeddable":true,"href":"https:\/\/hi-techwonder.com\/es\/wp-json\/wp\/v2\/product_tag?post=13049"}],"curies":[{"name":"wp","href":"https:\/\/api.w.org\/{rel}","templated":true}]}}