{"id":13055,"date":"2025-07-23T23:50:36","date_gmt":"2025-07-23T23:50:36","guid":{"rendered":"https:\/\/fv6qoy3ls0.wpdns.site\/produto\/nisi-jetmag-pro-vnd-mist-creator-kit-82mag\/"},"modified":"2026-05-13T17:57:15","modified_gmt":"2026-05-13T16:57:15","slug":"nisi-jetmag-pro-vnd-mist-creator-kit-82mag","status":"publish","type":"product","link":"https:\/\/hi-techwonder.com\/es\/producto\/nisi-jetmag-pro-vnd-mist-creator-kit-82mag\/","title":{"rendered":"NiSi JetMag Pro VND Mist Creator Kit"},"content":{"rendered":"\n<h3 id=\"wd-ae14d5b0\" class=\"wp-block-wd-title title\">NiSi JetMag Pro VND Mist Creator Kit<\/h3>\n\n\n\n<div id=\"wd-de5f17a1\" class=\"wp-block-wd-video wd-el-video wd-action-without wd-video-external wd-custom-width\"><iframe allowfullscreen allow=\"accelerometer; autoplay; encrypted-media; gyroscope; picture-in-picture\" width=\"100%\" height=\"100%\" loading=\"lazy\" src=\"https:\/\/www.youtube.com\/embed\/ZI67uDxDla0?feature=oembed&amp;controls=1\"><\/iframe><\/div>\n\n\n\n<p>El sistema magn\u00e9tico NiSi JetMag Pro est\u00e1 sacudiendo el mundo de los filtros de alta calidad con un producto innovador, sencillo y r\u00e1pido de usar, seguro y que promete la mayor versatilidad del mercado, todo ello sin poner en peligro la alta calidad de sus filtros y, por supuesto, su resultado final.<\/p>\n\n\n\n<p>El Kit JetMag Pro VND Mist Creator \u2014con su filtro VND True Color 1-5 stops de calidad profesional, el filtro FS ND16 de 4 stops y el filtro Black Mist 1\/8\u2014 es el kit definitivo para el productor m\u00e1s exigente que busca el control m\u00e1s preciso de la luz en sus filmaciones.<\/p>\n\n\n\n<div class=\"wp-block-media-text is-stacked-on-mobile\" style=\"grid-template-columns:33% auto\"><figure class=\"wp-block-media-text__media\"><img decoding=\"async\" src=\"https:\/\/hi-techwonder.com\/wp-content\/themes\/woodmart\/images\/lazy.svg\" data-src=\"https:\/\/hi-techwonder.com\/wp-content\/uploads\/2025\/07\/Creator-Mist-67Mag.jpg\" alt=\"\" class=\"wp-image-92115 size-full\"><\/figure><div class=\"wp-block-media-text__content\">\n<p>El<strong>\u00a0JetMag Pro VND Mist Creator<\/strong>\u00a0<strong>Kit<\/strong>\u00a0<strong>67MAG<\/strong>\u00a0consta de:<\/p>\n\n\n\n<p>1x Estuche CADDY (JetMag Pro)<\/p>\n\n\n\n<p>1 x NiSi Filtro ND Vari\u00e1vel True Color 1-5 JetMag Pro 82MAG<\/p>\n\n\n\n<p>1 x NiSi Filtro FS ND16 (4 paradas) JetMag Pro 82MAG<\/p>\n\n\n\n<p>1 x NiSi Filtro Black Mist 1\/8 JetMag Pro 82MAG<\/p>\n\n\n\n<p>5x Anillos JetMag Pro (67mm, 62mm, 58mm, 55mm, 52mm)<\/p>\n\n\n\n<p>1x Tapa delantera + 1 tapa trasera<\/p>\n<\/div><\/div>\n\n\n\n<div class=\"wp-block-media-text has-media-on-the-right is-stacked-on-mobile\" style=\"grid-template-columns:auto 35%\"><div class=\"wp-block-media-text__content\">\n<p>El<strong> <strong>JetMag Pro VND Mist Creator<\/strong><\/strong> <strong><strong>Kit<\/strong><\/strong> <strong>82MAG<\/strong> consta de:<br><\/p>\n\n\n\n<p>1x Estuche CADDY (JetMag Pro)<\/p>\n\n\n\n<p>1 x NiSi Filtro ND Vari\u00e1vel True Color 1-5 JetMag Pro 82MAG<\/p>\n\n\n\n<p>1 x NiSi Filtro FS ND16 (4 paradas) JetMag Pro 82MAG<\/p>\n\n\n\n<p>1 x NiSi Filtro Black Mist 1\/8 JetMag Pro 82MAG<\/p>\n\n\n\n<p>4x Anillos JetMag Pro (82mm, 77mm, 72mm, 67mm)<\/p>\n\n\n\n<p>1x Tapa delantera + 1 tapa trasera<\/p>\n<\/div><figure class=\"wp-block-media-text__media\"><img decoding=\"async\" src=\"https:\/\/hi-techwonder.com\/wp-content\/themes\/woodmart\/images\/lazy.svg\" data-src=\"https:\/\/nisioptics.es\/wp-content\/uploads\/2025\/05\/Flex-Kit-1024x1024.jpg\" alt=\"VND Flex Kit Jetmag Pro\" class=\"wp-image-39787 size-full\"\/><\/figure><\/div>\n\n\n\n<div class=\"wp-block-media-text is-stacked-on-mobile\" style=\"grid-template-columns:35% auto\"><figure class=\"wp-block-media-text__media\"><img decoding=\"async\" src=\"https:\/\/hi-techwonder.com\/wp-content\/themes\/woodmart\/images\/lazy.svg\" data-src=\"https:\/\/nisioptics.es\/wp-content\/uploads\/2025\/05\/95MAG-JetMag-VND-Amazon-1024x1024.jpg\" alt=\"\" class=\"wp-image-40622 size-full\"><\/figure><div class=\"wp-block-media-text__content\">\n<p class=\"has-text-align-right\">El<strong> <strong>JetMag Pro VND Mist Creator<\/strong><\/strong> <strong><strong>Kit<\/strong><\/strong> <strong>95MAG<\/strong> consta de:<br><\/p>\n\n\n\n<p class=\"has-text-align-right\">1x Estuche CADDY (JetMag Pro)<\/p>\n\n\n\n<p class=\"has-text-align-right\">1 x NiSi Filtro ND Vari\u00e1vel True Color 1-5 JetMag Pro 95MAG<\/p>\n\n\n\n<p class=\"has-text-align-right\">1 x NiSi Filtro FS ND16 (4 paradas) JetMag Pro 95MAG<\/p>\n\n\n\n<p class=\"has-text-align-right\">1 x NiSi Filtro Black Mist 1\/8 JetMag Pro 95MAG<\/p>\n\n\n\n<p class=\"has-text-align-right\">3x Anillos JetMag Pro (95mm, 86mm, 82mm)<\/p>\n\n\n\n<p class=\"has-text-align-right\">1x Tapa delantera + 1 tapa trasera<\/p>\n<\/div><\/div>\n\n\n\n<h2 class=\"wp-block-heading\"><strong>1-9 Stops de Control de Luz Flexible<\/strong><\/h2>\n\n\n\n<ul class=\"wp-block-list\">\n<li><strong>ND Variable 1-5 stops (ND2-ND32)<\/strong>: Ajuste continuo para v\u00eddeo fluido o efectos de movimiento.<\/li>\n\n\n\n<li><strong>Stack con el FS ND 4 stops<\/strong>: Extiende el rango hasta&nbsp;<strong>ND512 (9 stops)<\/strong>, ideal para largas exposiciones \u00e9picas o&nbsp;<em>slow shutter<\/em>&nbsp;en luz intensa.<\/li>\n<\/ul>\n\n\n\n<h2 class=\"wp-block-heading\"><strong>Magia Cinematogr\u00e1fica con el 1\/8 Black Mist<\/strong><\/h2>\n\n\n\n<p>El filtro de difusi\u00f3n incluido aporta un&nbsp;<strong>toque vintage<\/strong>&nbsp;de suavidad, mitigando detalles digitales y creando un&nbsp;<em>bloom<\/em>&nbsp;delicado en los brillos. Perfecto para:<\/p>\n\n\n\n<p>V\u00eddeos musicales o narrativas con est\u00e9tica&nbsp;<em>filmic<\/em>.<\/p>\n\n\n\n<p>Retratos con atm\u00f3sfera&nbsp;<em>dreamy<\/em>.<\/p>\n\n\n\n<p>Escenas nocturnas con halos de luz.<\/p>\n\n\n\n<div id=\"wd-082737e9\" class=\"wp-block-wd-video wd-el-video wd-action-without wd-video-external wd-with-aspect-ratio wd-custom-width\"><iframe allowfullscreen allow=\"accelerometer; autoplay; encrypted-media; gyroscope; picture-in-picture\" width=\"100%\" height=\"100%\" loading=\"lazy\" src=\"https:\/\/www.youtube.com\/embed\/p0cdnHX0TYY?feature=oembed&amp;controls=1\"><\/iframe><\/div>\n\n\n\n<div id=\"wd-3c5596e1\" class=\"wp-block-wd-accordion wd-accordion wd-style-default wd-titles-start wd-opener-style-arrow wd-opener-pos-end\" data-state=\"first\">\n<div id=\"wd-8eb00d10\" class=\"wp-block-wd-accordion-pane wd-accordion-item\"><div class=\"wd-accordion-title wd-role-btn wd-active\" tabindex=\"0\"><div class=\"wd-accordion-title-text\"><span>Caracter\u00edsticas principales JetMag Pro<\/span><\/div><span class=\"wd-accordion-opener\"><\/span><\/div><div class=\"wd-accordion-content wd-active\"><div class=\"wd-accordion-content-inner\">\n<p id=\"wd-721a06f4\" class=\"wp-block-wd-paragraph\">Presentamos el nuevo sistema NiSi JetMag Pro, un sistema de filtrado magn\u00e9tico que redefinir\u00e1 su experiencia con este tipo de sistemas.<\/p>\n\n\n\n<div id=\"wd-e567a7ef\" class=\"wp-block-wd-container wd-dir-col\">\n<p id=\"wd-dd7f4043\" class=\"wp-block-wd-paragraph\"><strong>\u30fbVelocidad magn\u00e9tica en un abrir y cerrar de ojos:<\/strong>Los filtros permiten una r\u00e1pida instalaci\u00f3n y extracci\u00f3n gracias a un dise\u00f1o magn\u00e9tico.<\/p>\n\n\n\n<p id=\"wd-edb84b1a\" class=\"wp-block-wd-paragraph\">\u30fb<strong>Extracci\u00f3n r\u00e1pida y c\u00f3moda:<\/strong> Equipados con dos peque\u00f1as asas, estos filtros pueden extraerse r\u00e1pida y c\u00f3modamente.<\/p>\n\n\n\n<p id=\"wd-3bdf3f96\" class=\"wp-block-wd-paragraph\">\u30fb<strong>F\u00e1cil identificaci\u00f3n:<\/strong> las asas multicolores le ayudan a identificar r\u00e1pidamente los distintos filtros de su kit.<\/p>\n<\/div>\n\n\n\n<figure class=\"wp-block-gallery has-nested-images columns-4 is-cropped wp-block-gallery-1 is-layout-flex wp-block-gallery-is-layout-flex\">\n<figure class=\"wp-block-image size-large\"><img decoding=\"async\" data-id=\"30560\" src=\"https:\/\/hi-techwonder.com\/wp-content\/themes\/woodmart\/images\/lazy.svg\" data-src=\"https:\/\/nisioptics.pt\/wp-content\/uploads\/2024\/10\/DSC02916xiu.jpg\" alt=\"\" class=\"wp-image-30560\"><\/figure>\n\n\n\n<figure class=\"wp-block-image size-large\"><img decoding=\"async\" data-id=\"30558\" src=\"https:\/\/hi-techwonder.com\/wp-content\/themes\/woodmart\/images\/lazy.svg\" data-src=\"https:\/\/nisioptics.pt\/wp-content\/uploads\/2024\/10\/DSC02899xiu.jpg\" alt=\"\" class=\"wp-image-30558\"><\/figure>\n\n\n\n<figure class=\"wp-block-image size-large\"><img decoding=\"async\" data-id=\"30556\" src=\"https:\/\/hi-techwonder.com\/wp-content\/themes\/woodmart\/images\/lazy.svg\" data-src=\"https:\/\/nisioptics.pt\/wp-content\/uploads\/2024\/10\/DSC02896.jpg\" alt=\"\" class=\"wp-image-30556\"><\/figure>\n\n\n\n<figure class=\"wp-block-image size-large\"><img decoding=\"async\" data-id=\"30554\" src=\"https:\/\/hi-techwonder.com\/wp-content\/themes\/woodmart\/images\/lazy.svg\" data-src=\"https:\/\/nisioptics.pt\/wp-content\/uploads\/2024\/10\/DSC02895.jpg\" alt=\"\" class=\"wp-image-30554\"><\/figure>\n<\/figure>\n\n\n\n<div id=\"wd-fb2811b8\" class=\"wp-block-wd-container wd-dir-col\">\n<p id=\"wd-5ca23215\" class=\"wp-block-wd-paragraph\">\u30fb<strong>Giro, bloqueo y estabilidad:<\/strong> El dise\u00f1o de bloqueo patentado garantiza la estabilidad al girar la peque\u00f1a asa hasta la posici\u00f3n marcada, bloqueando de forma segura varios filtros en su sitio.<\/p>\n\n\n\n<p>\u30fb<strong>Bloqueo de varios filtros:<\/strong> apile y bloquee de forma segura varios filtros sin comprometer la estabilidad.<\/p>\n<\/div>\n\n\n\n<figure class=\"wp-block-gallery has-nested-images columns-default is-cropped wp-block-gallery-2 is-layout-flex wp-block-gallery-is-layout-flex\">\n<figure class=\"wp-block-image size-large\"><img decoding=\"async\" data-id=\"30552\" src=\"https:\/\/hi-techwonder.com\/wp-content\/themes\/woodmart\/images\/lazy.svg\" data-src=\"https:\/\/nisioptics.pt\/wp-content\/uploads\/2024\/10\/steady.jpg\" alt=\"\" class=\"wp-image-30552\"><\/figure>\n\n\n\n<figure class=\"wp-block-image size-large\"><img decoding=\"async\" data-id=\"30546\" src=\"https:\/\/hi-techwonder.com\/wp-content\/themes\/woodmart\/images\/lazy.svg\" data-src=\"https:\/\/nisioptics.pt\/wp-content\/uploads\/2024\/10\/unlock.jpg\" alt=\"\" class=\"wp-image-30546\"><\/figure>\n\n\n\n<figure class=\"wp-block-image size-large\"><img decoding=\"async\" data-id=\"30544\" src=\"https:\/\/hi-techwonder.com\/wp-content\/themes\/woodmart\/images\/lazy.svg\" data-src=\"https:\/\/nisioptics.pt\/wp-content\/uploads\/2024\/10\/lock.jpg\" alt=\"\" class=\"wp-image-30544\"><\/figure>\n<\/figure>\n\n\n\n<div id=\"wd-7c284a45\" class=\"wp-block-wd-container wd-dir-col\">\n<div id=\"wd-aa6307c9\" class=\"wp-block-wd-container wd-dir-col\">\n<p id=\"wd-744312d0\" class=\"wp-block-wd-paragraph\">\u30fb<strong>Cuadro ultrafino para objetivos gran angular:<\/strong> Dise\u00f1ado para ser ultrafino, JetMag Pro permite utilizar dos filtros en objetivos con una distancia focal de 15 mm sin causar vi\u00f1eteado.<\/p>\n\n\n\n<p id=\"wd-cf671e8e\" class=\"wp-block-wd-paragraph\"><strong>\u30fbAdaptable a varios objetivos: <\/strong>Compatible con distintos objetivos de rosca de filtro mediante adaptadores.<\/p>\n\n\n\n<p id=\"wd-56769c88\" class=\"wp-block-wd-paragraph\"><strong>\u30fbCubiertas met\u00e1licas protectoras de objetivos:<\/strong> las cubiertas met\u00e1licas delantera y trasera de los objetivos pueden instalarse y retirarse r\u00e1pidamente, ofreciendo protecci\u00f3n para filtros y objetivos.<\/p>\n\n\n\n<p id=\"wd-b2adb0c2\" class=\"wp-block-wd-paragraph\"><strong>\u30fbAmplia gama de filtros para cada escena: <\/strong>elija entre una variedad de filtros dise\u00f1ados para paisajes, retratos, paisajes nocturnos, v\u00eddeo y cine.<\/p>\n\n\n\n<p><strong>\u30fbNanorrevestimiento de baja reflexi\u00f3n:<\/strong> incorpora un nanorrevestimiento de baja reflexi\u00f3n que reduce eficazmente los reflejos, incluso al apilar varios filtros.<\/p>\n<\/div>\n<\/div>\n\n\n\n<figure class=\"wp-block-gallery has-nested-images columns-4 is-cropped wp-block-gallery-3 is-layout-flex wp-block-gallery-is-layout-flex\">\n<figure class=\"wp-block-image size-large\"><img decoding=\"async\" data-id=\"30568\" src=\"https:\/\/hi-techwonder.com\/wp-content\/themes\/woodmart\/images\/lazy.svg\" data-src=\"https:\/\/nisioptics.pt\/wp-content\/uploads\/2024\/10\/DSC03332.jpg\" alt=\"\" class=\"wp-image-30568\"><\/figure>\n\n\n\n<figure class=\"wp-block-image size-large\"><img decoding=\"async\" data-id=\"30566\" src=\"https:\/\/hi-techwonder.com\/wp-content\/themes\/woodmart\/images\/lazy.svg\" data-src=\"https:\/\/nisioptics.pt\/wp-content\/uploads\/2024\/10\/DSC03314.jpg\" alt=\"\" class=\"wp-image-30566\"><\/figure>\n\n\n\n<figure class=\"wp-block-image size-large\"><img decoding=\"async\" data-id=\"30564\" src=\"https:\/\/hi-techwonder.com\/wp-content\/themes\/woodmart\/images\/lazy.svg\" data-src=\"https:\/\/nisioptics.pt\/wp-content\/uploads\/2024\/10\/DSC03282.jpg\" alt=\"\" class=\"wp-image-30564\"><\/figure>\n\n\n\n<figure class=\"wp-block-image size-large\"><img decoding=\"async\" data-id=\"30562\" src=\"https:\/\/hi-techwonder.com\/wp-content\/themes\/woodmart\/images\/lazy.svg\" data-src=\"https:\/\/nisioptics.pt\/wp-content\/uploads\/2024\/10\/DSC03195.jpg\" alt=\"\" class=\"wp-image-30562\"><\/figure>\n<\/figure>\n<\/div><\/div><\/div>\n\n\n\n<div id=\"wd-1c09abe4\" class=\"wp-block-wd-accordion-pane wd-accordion-item\"><div class=\"wd-accordion-title wd-role-btn\" tabindex=\"0\"><div class=\"wd-accordion-title-text\"><span>\u00bfC\u00f3mo bloqueo los filtros JetMag Pro?<\/span><\/div><span class=\"wd-accordion-opener\"><\/span><\/div><div class=\"wd-accordion-content\"><div class=\"wd-accordion-content-inner\">\n<p id=\"wd-865204aa\" class=\"wp-block-wd-paragraph\"><strong>Bloqueo de un filtro:<\/strong> Instale un filtro con las asas a 45 grados respecto a las l\u00edneas blancas del adaptador. Gire las asas peque\u00f1as hasta que se alineen con la l\u00ednea blanca de bloqueo. Una vez alineado, el filtro queda bloqueado de forma segura y no se puede retirar.<\/p>\n\n\n\n<p id=\"wd-7ddee9e7\" class=\"wp-block-wd-paragraph\"><strong>Bloqueo de varios filtros:<\/strong> Instale varios filtros con las asas a 45 grados respecto a las l\u00edneas blancas de los adaptadores. Alinee las asas peque\u00f1as de cada marco de filtro y g\u00edrelas juntas para que coincidan con la l\u00ednea blanca de bloqueo del adaptador. Cuando las asas est\u00e9n alineadas, los filtros estar\u00e1n firmemente unidos entre s\u00ed.<\/p>\n<\/div><\/div><\/div>\n\n\n\n<div id=\"wd-ff6ca7e6\" class=\"wp-block-wd-accordion-pane wd-accordion-item\"><div class=\"wd-accordion-title wd-role-btn\" tabindex=\"0\"><div class=\"wd-accordion-title-text\"><span>\u00bfC\u00f3mo desbloqueo los filtros JetMag Pro?<\/span><\/div><span class=\"wd-accordion-opener\"><\/span><\/div><div class=\"wd-accordion-content\"><div class=\"wd-accordion-content-inner\">\n<p id=\"wd-4a98b036\" class=\"wp-block-wd-paragraph\"><strong>Desbloqueo del filtro individual:<\/strong> Gire las asas peque\u00f1as 45 grados alej\u00e1ndolas de la l\u00ednea de bloqueo blanca del adaptador. Esto desbloquear\u00e1 el filtro, permitiendo que se separe.<\/p>\n\n\n\n<p><strong>Desbloqueo de varios filtros:<\/strong> Gire la peque\u00f1a manija del filtro trasero conectado al adaptador 45 grados desde las l\u00edneas blancas de bloqueo que indican bloqueo. Esto desbloquear\u00e1 los filtros apilados, permitiendo desmontarlos juntos. Al girar las asas de cada filtro 45 grados, se desbloquean y pueden desmontarse.<\/p>\n<\/div><\/div><\/div>\n\n\n\n<div id=\"wd-27d6f98b\" class=\"wp-block-wd-accordion-pane wd-accordion-item\"><div class=\"wd-accordion-title wd-role-btn\" tabindex=\"0\"><div class=\"wd-accordion-title-text\"><span>Prueba de la vi\u00f1eta<\/span><\/div><span class=\"wd-accordion-opener\"><\/span><\/div><div class=\"wd-accordion-content\"><div class=\"wd-accordion-content-inner\">\n<p id=\"wd-eefd086b\" class=\"wp-block-wd-paragraph\"><strong>Canon RF 15-35mm F2.8L IS USM<\/strong><\/p>\n\n\n\n<figure class=\"wp-block-gallery has-nested-images columns-default is-cropped wp-block-gallery-4 is-layout-flex wp-block-gallery-is-layout-flex\">\n<figure class=\"wp-block-image size-large\"><img decoding=\"async\" data-id=\"30538\" src=\"https:\/\/hi-techwonder.com\/wp-content\/themes\/woodmart\/images\/lazy.svg\" data-src=\"https:\/\/nisioptics.pt\/wp-content\/uploads\/2024\/10\/3-filtros.jpg\" alt=\"\" class=\"wp-image-30538\"><\/figure>\n\n\n\n<figure class=\"wp-block-image size-large\"><img decoding=\"async\" data-id=\"30536\" src=\"https:\/\/hi-techwonder.com\/wp-content\/themes\/woodmart\/images\/lazy.svg\" data-src=\"https:\/\/nisioptics.pt\/wp-content\/uploads\/2024\/10\/2-filtros.jpg\" alt=\"\" class=\"wp-image-30536\"><\/figure>\n\n\n\n<figure class=\"wp-block-image size-large\"><img decoding=\"async\" data-id=\"30534\" src=\"https:\/\/hi-techwonder.com\/wp-content\/themes\/woodmart\/images\/lazy.svg\" data-src=\"https:\/\/nisioptics.pt\/wp-content\/uploads\/2024\/10\/0-filtros.jpg\" alt=\"\" class=\"wp-image-30534\"><\/figure>\n<\/figure>\n\n\n\n<p id=\"wd-e4766f24\" class=\"wp-block-wd-paragraph\"><strong>Sony FE 16-35 mm F2.8 GM II<\/strong><\/p>\n\n\n\n<figure class=\"wp-block-gallery has-nested-images columns-default is-cropped wp-block-gallery-5 is-layout-flex wp-block-gallery-is-layout-flex\">\n<figure class=\"wp-block-image size-large\"><img decoding=\"async\" data-id=\"30540\" src=\"https:\/\/hi-techwonder.com\/wp-content\/themes\/woodmart\/images\/lazy.svg\" data-src=\"https:\/\/nisioptics.pt\/wp-content\/uploads\/2024\/10\/0-filtros-1.jpg\" alt=\"\" class=\"wp-image-30540\"><\/figure>\n\n\n\n<figure class=\"wp-block-image size-large\"><img decoding=\"async\" data-id=\"30542\" src=\"https:\/\/hi-techwonder.com\/wp-content\/themes\/woodmart\/images\/lazy.svg\" data-src=\"https:\/\/nisioptics.pt\/wp-content\/uploads\/2024\/10\/2-filtros-1.jpg\" alt=\"\" class=\"wp-image-30542\"><\/figure>\n<\/figure>\n<\/div><\/div><\/div>\n<\/div>\n","protected":false},"excerpt":{"rendered":"<ul>\n<li><strong>Incluye el filtro\u00a0VND True Color 1-5 stops: <\/strong>Controla la exposici\u00f3n en entornos con cambios de luz.<\/li>\n<li><strong>Incluye el filtro\u00a0FS ND16: <\/strong>Junto con el filtro VND True Color 1-5 pasos, controla la exposici\u00f3n en 9 pasos en total.<\/li>\n<li><strong>Incluye el filtro\u00a0Black Mist 1\/8: <\/strong>Suaviza la luz para un aspecto on\u00edrico y cinematogr\u00e1fico, sin comprometer la nitidez.<\/li>\n<li><strong>Controla la exposici\u00f3n con precisi\u00f3n: <\/strong>Gracias a sus\u00a0<strong>l\u00edmites f\u00edsicos (hard stops)<\/strong>, evita la polarizaci\u00f3n cruzada y el temido efecto &#8220;X&#8221;, garantizando resultados profesionales sin fallos.<\/li>\n<li><strong>Fijaci\u00f3n magn\u00e9tica r\u00e1pida:<\/strong>\u00a0Coloque o retire f\u00e1cilmente los filtros con el sistema magn\u00e9tico JetMag Pro.<\/li>\n<li><strong>Mecanismo de bloqueo patentado:<\/strong>\u00a0Mantiene los filtros firmemente en su lugar durante el disparo, incluso cuando se apilan.<\/li>\n<li><strong>Versi\u00f3n 82MAG \u2013 Cuatro anillos adaptadores:<\/strong>\u00a0Incluye anillos de 67mm-82MAG, 72mm-82MAG, 77mm-82MAG y 82mm-82MAG para compatibilidad con m\u00faltiples objetivos.<\/li>\n<li><strong>Versi\u00f3n 95MAG \u2013 Tres anillos adaptadores:<\/strong>\u00a0Incluye anillos de 82mm-95MAG, 86mm-95MAG, 95mm-95MAG para compatibilidad con varios objetivos.<\/li>\n<li><strong>Dise\u00f1o ultrafino:<\/strong>\u00a0Evita el vi\u00f1eteado en los objetivos gran angular para una calidad de imagen \u00f3ptima.<\/li>\n<li><strong>Tapas delantera y trasera incluidas:<\/strong> Protege tus filtros y objetivos con una tapa delantera y una trasera.<\/li>\n<li><strong>Estuche JetMag Pro Caddy:<\/strong>\u00a0Funda pr\u00e1ctica y protectora para organizar y guardar tus filtros y accesorios.<\/li>\n<li><strong>Duradero y ligero:<\/strong>\u00a0La construcci\u00f3n de alta calidad garantiza un rendimiento duradero a la vez que mantiene su equipo port\u00e1til.<\/li>\n<\/ul>\n","protected":false},"featured_media":12220,"comment_status":"closed","ping_status":"closed","template":"","meta":{"_acf_changed":false},"product_brand":[1775],"product_cat":[334,454],"product_tag":[],"class_list":{"0":"post-13055","1":"product","2":"type-product","3":"status-publish","4":"has-post-thumbnail","6":"product_brand-nisioptics","7":"product_cat-kits-filtros","8":"product_cat-magneticos-e-pressao","10":"first","11":"instock","12":"taxable","13":"shipping-taxable","14":"purchasable","15":"product-type-variable"},"bundled_by":[],"bundle_stock_status":"instock","bundle_stock_quantity":null,"bundle_virtual":false,"bundle_layout":"","bundle_add_to_cart_form_location":"","bundle_editable_in_cart":false,"bundle_sold_individually_context":"","bundle_item_grouping":"","bundle_min_size":"","bundle_max_size":"","bundle_price":[],"bundled_items":[],"bundle_sell_ids":[],"acf":[],"_links":{"self":[{"href":"https:\/\/hi-techwonder.com\/es\/wp-json\/wp\/v2\/product\/13055","targetHints":{"allow":["GET"]}}],"collection":[{"href":"https:\/\/hi-techwonder.com\/es\/wp-json\/wp\/v2\/product"}],"about":[{"href":"https:\/\/hi-techwonder.com\/es\/wp-json\/wp\/v2\/types\/product"}],"replies":[{"embeddable":true,"href":"https:\/\/hi-techwonder.com\/es\/wp-json\/wp\/v2\/comments?post=13055"}],"wp:featuredmedia":[{"embeddable":true,"href":"https:\/\/hi-techwonder.com\/es\/wp-json\/wp\/v2\/media\/12220"}],"wp:attachment":[{"href":"https:\/\/hi-techwonder.com\/es\/wp-json\/wp\/v2\/media?parent=13055"}],"wp:term":[{"taxonomy":"product_brand","embeddable":true,"href":"https:\/\/hi-techwonder.com\/es\/wp-json\/wp\/v2\/product_brand?post=13055"},{"taxonomy":"product_cat","embeddable":true,"href":"https:\/\/hi-techwonder.com\/es\/wp-json\/wp\/v2\/product_cat?post=13055"},{"taxonomy":"product_tag","embeddable":true,"href":"https:\/\/hi-techwonder.com\/es\/wp-json\/wp\/v2\/product_tag?post=13055"}],"curies":[{"name":"wp","href":"https:\/\/api.w.org\/{rel}","templated":true}]}}