{"id":17189,"date":"2025-07-24T09:06:32","date_gmt":"2025-07-24T09:06:32","guid":{"rendered":"https:\/\/fv6qoy3ls0.wpdns.site\/produto\/viltrox-adaptador-ef-e5-canon-ef-sony-e\/"},"modified":"2026-04-22T16:54:29","modified_gmt":"2026-04-22T15:54:29","slug":"viltrox-adaptador-ef-e5-canon-sony-e","status":"publish","type":"product","link":"https:\/\/hi-techwonder.com\/es\/producto\/viltrox-adaptador-ef-e5-canon-sony-e\/","title":{"rendered":"Viltrox Adaptador EF-E5 Canon EF-Sony E"},"content":{"rendered":"<h3><strong>Viltrox Adaptador EF-E5 Canon EF-Sony E<\/strong><\/h3>\n<p><iframe loading=\"lazy\" title=\"Viltrox Adaptador EF-E5\" width=\"500\" height=\"281\" src=\"https:\/\/www.youtube.com\/embed\/uqiG4uTzfII?feature=oembed\" frameborder=\"0\" allow=\"accelerometer; autoplay; clipboard-write; encrypted-media; gyroscope; picture-in-picture; web-share\" referrerpolicy=\"strict-origin-when-cross-origin\" allowfullscreen><\/iframe><\/p>\n<p>El adaptador Viltrox EF-E5 de objetivos Canon EF para c\u00e1maras con montura E de Sony con pantalla OLED, est\u00e1 dise\u00f1ado para permitir que un objetivo con montura EF de Canon se use con enfoque autom\u00e1tico en una c\u00e1mara con montura E de Sony. El visor OLED programable puede mostrar la distancia focal, la apertura, el modo de apertura y el modo de depuraci\u00f3n. La depuraci\u00f3n permite el ajuste manual para objetivos incompatibles, los botones m\u00e1s y menos permiten ajustar los par\u00e1metros de enfoque.<\/p>\n<p>El adaptador admite comunicaci\u00f3n electr\u00f3nica completa para transferencia de datos EXIF, enfoque autom\u00e1tico de detecci\u00f3n de fase y detecci\u00f3n de contraste, y estabilizaci\u00f3n de imagen de objetivos Canon. Un interruptor integrado en el cilindro del adaptador permite seleccionar el modo de enfoque autom\u00e1tico sin tener que navegar por el men\u00fa de la c\u00e1mara. .<\/p>\n<p>El pie removible del tr\u00edpode est\u00e1 roscado con una rosca accesoria de 1\/4&#8243;-20, lo que proporciona una conexi\u00f3n directa a un tr\u00edpode o placa de liberaci\u00f3n r\u00e1pida. Para facilitar la actualizaci\u00f3n de su firmware, este adaptador tambi\u00e9n incluye un puerto micro-USB.<\/p>\n<ul>\n<li>Admite la comunicaci\u00f3n electr\u00f3nica entre la c\u00e1mara y el objetivo para habilitar el enfoque autom\u00e1tico<\/li>\n<li>Pantalla OLED<\/li>\n<li>Modo de ajuste de microenfoque<\/li>\n<li>Interruptor integrado para la configuraci\u00f3n de enfoque autom\u00e1tico de detecci\u00f3n de fase o detecci\u00f3n de contraste<\/li>\n<li>Admite estabilizaci\u00f3n de imagen<\/li>\n<li>Pie de tr\u00edpode extra\u00edble con rosca de 1\/4&#8243;-20<\/li>\n<\/ul>\n<p><img loading=\"lazy\" decoding=\"async\" class=\"alignnone wp-image-27150 size-full\" src=\"https:\/\/hi-techwonder.com\/wp-content\/themes\/woodmart\/images\/lazy.svg\" data-src=\"https:\/\/viltrox.pt\/wp-content\/uploads\/2023\/09\/Viltrox-Adaptador-EF-E5-12-e1699547409536.jpg\" alt=\"\" width=\"1000\" height=\"667\"><\/p>\n<h5>Lista de compatibilidad confirmada (Updated 21-10-2021)<\/h5>\n<p><span style=\"text-decoration: underline;\">Versi\u00f3n de firmware (1.9)<\/span><\/p>\n<p><strong>C\u00e1maras:<\/strong><\/p>\n<ul>\n<li>Sony a9 (6.00)<\/li>\n<li>Sony a9II (2.00)<\/li>\n<li>Sony a7III (4.01)<\/li>\n<li>Sony a7II (4.01)<\/li>\n<li>Sony a7SIII (1.01)<\/li>\n<li>Sony a7RII (4.01)<\/li>\n<li>Sony a7RIII (3.10)<\/li>\n<li>Sony a7RIV (1.20)<\/li>\n<li>Sony a7C (1.00)<\/li>\n<li>Sony a6600 (1.00)<\/li>\n<li>Sony a6100 (1.00)<\/li>\n<li>Sony a6400 (2.00)<\/li>\n<li>Sony a6500 (1.06)<\/li>\n<\/ul>\n<p>Notas:<\/p>\n<ul>\n<li>La versi\u00f3n PDAF no admite el enfoque de v\u00eddeo.<\/li>\n<li>Se recomienda el enfoque de v\u00eddeo utilizando \u00abPrioridad de apertura\u00bb y \u00abExposici\u00f3n manual\u00bb para aumentar el valor de apertura para la grabaci\u00f3n.<\/li>\n<li>Uso de la c\u00e1mara a7RIV: no admite el anillo en el clic para introducir \u00ab+\u00bb para utilizar el modo de apertura manual.<\/li>\n<\/ul>\n<p><strong>Objetivos<\/strong><\/p>\n<table width=\"1001\">\n<tbody>\n<tr>\n<td width=\"229\"><strong>CANON<\/strong><\/td>\n<td width=\"255\"><strong>Notas:<\/strong><\/td>\n<td width=\"56\"><\/td>\n<td width=\"259\"><strong>CANON<\/strong><\/td>\n<td width=\"202\"><strong>Notas<\/strong>\uff1a<\/td>\n<\/tr>\n<tr>\n<td width=\"229\">EF 17-40MM 1:4 L<\/td>\n<td><\/td>\n<td><\/td>\n<td>EF 24MM 1:1.4 L II USM<\/td>\n<td><\/td>\n<\/tr>\n<tr>\n<td width=\"229\">EF 16-35MM 1:2.8 L II USM<\/td>\n<td><\/td>\n<td><\/td>\n<td>EF-S 24MM 1:2.8 STM<\/td>\n<td><\/td>\n<\/tr>\n<tr>\n<td width=\"229\">EF 24-70MM 1:2.8 L II USM<\/td>\n<td><\/td>\n<td><\/td>\n<td>EF 35MM 1:1.4 L<\/td>\n<td><\/td>\n<\/tr>\n<tr>\n<td width=\"229\">EF 20-35MM 1:3.5-4.5<\/td>\n<td><\/td>\n<td><\/td>\n<td>EF 40MM 1:2.8 STM<\/td>\n<td><\/td>\n<\/tr>\n<tr>\n<td width=\"229\">EF 28-105MM 1:3.5-4.5<\/td>\n<td><\/td>\n<td><\/td>\n<td>EF 50MM 1:1.8 STM<\/td>\n<td><\/td>\n<\/tr>\n<tr>\n<td width=\"229\">EF 24-105MM 1:4 L IS USM<\/td>\n<td><\/td>\n<td><\/td>\n<td>EF 50MM 1:1.2 L USM<\/td>\n<td width=\"202\">Atualmente, a a7RII e a a7II n\u00e3o suportam a focagem em fase P.<\/td>\n<\/tr>\n<tr>\n<td width=\"229\">EF 24-105MM 1:4 L IS II USM<\/td>\n<td><\/td>\n<td><\/td>\n<td>EF 50MM 1:1.4<\/td>\n<td width=\"202\">Temporariamente n\u00e3o suportado em C \u00abContraste\u00bb em A a focagem de v\u00eddeo n\u00e3o \u00e9 suportada.<\/td>\n<\/tr>\n<tr>\n<td width=\"229\">EF 70-200MM 1:4 L USM<\/td>\n<td><\/td>\n<td><\/td>\n<td width=\"259\">COMPACT-MACRO LENS EF 50MM 1:2.5<\/td>\n<td><\/td>\n<\/tr>\n<tr>\n<td width=\"229\">EF 70-200MM 1:2.8 L IS II USM<\/td>\n<td><\/td>\n<td><\/td>\n<td>EF 85MM 1:1.2 L II USM<\/td>\n<td><\/td>\n<\/tr>\n<tr>\n<td width=\"229\">EF 70-200MM 1:4 L IS\u00a0 USM<\/td>\n<td><\/td>\n<td><\/td>\n<td>EF 85MM 1:1.8<\/td>\n<td><\/td>\n<\/tr>\n<tr>\n<td width=\"229\">EF 70-300MM 1:4-5.6 IS\u00a0 USM<\/td>\n<td><\/td>\n<td><\/td>\n<td>EF 100MM 1:2.8 L IS USM<\/td>\n<td><\/td>\n<\/tr>\n<tr>\n<td width=\"229\">EF 70-300MM 1:4-5.6 L IS\u00a0 USM<\/td>\n<td><\/td>\n<td><\/td>\n<td>EF 200MM 1:2.8 L II<\/td>\n<td><\/td>\n<\/tr>\n<tr>\n<td width=\"229\">EF 70-300MM 1:4-5.6 IS II USM<\/td>\n<td><\/td>\n<td><\/td>\n<td width=\"259\">100mm F2.8\u00a0 CA-Dreamer Macro 2X<\/td>\n<td><\/td>\n<\/tr>\n<tr>\n<td width=\"229\">EF 100-400 F4.5-5.6 L IS<\/td>\n<td><\/td>\n<td><\/td>\n<td>FE 135mm F2 L GM<\/td>\n<td width=\"202\">Compat\u00edvel apenas com a a7MIV<\/td>\n<\/tr>\n<tr>\n<td width=\"229\">EF 100-400 F4.5-5.6 L IS II<\/td>\n<td><\/td>\n<td><\/td>\n<td><\/td>\n<td><\/td>\n<\/tr>\n<tr>\n<td width=\"229\">EF-S 15-85MM 1:3.5-5.6\u00a0 IS USM<\/td>\n<td width=\"255\"><\/td>\n<td><\/td>\n<td><\/td>\n<td><\/td>\n<\/tr>\n<tr>\n<td width=\"229\">EF-S 17-85MM 1:4-5.6\u00a0 IS USM<\/td>\n<td>N\u00e3o suporta a focagem de v\u00eddeo<\/td>\n<td><\/td>\n<td><\/td>\n<td><\/td>\n<\/tr>\n<tr>\n<td width=\"229\">EF-S 18-135MM 1:3.5-5.6 IS STM<\/td>\n<td><\/td>\n<td><\/td>\n<td><\/td>\n<td><\/td>\n<\/tr>\n<tr>\n<td width=\"229\">EF-S 55-250MM 1:4-5.6 IS STM<\/td>\n<td><\/td>\n<td><\/td>\n<td><\/td>\n<td><\/td>\n<\/tr>\n<\/tbody>\n<\/table>\n<table width=\"1001\">\n<tbody>\n<tr>\n<td width=\"229\"><strong>TAMRON<\/strong><\/td>\n<td width=\"255\"><strong>Notas\uff1a<\/strong><\/td>\n<td width=\"56\"><\/td>\n<td width=\"259\"><strong>SIGMA<\/strong><\/td>\n<td width=\"202\"><strong>Notas\uff1a<\/strong><\/td>\n<\/tr>\n<tr>\n<td width=\"229\">SP 35MM F\/1.8 Di VC USD F012<\/td>\n<td><\/td>\n<td><\/td>\n<td>A 20MM 1:1.4 DG 015<\/td>\n<td><\/td>\n<\/tr>\n<tr>\n<td width=\"229\">SP 35MM F\/1.4 Di USD F045<\/td>\n<td><\/td>\n<td><\/td>\n<td>A 24MM 1:1.4 DG 015<\/td>\n<td><\/td>\n<\/tr>\n<tr>\n<td width=\"229\">SP 85MM F\/1.8 Di VC USD F016<\/td>\n<td><\/td>\n<td><\/td>\n<td>A 30MM 1:1.4 DC 013<\/td>\n<td><\/td>\n<\/tr>\n<tr>\n<td width=\"229\">18-400MM F\/3.5-6.3 Di II VC HLD B028<\/td>\n<td>N\u00e3o suporta a focagem de v\u00eddeo<\/td>\n<td><\/td>\n<td>A 35MM 1:1.4 DG 012<\/td>\n<td><\/td>\n<\/tr>\n<tr>\n<td width=\"229\">10-24MM F\/3.5-4.5 Di II VC HLD B023<\/td>\n<td><\/td>\n<td><\/td>\n<td>A 50MM 1:1.4 DG 014<\/td>\n<td><\/td>\n<\/tr>\n<tr>\n<td width=\"229\">35-150MM F\/2.8-4 Di VC OSD A043<\/td>\n<td><\/td>\n<td><\/td>\n<td>A 85MM 1:1.4 DG 016<\/td>\n<td><\/td>\n<\/tr>\n<tr>\n<td width=\"229\">SP 15-30MM F\/2.8 USD Di A012<\/td>\n<td><\/td>\n<td><\/td>\n<td>A 105MM 1:1.4 DG 018<\/td>\n<td><\/td>\n<\/tr>\n<tr>\n<td>100-400MM F\/4.5-6.3 Di USD<\/td>\n<td><\/td>\n<td><\/td>\n<td>10-20MM 1:3.5 DC HSM EX<\/td>\n<td><\/td>\n<\/tr>\n<tr>\n<td width=\"229\">SP 150-600MM F\/5-6.3 USD Di A011<\/td>\n<td><\/td>\n<td><\/td>\n<td>12-24MM 1:4.5-5.6 II DG HSM<\/td>\n<td><\/td>\n<\/tr>\n<tr>\n<td><\/td>\n<td><\/td>\n<td><\/td>\n<td>A 18-35MM 1:1.8 DC 013<\/td>\n<td><\/td>\n<\/tr>\n<tr>\n<td><strong>TOKINA<\/strong><\/td>\n<td><\/td>\n<td><\/td>\n<td>70-200MM 1:2.8 APO DG HSM EX<\/td>\n<td><\/td>\n<\/tr>\n<tr>\n<td width=\"229\">SD 11-16 F2.8 (IF) DX II AT-X PRO<\/td>\n<td><\/td>\n<td><\/td>\n<td><\/td>\n<td><\/td>\n<\/tr>\n<\/tbody>\n<\/table>\n<p><span style=\"text-decoration: underline;\">Versi\u00f3n de Firmware 1.3<\/span><\/p>\n<p><strong>C\u00e1maras:<\/strong><\/p>\n<ul>\n<li>Sony a7III (4.01)<\/li>\n<li>Sony a7IV (1.0)<\/li>\n<\/ul>\n<p><strong>Objetivos<\/strong><\/p>\n<table width=\"229\">\n<tbody>\n<tr>\n<td width=\"229\"><strong>TAMRON<\/strong><\/td>\n<\/tr>\n<tr>\n<td width=\"229\">SP 70-200mm F2.8 Di VC USD G2<\/td>\n<\/tr>\n<\/tbody>\n<\/table>\n<h5>Especificaciones<strong>:<\/strong><\/h5>\n<p><em>Adaptador<\/em><\/p>\n<table width=\"642\">\n<tbody>\n<tr>\n<td width=\"302\"><strong>Montura de la C\u00e1mara<\/strong><\/td>\n<td width=\"339\">Sony E<\/td>\n<\/tr>\n<tr>\n<td width=\"302\"><strong>Montura del objetivo<\/strong><\/td>\n<td width=\"339\">Canon EF<\/td>\n<\/tr>\n<tr>\n<td width=\"302\"><strong>Comunicaci\u00f3n electr\u00f3nica<\/strong><\/td>\n<td width=\"339\">S\u00ed<\/td>\n<\/tr>\n<tr>\n<td width=\"302\"><strong>Visor<\/strong><\/td>\n<td width=\"339\">S\u00ed<\/td>\n<\/tr>\n<\/tbody>\n<\/table>\n<p><em>\u00a0<\/em><\/p>\n<p><em>Cuerpo<\/em><\/p>\n<table width=\"640\">\n<tbody>\n<tr>\n<td width=\"302\"><strong>Dimensiones<\/strong><\/td>\n<td width=\"337\">\u00f8: 83,0 x Al: 72,0 x An: 36,5 mm<\/td>\n<\/tr>\n<tr>\n<td width=\"302\"><strong>Peso<\/strong><\/td>\n<td width=\"337\">158g<\/td>\n<\/tr>\n<\/tbody>\n<\/table>\n<p>&nbsp;<\/p>\n","protected":false},"excerpt":{"rendered":"<ul>\n<li>Use objetivos con montura Canon EF en c\u00e1maras Sony con montura E<\/li>\n<li>Pantalla OLED programable<\/li>\n<li>Interruptor de selecci\u00f3n del modo de enfoque<\/li>\n<li>Modo de depuraci\u00f3n de enfoque<\/li>\n<li>Puerto micro-USB para actualizaciones de firmware<\/li>\n<li>Pie de lente extra\u00edble de 1\/4&#8243;-20<\/li>\n<\/ul>\n","protected":false},"featured_media":17212,"comment_status":"closed","ping_status":"closed","template":"","meta":{"_acf_changed":false},"product_brand":[2544],"product_cat":[1041],"product_tag":[],"class_list":{"0":"post-17189","1":"product","2":"type-product","3":"status-publish","4":"has-post-thumbnail","6":"product_brand-viltrox-es","7":"product_cat-adaptadores-es","8":"pa_montagem-sony-e-es","9":"pa_montagem-da-objetiva-canon-ef-es","10":"pa_tipo-de-foco-enfoque-automatico","12":"first","13":"instock","14":"taxable","15":"shipping-taxable","16":"purchasable","17":"product-type-simple"},"bundled_by":[],"bundle_stock_status":"instock","bundle_stock_quantity":2,"bundle_virtual":false,"bundle_layout":"","bundle_add_to_cart_form_location":"","bundle_editable_in_cart":false,"bundle_sold_individually_context":"","bundle_item_grouping":"","bundle_min_size":"","bundle_max_size":"","bundle_price":[],"bundled_items":[],"bundle_sell_ids":[],"acf":[],"_links":{"self":[{"href":"https:\/\/hi-techwonder.com\/es\/wp-json\/wp\/v2\/product\/17189","targetHints":{"allow":["GET"]}}],"collection":[{"href":"https:\/\/hi-techwonder.com\/es\/wp-json\/wp\/v2\/product"}],"about":[{"href":"https:\/\/hi-techwonder.com\/es\/wp-json\/wp\/v2\/types\/product"}],"replies":[{"embeddable":true,"href":"https:\/\/hi-techwonder.com\/es\/wp-json\/wp\/v2\/comments?post=17189"}],"wp:featuredmedia":[{"embeddable":true,"href":"https:\/\/hi-techwonder.com\/es\/wp-json\/wp\/v2\/media\/17212"}],"wp:attachment":[{"href":"https:\/\/hi-techwonder.com\/es\/wp-json\/wp\/v2\/media?parent=17189"}],"wp:term":[{"taxonomy":"product_brand","embeddable":true,"href":"https:\/\/hi-techwonder.com\/es\/wp-json\/wp\/v2\/product_brand?post=17189"},{"taxonomy":"product_cat","embeddable":true,"href":"https:\/\/hi-techwonder.com\/es\/wp-json\/wp\/v2\/product_cat?post=17189"},{"taxonomy":"product_tag","embeddable":true,"href":"https:\/\/hi-techwonder.com\/es\/wp-json\/wp\/v2\/product_tag?post=17189"}],"curies":[{"name":"wp","href":"https:\/\/api.w.org\/{rel}","templated":true}]}}